{"id":2993,"date":"2022-01-08T19:59:57","date_gmt":"2022-01-08T22:59:57","guid":{"rendered":"https:\/\/justlaser.com.br\/alugueldelasers\/?page_id=2993"},"modified":"2022-01-08T20:05:33","modified_gmt":"2022-01-08T23:05:33","slug":"locacao-etherea","status":"publish","type":"page","link":"https:\/\/justlaser.com.br\/alugueldelasers\/aluguel-locacao-de-lasers\/locacao-aluguel-do-laser-plataforma-etherea-mx-sao-paulo\/aluguel-etherea\/locacao-etherea\/","title":{"rendered":"Loca\u00e7\u00e3o Etherea"},"content":{"rendered":"<h1>Loca\u00e7\u00e3o Etherea<\/h1>\n<blockquote><p><strong>\u00a0A plataforma ou aparelho Etherea de laser \u00e9 provavelmente o mais utilizado laser m\u00e9dico no Brasil.<\/strong><\/p><\/blockquote>\n<p><a href=\"https:\/\/www.vydence.com\/pt\/home\/\" target=\"_blank\" rel=\"noopener\">A plataforma Etherea de laser \u00e9 produzida pela empresa Vydence<\/a>, que foi comprada por um dos maiores conglomerados de investidores americanos, ligados o grupo Rockefeller. Isso h\u00e1 poucos anos atr\u00e1s.<\/p>\n<p>A ideia \u00e9 <strong>expandir a sua produ\u00e7\u00e3o e tecnologia para o mundo inteiro<\/strong>, e agora em 2022 j\u00e1 conta com diversos aparelhos na \u00c1sia, Europa e Estados Unidos.<\/p>\n<p>&nbsp;<\/p>\n<h2>Vantagens da loca\u00e7\u00e3o do Etherea MX<\/h2>\n<p>A m\u00e1quina custa centenas de milhares de reais e cada ponteira mais algumas dezenas de milhares .<\/p>\n<p>Ela tem um pre\u00e7o equivalente \u00e0s demais plataformas do mercado mais uma manuten\u00e7\u00e3o mais r\u00e1pido e mais em conta. Uma vez que a f\u00e1brica fica no Brasil, oferece um servi\u00e7o de p\u00f3s-venda melhor do que a concorr\u00eancia.<\/p>\n<p>Em 2021 <strong>a plataforma ETHEREA MX<\/strong> fez o lan\u00e7amento de um<strong> laser de picosegundo, revolucion\u00e1rio<\/strong>.<\/p>\n<p>Vamos aguardar 2022\u00a0 para vermos na pr\u00e1tica a resposta dessa tecnologia,\u00a0 dentro da plataforma Eth\u00e9rea.<br \/>\nVamos ver o que os m\u00e9dicos acham dessa novidade,\u00a0 na pr\u00e1tica. A<\/p>\n<p>t\u00e9 alguns anos atr\u00e1s o laser mais barato de picosegundo custava um milh\u00e3o de reais e o mais caro 2 milh\u00f5es.<br \/>\nAgora isso mudou dentro da plataforma Eth\u00e9rea,\u00a0 de laser.<\/p>\n<h3>Se voc\u00ea enxerga uma oportunidade de alugar um laser para sua cl\u00ednica, considere fortemente o aluguel ou loca\u00e7\u00e3o da plataforma ETHEREA.<\/h3>\n<h4>Loca\u00e7\u00e3o para cirurgia vascular e tratamento de vasos<\/h4>\n<p>Quando pensamos no aluguel ou loca\u00e7\u00e3o de um laser ou de uma plataforma de <strong>lasers para cirurgia vascular<\/strong>, para um vascular, pensamos basicamente em laser ND Yag 1064nm pulso longo.<br \/>\nMas n\u00e3o \u00e9 s\u00f3 de laser NDYAG pulso longo que vive o cirurgi\u00e3o vascular , no tocante ao aluguel de plataformas m\u00e9dicas.<br \/>\nMuito cirurgi\u00e3o vascular utiliza tamb\u00e9m determinados comprimentos de luz pulsada ou de lasers de remo\u00e7\u00e3o de tatuagem, como Acroma , para tratar pigmenta\u00e7\u00f5es residuais nos membros inferiores.<\/p>\n<p>Cirurgi\u00e3o vascular utiliza laser para tratar tamb\u00e9m dermatite ocre, por exemplo. E nesse caso utiliza laser Q switched 1064, como Acroma, Elektra, Revlite, Spectra.<\/p>\n<p>&nbsp;<\/p>\n<p>Mas quando pensamos aluguel de laser para o cirurgi\u00e3o vascular, o arroz com feij\u00e3o sempre s\u00e3o os Laser de pulso longo mesmo.<br \/>\nE desses, o que \u00e9 mais utilizado <strong>\u00e9 a plataforma Etherea<\/strong>, com a sua ponteira Long pulse.<br \/>\nO Laser tem uma ponteira espec\u00edfica para o tratamento de les\u00f5es vasculares, telangiectasias, e microvarizes. o Long Pulse, o queridinho do cirurgi\u00e3o vascular, conta com tips de 2 mm, 3 mm, 6 mm e 9 mm.<br \/>\nCombinando pot\u00eancia, diferentes tips, comprimento de onda e velocidade do disparo, o cirurgi\u00e3o vascular utiliza essa plataforma de laser para tratar basicamente tudo que precisa no seu dia a dia.<br \/>\nO <strong>uso de um resfriador<\/strong>, como o Siberian ou Freddo, \u00e9 opcional, mas fortemente recomendado.<\/p>\n<p>E utilizado por um n\u00famero expressivo de cirurgi\u00e3o vascular quando fazem tratamentos a laser com essa plataforma.<\/p>\n<p>&nbsp;<\/p>\n<p><span style=\"font-size: 14pt;\"><a href=\"https:\/\/justlaser.com.br\/alugueldelasers\/aluguel-ultrassom-macro-focado-scizer\/locacao-scizer\">Loca\u00e7\u00e3o do Scizer pelo Brasil\u00a0<\/a><\/span><\/p>\n<p><span style=\"font-size: 14pt;\"><a href=\"https:\/\/justlaser.com.br\/alugueldelasers\/aluguel-locacao-de-lasers\/locacao-aluguel-do-laser-plataforma-ethereamx-sao-paulo\/\">Aluguel Etherea MX<\/a><\/span><\/p>\n<p><span style=\"font-size: 14pt;\"><a href=\"https:\/\/justlaser.com.br\/alugueldelasers\/aluguel-locacao-harmony-xl\/\">Aluguel Harmony\u00a0<\/a><\/span><\/p>\n<p><span style=\"font-size: 14pt;\"><a href=\"https:\/\/justlaser.com.br\/alugueldelasers\/curso-treinamento-aparelhos-de-laser-depilacao-ultrassom\/curso-de-ultraformer\/\">Curso de UltraFormer<\/a><\/span><\/p>\n<h2>Mais informa\u00e7\u00f5es sobre Loca\u00e7\u00e3o do Etherea, entre em contato pelo whatsApp do site !<\/h2>\n","protected":false},"excerpt":{"rendered":"<p>Loca\u00e7\u00e3o Etherea \u00a0A plataforma ou aparelho Etherea de laser \u00e9 provavelmente o mais utilizado [&hellip;]<\/p>\n","protected":false},"author":2,"featured_media":0,"parent":2894,"menu_order":0,"comment_status":"closed","ping_status":"closed","template":"","meta":{"footnotes":""},"_links":{"self":[{"href":"https:\/\/justlaser.com.br\/alugueldelasers\/wp-json\/wp\/v2\/pages\/2993"}],"collection":[{"href":"https:\/\/justlaser.com.br\/alugueldelasers\/wp-json\/wp\/v2\/pages"}],"about":[{"href":"https:\/\/justlaser.com.br\/alugueldelasers\/wp-json\/wp\/v2\/types\/page"}],"author":[{"embeddable":true,"href":"https:\/\/justlaser.com.br\/alugueldelasers\/wp-json\/wp\/v2\/users\/2"}],"replies":[{"embeddable":true,"href":"https:\/\/justlaser.com.br\/alugueldelasers\/wp-json\/wp\/v2\/comments?post=2993"}],"version-history":[{"count":0,"href":"https:\/\/justlaser.com.br\/alugueldelasers\/wp-json\/wp\/v2\/pages\/2993\/revisions"}],"up":[{"embeddable":true,"href":"https:\/\/justlaser.com.br\/alugueldelasers\/wp-json\/wp\/v2\/pages\/2894"}],"wp:attachment":[{"href":"https:\/\/justlaser.com.br\/alugueldelasers\/wp-json\/wp\/v2\/media?parent=2993"}],"curies":[{"name":"wp","href":"https:\/\/api.w.org\/{rel}","templated":true}]}}