{"id":2998,"date":"2022-01-10T12:29:16","date_gmt":"2022-01-10T15:29:16","guid":{"rendered":"https:\/\/justlaser.com.br\/alugueldelasers\/?page_id=2998"},"modified":"2022-01-11T21:52:20","modified_gmt":"2022-01-12T00:52:20","slug":"aluguel-powershape","status":"publish","type":"page","link":"https:\/\/justlaser.com.br\/alugueldelasers\/alugar-power-shape-sp-locacao-e-aluguel-powershape\/aluguel-powershape\/","title":{"rendered":"Aluguel PowerShape"},"content":{"rendered":"<h1>Aluguel PowerShape<\/h1>\n<p><img decoding=\"async\" class=\"size-full wp-image-2448 alignright\" src=\"http:\/\/justlaser.com.br\/alugueldelasers\/wp-content\/uploads\/2017\/11\/powershape-alugar-aluguel-locacao.jpg\" alt=\"powershape-alugar-aluguel-locacao\" width=\"264\" height=\"650\" title=\"\" srcset=\"https:\/\/justlaser.com.br\/alugueldelasers\/wp-content\/uploads\/2017\/11\/powershape-alugar-aluguel-locacao-20x50.jpg 20w, https:\/\/justlaser.com.br\/alugueldelasers\/wp-content\/uploads\/2017\/11\/powershape-alugar-aluguel-locacao-30x75.jpg 30w, https:\/\/justlaser.com.br\/alugueldelasers\/wp-content\/uploads\/2017\/11\/powershape-alugar-aluguel-locacao-59x146.jpg 59w, https:\/\/justlaser.com.br\/alugueldelasers\/wp-content\/uploads\/2017\/11\/powershape-alugar-aluguel-locacao-122x300.jpg 122w, https:\/\/justlaser.com.br\/alugueldelasers\/wp-content\/uploads\/2017\/11\/powershape-alugar-aluguel-locacao.jpg 264w\" sizes=\"(max-width: 264px) 100vw, 264px\" \/><\/p>\n<blockquote><p><span style=\"font-size: 14pt;\">Temos diversas modalidades de <strong>aluguel do Power Shape<\/strong> para voc\u00ea: di\u00e1ria ou mensal !<\/span><\/p><\/blockquote>\n<h2>Se voc\u00ea procura aluguel de\u00a0 Power Shape \u00e9 aqui mesmo<\/h2>\n<p>Consagrado, h\u00e1 mais de 15 anos,\u00a0 ainda \u00e9 o n\u00famero um para tratamento de flacidez e celulite.<\/p>\n<p>Milhares de cl\u00ednicas tem e usam h\u00e1 mais de 15 anos !<\/p>\n<p>&nbsp;<\/p>\n<blockquote><p><span style=\"font-size: 18pt;\"><strong>\u00a0A MELHOR OP\u00c7\u00c3O PARA ESSA M\u00c1QUINA \u00c9 O <em>ALUGUEL MENSAL<\/em> DO POWER<\/strong><\/span><\/p><\/blockquote>\n<p>Dada a frequencia de aplica\u00e7\u00e3o no paciente, do tratamento, e pelo pre\u00e7o baixo da loca\u00e7\u00e3o mensal ( equivalente a menos de 10 di\u00e1rias da m\u00e1quina) , compensa muito ficar com o aparelho diariamente, esperando o paciente entrar, e ja faze a venda do pacote ou progrma de tratamento.<\/p>\n<p><strong>Fale conosco para ver pre\u00e7os e disponibilidade na sua cidade\u00a0<\/strong><\/p>\n<p>&nbsp;<\/p>\n<h2 align=\"left\"><span style=\"color: #333333; font-family: Arial;\">Aluguel do Power Shape<br \/>\nPlatform (6 em 1)<\/span><\/h2>\n<p>Power Shape \u00e9 tratamento ouro contra a celulite.<\/p>\n<p>A celulite \u00e9 um dos maiores inimigo das mulheres.<br \/>\nPor conta da rotina corrida, a alimenta\u00e7\u00e3o n\u00e3o \u00e9 t\u00e3o saud\u00e1vel, a pr\u00e1tica de exerc\u00edcios deixa a desejar e o consumo de bebidas alco\u00f3licas&#8230; resulta nas t\u00e3o temidas celulites.<br \/>\nMas para esse mal agora tem cura, pense em fazer melhor, pense em <em>aluguel de POWER SHAPE<\/em> para sua cl\u00ednica!<\/p>\n<p><a href=\"https:\/\/lmg.com.br\/\" target=\"_blank\" rel=\"noopener\"><b>Site do fabricante LMG\u00a0 e importador\u00a0<\/b><\/a><\/p>\n<p><b>Registro na ANVISA:<\/b><br \/>\n80520090005<\/p>\n<p><iframe src=\"\/\/www.youtube.com\/embed\/80L3PpLGfdQ\" width=\"560\" height=\"314\" allowfullscreen=\"allowfullscreen\"><\/iframe><\/p>\n<h4>Veja mais op\u00e7\u00f5es com rela\u00e7\u00e3o ao<strong> aluguel de power shape<\/strong> a seguir, di\u00e1rio ou mensal.<\/h4>\n<p>Just Laser conta com um time de profissionais qualificados para o servi\u00e7o, al\u00e9m de investir em equipamentos modernos, que se ajustam a sua necessidade.<\/p>\n<p>Desenvolvemos cada trabalho de loca\u00e7\u00e3o e aluguel de m\u00e1quina,\u00a0 de uma forma profissional e objetiva.<\/p>\n<p>Com isso, conseguimos disponibilizar outros trabalhos, como <a href=\"https:\/\/justlaser.com.br\/alugueldelasers\/aluguel-locacao-de-lasers\/locacao-aluguel-do-laser-plataforma-etherea-mx-sao-paulo\/\">Loca\u00e7\u00e3o de Laser Etherea Mx<\/a> , <a href=\"https:\/\/justlaser.com.br\/alugueldelasers\/aluguel-locacao-ultraformer-iii\/\">Ultraformer<\/a>,<a href=\"https:\/\/justlaser.com.br\/alugueldelasers\/aluguel-ultrassom-macro-focado-scizer\/\"> aluguel de Scizer<\/a> .<\/p>\n<h3><\/h3>\n<h3><a href=\"https:\/\/justlaser.com.br\/alugueldelasers\/alugar-power-shape-sp-locacao-e-aluguel-powershape\/locacao-de-power-shape\/\"><em>Veja mais sobre loca\u00e7\u00e3o de Power Shape<\/em><\/a><\/h3>\n<h3><span style=\"font-size: 12pt;\"><strong><a href=\"https:\/\/justlaser.com.br\/alugueldelasers\/curso-treinamento-aparelhos-de-laser-depilacao-ultrassom\/treinamento-e-curso-lavieen\">Conhe\u00e7a no treinamento que ensina como tratar e combinar tratamentos\u00a0 diversos e melasma com o Lavieen<\/a><\/strong><\/span><\/h3>\n<p><span style=\"font-size: 12pt;\"><strong><a href=\"https:\/\/justlaser.com.br\/alugueldelasers\/aluguel-laser-lavieen\/\">Aluguel do Lavieen<\/a><\/strong><\/span><\/p>\n<p><span style=\"font-size: 12pt;\"><strong><a href=\"https:\/\/justlaser.com.br\/alugueldelasers\/aluguel-laser-lavieen\/locacao-lavieen\/\">Loca\u00e7\u00e3o do Laser Lavieen Tulio 1927 nm<\/a><\/strong><\/span><\/p>\n<p>&nbsp;<\/p>\n<h2>Saiba mais entrando em contato pelo whatsapp sobre aluguel de Power Shape<\/h2>\n","protected":false},"excerpt":{"rendered":"<p>Aluguel PowerShape Temos diversas modalidades de aluguel do Power Shape para voc\u00ea: di\u00e1ria ou [&hellip;]<\/p>\n","protected":false},"author":2,"featured_media":0,"parent":2447,"menu_order":0,"comment_status":"closed","ping_status":"closed","template":"","meta":{"footnotes":""},"_links":{"self":[{"href":"https:\/\/justlaser.com.br\/alugueldelasers\/wp-json\/wp\/v2\/pages\/2998"}],"collection":[{"href":"https:\/\/justlaser.com.br\/alugueldelasers\/wp-json\/wp\/v2\/pages"}],"about":[{"href":"https:\/\/justlaser.com.br\/alugueldelasers\/wp-json\/wp\/v2\/types\/page"}],"author":[{"embeddable":true,"href":"https:\/\/justlaser.com.br\/alugueldelasers\/wp-json\/wp\/v2\/users\/2"}],"replies":[{"embeddable":true,"href":"https:\/\/justlaser.com.br\/alugueldelasers\/wp-json\/wp\/v2\/comments?post=2998"}],"version-history":[{"count":0,"href":"https:\/\/justlaser.com.br\/alugueldelasers\/wp-json\/wp\/v2\/pages\/2998\/revisions"}],"up":[{"embeddable":true,"href":"https:\/\/justlaser.com.br\/alugueldelasers\/wp-json\/wp\/v2\/pages\/2447"}],"wp:attachment":[{"href":"https:\/\/justlaser.com.br\/alugueldelasers\/wp-json\/wp\/v2\/media?parent=2998"}],"curies":[{"name":"wp","href":"https:\/\/api.w.org\/{rel}","templated":true}]}}