{"id":3002,"date":"2022-01-11T21:20:45","date_gmt":"2022-01-12T00:20:45","guid":{"rendered":"https:\/\/justlaser.com.br\/alugueldelasers\/?page_id=3002"},"modified":"2022-01-11T21:49:44","modified_gmt":"2022-01-12T00:49:44","slug":"locacao-de-power-shape","status":"publish","type":"page","link":"https:\/\/justlaser.com.br\/alugueldelasers\/alugar-power-shape-sp-locacao-e-aluguel-powershape\/locacao-de-power-shape\/","title":{"rendered":"Loca\u00e7\u00e3o de Power Shape"},"content":{"rendered":"<h1>Loca\u00e7\u00e3o de Power Shape<\/h1>\n<p>&nbsp;<\/p>\n<blockquote><p><span style=\"font-size: 14pt;\"><strong>LOCA\u00c7\u00c3O POWERSHAPE\u00a0 <span style=\"color: #ff0000;\">DI\u00c1RIA OU MENSAL<\/span> ,\u00a0 \u00c9 NA JUSTLASER<\/strong><\/span><\/p><\/blockquote>\n<p>PowerShape: tratamento contra celulite, flacidez e gordura localizada.<img decoding=\"async\" class=\"alignright wp-image-3003\" src=\"http:\/\/justlaser.com.br\/alugueldelasers\/wp-content\/uploads\/2022\/01\/locacao-de-power-shape.jpg\" alt=\"locacao de power shape\" width=\"403\" height=\"648\" title=\"\" srcset=\"https:\/\/justlaser.com.br\/alugueldelasers\/wp-content\/uploads\/2022\/01\/locacao-de-power-shape-187x300.jpg 187w, https:\/\/justlaser.com.br\/alugueldelasers\/wp-content\/uploads\/2022\/01\/locacao-de-power-shape-200x321.jpg 200w, https:\/\/justlaser.com.br\/alugueldelasers\/wp-content\/uploads\/2022\/01\/locacao-de-power-shape-400x642.jpg 400w, https:\/\/justlaser.com.br\/alugueldelasers\/wp-content\/uploads\/2022\/01\/locacao-de-power-shape-500x803.jpg 500w, https:\/\/justlaser.com.br\/alugueldelasers\/wp-content\/uploads\/2022\/01\/locacao-de-power-shape.jpg 600w\" sizes=\"(max-width: 403px) 100vw, 403px\" \/><\/p>\n<p><em><strong>O Powershape \u00e9 um equipamento que combina tr\u00eas t\u00e9cnicas diferentes em um \u00fanico tratamento para reduzir a gordura localizada, celulite e flacidez.<\/strong><\/em><\/p>\n<p>Isso \u00e9 poss\u00edvel porque a plataforma Power usada no tratamento une suc\u00e7\u00e3o a v\u00e1cuo, radiofrequ\u00eancia e luz de LED.<br \/>\n<a href=\"https:\/\/lmg.com.br\/\" target=\"_blank\" rel=\"noopener\"><b>Veja mais no site do importador do Power Shape que usamos para Loca\u00e7\u00e3o<\/b><\/a><\/p>\n<p>Ofere\u00e7a o melhor aos seus pacientes, agende agora mesmo a loca\u00e7\u00e3o do equipamento POWERSHAPE para sua cl\u00ednica.<br \/>\nPara maiores informa\u00e7\u00f5es e agendamentos, nos contate via WhatsApp.<br \/>\n(11) 94084-3111<br \/>\n\ud83d\udc46\ud83c\udffb<\/p>\n<h3><\/h3>\n<h3><span style=\"font-size: 12pt;\"><strong><a href=\"https:\/\/justlaser.com.br\/alugueldelasers\/curso-treinamento-aparelhos-de-laser-depilacao-ultrassom\/treinamento-e-curso-lavieen\">Conhe\u00e7a no treinamento que ensina como tratar e combinar tratamentos\u00a0 diversos e melasma com o Lavieen<\/a><\/strong><\/span><\/h3>\n<p><span style=\"font-size: 12pt;\"><strong><a href=\"https:\/\/justlaser.com.br\/alugueldelasers\/aluguel-laser-lavieen\/\">Aluguel do Lavieen<\/a><\/strong><\/span><\/p>\n<p><span style=\"font-size: 12pt;\"><strong><a href=\"https:\/\/justlaser.com.br\/alugueldelasers\/aluguel-laser-lavieen\/locacao-lavieen\/\">Loca\u00e7\u00e3o do Laser Lavieen Tulio 1927 nm<\/a><\/strong><\/span><\/p>\n<p>&nbsp;<\/p>\n<h2>Saiba mais entrando em contato pelo whatsapp sobre <a href=\"https:\/\/justlaser.com.br\/alugueldelasers\/alugar-power-shape-sp-locacao-e-aluguel-powershape\/locacao-de-power-shape\/\"><em>loca\u00e7\u00e3o de Power Shape<\/em><\/a><\/h2>\n<blockquote><p><span style=\"font-size: 14pt;\">Na Just Laser voc\u00ea encontra as melhores tecnologias<strong> para loca\u00e7\u00e3o,<\/strong> e aparelhos para os mais diversos tratamentos.<\/span><br \/>\n<span style=\"font-size: 24pt;\"><strong>Ficaremos felizes em atend\u00ea-lo!<\/strong><\/span><br \/>\n<span style=\"font-size: 14pt;\">\u00a0<\/span><\/p><\/blockquote>\n","protected":false},"excerpt":{"rendered":"<p>Loca\u00e7\u00e3o de Power Shape &nbsp; LOCA\u00c7\u00c3O POWERSHAPE\u00a0 DI\u00c1RIA OU MENSAL ,\u00a0 \u00c9 NA JUSTLASER [&hellip;]<\/p>\n","protected":false},"author":2,"featured_media":0,"parent":2447,"menu_order":0,"comment_status":"closed","ping_status":"closed","template":"","meta":{"footnotes":""},"_links":{"self":[{"href":"https:\/\/justlaser.com.br\/alugueldelasers\/wp-json\/wp\/v2\/pages\/3002"}],"collection":[{"href":"https:\/\/justlaser.com.br\/alugueldelasers\/wp-json\/wp\/v2\/pages"}],"about":[{"href":"https:\/\/justlaser.com.br\/alugueldelasers\/wp-json\/wp\/v2\/types\/page"}],"author":[{"embeddable":true,"href":"https:\/\/justlaser.com.br\/alugueldelasers\/wp-json\/wp\/v2\/users\/2"}],"replies":[{"embeddable":true,"href":"https:\/\/justlaser.com.br\/alugueldelasers\/wp-json\/wp\/v2\/comments?post=3002"}],"version-history":[{"count":0,"href":"https:\/\/justlaser.com.br\/alugueldelasers\/wp-json\/wp\/v2\/pages\/3002\/revisions"}],"up":[{"embeddable":true,"href":"https:\/\/justlaser.com.br\/alugueldelasers\/wp-json\/wp\/v2\/pages\/2447"}],"wp:attachment":[{"href":"https:\/\/justlaser.com.br\/alugueldelasers\/wp-json\/wp\/v2\/media?parent=3002"}],"curies":[{"name":"wp","href":"https:\/\/api.w.org\/{rel}","templated":true}]}}