{"id":3009,"date":"2022-01-11T22:09:19","date_gmt":"2022-01-12T01:09:19","guid":{"rendered":"https:\/\/justlaser.com.br\/alugueldelasers\/?page_id=3009"},"modified":"2022-01-11T22:15:45","modified_gmt":"2022-01-12T01:15:45","slug":"qual-o-melhor-laser-para-melasma","status":"publish","type":"page","link":"https:\/\/justlaser.com.br\/alugueldelasers\/qual-o-melhor-laser-para-melasma\/","title":{"rendered":"Qual o melhor laser para melasma"},"content":{"rendered":"<h1><img decoding=\"async\" class=\"aligncenter size-full wp-image-3011\" src=\"http:\/\/justlaser.com.br\/alugueldelasers\/wp-content\/uploads\/2022\/01\/melhor-laser-para-tratamento-do-melasma.png\" alt=\"melhor laser para tratamento do melasma\" width=\"1457\" height=\"678\" title=\"\" srcset=\"https:\/\/justlaser.com.br\/alugueldelasers\/wp-content\/uploads\/2022\/01\/melhor-laser-para-tratamento-do-melasma-200x93.png 200w, https:\/\/justlaser.com.br\/alugueldelasers\/wp-content\/uploads\/2022\/01\/melhor-laser-para-tratamento-do-melasma-300x140.png 300w, https:\/\/justlaser.com.br\/alugueldelasers\/wp-content\/uploads\/2022\/01\/melhor-laser-para-tratamento-do-melasma-400x186.png 400w, https:\/\/justlaser.com.br\/alugueldelasers\/wp-content\/uploads\/2022\/01\/melhor-laser-para-tratamento-do-melasma-500x233.png 500w, https:\/\/justlaser.com.br\/alugueldelasers\/wp-content\/uploads\/2022\/01\/melhor-laser-para-tratamento-do-melasma-600x279.png 600w, https:\/\/justlaser.com.br\/alugueldelasers\/wp-content\/uploads\/2022\/01\/melhor-laser-para-tratamento-do-melasma-700x326.png 700w, https:\/\/justlaser.com.br\/alugueldelasers\/wp-content\/uploads\/2022\/01\/melhor-laser-para-tratamento-do-melasma-768x357.png 768w, https:\/\/justlaser.com.br\/alugueldelasers\/wp-content\/uploads\/2022\/01\/melhor-laser-para-tratamento-do-melasma-800x372.png 800w, https:\/\/justlaser.com.br\/alugueldelasers\/wp-content\/uploads\/2022\/01\/melhor-laser-para-tratamento-do-melasma-1024x477.png 1024w, https:\/\/justlaser.com.br\/alugueldelasers\/wp-content\/uploads\/2022\/01\/melhor-laser-para-tratamento-do-melasma-1200x558.png 1200w, https:\/\/justlaser.com.br\/alugueldelasers\/wp-content\/uploads\/2022\/01\/melhor-laser-para-tratamento-do-melasma.png 1457w\" sizes=\"(max-width: 1457px) 100vw, 1457px\" \/><\/h1>\n<h1>Qual o melhor laser para melasma ?<\/h1>\n<p>&nbsp;<\/p>\n<p><strong>Qual o melhor laser para melasma, qual melhor laser para fazer aluguel para tratar o melasma?\u00a0<\/strong><\/p>\n<p>Pergunta dif\u00edcil&#8230;<\/p>\n<p>Os lasers Q switched 1064\u00a0 de nanosegundos?<\/p>\n<p>Acroma, Elektra, Spectra, Revlite ?<\/p>\n<p>Os lasers Q switched 1064\u00a0 de picosegundos?<\/p>\n<h3><span style=\"font-size: 12pt;\">A luz pulsada, o Erbium ?\u00a0 Bom , esses sabemos que podem piorar o melasma<\/span><\/h3>\n<p>E o famoso Etherea MX, combina\u00e7\u00e3o das ponteiras de 1064 + 1340nm\u00a0 parece ser uma excelente op\u00e7\u00e3o ..<\/p>\n<h2><span style=\"font-size: 14pt;\">Mas agora temos uma novidade forte em 2022, que tem batido todos os concorrentes, e deve se fixar como o melhor laser para tratamento do melasma<\/span><\/h2>\n<p>&nbsp;<\/p>\n<blockquote><p><span style=\"font-size: 14pt;\"><strong>Da uma olhada abaixo em um dos lasers que tem se consagrado como o queridinho dos dermatologistas e provavelmente o melhor laser para melasma da atualidade..<\/strong><\/span><\/p><\/blockquote>\n<p>&nbsp;<\/p>\n<h2><span style=\"font-size: 14pt;\"><strong>A MODERNIZA\u00c7\u00c3O NO TRATAMENTO DE MELASMA:<\/strong><\/span><br \/>\n<span style=\"font-size: 14pt;\"><strong>LASER DE TULIO 1927 E <span style=\"color: #ff0000;\">ULTRASSOM MICROFOCADO<\/span> DE ALTA INTENSIDADE<\/strong><\/span><\/h2>\n<p><em><strong>Pois \u00e9, parece que essa combina\u00e7\u00e3o \u00e9 uma bomba no tratamento do melasma !!!\u00a0<\/strong><\/em><\/p>\n<p>O Melasma \u00e9 caracterizado por manchas escuras e contornos irregulares na pele, apesar das mulheres estarem mais propicias ao surgimento do melasma, os homens tamb\u00e9m podem sofrer com essas manchas.<br \/>\nMesmo que a sua apari\u00e7\u00e3o seja mais comum nas faces, o melasma tamb\u00e9m pode surgir nos bra\u00e7os, colo e pesco\u00e7o.<\/p>\n<p>A causas para a manifesta\u00e7\u00e3o do Melasmas ainda n\u00e3o \u00e9 exata, mas alguns fatores podem piorar ou acarretar os surgimentos das manchas, como exposi\u00e7\u00e3o solar, altera\u00e7\u00f5es hormonais e estresse. E por conta disso a altera\u00e7\u00e3o de alguns h\u00e1bitos pode ser necess\u00e1ria, e o uso cont\u00ednuo da prote\u00e7\u00e3o solar \u00e9 indispens\u00e1vel.<img decoding=\"async\" class=\"alignright wp-image-3008\" src=\"http:\/\/justlaser.com.br\/alugueldelasers\/wp-content\/uploads\/2022\/01\/aluguel-laser-para-melasma.png\" alt=\"aluguel laser para melasma\" width=\"432\" height=\"399\" title=\"\" srcset=\"https:\/\/justlaser.com.br\/alugueldelasers\/wp-content\/uploads\/2022\/01\/aluguel-laser-para-melasma-200x185.png 200w, https:\/\/justlaser.com.br\/alugueldelasers\/wp-content\/uploads\/2022\/01\/aluguel-laser-para-melasma-300x277.png 300w, https:\/\/justlaser.com.br\/alugueldelasers\/wp-content\/uploads\/2022\/01\/aluguel-laser-para-melasma-400x369.png 400w, https:\/\/justlaser.com.br\/alugueldelasers\/wp-content\/uploads\/2022\/01\/aluguel-laser-para-melasma-500x462.png 500w, https:\/\/justlaser.com.br\/alugueldelasers\/wp-content\/uploads\/2022\/01\/aluguel-laser-para-melasma-600x554.png 600w, https:\/\/justlaser.com.br\/alugueldelasers\/wp-content\/uploads\/2022\/01\/aluguel-laser-para-melasma.png 680w\" sizes=\"(max-width: 432px) 100vw, 432px\" \/><\/p>\n<p>Sem causa espec\u00edfica, o Melasma \u00e9 uma condi\u00e7\u00e3o cr\u00f4nica da pele que tem ainda n\u00e3o possui tratamento definitivo ou cura, e por isso precisam de tratamento cont\u00ednuo e cuidados constantes, para a melhora do aspecto das manchas j\u00e1 existentes e prevenir o surgimento de novas.<\/p>\n<h3><span style=\"font-size: 12pt;\">A boa not\u00edcia \u00e9 que j\u00e1 existem aparelhos eficientes para potencializar o tratamento do Melasma e outras les\u00f5es pigmentares.<\/span><\/h3>\n<p>&nbsp;<\/p>\n<p>&nbsp;<\/p>\n<p>&nbsp;<\/p>\n<h4><strong>Entre as modernidades e destaques do mercado encontramos, o Laser de Tulio 1927 (Lavieen) e o ULTRASSOM MICROFOCADO de alta intensidade (Ultraformer, Ulthera, Liftera, Accutyte)<\/strong><\/h4>\n<p>Como Laser de Tulio 1927 e ULTRASSOM MICROFOCADO de alta intensidade atuam contra o Melasma?<\/p>\n<p>A combina\u00e7\u00e3o da tecnologia do<a href=\"http:\/\/www.wtlaser.com\/en\/sub\/products\/Lavieen.asp\" target=\"_blank\" rel=\"noopener\"><strong> Laser de Tulio 1927 (Lavieen)<\/strong> <\/a>e do o U<strong>ltrassom Microfocado de alta intensidade (Ultraformer,<\/strong> Ulthera, Liftera, Accutyte) \u00e9 o <strong>que tem de mais moderno e poderoso para o tratamento do Melasma,<\/strong> a dupla queridinha para incluir no seu protocolo de tratamento.<\/p>\n<p>O <strong>Laser de Tulio 1927 (Lavieen)<\/strong> vai atuar no tratamento da derme superficial e epiderme em diferentes graus de pigmenta\u00e7\u00e3o, podendo calibrar a fun\u00e7\u00e3o de n\u00e3o-ablativo para sub-ablativo em um simples toque. Equipamento vers\u00e1til e indicado para todos os tipos e foto tipos de pele, o Laser de Tulio 1927 (Lavieen) pode ser utilizado para aplica\u00e7\u00e3o na face, colo, m\u00e3os e bra\u00e7os, e seus protocolos e efic\u00e1cia para o tratamento contra melasma j\u00e1 foram comprovados, atuando ainda na melhora da textura da pele, linhas finas, poros dilatados, firmeza, e muitos outros benef\u00edcios.<\/p>\n<p>O laser\u00a0<b>Lavieen<\/b>\u00a0\u00e9 uma tecnologia revolucion\u00e1ria que chegou ao Brasil h\u00e1 pouco tempo. &#8230; Esse laser tamb\u00e9m chamado de BB Laser, pois o resultado \u00e9 similar \u00e0quele quando aplicamos BB Cream na pele, mas, diferente da maquiagem, permanece por um longo per\u00edodo.<\/p>\n<p>Al\u00e9m de atuar no est\u00edmulo da produ\u00e7\u00e3o e remodela\u00e7\u00e3o de col\u00e1geno, de acordo com um estudo realizado em 2019 por Vachiramon e colaboradores, o Ultrassom Microfocado de alta intensidade (Ultraformer, Ulthera, Liftera, Accutyte) possui uma a\u00e7\u00e3o destrutiva mec\u00e2nica na elimina\u00e7\u00e3o da melanina e res\u00edduos pigmentares da epiderme e da derme superior, sendo um auxiliar ao tratamento do melasma.<\/p>\n<p>Quando falamos de Melasma e seus tratamentos, n\u00e3o podemos generalizar ou atenuar os impactos que essas manchas causam na vida das pessoas. Afinal de contas, o grau de Melasma e intensidade varia de caso para caso, o hist\u00f3rico e h\u00e1bitos de cada paciente tamb\u00e9m v\u00e3o influenciar no tratamento.<\/p>\n<p>Por isso \u00e9 de extrema import\u00e2ncia a avalia\u00e7\u00e3o e acompanhamento com um profissional dermatologista.<\/p>\n<p>&nbsp;<\/p>\n<p>#Melasma #UltrassomMicroeMacrofocado #LaserDeTulio<\/p>\n<p>Obs: *imagem meramente ilustrativa<br \/>\nTodas as imagens retratadas neste website n\u00e3o correspondem a imagens de pacientes.<br \/>\nO conte\u00fado aqui apresentado tem car\u00e1ter puramente informativo e esclarecedor.<br \/>\nAS INFORMA\u00c7\u00d5ES APRESENTADAS NESSE CANAL N\u00c3O SUBSTITUEM A CONSULTA COM SEU DERMATOLOGISTA.<\/p>\n<p><strong>N\u00e3o fornecemos sugest\u00e3o, indica\u00e7\u00e3o ou recomenda\u00e7\u00f5es de determinado tratamento, marca ou aparelho na ind\u00fastria m\u00e9dica ou est\u00e9tica.<\/strong><\/p>\n<p>OBSERVA\u00c7\u00c3O: Os nomes comerciais que podem aparecem (como Ulthera, Ultraformer, Accutyte ou outros eventualmente empregados) tem car\u00e1ter meramente informativo e esclarecedor. De forma alguma h\u00e1 qualquer sugest\u00e3o de superioridade, indica\u00e7\u00e3o de marca, ou men\u00e7\u00e3o com objetivo de indicar um como melhor que o outro. Cabe ao seu m\u00e9dico indicar o tratamento e o aparelho que ele sugerir como ideal no seu caso. Temos aqui o objetivo de explicar os procedimentos, apontando o nome comercial somente para situar o leitor ou paciente para saber as marcas existentes no Brasil e no mundo, para entender o procedimento. Pois muitos tratamentos s\u00e3o, infelizmente, somente conhecidos pelo nome da marca ou aparelho, e n\u00e3o pelo tratamento em si, como no caso de \u201caplica\u00e7\u00e3o de Botox\u201d, onde o nome correto seria \u201caplica\u00e7\u00e3o de toxina botul\u00ednica&#8221;.<\/p>\n<p>&nbsp;<\/p>\n<h3><span style=\"font-size: 14pt;\">Veja mais sobre aluguel e loca\u00e7\u00e3o de laser de Thulium 1927 Lavieen<\/span><\/h3>\n<h3><span style=\"font-size: 14pt;\"><strong><a href=\"https:\/\/justlaser.com.br\/alugueldelasers\/curso-treinamento-aparelhos-de-laser-depilacao-ultrassom\/treinamento-e-curso-lavieen\">Conhe\u00e7a no treinamento que ensina como tratar e combinar tratamentos\u00a0 diversos e melasma com o Lavieen<\/a><\/strong><\/span><\/h3>\n<h3><span style=\"font-size: 14pt;\"><a href=\"https:\/\/justlaser.com.br\/alugueldelasers\/alugar-power-shape-sp-locacao-e-aluguel-powershape\/\">Que tal alugar Power Shape ?<\/a><\/span><\/h3>\n<h3><span style=\"font-size: 14pt;\"><strong><a href=\"https:\/\/justlaser.com.br\/alugueldelasers\/aluguel-laser-lavieen\/\">Aluguel do Lavieen para melasma<\/a><\/strong><\/span><\/h3>\n<h3><span style=\"font-size: 14pt;\"><strong><a href=\"https:\/\/justlaser.com.br\/alugueldelasers\/aluguel-laser-lavieen\/locacao-lavieen\/\">Loca\u00e7\u00e3o do Laser Lavieen Tulio 1927 nm<\/a><\/strong><\/span><\/h3>\n<h2><\/h2>\n<blockquote><p><span style=\"font-size: 14pt;\">Na Just Laser voc\u00ea encontra as melhores tecnologias<strong> para loca\u00e7\u00e3o,<\/strong> e aparelhos para os mais diversos tratamentos.<\/span><br \/>\n<span style=\"font-size: 24pt;\"><strong>Ficaremos felizes em atend\u00ea-lo!<\/strong><\/span><br \/>\n<span style=\"font-size: 14pt;\">\u00a0<\/span><\/p><\/blockquote>\n<h2>Saiba mais entrando em contato pelo whatsapp sobre <strong><a href=\"https:\/\/justlaser.com.br\/alugueldelasers\/aluguel-laser-lavieen\/\">Aluguel do melhor laser para tratar melasma , o Lavieen<\/a><\/strong><\/h2>\n","protected":false},"excerpt":{"rendered":"<p>Qual o melhor laser para melasma ? &nbsp; Qual o melhor laser para melasma, [&hellip;]<\/p>\n","protected":false},"author":2,"featured_media":0,"parent":0,"menu_order":0,"comment_status":"closed","ping_status":"closed","template":"","meta":{"footnotes":""},"_links":{"self":[{"href":"https:\/\/justlaser.com.br\/alugueldelasers\/wp-json\/wp\/v2\/pages\/3009"}],"collection":[{"href":"https:\/\/justlaser.com.br\/alugueldelasers\/wp-json\/wp\/v2\/pages"}],"about":[{"href":"https:\/\/justlaser.com.br\/alugueldelasers\/wp-json\/wp\/v2\/types\/page"}],"author":[{"embeddable":true,"href":"https:\/\/justlaser.com.br\/alugueldelasers\/wp-json\/wp\/v2\/users\/2"}],"replies":[{"embeddable":true,"href":"https:\/\/justlaser.com.br\/alugueldelasers\/wp-json\/wp\/v2\/comments?post=3009"}],"version-history":[{"count":0,"href":"https:\/\/justlaser.com.br\/alugueldelasers\/wp-json\/wp\/v2\/pages\/3009\/revisions"}],"wp:attachment":[{"href":"https:\/\/justlaser.com.br\/alugueldelasers\/wp-json\/wp\/v2\/media?parent=3009"}],"curies":[{"name":"wp","href":"https:\/\/api.w.org\/{rel}","templated":true}]}}