{"id":3026,"date":"2022-01-13T18:48:21","date_gmt":"2022-01-13T21:48:21","guid":{"rendered":"https:\/\/justlaser.com.br\/alugueldelasers\/?page_id=3026"},"modified":"2022-01-13T18:48:21","modified_gmt":"2022-01-13T21:48:21","slug":"aluguel-de-ultraformer","status":"publish","type":"page","link":"https:\/\/justlaser.com.br\/alugueldelasers\/aluguel-locacao-ultraformer-iii\/aluguel-de-ultraformer\/","title":{"rendered":"Aluguel de Ultraformer"},"content":{"rendered":"<h1>Aluguel de Ultraformer<\/h1>\n<p><img decoding=\"async\" class=\"aligncenter size-full wp-image-3027\" src=\"http:\/\/justlaser.com.br\/alugueldelasers\/wp-content\/uploads\/2022\/01\/aluguel-de-ultraformer-sao-paulo.png\" alt=\"aluguel de ultraformer sao paulo\" width=\"1688\" height=\"651\" title=\"\" srcset=\"https:\/\/justlaser.com.br\/alugueldelasers\/wp-content\/uploads\/2022\/01\/aluguel-de-ultraformer-sao-paulo-200x77.png 200w, https:\/\/justlaser.com.br\/alugueldelasers\/wp-content\/uploads\/2022\/01\/aluguel-de-ultraformer-sao-paulo-300x116.png 300w, https:\/\/justlaser.com.br\/alugueldelasers\/wp-content\/uploads\/2022\/01\/aluguel-de-ultraformer-sao-paulo-400x154.png 400w, https:\/\/justlaser.com.br\/alugueldelasers\/wp-content\/uploads\/2022\/01\/aluguel-de-ultraformer-sao-paulo-500x193.png 500w, https:\/\/justlaser.com.br\/alugueldelasers\/wp-content\/uploads\/2022\/01\/aluguel-de-ultraformer-sao-paulo-600x231.png 600w, https:\/\/justlaser.com.br\/alugueldelasers\/wp-content\/uploads\/2022\/01\/aluguel-de-ultraformer-sao-paulo-700x270.png 700w, https:\/\/justlaser.com.br\/alugueldelasers\/wp-content\/uploads\/2022\/01\/aluguel-de-ultraformer-sao-paulo-768x296.png 768w, https:\/\/justlaser.com.br\/alugueldelasers\/wp-content\/uploads\/2022\/01\/aluguel-de-ultraformer-sao-paulo-800x309.png 800w, https:\/\/justlaser.com.br\/alugueldelasers\/wp-content\/uploads\/2022\/01\/aluguel-de-ultraformer-sao-paulo-1024x395.png 1024w, https:\/\/justlaser.com.br\/alugueldelasers\/wp-content\/uploads\/2022\/01\/aluguel-de-ultraformer-sao-paulo-1200x463.png 1200w, https:\/\/justlaser.com.br\/alugueldelasers\/wp-content\/uploads\/2022\/01\/aluguel-de-ultraformer-sao-paulo-1536x592.png 1536w, https:\/\/justlaser.com.br\/alugueldelasers\/wp-content\/uploads\/2022\/01\/aluguel-de-ultraformer-sao-paulo.png 1688w\" sizes=\"(max-width: 1688px) 100vw, 1688px\" \/><\/p>\n<h2><span data-contrast=\"auto\">Aluguel de Ultraformer, para todo Brasil.<\/span><span data-ccp-props=\"{&quot;201341983&quot;:0,&quot;335559739&quot;:160,&quot;335559740&quot;:259}\">\u00a0<\/span><\/h2>\n<p><span data-ccp-props=\"{&quot;201341983&quot;:0,&quot;335559739&quot;:160,&quot;335559740&quot;:259}\">\u00a0<\/span><span data-contrast=\"auto\">Se voc\u00ea chegou nessa p\u00e1gina, \u00e9 porque voc\u00ea j\u00e1 sabe o que voc\u00ea quer. Uma empresa s\u00e9ria, e que possa te ajudar em um projeto de <strong>aluguel de Ultraformer. <\/strong><\/span><strong>\u00a0<\/strong><\/p>\n<p><span data-ccp-props=\"{&quot;201341983&quot;:0,&quot;335559739&quot;:160,&quot;335559740&quot;:259}\">\u00a0<\/span><span data-contrast=\"auto\">Voc\u00ea\u00a0 est\u00e1 procurando uma empresa de loca\u00e7\u00e3o focada, s\u00e9ria.<\/span><span data-ccp-props=\"{&quot;201341983&quot;:0,&quot;335559739&quot;:160,&quot;335559740&quot;:259}\"> Que tenha experi\u00eancias com aluguel de m\u00e1quinas e lidar com profissionais da \u00e1rea da sa\u00fade.<\/span><\/p>\n<p><span data-ccp-props=\"{&quot;201341983&quot;:0,&quot;335559739&quot;:160,&quot;335559740&quot;:259}\">\u00a0<\/span><span data-contrast=\"auto\">Eu j\u00e1 imagino que, <em>quando<\/em> voc\u00ea est\u00e1 procurando uma empresa <strong>especialista no aluguel de Ultraformer,<\/strong> voc\u00ea\u00a0 tamb\u00e9m tem em mente alguns atributos essenciais. <\/span><span data-ccp-props=\"{&quot;201341983&quot;:0,&quot;335559739&quot;:160,&quot;335559740&quot;:259}\">\u00a0<\/span><\/p>\n<p><span data-ccp-props=\"{&quot;201341983&quot;:0,&quot;335559739&quot;:160,&quot;335559740&quot;:259}\">\u00a0<\/span><span data-contrast=\"auto\">E faz sentido que seja um especialista, que cumpra pelo menos esses tr\u00eas requisitos abaixo:<\/span><span data-ccp-props=\"{&quot;201341983&quot;:0,&quot;335559739&quot;:160,&quot;335559740&quot;:259}\">\u00a0<\/span><span data-ccp-props=\"{&quot;201341983&quot;:0,&quot;335559739&quot;:160,&quot;335559740&quot;:259}\">\u00a0<\/span><\/p>\n<ul>\n<li><strong>Tenha bastante experi\u00eancia\u00a0<\/strong><\/li>\n<li><strong>Que\u00a0 tenha m\u00e1quinas boas e calibradas.<\/strong><\/li>\n<li><strong>M\u00e1quinas bem cuidadas.\u00a0<\/strong><\/li>\n<li><strong>E que o pre\u00e7o seja justo<\/strong><\/li>\n<li><strong>Que por favor, entregue e retire no hor\u00e1rio (porque voc\u00ea sabe n\u00e9?)<\/strong><\/li>\n<\/ul>\n<p><span data-ccp-props=\"{&quot;201341983&quot;:0,&quot;335559739&quot;:160,&quot;335559740&quot;:259}\">\u00a0<\/span><span data-contrast=\"auto\">Pois ent\u00e3o, \u00e9 exatamente isso que temos aqui na Just Laser.\u00a0\u00a0<\/span><span data-ccp-props=\"{&quot;201341983&quot;:0,&quot;335559739&quot;:160,&quot;335559740&quot;:259}\">\u00a0<\/span><\/p>\n<blockquote><p><strong>\u00a0Temos um departamento totalmente voltado para aplica\u00e7\u00e3o e aluguel de Ultraformer (e outros aparelhos deultrassom micro focado e macrofocado, como o Scizer tamb\u00e9m, Accutyte, Ulthera).\u00a0<\/strong><\/p><\/blockquote>\n<p><span data-ccp-props=\"{&quot;201341983&quot;:0,&quot;335559739&quot;:160,&quot;335559740&quot;:259}\">\u00a0<\/span><\/p>\n<p><span data-contrast=\"auto\">E mais, uma equipe de m\u00e9dicos e profissionais que podem te ajudar em caso de necessidade ponto porque voc\u00ea sabe, complica\u00e7\u00f5es acontecem, d\u00favidas aparecem, \u00e9 sempre bom tem gente quente por perto para te ajudar.<\/span><span data-ccp-props=\"{&quot;201341983&quot;:0,&quot;335559739&quot;:160,&quot;335559740&quot;:259}\">\u00a0<\/span><\/p>\n<p><span data-ccp-props=\"{&quot;201341983&quot;:0,&quot;335559739&quot;:160,&quot;335559740&quot;:259}\">\u00a0<\/span><span data-contrast=\"auto\">Um time de profissionais que tem experi\u00eancia longa com aplica\u00e7\u00e3o, treinamento e aluguel de Ultraformer.<strong> Alias, aluguel para todo o Brasil ! <\/strong><\/span><\/p>\n<p><span data-contrast=\"auto\">E, claro, profissionais que sabem te ajudar colocar ele no meio dos outros protocolos de rejuvenescimento facial, <a href=\"https:\/\/injectors.com.br\/dermatologista-preenchimento-sp\/harmonizacao-facial-em-sao-paulo\/\" target=\"_blank\" rel=\"noopener\">harmoniza\u00e7\u00e3o facial<\/a>, etc&#8230; . Afinal, nem s\u00f3 de ULTRAFORMER vivem\u00a0 as cl\u00ednicas de medicina est\u00e9tica e est\u00e9tica facial&#8230;<\/span><span data-ccp-props=\"{&quot;201341983&quot;:0,&quot;335559739&quot;:160,&quot;335559740&quot;:259}\">\u00a0<\/span><\/p>\n<p><span data-ccp-props=\"{&quot;201341983&quot;:0,&quot;335559739&quot;:160,&quot;335559740&quot;:259}\">\u00a0<\/span><\/p>\n<p><span data-contrast=\"auto\">Conte sempre com a gente, e entre em contato agora pelo WhatsApp abaixo aqui no cantinho do site, para conversar e fazer um or\u00e7amento.<\/span><span data-ccp-props=\"{&quot;201341983&quot;:0,&quot;335559739&quot;:160,&quot;335559740&quot;:259}\">\u00a0<\/span><\/p>\n<blockquote>\n<h3><span style=\"color: #ff0000;\"><strong>E antes de fechar com qualquer empresa, fale conosco porque \u00e9 dif\u00edcil a gente n\u00e3o te encantar com o pre\u00e7o e qualidade,\u00a0 juntinhos.\u00a0<\/strong><\/span><\/h3>\n<\/blockquote>\n<p><span data-ccp-props=\"{&quot;201341983&quot;:0,&quot;335559739&quot;:160,&quot;335559740&quot;:259}\">\u00a0<\/span><\/p>\n<p><span data-ccp-props=\"{&quot;201341983&quot;:0,&quot;335559739&quot;:160,&quot;335559740&quot;:259}\">\u00a0<\/span><\/p>\n<p><span data-contrast=\"auto\">Somos um time de que faz aplica\u00e7\u00e3o de Ultraformer em S\u00e3o Paulo.<\/span><span data-ccp-props=\"{&quot;201341983&quot;:0,&quot;335559739&quot;:160,&quot;335559740&quot;:259}\">\u00a0<\/span><\/p>\n<p><span data-ccp-props=\"{&quot;201341983&quot;:0,&quot;335559739&quot;:160,&quot;335559740&quot;:259}\">\u00a0<\/span><span data-contrast=\"auto\">Uma equipe de m\u00e9dicos dermatologistas, fisioterapeutas, diversas especialidades, focados na aplica\u00e7\u00e3o de diversos lasers, e aparelhos do universo da dermatologia est\u00e9tica.<\/span><span data-ccp-props=\"{&quot;201341983&quot;:0,&quot;335559739&quot;:160,&quot;335559740&quot;:259}\">\u00a0<\/span><\/p>\n<p><span data-ccp-props=\"{&quot;201341983&quot;:0,&quot;335559739&quot;:160,&quot;335559740&quot;:259}\">\u00a0<\/span><span data-contrast=\"auto\">E, preste aten\u00e7\u00e3o, onde <strong>Ultraformer \u00e9 uma pe\u00e7a<\/strong>. Ali\u00e1s ,\u00a0 muito importante, mais uma pe\u00e7a desse quebra-cabe\u00e7a, chamado Est\u00e9tica Facial&#8230;<\/span><span data-ccp-props=\"{&quot;201341983&quot;:0,&quot;335559739&quot;:160,&quot;335559740&quot;:259}\">\u00a0<\/span><\/p>\n<p>E as <a href=\"https:\/\/injectors.com.br\/dermatologista-preenchimento-sp\/harmonizacao-facial-em-sao-paulo\/tratamento-aplicacao-de-ultraformer-liftera-ulthera-em-sao-paulo\/\" target=\"_blank\" rel=\"noopener\">Cl\u00ednicas que fazem aplica\u00e7\u00e3o de Ultrassom Microfocado<\/a>, Ultraformer, Ulthera s\u00f3 bombando, h\u00e1 anos!<\/p>\n<p>A combina\u00e7\u00e3o de <a href=\"https:\/\/clinicawulkan.com.br\/aplicacao-de-ultraformer\/\" target=\"_blank\" rel=\"noopener\">aplica\u00e7\u00e3o de Ultraformer<\/a> e Harmoniza\u00e7\u00e3o Facial, melhor ainda!<\/p>\n<p><strong>Benef\u00edcios do aluguel para seus clientes:<\/strong><\/p>\n<ul>\n<li>auxilia na flacidez,<\/li>\n<li>contorno corporal e ancoragem muscular, promovendo um efeito lifting,<\/li>\n<li>melhora a apar\u00eancia de linhas e rugas,<\/li>\n<li>trabalha e melhora a gordura localizada.<\/li>\n<li>N\u00e3o invasivo, sem cortes, sem pontos e sem downtime.<\/li>\n<li>pode TRATAR MELASMA COM A PONTEIRA DE 2MM !!<\/li>\n<li>\n<h2>Efeito<em><strong>\u00a0&#8220;lifting-like&#8221;<\/strong><\/em>do\u00a0ultrassom microfocado:\u00a0 aproximadamente 1\/3 de uma cirurgia de lifting facial<\/h2>\n<\/li>\n<\/ul>\n<h2><\/h2>\n<p><img decoding=\"async\" class=\"aligncenter size-full wp-image-3028\" src=\"http:\/\/justlaser.com.br\/alugueldelasers\/wp-content\/uploads\/2022\/01\/aluguel-de-ultraformer.jpg\" alt=\"aluguel de ultraformer\" width=\"1500\" height=\"400\" title=\"\" srcset=\"https:\/\/justlaser.com.br\/alugueldelasers\/wp-content\/uploads\/2022\/01\/aluguel-de-ultraformer-200x53.jpg 200w, https:\/\/justlaser.com.br\/alugueldelasers\/wp-content\/uploads\/2022\/01\/aluguel-de-ultraformer-300x80.jpg 300w, https:\/\/justlaser.com.br\/alugueldelasers\/wp-content\/uploads\/2022\/01\/aluguel-de-ultraformer-400x107.jpg 400w, https:\/\/justlaser.com.br\/alugueldelasers\/wp-content\/uploads\/2022\/01\/aluguel-de-ultraformer-500x133.jpg 500w, https:\/\/justlaser.com.br\/alugueldelasers\/wp-content\/uploads\/2022\/01\/aluguel-de-ultraformer-600x160.jpg 600w, https:\/\/justlaser.com.br\/alugueldelasers\/wp-content\/uploads\/2022\/01\/aluguel-de-ultraformer-700x187.jpg 700w, https:\/\/justlaser.com.br\/alugueldelasers\/wp-content\/uploads\/2022\/01\/aluguel-de-ultraformer-768x205.jpg 768w, https:\/\/justlaser.com.br\/alugueldelasers\/wp-content\/uploads\/2022\/01\/aluguel-de-ultraformer-800x213.jpg 800w, https:\/\/justlaser.com.br\/alugueldelasers\/wp-content\/uploads\/2022\/01\/aluguel-de-ultraformer-1024x273.jpg 1024w, https:\/\/justlaser.com.br\/alugueldelasers\/wp-content\/uploads\/2022\/01\/aluguel-de-ultraformer-1200x320.jpg 1200w, https:\/\/justlaser.com.br\/alugueldelasers\/wp-content\/uploads\/2022\/01\/aluguel-de-ultraformer.jpg 1500w\" sizes=\"(max-width: 1500px) 100vw, 1500px\" \/><\/p>\n<h2>\u00a0Se voc\u00ea precisa de\u00a0 <a href=\"https:\/\/justlaser.com.br\/alugueldelasers\/aluguel-locacao-ultrassom-microfocado-ulthera-ultraformer\/aluguel-de-ultrassom-microfocado\">Aluguel de Ultrassom Microfocado<\/a> em cidades do Brasil, entre em contato !<\/h2>\n<blockquote>\n<h3><span style=\"color: #ff0000;\"><strong>E antes de fechar com qualquer empresa, fale conosco porque \u00e9 dif\u00edcil a gente n\u00e3o te encantar com o pre\u00e7o e qualidade,\u00a0 juntinhos.\u00a0<\/strong><\/span><\/h3>\n<\/blockquote>\n<p><span data-ccp-props=\"{&quot;201341983&quot;:0,&quot;335559739&quot;:160,&quot;335559740&quot;:259}\">\u00a0<\/span><\/p>\n","protected":false},"excerpt":{"rendered":"<p>Aluguel de Ultraformer Aluguel de Ultraformer, para todo Brasil.\u00a0 \u00a0Se voc\u00ea chegou nessa p\u00e1gina, [&hellip;]<\/p>\n","protected":false},"author":2,"featured_media":0,"parent":2499,"menu_order":0,"comment_status":"closed","ping_status":"closed","template":"","meta":{"footnotes":""},"_links":{"self":[{"href":"https:\/\/justlaser.com.br\/alugueldelasers\/wp-json\/wp\/v2\/pages\/3026"}],"collection":[{"href":"https:\/\/justlaser.com.br\/alugueldelasers\/wp-json\/wp\/v2\/pages"}],"about":[{"href":"https:\/\/justlaser.com.br\/alugueldelasers\/wp-json\/wp\/v2\/types\/page"}],"author":[{"embeddable":true,"href":"https:\/\/justlaser.com.br\/alugueldelasers\/wp-json\/wp\/v2\/users\/2"}],"replies":[{"embeddable":true,"href":"https:\/\/justlaser.com.br\/alugueldelasers\/wp-json\/wp\/v2\/comments?post=3026"}],"version-history":[{"count":0,"href":"https:\/\/justlaser.com.br\/alugueldelasers\/wp-json\/wp\/v2\/pages\/3026\/revisions"}],"up":[{"embeddable":true,"href":"https:\/\/justlaser.com.br\/alugueldelasers\/wp-json\/wp\/v2\/pages\/2499"}],"wp:attachment":[{"href":"https:\/\/justlaser.com.br\/alugueldelasers\/wp-json\/wp\/v2\/media?parent=3026"}],"curies":[{"name":"wp","href":"https:\/\/api.w.org\/{rel}","templated":true}]}}