{"id":3044,"date":"2022-01-21T15:43:10","date_gmt":"2022-01-21T18:43:10","guid":{"rendered":"https:\/\/justlaser.com.br\/alugueldelasers\/?page_id=3044"},"modified":"2022-01-21T15:44:29","modified_gmt":"2022-01-21T18:44:29","slug":"etherea-mx","status":"publish","type":"page","link":"https:\/\/justlaser.com.br\/alugueldelasers\/etherea-mx\/","title":{"rendered":"Etherea MX"},"content":{"rendered":"<p><strong><img decoding=\"async\" class=\"alignnone size-medium wp-image-3045\" src=\"http:\/\/justlaser.com.br\/alugueldelasers\/wp-content\/uploads\/2022\/01\/justlaser_21-300x300.jpg\" alt=\"\" width=\"300\" height=\"300\" title=\"\" srcset=\"https:\/\/justlaser.com.br\/alugueldelasers\/wp-content\/uploads\/2022\/01\/justlaser_21-66x66.jpg 66w, https:\/\/justlaser.com.br\/alugueldelasers\/wp-content\/uploads\/2022\/01\/justlaser_21-150x150.jpg 150w, https:\/\/justlaser.com.br\/alugueldelasers\/wp-content\/uploads\/2022\/01\/justlaser_21-200x200.jpg 200w, https:\/\/justlaser.com.br\/alugueldelasers\/wp-content\/uploads\/2022\/01\/justlaser_21-300x300.jpg 300w, https:\/\/justlaser.com.br\/alugueldelasers\/wp-content\/uploads\/2022\/01\/justlaser_21-400x400.jpg 400w, https:\/\/justlaser.com.br\/alugueldelasers\/wp-content\/uploads\/2022\/01\/justlaser_21-500x500.jpg 500w, https:\/\/justlaser.com.br\/alugueldelasers\/wp-content\/uploads\/2022\/01\/justlaser_21-600x600.jpg 600w, https:\/\/justlaser.com.br\/alugueldelasers\/wp-content\/uploads\/2022\/01\/justlaser_21-700x700.jpg 700w, https:\/\/justlaser.com.br\/alugueldelasers\/wp-content\/uploads\/2022\/01\/justlaser_21-768x768.jpg 768w, https:\/\/justlaser.com.br\/alugueldelasers\/wp-content\/uploads\/2022\/01\/justlaser_21-800x800.jpg 800w, https:\/\/justlaser.com.br\/alugueldelasers\/wp-content\/uploads\/2022\/01\/justlaser_21-1024x1024.jpg 1024w, https:\/\/justlaser.com.br\/alugueldelasers\/wp-content\/uploads\/2022\/01\/justlaser_21.jpg 1080w\" sizes=\"(max-width: 300px) 100vw, 300px\" \/><\/strong><\/p>\n<p><strong>Etherea MX<\/strong><\/p>\n<p>As possibilidades de tratamento com o Etherea-MX s\u00e3o amplas. Devido a sua<br \/>\nversatilidade pode ser indicado para protocolos de acne ativas, cicatrizes, estrias,<br \/>\nfotoenvelhecimento, les\u00f5es vasculares, les\u00f5es pigmentadas, melasma, procedimentos faciais e<br \/>\nremo\u00e7\u00e3o de tatuagem. Ofere\u00e7a esse cuidado para seu cliente.<\/p>\n<p><strong>\u00a0<\/strong><\/p>\n","protected":false},"excerpt":{"rendered":"<p>Etherea MX As possibilidades de tratamento com o Etherea-MX s\u00e3o amplas. Devido a sua [&hellip;]<\/p>\n","protected":false},"author":4,"featured_media":0,"parent":0,"menu_order":0,"comment_status":"closed","ping_status":"closed","template":"","meta":{"footnotes":""},"_links":{"self":[{"href":"https:\/\/justlaser.com.br\/alugueldelasers\/wp-json\/wp\/v2\/pages\/3044"}],"collection":[{"href":"https:\/\/justlaser.com.br\/alugueldelasers\/wp-json\/wp\/v2\/pages"}],"about":[{"href":"https:\/\/justlaser.com.br\/alugueldelasers\/wp-json\/wp\/v2\/types\/page"}],"author":[{"embeddable":true,"href":"https:\/\/justlaser.com.br\/alugueldelasers\/wp-json\/wp\/v2\/users\/4"}],"replies":[{"embeddable":true,"href":"https:\/\/justlaser.com.br\/alugueldelasers\/wp-json\/wp\/v2\/comments?post=3044"}],"version-history":[{"count":0,"href":"https:\/\/justlaser.com.br\/alugueldelasers\/wp-json\/wp\/v2\/pages\/3044\/revisions"}],"wp:attachment":[{"href":"https:\/\/justlaser.com.br\/alugueldelasers\/wp-json\/wp\/v2\/media?parent=3044"}],"curies":[{"name":"wp","href":"https:\/\/api.w.org\/{rel}","templated":true}]}}