{"id":3146,"date":"2022-06-01T14:50:37","date_gmt":"2022-06-01T17:50:37","guid":{"rendered":"https:\/\/justlaser.com.br\/alugueldelasers\/?page_id=3146"},"modified":"2023-02-21T10:32:13","modified_gmt":"2023-02-21T13:32:13","slug":"locacao-vzet","status":"publish","type":"page","link":"https:\/\/justlaser.com.br\/alugueldelasers\/aluguel-locacao-ultraformer-iii\/locacao-vzet\/","title":{"rendered":"Loca\u00e7\u00e3o VZET"},"content":{"rendered":"<h1><img decoding=\"async\" class=\"aligncenter size-full wp-image-3152\" src=\"https:\/\/justlaser.com.br\/alugueldelasers\/wp-content\/uploads\/2022\/06\/VZET-ALUGUEL.png\" alt=\"VZET ALUGUEL E LOCACAO \" width=\"500\" height=\"175\" title=\"\" srcset=\"https:\/\/justlaser.com.br\/alugueldelasers\/wp-content\/uploads\/2022\/06\/VZET-ALUGUEL-200x70.png 200w, https:\/\/justlaser.com.br\/alugueldelasers\/wp-content\/uploads\/2022\/06\/VZET-ALUGUEL-300x105.png 300w, https:\/\/justlaser.com.br\/alugueldelasers\/wp-content\/uploads\/2022\/06\/VZET-ALUGUEL-400x140.png 400w, https:\/\/justlaser.com.br\/alugueldelasers\/wp-content\/uploads\/2022\/06\/VZET-ALUGUEL.png 500w\" sizes=\"(max-width: 500px) 100vw, 500px\" \/><\/h1>\n<h1>Loca\u00e7\u00e3o VZET<\/h1>\n<p>J\u00e1 pensou na loca\u00e7\u00e3o do VZET,\u00a0 a mais nova tecnologia para combater a flacidez facial de 2022 ?<\/p>\n<p>Do mesmo\u00a0 respons\u00e1vel pelo sucesso do Ultraformer III, agora um ajudante de peso para tratar papada, flacidez de pescoco , corporal e facial.<\/p>\n<p><a href=\"https:\/\/medsystems.com.br\/vzet\/\" target=\"_blank\" rel=\"noopener\">\u00a0VZET , o HIFU em V\u00f3rtex da MedSystems<\/a><\/p>\n<p><img decoding=\"async\" class=\"aligncenter size-full wp-image-3158\" src=\"https:\/\/justlaser.com.br\/alugueldelasers\/wp-content\/uploads\/2022\/06\/vzet-locacao.jpg\" alt=\"vzet locacao\" width=\"1362\" height=\"596\" title=\"\" srcset=\"https:\/\/justlaser.com.br\/alugueldelasers\/wp-content\/uploads\/2022\/06\/vzet-locacao-200x88.jpg 200w, https:\/\/justlaser.com.br\/alugueldelasers\/wp-content\/uploads\/2022\/06\/vzet-locacao-300x131.jpg 300w, https:\/\/justlaser.com.br\/alugueldelasers\/wp-content\/uploads\/2022\/06\/vzet-locacao-400x175.jpg 400w, https:\/\/justlaser.com.br\/alugueldelasers\/wp-content\/uploads\/2022\/06\/vzet-locacao-500x219.jpg 500w, https:\/\/justlaser.com.br\/alugueldelasers\/wp-content\/uploads\/2022\/06\/vzet-locacao-600x263.jpg 600w, https:\/\/justlaser.com.br\/alugueldelasers\/wp-content\/uploads\/2022\/06\/vzet-locacao-700x306.jpg 700w, https:\/\/justlaser.com.br\/alugueldelasers\/wp-content\/uploads\/2022\/06\/vzet-locacao-768x336.jpg 768w, https:\/\/justlaser.com.br\/alugueldelasers\/wp-content\/uploads\/2022\/06\/vzet-locacao-800x350.jpg 800w, https:\/\/justlaser.com.br\/alugueldelasers\/wp-content\/uploads\/2022\/06\/vzet-locacao-1024x448.jpg 1024w, https:\/\/justlaser.com.br\/alugueldelasers\/wp-content\/uploads\/2022\/06\/vzet-locacao-1200x525.jpg 1200w, https:\/\/justlaser.com.br\/alugueldelasers\/wp-content\/uploads\/2022\/06\/vzet-locacao.jpg 1362w\" sizes=\"(max-width: 1362px) 100vw, 1362px\" \/><\/p>\n<h2 class=\"padrao-titulo-bg-azul\">POR QUE\u00a0 LOCAR O VZET?<\/h2>\n<ul>\n<li>ULTRASSOM\u00a0 SEMI MICRO-FOCADO, COM OS MESMOS 65 graus de aquecimento, mas sem coagula\u00e7\u00e3o.\u00a0 ESEM CONSUM\u00cdVEL<\/li>\n<li>SISTEMA DE AUTO-RESFRIAMENTO<\/li>\n<li>SESS\u00d5ES MAIS R\u00c1PIDAS E COM MENOS DOR<\/li>\n<\/ul>\n<p><strong>Vzet<\/strong> estimula a neocolag\u00eanese ao fornecer energia t\u00e9rmica de alta intensidade a 65 \u2103 para tratar as camadas cut\u00e2nea e subcut\u00e2nea<\/p>\n<p><b>Efeito<\/b> <b>t\u00e9rmico<\/b><\/p>\n<p>\u2794A energia do ultrassom \u00e9 entregue \u00e0 \u00e1rea do foco.<\/p>\n<p>\u2794O ponto de aquecimento \u00e9 formado e dissipada em uma pequena \u00e1rea.<\/p>\n<p>\u2794Devido a entrega de energia intensa e controlada na \u00e1rea<\/p>\n<p>alvo o processo de neocolag\u00eanese \u00e9 iniciado.<\/p>\n<h2>Diferen\u00e7a entre o VZET e\u00a0 Ultraformer,\u00a0 para loca\u00e7\u00e3o<\/h2>\n<p>&nbsp;<\/p>\n<p><img decoding=\"async\" class=\"aligncenter size-large wp-image-3148\" src=\"https:\/\/justlaser.com.br\/alugueldelasers\/wp-content\/uploads\/2022\/06\/LOCACAO-V-ZET-1024x508.jpg\" alt=\"LOCACAO V-ZET\" width=\"1024\" height=\"508\" title=\"\" srcset=\"https:\/\/justlaser.com.br\/alugueldelasers\/wp-content\/uploads\/2022\/06\/LOCACAO-V-ZET-200x99.jpg 200w, https:\/\/justlaser.com.br\/alugueldelasers\/wp-content\/uploads\/2022\/06\/LOCACAO-V-ZET-300x149.jpg 300w, https:\/\/justlaser.com.br\/alugueldelasers\/wp-content\/uploads\/2022\/06\/LOCACAO-V-ZET-400x199.jpg 400w, https:\/\/justlaser.com.br\/alugueldelasers\/wp-content\/uploads\/2022\/06\/LOCACAO-V-ZET-500x248.jpg 500w, https:\/\/justlaser.com.br\/alugueldelasers\/wp-content\/uploads\/2022\/06\/LOCACAO-V-ZET-600x298.jpg 600w, https:\/\/justlaser.com.br\/alugueldelasers\/wp-content\/uploads\/2022\/06\/LOCACAO-V-ZET-700x348.jpg 700w, https:\/\/justlaser.com.br\/alugueldelasers\/wp-content\/uploads\/2022\/06\/LOCACAO-V-ZET-768x381.jpg 768w, https:\/\/justlaser.com.br\/alugueldelasers\/wp-content\/uploads\/2022\/06\/LOCACAO-V-ZET-800x397.jpg 800w, https:\/\/justlaser.com.br\/alugueldelasers\/wp-content\/uploads\/2022\/06\/LOCACAO-V-ZET-1024x508.jpg 1024w, https:\/\/justlaser.com.br\/alugueldelasers\/wp-content\/uploads\/2022\/06\/LOCACAO-V-ZET-1200x596.jpg 1200w, https:\/\/justlaser.com.br\/alugueldelasers\/wp-content\/uploads\/2022\/06\/LOCACAO-V-ZET.jpg 1313w\" sizes=\"(max-width: 1024px) 100vw, 1024px\" \/><\/p>\n<p>&nbsp;<\/p>\n<h2>Indica\u00e7\u00f5es para a loca\u00e7\u00e3o do Vzet<\/h2>\n<p><strong>\u00c1reas de tratamento com VZET<\/strong><\/p>\n<p>\u25aaFull Face<\/p>\n<p>\u25aaSubmento<\/p>\n<p>\u25aaPesco\u00e7o<\/p>\n<p>\u25aaDecote (\u00e1rea do t\u00f3rax)<\/p>\n<p>\u25aaCorporal: Abd\u00f4men, flancos, joelho, bra\u00e7o, coxa, etc.<\/p>\n<p><img decoding=\"async\" class=\"aligncenter size-large wp-image-3147\" src=\"https:\/\/justlaser.com.br\/alugueldelasers\/wp-content\/uploads\/2022\/06\/LOCACAO-VZET-1024x514.jpg\" alt=\"LOCACAO VZET\" width=\"1024\" height=\"514\" title=\"\" srcset=\"https:\/\/justlaser.com.br\/alugueldelasers\/wp-content\/uploads\/2022\/06\/LOCACAO-VZET-200x100.jpg 200w, https:\/\/justlaser.com.br\/alugueldelasers\/wp-content\/uploads\/2022\/06\/LOCACAO-VZET-300x151.jpg 300w, https:\/\/justlaser.com.br\/alugueldelasers\/wp-content\/uploads\/2022\/06\/LOCACAO-VZET-400x201.jpg 400w, https:\/\/justlaser.com.br\/alugueldelasers\/wp-content\/uploads\/2022\/06\/LOCACAO-VZET-500x251.jpg 500w, https:\/\/justlaser.com.br\/alugueldelasers\/wp-content\/uploads\/2022\/06\/LOCACAO-VZET-540x272.jpg 540w, https:\/\/justlaser.com.br\/alugueldelasers\/wp-content\/uploads\/2022\/06\/LOCACAO-VZET-600x301.jpg 600w, https:\/\/justlaser.com.br\/alugueldelasers\/wp-content\/uploads\/2022\/06\/LOCACAO-VZET-700x351.jpg 700w, https:\/\/justlaser.com.br\/alugueldelasers\/wp-content\/uploads\/2022\/06\/LOCACAO-VZET-768x385.jpg 768w, https:\/\/justlaser.com.br\/alugueldelasers\/wp-content\/uploads\/2022\/06\/LOCACAO-VZET-800x401.jpg 800w, https:\/\/justlaser.com.br\/alugueldelasers\/wp-content\/uploads\/2022\/06\/LOCACAO-VZET-1024x514.jpg 1024w, https:\/\/justlaser.com.br\/alugueldelasers\/wp-content\/uploads\/2022\/06\/LOCACAO-VZET-1200x602.jpg 1200w, https:\/\/justlaser.com.br\/alugueldelasers\/wp-content\/uploads\/2022\/06\/LOCACAO-VZET.jpg 1341w\" sizes=\"(max-width: 1024px) 100vw, 1024px\" \/><\/p>\n<p>&nbsp;<\/p>\n<p><img decoding=\"async\" class=\"aligncenter size-full wp-image-3180\" src=\"https:\/\/justlaser.com.br\/alugueldelasers\/wp-content\/uploads\/2022\/06\/locacao-do-vzet.jpg\" alt=\"locacao do vzet\" width=\"1368\" height=\"687\" title=\"\" srcset=\"https:\/\/justlaser.com.br\/alugueldelasers\/wp-content\/uploads\/2022\/06\/locacao-do-vzet-200x100.jpg 200w, https:\/\/justlaser.com.br\/alugueldelasers\/wp-content\/uploads\/2022\/06\/locacao-do-vzet-300x151.jpg 300w, https:\/\/justlaser.com.br\/alugueldelasers\/wp-content\/uploads\/2022\/06\/locacao-do-vzet-400x201.jpg 400w, https:\/\/justlaser.com.br\/alugueldelasers\/wp-content\/uploads\/2022\/06\/locacao-do-vzet-500x251.jpg 500w, https:\/\/justlaser.com.br\/alugueldelasers\/wp-content\/uploads\/2022\/06\/locacao-do-vzet-540x272.jpg 540w, https:\/\/justlaser.com.br\/alugueldelasers\/wp-content\/uploads\/2022\/06\/locacao-do-vzet-600x301.jpg 600w, https:\/\/justlaser.com.br\/alugueldelasers\/wp-content\/uploads\/2022\/06\/locacao-do-vzet-700x352.jpg 700w, https:\/\/justlaser.com.br\/alugueldelasers\/wp-content\/uploads\/2022\/06\/locacao-do-vzet-768x386.jpg 768w, https:\/\/justlaser.com.br\/alugueldelasers\/wp-content\/uploads\/2022\/06\/locacao-do-vzet-800x402.jpg 800w, https:\/\/justlaser.com.br\/alugueldelasers\/wp-content\/uploads\/2022\/06\/locacao-do-vzet-1024x514.jpg 1024w, https:\/\/justlaser.com.br\/alugueldelasers\/wp-content\/uploads\/2022\/06\/locacao-do-vzet-1200x603.jpg 1200w, https:\/\/justlaser.com.br\/alugueldelasers\/wp-content\/uploads\/2022\/06\/locacao-do-vzet.jpg 1368w\" sizes=\"(max-width: 1368px) 100vw, 1368px\" \/><\/p>\n<h3>Protocolos de aplica\u00e7\u00e3o para a loca\u00e7\u00e3o do VZET<\/h3>\n<p><b>3 SESS\u00d5ES <\/b><\/p>\n<p><b>Intervalo<\/b><b>:<\/b><b> 30 <\/b><b>dias<\/b><\/p>\n<p><b>&#8211; ULTRAFORMER + VZET &#8211; <\/b><b>Flacidez<\/b><\/p>\n<p><b>Pode<\/b> <b>realizar<\/b><b> no <\/b><b>mesmo<\/b> <b>dia<\/b><b> &#8211; + 2 <\/b><b>sess\u00f5es<\/b> <b>vzet<\/b><\/p>\n<p><b>&#8211; ULTRAFORMER + VZET <\/b><b>Redu\u00e7\u00e3o<\/b><b> de volume face e <\/b><b>papada<\/b><b>:<\/b><\/p>\n<p><b>Pode<\/b> <b>realizar<\/b><b> no <\/b><b>mesmo<\/b> <b>dia<\/b><b> + 2 <\/b><b>sess\u00f5es<\/b> <b>vzet<\/b> <b>ponteira<\/b><b> B<\/b><\/p>\n<h3>Ponteiras para <a href=\"https:\/\/justlaser.com.br\/alugueldelasers\/aluguel-locacao-ultraformer-iii\/locacao-vzet\/\">loca\u00e7\u00e3o do V-ZET<\/a><\/h3>\n<p><img decoding=\"async\" class=\"aligncenter size-full wp-image-3153\" src=\"https:\/\/justlaser.com.br\/alugueldelasers\/wp-content\/uploads\/2022\/06\/ALUGUEL-LOCACAO-PONTEIRA-V-ZET.jpg\" alt=\"ALUGUEL LOCACAO PONTEIRA V-ZET\" width=\"1602\" height=\"335\" title=\"\" srcset=\"https:\/\/justlaser.com.br\/alugueldelasers\/wp-content\/uploads\/2022\/06\/ALUGUEL-LOCACAO-PONTEIRA-V-ZET-200x42.jpg 200w, https:\/\/justlaser.com.br\/alugueldelasers\/wp-content\/uploads\/2022\/06\/ALUGUEL-LOCACAO-PONTEIRA-V-ZET-300x63.jpg 300w, https:\/\/justlaser.com.br\/alugueldelasers\/wp-content\/uploads\/2022\/06\/ALUGUEL-LOCACAO-PONTEIRA-V-ZET-400x84.jpg 400w, https:\/\/justlaser.com.br\/alugueldelasers\/wp-content\/uploads\/2022\/06\/ALUGUEL-LOCACAO-PONTEIRA-V-ZET-500x105.jpg 500w, https:\/\/justlaser.com.br\/alugueldelasers\/wp-content\/uploads\/2022\/06\/ALUGUEL-LOCACAO-PONTEIRA-V-ZET-600x125.jpg 600w, https:\/\/justlaser.com.br\/alugueldelasers\/wp-content\/uploads\/2022\/06\/ALUGUEL-LOCACAO-PONTEIRA-V-ZET-700x146.jpg 700w, https:\/\/justlaser.com.br\/alugueldelasers\/wp-content\/uploads\/2022\/06\/ALUGUEL-LOCACAO-PONTEIRA-V-ZET-768x161.jpg 768w, https:\/\/justlaser.com.br\/alugueldelasers\/wp-content\/uploads\/2022\/06\/ALUGUEL-LOCACAO-PONTEIRA-V-ZET-800x167.jpg 800w, https:\/\/justlaser.com.br\/alugueldelasers\/wp-content\/uploads\/2022\/06\/ALUGUEL-LOCACAO-PONTEIRA-V-ZET-1024x214.jpg 1024w, https:\/\/justlaser.com.br\/alugueldelasers\/wp-content\/uploads\/2022\/06\/ALUGUEL-LOCACAO-PONTEIRA-V-ZET-1200x251.jpg 1200w, https:\/\/justlaser.com.br\/alugueldelasers\/wp-content\/uploads\/2022\/06\/ALUGUEL-LOCACAO-PONTEIRA-V-ZET-1536x321.jpg 1536w, https:\/\/justlaser.com.br\/alugueldelasers\/wp-content\/uploads\/2022\/06\/ALUGUEL-LOCACAO-PONTEIRA-V-ZET.jpg 1602w\" sizes=\"(max-width: 1602px) 100vw, 1602px\" \/><\/p>\n<p>O VZET ultrassom \u00e9 um equipamento de ultrassom de alta intensidade, diferente, em V\u00d3RTICE,\u00a0 que tem sido amplamente utilizado em cl\u00ednicas de est\u00e9tica para uma variedade de tratamentos, incluindo a redu\u00e7\u00e3o de gordura localizada, o rejuvenescimento da pele e o tratamento da celulite.<\/p>\n<p>O ultrassom de alta intensidade produzido pelo VZET \u00e9 capaz de penetrar profundamente na pele, sem causar danos aos tecidos circundantes, e \u00e9 altamente preciso, permitindo a realiza\u00e7\u00e3o de tratamentos espec\u00edficos em \u00e1reas localizadas. O ultrassom \u00e9 capaz de destruir as c\u00e9lulas de gordura, que s\u00e3o ent\u00e3o eliminadas pelo sistema linf\u00e1tico do corpo.<\/p>\n<p>Um dos principais benef\u00edcios do VZET ultrassom \u00e9 a sua capacidade de reduzir a gordura localizada em \u00e1reas espec\u00edficas do corpo, como o abd\u00f4men, coxas, flancos e bra\u00e7os. O tratamento \u00e9 indolor e n\u00e3o invasivo, sem necessidade de cirurgia ou anestesia. A maioria dos pacientes pode retornar \u00e0s atividades normais imediatamente ap\u00f3s o tratamento.<\/p>\n<p>O tratamento com o VZET ultrassom \u00e9 seguro e eficaz, com poucos efeitos colaterais. No entanto, \u00e9 importante ressaltar que o tratamento deve ser realizado por um profissional qualificado e experiente, para garantir a seguran\u00e7a e efic\u00e1cia do tratamento. O profissional ir\u00e1 avaliar a pele do paciente e determinar a melhor abordagem para o tratamento, ajustando as configura\u00e7\u00f5es do equipamento de acordo com as necessidades individuais de cada paciente.<\/p>\n<p>Em resumo, o VZET ultrassom \u00e9 um equipamento de ultrassom de alta intensidade amplamente utilizado em cl\u00ednicas de est\u00e9tica para a redu\u00e7\u00e3o de gordura localizada, o rejuvenescimento da pele e o tratamento da celulite. O tratamento \u00e9 seguro e eficaz, e pode ser altamente eficaz quando realizado por um profissional capacitado e experiente.<\/p>\n<blockquote><p><strong>Pode, e recomenda-se, que se utilize isoladamente ou em parceria com ULtraformer III, ULtraformer 4, Ultraformer MPT , bioestimuladores e outras m\u00e1quinas com efeitos sin\u00e9rgicos !<\/strong><\/p><\/blockquote>\n<h2>Aluguel de aparelhos de est\u00e9tica ?<\/h2>\n<p><a href=\"https:\/\/justlaser.com.br\/alugueldelasers\/aluguel-locacao-ulthera\/\"><strong>J\u00e1 pensou em aluguel ou loca\u00e7\u00e3o de Ulthera ?\u00a0<\/strong><\/a><\/p>\n<p><strong><a href=\"https:\/\/justlaser.com.br\/alugueldelasers\/aluguel-laser-lavieen\/\">Aluguel do laser\u00a0 LAVIEEN<\/a><\/strong><\/p>\n<p><strong><a href=\"https:\/\/justlaser.com.br\/alugueldelasers\/aluguel-locacao-ultraformer-iii\/\">J\u00e1 pensou em aluguel de Ultraformer ?<\/a><\/strong><\/p>\n<p><strong><a href=\"https:\/\/justlaser.com.br\/alugueldelasers\/aluguel-locacao-ultraformer-iii\/locacao-vzet\/\">Que tal loca\u00e7\u00e3o\u00a0 do VZET ?<\/a><\/strong><\/p>\n<p><a href=\"https:\/\/justlaser.com.br\/alugueldelasers\/aluguel-locacao-ultraformer-iii\/aluguel-do-vzet\"><strong>E alugar ou aluguel do VZET<\/strong><\/a><\/p>\n<h3><strong>Entre em contato pelo WhatsApp para or\u00e7amento de aluguel de Ultraformer para S\u00e3o Paulo e Brasil\u00a0<\/strong><\/h3>\n<p>&nbsp;<\/p>\n","protected":false},"excerpt":{"rendered":"<p>Loca\u00e7\u00e3o VZET J\u00e1 pensou na loca\u00e7\u00e3o do VZET,\u00a0 a mais nova tecnologia para combater [&hellip;]<\/p>\n","protected":false},"author":2,"featured_media":0,"parent":2499,"menu_order":0,"comment_status":"closed","ping_status":"closed","template":"","meta":{"footnotes":""},"_links":{"self":[{"href":"https:\/\/justlaser.com.br\/alugueldelasers\/wp-json\/wp\/v2\/pages\/3146"}],"collection":[{"href":"https:\/\/justlaser.com.br\/alugueldelasers\/wp-json\/wp\/v2\/pages"}],"about":[{"href":"https:\/\/justlaser.com.br\/alugueldelasers\/wp-json\/wp\/v2\/types\/page"}],"author":[{"embeddable":true,"href":"https:\/\/justlaser.com.br\/alugueldelasers\/wp-json\/wp\/v2\/users\/2"}],"replies":[{"embeddable":true,"href":"https:\/\/justlaser.com.br\/alugueldelasers\/wp-json\/wp\/v2\/comments?post=3146"}],"version-history":[{"count":0,"href":"https:\/\/justlaser.com.br\/alugueldelasers\/wp-json\/wp\/v2\/pages\/3146\/revisions"}],"up":[{"embeddable":true,"href":"https:\/\/justlaser.com.br\/alugueldelasers\/wp-json\/wp\/v2\/pages\/2499"}],"wp:attachment":[{"href":"https:\/\/justlaser.com.br\/alugueldelasers\/wp-json\/wp\/v2\/media?parent=3146"}],"curies":[{"name":"wp","href":"https:\/\/api.w.org\/{rel}","templated":true}]}}