{"id":3149,"date":"2022-06-01T14:51:23","date_gmt":"2022-06-01T17:51:23","guid":{"rendered":"https:\/\/justlaser.com.br\/alugueldelasers\/?page_id=3149"},"modified":"2022-06-01T18:19:26","modified_gmt":"2022-06-01T21:19:26","slug":"aluguel-do-vzet","status":"publish","type":"page","link":"https:\/\/justlaser.com.br\/alugueldelasers\/aluguel-locacao-ultraformer-iii\/aluguel-do-vzet\/","title":{"rendered":"Aluguel do VZET"},"content":{"rendered":"<h1><img decoding=\"async\" class=\"aligncenter size-large wp-image-3150\" src=\"https:\/\/justlaser.com.br\/alugueldelasers\/wp-content\/uploads\/2022\/06\/ALUGUEL-VZET-1024x473.jpg\" alt=\"ALUGUEL VZET\" width=\"1024\" height=\"473\" title=\"\" srcset=\"https:\/\/justlaser.com.br\/alugueldelasers\/wp-content\/uploads\/2022\/06\/ALUGUEL-VZET-200x92.jpg 200w, https:\/\/justlaser.com.br\/alugueldelasers\/wp-content\/uploads\/2022\/06\/ALUGUEL-VZET-300x139.jpg 300w, https:\/\/justlaser.com.br\/alugueldelasers\/wp-content\/uploads\/2022\/06\/ALUGUEL-VZET-400x185.jpg 400w, https:\/\/justlaser.com.br\/alugueldelasers\/wp-content\/uploads\/2022\/06\/ALUGUEL-VZET-500x231.jpg 500w, https:\/\/justlaser.com.br\/alugueldelasers\/wp-content\/uploads\/2022\/06\/ALUGUEL-VZET-600x277.jpg 600w, https:\/\/justlaser.com.br\/alugueldelasers\/wp-content\/uploads\/2022\/06\/ALUGUEL-VZET-700x324.jpg 700w, https:\/\/justlaser.com.br\/alugueldelasers\/wp-content\/uploads\/2022\/06\/ALUGUEL-VZET-768x355.jpg 768w, https:\/\/justlaser.com.br\/alugueldelasers\/wp-content\/uploads\/2022\/06\/ALUGUEL-VZET-800x370.jpg 800w, https:\/\/justlaser.com.br\/alugueldelasers\/wp-content\/uploads\/2022\/06\/ALUGUEL-VZET-1024x473.jpg 1024w, https:\/\/justlaser.com.br\/alugueldelasers\/wp-content\/uploads\/2022\/06\/ALUGUEL-VZET-1200x555.jpg 1200w, https:\/\/justlaser.com.br\/alugueldelasers\/wp-content\/uploads\/2022\/06\/ALUGUEL-VZET.jpg 1352w\" sizes=\"(max-width: 1024px) 100vw, 1024px\" \/><\/h1>\n<h1>Aluguel do VZET<\/h1>\n<p>J\u00e1 pensou no aluguel do VZET,\u00a0 em oferecer a\u00a0 mais nova tecnologia para combater a flacidez facial de 2022 ?<\/p>\n<p>Do mesmo\u00a0 respons\u00e1vel pelo sucesso do Ultraformer III, agora um ajudante de peso para tratar papada, flacidez de pescoco , corporal e facial.<\/p>\n<p><a href=\"https:\/\/medsystems.com.br\/vzet\/\" target=\"_blank\" rel=\"noopener\">\u00a0VZET , o HIFU em V\u00f3rtex da MedSystems<\/a><\/p>\n<p><strong>Vzet<\/strong> estimula a neocolag\u00eanese ao fornecer energia t\u00e9rmica de alta intensidade a 65 \u2103 para tratar as camadas cut\u00e2nea e subcut\u00e2nea<\/p>\n<h2 class=\"titulo\">\u00a0Aluguel &#8211; Como o VZET funciona ?<\/h2>\n<p class=\"desc\">Ultrassom focalizado de alta intensidade que fornece energia HIFU, induzindo uma a\u00e7\u00e3o t\u00e9rmica coagulativa nas camadas cut\u00e2nea e subcut\u00e2nea.<\/p>\n<ul class=\"desc\">\n<li>Induz a forma\u00e7\u00e3o de col\u00e1geno gradualmente durante v\u00e1rios meses pelo processo de repara\u00e7\u00e3o tecidual;<\/li>\n<li>Com fun\u00e7\u00f5es que podem ser ajustadas como intensidade, tempo e intervalo do disparo, o tratamento torna-se mais r\u00e1pido e com menos dor;<\/li>\n<li>Devido ao design exclusivo dos aplicadores, \u00e9 poss\u00edvel realizar uma opera\u00e7\u00e3o detalhada, alcan\u00e7ando \u00e1reas menores e delicadas.<\/li>\n<\/ul>\n<h3>O que \u00e9 esse V\u00d3RTEX DO VZET ?<\/h3>\n<p class=\"desc\"><strong>Difus\u00e3o em v\u00f3rtice:<\/strong>\u00a0Aquecimento do centro para periferia. Espalhamento da energia com maior precis\u00e3o na camada alvo, atingindo uma maior \u00e1rea.<img decoding=\"async\" class=\"alignleft size-medium wp-image-3151\" src=\"https:\/\/justlaser.com.br\/alugueldelasers\/wp-content\/uploads\/2022\/06\/LOCACAO-V-ZET-SAO-PAULO-300x190.png\" alt=\"LOCACAO V-ZET SAO PAULO\" width=\"300\" height=\"190\" title=\"\" srcset=\"https:\/\/justlaser.com.br\/alugueldelasers\/wp-content\/uploads\/2022\/06\/LOCACAO-V-ZET-SAO-PAULO-200x127.png 200w, https:\/\/justlaser.com.br\/alugueldelasers\/wp-content\/uploads\/2022\/06\/LOCACAO-V-ZET-SAO-PAULO-300x190.png 300w, https:\/\/justlaser.com.br\/alugueldelasers\/wp-content\/uploads\/2022\/06\/LOCACAO-V-ZET-SAO-PAULO-320x202.png 320w, https:\/\/justlaser.com.br\/alugueldelasers\/wp-content\/uploads\/2022\/06\/LOCACAO-V-ZET-SAO-PAULO-400x254.png 400w, https:\/\/justlaser.com.br\/alugueldelasers\/wp-content\/uploads\/2022\/06\/LOCACAO-V-ZET-SAO-PAULO-500x317.png 500w, https:\/\/justlaser.com.br\/alugueldelasers\/wp-content\/uploads\/2022\/06\/LOCACAO-V-ZET-SAO-PAULO.png 520w\" sizes=\"(max-width: 300px) 100vw, 300px\" \/><\/p>\n<p class=\"desc\"><strong>Modo A:<\/strong>\u00a0Reposicionamento e retra\u00e7\u00e3o cut\u00e2nea.<\/p>\n<p class=\"desc\"><strong>Modo B:<\/strong>\u00a0Reposicionamento e retra\u00e7\u00e3o cut\u00e2nea + lip\u00f3lise.<\/p>\n<p>&nbsp;<\/p>\n<p>&nbsp;<\/p>\n<h3>Sugest\u00e3o de\u00a0 protocolos de aplica\u00e7\u00e3o, no aluguel do V-ZET<\/h3>\n<p><strong>3 SESS\u00d5ES<\/strong><\/p>\n<p><em>Intervalo: 30 dias<\/em><\/p>\n<p>&#8211; ULTRAFORMER + VZET &#8211; Flacidez<br \/>\nPode realizar no mesmo dia &#8211; + 2 sess\u00f5es vzet<\/p>\n<p>&#8211; ULTRAFORMER + VZET Redu\u00e7\u00e3o de volume face e papada:<br \/>\nPode realizar no mesmo dia + 2 sess\u00f5es vzet ponteira B<\/p>\n<h3>Ponteiras para loca\u00e7\u00e3o do V-ZET<\/h3>\n<table width=\"497\">\n<tbody>\n<tr>\n<td width=\"239\"><strong>Mode A<\/strong><\/td>\n<td width=\"258\"><strong>Mode B<\/strong><\/td>\n<\/tr>\n<tr>\n<td width=\"239\">Face magra<\/td>\n<td width=\"258\">Papada \/ pele facial espessa\/Maior volume em Face<\/td>\n<\/tr>\n<tr>\n<td width=\"239\">Pot\u00eancia mais fraca do que B<\/td>\n<td width=\"258\">Pot\u00eancia mais forte do que A<\/td>\n<\/tr>\n<\/tbody>\n<\/table>\n<p>&nbsp;<\/p>\n<p><img decoding=\"async\" class=\"aligncenter size-full wp-image-3153\" src=\"https:\/\/justlaser.com.br\/alugueldelasers\/wp-content\/uploads\/2022\/06\/ALUGUEL-LOCACAO-PONTEIRA-V-ZET.jpg\" alt=\"ALUGUEL LOCACAO PONTEIRA V-ZET\" width=\"1602\" height=\"335\" title=\"\" srcset=\"https:\/\/justlaser.com.br\/alugueldelasers\/wp-content\/uploads\/2022\/06\/ALUGUEL-LOCACAO-PONTEIRA-V-ZET-200x42.jpg 200w, https:\/\/justlaser.com.br\/alugueldelasers\/wp-content\/uploads\/2022\/06\/ALUGUEL-LOCACAO-PONTEIRA-V-ZET-300x63.jpg 300w, https:\/\/justlaser.com.br\/alugueldelasers\/wp-content\/uploads\/2022\/06\/ALUGUEL-LOCACAO-PONTEIRA-V-ZET-400x84.jpg 400w, https:\/\/justlaser.com.br\/alugueldelasers\/wp-content\/uploads\/2022\/06\/ALUGUEL-LOCACAO-PONTEIRA-V-ZET-500x105.jpg 500w, https:\/\/justlaser.com.br\/alugueldelasers\/wp-content\/uploads\/2022\/06\/ALUGUEL-LOCACAO-PONTEIRA-V-ZET-600x125.jpg 600w, https:\/\/justlaser.com.br\/alugueldelasers\/wp-content\/uploads\/2022\/06\/ALUGUEL-LOCACAO-PONTEIRA-V-ZET-700x146.jpg 700w, https:\/\/justlaser.com.br\/alugueldelasers\/wp-content\/uploads\/2022\/06\/ALUGUEL-LOCACAO-PONTEIRA-V-ZET-768x161.jpg 768w, https:\/\/justlaser.com.br\/alugueldelasers\/wp-content\/uploads\/2022\/06\/ALUGUEL-LOCACAO-PONTEIRA-V-ZET-800x167.jpg 800w, https:\/\/justlaser.com.br\/alugueldelasers\/wp-content\/uploads\/2022\/06\/ALUGUEL-LOCACAO-PONTEIRA-V-ZET-1024x214.jpg 1024w, https:\/\/justlaser.com.br\/alugueldelasers\/wp-content\/uploads\/2022\/06\/ALUGUEL-LOCACAO-PONTEIRA-V-ZET-1200x251.jpg 1200w, https:\/\/justlaser.com.br\/alugueldelasers\/wp-content\/uploads\/2022\/06\/ALUGUEL-LOCACAO-PONTEIRA-V-ZET-1536x321.jpg 1536w, https:\/\/justlaser.com.br\/alugueldelasers\/wp-content\/uploads\/2022\/06\/ALUGUEL-LOCACAO-PONTEIRA-V-ZET.jpg 1602w\" sizes=\"(max-width: 1602px) 100vw, 1602px\" \/><\/p>\n<p><b>Porque<\/b><b> a B do VZET <\/b><b>n\u00e3o<\/b> <b>reduz<\/b> <b>gordura<\/b> <b>em<\/b> <b>corpo<\/b><b>? <\/b><\/p>\n<p><b>A <\/b><b>ponteira<\/b><b> B <\/b><b>s\u00f3<\/b> <b>ir\u00e1<\/b> <b>trabalhar<\/b><b> a <\/b><b>derme<\/b> <b>em<\/b> <b>\u00e1reas<\/b> <b>corporais<\/b><b> \u2013 <\/b><b>indicado<\/b><b> para <\/b><b>flacidez<\/b><b> corporal.<\/b><\/p>\n<p>&nbsp;<\/p>\n<p><strong>No aluguel do VZET ,<\/strong><\/p>\n<p>\u203b Ajustando a intensidade apropriada com base na condi\u00e7\u00e3o da pele do indiv\u00edduo, selecione o Modo &#8216;A&#8217; ou o Modo &#8216;B&#8217; para a finalidade do tratamento.<\/p>\n<p>\u203b O tratamento com intensidade muito alta pode causar queimaduras. Ent\u00e3o realize o disparo teste antes de iniciar o tratamento.<\/p>\n<h3>Cuidados no <b>P\u00d3S USO , em casos de aluguel do VZET\u00a0<\/b><\/h3>\n<ul>\n<li>Certifique-se de manter a superf\u00edcie da handpiece limpa.<\/li>\n<li>Mantenha-o equipamento desligado. Limpe sua superf\u00edcie com um pano seco. Mantenha as pe\u00e7as usadas limpas.<\/li>\n<li>Mantenha-o longe da luz solar direta, mudan\u00e7as bruscas de temperatura ou alta temperatura e umidade.<\/li>\n<li>Certifique-se de inspecionar o dispositivo e seus acess\u00f3rios antes do uso.<\/li>\n<li>Quando voc\u00ea usar o dispositivo que n\u00e3o foi usado por um longo tempo, certifique-se de verificar se ele funciona corretamente com seguran\u00e7a.<\/li>\n<\/ul>\n<h3><b>Aqueles<\/b><b> que <\/b><b>apresentarem<\/b> <b>os<\/b> <b>seguintes<\/b> <b>sintomas<\/b> <b>n\u00e3o<\/b> <b>devem<\/b> em quem optar pelo aluguel do VZET<\/h3>\n<ul>\n<li>Press\u00e3o arterial anormal, doen\u00e7as infecciosas ou doen\u00e7as tuberculosas<\/li>\n<li>Tumores malignos ou doen\u00e7as card\u00edacas.<\/li>\n<li>Paciente em uso de ester\u00f3ides por muito tempo<\/li>\n<li>Pacientes com paralisia facial<\/li>\n<li>Mulheres gr\u00e1vidas ou amamentando<\/li>\n<li>Pacientes com doen\u00e7as infecciosas<\/li>\n<li>Pacientes com implantes corporais<\/li>\n<li>Pacientes com dermatite at\u00f3pica<\/li>\n<li>N\u00e3o use este produto em crian\u00e7as.<\/li>\n<li>Se o paciente sentir mal ou o produto causar anormalidades em sua pele durante o uso, pare de usar o produto imediatamente.<\/li>\n<li>O uso repetido na mesma \u00e1rea ou o uso incorreto pode causar danos \u00e0 pele. Se causar anormalidade na sua pele, resfrie imediatamente a \u00e1rea.<\/li>\n<\/ul>\n<p>&nbsp;<\/p>\n<p><img decoding=\"async\" class=\"aligncenter size-full wp-image-3158\" src=\"https:\/\/justlaser.com.br\/alugueldelasers\/wp-content\/uploads\/2022\/06\/vzet-locacao.jpg\" alt=\"vzet locacao\" width=\"1362\" height=\"596\" title=\"\" srcset=\"https:\/\/justlaser.com.br\/alugueldelasers\/wp-content\/uploads\/2022\/06\/vzet-locacao-200x88.jpg 200w, https:\/\/justlaser.com.br\/alugueldelasers\/wp-content\/uploads\/2022\/06\/vzet-locacao-300x131.jpg 300w, https:\/\/justlaser.com.br\/alugueldelasers\/wp-content\/uploads\/2022\/06\/vzet-locacao-400x175.jpg 400w, https:\/\/justlaser.com.br\/alugueldelasers\/wp-content\/uploads\/2022\/06\/vzet-locacao-500x219.jpg 500w, https:\/\/justlaser.com.br\/alugueldelasers\/wp-content\/uploads\/2022\/06\/vzet-locacao-600x263.jpg 600w, https:\/\/justlaser.com.br\/alugueldelasers\/wp-content\/uploads\/2022\/06\/vzet-locacao-700x306.jpg 700w, https:\/\/justlaser.com.br\/alugueldelasers\/wp-content\/uploads\/2022\/06\/vzet-locacao-768x336.jpg 768w, https:\/\/justlaser.com.br\/alugueldelasers\/wp-content\/uploads\/2022\/06\/vzet-locacao-800x350.jpg 800w, https:\/\/justlaser.com.br\/alugueldelasers\/wp-content\/uploads\/2022\/06\/vzet-locacao-1024x448.jpg 1024w, https:\/\/justlaser.com.br\/alugueldelasers\/wp-content\/uploads\/2022\/06\/vzet-locacao-1200x525.jpg 1200w, https:\/\/justlaser.com.br\/alugueldelasers\/wp-content\/uploads\/2022\/06\/vzet-locacao.jpg 1362w\" sizes=\"(max-width: 1362px) 100vw, 1362px\" \/><\/p>\n<h2>Aluguel de aparelhos de est\u00e9tica ?<\/h2>\n<p><a href=\"https:\/\/justlaser.com.br\/alugueldelasers\/aluguel-locacao-ulthera\/\"><strong>J\u00e1 pensou em aluguel ou loca\u00e7\u00e3o de Ulthera ?\u00a0<\/strong><\/a><\/p>\n<p><strong><a href=\"https:\/\/justlaser.com.br\/alugueldelasers\/aluguel-laser-lavieen\/\">Aluguel do laser\u00a0 LAVIEEN<\/a><\/strong><\/p>\n<p><strong><a href=\"https:\/\/justlaser.com.br\/alugueldelasers\/aluguel-locacao-ultraformer-iii\/\">J\u00e1 pensou em aluguel de Ultraformer ?<\/a><\/strong><\/p>\n<p><strong><a href=\"https:\/\/justlaser.com.br\/alugueldelasers\/aluguel-locacao-ultraformer-iii\/locacao-vzet\/\">Que tal loca\u00e7\u00e3o\u00a0 do VZET ?<\/a><\/strong><\/p>\n<p><a href=\"https:\/\/justlaser.com.br\/alugueldelasers\/aluguel-locacao-ultraformer-iii\/aluguel-do-vzet\"><strong>E alugar ou aluguel do VZET<\/strong><\/a><\/p>\n<h3><strong>Entre em contato pelo WhatsApp para or\u00e7amento de aluguel de Ultraformer \/ LAVIEEN\/ VZET para S\u00e3o Paulo e Brasil\u00a0<\/strong><\/h3>\n<p>&nbsp;<\/p>\n","protected":false},"excerpt":{"rendered":"<p>Aluguel do VZET J\u00e1 pensou no aluguel do VZET,\u00a0 em oferecer a\u00a0 mais nova [&hellip;]<\/p>\n","protected":false},"author":2,"featured_media":0,"parent":2499,"menu_order":0,"comment_status":"closed","ping_status":"closed","template":"","meta":{"footnotes":""},"_links":{"self":[{"href":"https:\/\/justlaser.com.br\/alugueldelasers\/wp-json\/wp\/v2\/pages\/3149"}],"collection":[{"href":"https:\/\/justlaser.com.br\/alugueldelasers\/wp-json\/wp\/v2\/pages"}],"about":[{"href":"https:\/\/justlaser.com.br\/alugueldelasers\/wp-json\/wp\/v2\/types\/page"}],"author":[{"embeddable":true,"href":"https:\/\/justlaser.com.br\/alugueldelasers\/wp-json\/wp\/v2\/users\/2"}],"replies":[{"embeddable":true,"href":"https:\/\/justlaser.com.br\/alugueldelasers\/wp-json\/wp\/v2\/comments?post=3149"}],"version-history":[{"count":0,"href":"https:\/\/justlaser.com.br\/alugueldelasers\/wp-json\/wp\/v2\/pages\/3149\/revisions"}],"up":[{"embeddable":true,"href":"https:\/\/justlaser.com.br\/alugueldelasers\/wp-json\/wp\/v2\/pages\/2499"}],"wp:attachment":[{"href":"https:\/\/justlaser.com.br\/alugueldelasers\/wp-json\/wp\/v2\/media?parent=3149"}],"curies":[{"name":"wp","href":"https:\/\/api.w.org\/{rel}","templated":true}]}}