{"id":3181,"date":"2023-06-03T18:09:37","date_gmt":"2023-06-03T21:09:37","guid":{"rendered":"https:\/\/justlaser.com.br\/alugueldelasers\/?page_id=3181"},"modified":"2023-06-04T14:43:01","modified_gmt":"2023-06-04T17:43:01","slug":"aluguel-do-liftera","status":"publish","type":"page","link":"https:\/\/justlaser.com.br\/alugueldelasers\/aluguel-locacao-ultraformer-iii\/aluguel-do-liftera\/","title":{"rendered":"Aluguel do Liftera"},"content":{"rendered":"<h1><img decoding=\"async\" class=\"aligncenter wp-image-3182 size-large\" title=\"Aluguel do Liftera\" src=\"https:\/\/justlaser.com.br\/alugueldelasers\/wp-content\/uploads\/2022\/06\/aluguel-liftera-1024x213.png\" alt=\"aluguel liftera\" width=\"1024\" height=\"213\" srcset=\"https:\/\/justlaser.com.br\/alugueldelasers\/wp-content\/uploads\/2022\/06\/aluguel-liftera-200x42.png 200w, https:\/\/justlaser.com.br\/alugueldelasers\/wp-content\/uploads\/2022\/06\/aluguel-liftera-300x62.png 300w, https:\/\/justlaser.com.br\/alugueldelasers\/wp-content\/uploads\/2022\/06\/aluguel-liftera-400x83.png 400w, https:\/\/justlaser.com.br\/alugueldelasers\/wp-content\/uploads\/2022\/06\/aluguel-liftera-500x104.png 500w, https:\/\/justlaser.com.br\/alugueldelasers\/wp-content\/uploads\/2022\/06\/aluguel-liftera-600x125.png 600w, https:\/\/justlaser.com.br\/alugueldelasers\/wp-content\/uploads\/2022\/06\/aluguel-liftera-700x146.png 700w, https:\/\/justlaser.com.br\/alugueldelasers\/wp-content\/uploads\/2022\/06\/aluguel-liftera-768x160.png 768w, https:\/\/justlaser.com.br\/alugueldelasers\/wp-content\/uploads\/2022\/06\/aluguel-liftera-800x167.png 800w, https:\/\/justlaser.com.br\/alugueldelasers\/wp-content\/uploads\/2022\/06\/aluguel-liftera-1024x213.png 1024w, https:\/\/justlaser.com.br\/alugueldelasers\/wp-content\/uploads\/2022\/06\/aluguel-liftera-1200x250.png 1200w, https:\/\/justlaser.com.br\/alugueldelasers\/wp-content\/uploads\/2022\/06\/aluguel-liftera-1536x320.png 1536w, https:\/\/justlaser.com.br\/alugueldelasers\/wp-content\/uploads\/2022\/06\/aluguel-liftera.png 1787w\" sizes=\"(max-width: 1024px) 100vw, 1024px\" \/><\/h1>\n<h1>Aluguel do Liftera<\/h1>\n<p>O aluguel do Liftera , aparelho de Ultrassom Microfocado lan\u00e7ado em 2021, n\u00e3o encontra-se dispon\u00edvel para loca\u00e7\u00e3o no Brasil.\u00a0 A informa\u00e7\u00e3o \u00e9 que o aparelho Liftera n\u00e3o sera colocado ainda no mercado de loca\u00e7\u00e3o, at\u00e9 meados de 2023 pelo menos, segundo o importador.<\/p>\n<h2>O que \u00e9 o LIFTERA , que muito m\u00e9dicos querem e buscam para Loca\u00e7\u00e3o ?<\/h2>\n<div class=\"elementor-element elementor-element-2517163 elementor-widget elementor-widget-heading\" data-id=\"2517163\" data-element_type=\"widget\" data-widget_type=\"heading.default\">\n<div class=\"elementor-widget-container\">\n<p class=\"elementor-heading-title elementor-size-default\">LIFTERA: melhora da flacidez , sem inje\u00e7\u00f5es ou cirurgia.<br \/>\nNova Tecnologia de Ultrassom Micro e Macrofocado capaz de promover o est\u00edmulo de col\u00e1geno deixando a sua pele mais firme e melhorando o contorno facial.<\/p>\n<p>Uma variante dos aparelhos de HIFU, de ultrassom microfocado, como as refer\u00eancias Ulthera,\u00a0 Ultraformer, Accutyte, ULtraCelQ , Doblo e outros (chineses ) do mercado nacional.<\/p>\n<p><iframe src=\"\/\/www.youtube.com\/embed\/hFHm-nVH46s\" width=\"560\" height=\"314\" allowfullscreen=\"allowfullscreen\"><\/iframe><\/p>\n<h2>O que \u00e9 o Liftera? Por que alguns querem fazer aluguel do Liftera<\/h2>\n<\/div>\n<\/div>\n<p><span style=\"font-size: 14pt;\">LIFTERA \u00e9 a mais nova gera\u00e7\u00e3o de ultrassom micro e macrofocado. Sua tecnologia digital faz pontos de coagula\u00e7\u00e3o na profundidade que promovem est\u00edmulo de col\u00e1geno, com melhora da flacidez da pele do rosto e tamb\u00e9m do corpo.<\/span><br \/>\n<span style=\"font-size: 14pt;\">\u00c9 um tratamento completamente personalizado. Dependendo das queixas e da estrutura facial de cada pessoa, \u00e9 poss\u00edvel escolher as ponteiras e a forma de aplica\u00e7\u00e3o mais adequada. Cada ponteira atinge uma profundidade espec\u00edfica, tratando de maneira segura v\u00e1rias camadas da pele.<\/span><br \/>\n<span style=\"font-size: 14pt;\">Uma das caracter\u00edsticas do tratamento \u00e9 n\u00e3o precisar de um per\u00edodo para recupera\u00e7\u00e3o. No p\u00f3s-procedimento, o paciente pode ter uma leve vermelhid\u00e3o na pele ou edema (incha\u00e7o) na regi\u00e3o aplicada, sintomas que desaparecem pouco tempo depois, mas pode logo ap\u00f3s realizar suas atividades normalmente.<\/span><br \/>\n<span style=\"font-size: 14pt;\"><a href=\"https:\/\/liftera.com.br\/liftera-a\/\" target=\"_blank\" rel=\"noopener\">Liftera<\/a> provoca uma contra\u00e7\u00e3o da pele imediata pelo calor, deixando os resultados inicialmente j\u00e1 vis\u00edveis, mas que melhoram ao longo dos primeiros 6 meses pela produ\u00e7\u00e3o de col\u00e1geno novo no local.<\/span><\/p>\n<h2>\u00a0Como fazer aluguel do liftera ?<\/h2>\n<p><span style=\"font-size: 14pt;\">Nossa sugest\u00e3o \u00e9 esperar a libera\u00e7\u00e3o do fabricante\/importador.<\/span><\/p>\n<p><span style=\"font-size: 14pt;\">Nesse meio tempo, julgamos pelas conversas com diversos dermatologistas quem tem os 2, Liftera e Ultraformer, ou dermatologistas que j\u00e1 tiveram Ultraformer e agora tem Liftera, que \u00e9 pouca a diferen\u00e7a.<\/span><\/p>\n<p><span style=\"font-size: 14pt;\">Pode ser que o LIFTERA d\u00f3i menos . Isso que dizem, mas alguns c\u00e9ticos n\u00e3o acham que pode ser feita correta coagula\u00e7\u00e3o da derme sem dor !<\/span><\/p>\n<blockquote><p><span style=\"font-size: 14pt;\"><strong>Enfim, nos pr\u00f3ximos anos veremos quem vai se destacar , mas por enquanto ficamos com aluguel do ULTRAFORMER e\u00a0 \u00a0<a href=\"https:\/\/justlaser.com.br\/alugueldelasers\/aluguel-locacao-accutyte\/\">aluguel\u00a0 do ACCUTYTE<\/a>,\u00a0 que por sinal, \u00e9 m HIFU muito querido pela dermatologia pelas suas ponteiras LINEARES, para emagrecimento facial e bichectomia like effect.<\/strong><\/span><\/p><\/blockquote>\n<p>___________________________________<\/p>\n<h2>Aluguel do Liftera ? Ou de aparelhos de est\u00e9tica?<\/h2>\n<p><span style=\"font-size: 14pt;\"><strong><a href=\"https:\/\/justlaser.com.br\/alugueldelasers\/aluguel-locacao-ultraformer-iii\/\">J\u00e1 pensou em aluguel de Ultraformer ?<\/a><\/strong><\/span><\/p>\n<p><span style=\"font-size: 14pt;\"><strong><a href=\"https:\/\/justlaser.com.br\/alugueldelasers\/aluguel-locacao-ultraformer-iii\/locacao-vzet\/\">Que tal loca\u00e7\u00e3o\u00a0 do VZET ?<\/a><\/strong><\/span><\/p>\n<p><span style=\"font-size: 14pt;\"><strong><a href=\"https:\/\/justlaser.com.br\/alugueldelasers\/aluguel-laser-lavieen\/\">Aluguel do laser\u00a0 LAVIEEN<\/a><\/strong><\/span><\/p>\n<p><span style=\"font-size: 14pt;\"><strong><a href=\"https:\/\/justlaser.com.br\/alugueldelasers\/aluguel-ultrassom-macro-focado-scizer\/aluguel-do-scizer\/\">Aluguel do Scizer macrofocado<\/a><\/strong><\/span><\/p>\n<p><span style=\"font-size: 14pt;\"><strong><a href=\"https:\/\/justlaser.com.br\/alugueldelasers\/aluguel-locacao-ultraformer-iii\/aluguel-do-vzet\">E alugar ou aluguel do VZET<\/a><\/strong><\/span><\/p>\n<ul id=\"menu-endolift\" class=\"menu\">\n<li id=\"menu-item-3565\" class=\"menu-item menu-item-type-post_type menu-item-object-page current-menu-item page_item page-item-3492 current_page_item menu-item-3565\"><span style=\"font-size: 14pt;\"><a href=\"https:\/\/justlaser.com.br\/alugueldelasers\/aluguel-de-endolift\/\" aria-current=\"page\">Aluguel de Endolift<\/a><\/span><\/li>\n<li id=\"menu-item-3561\" class=\"menu-item menu-item-type-post_type menu-item-object-page menu-item-has-children menu-item-3561\"><span style=\"font-size: 14pt;\"><a href=\"https:\/\/justlaser.com.br\/alugueldelasers\/locacao-do-endymed\/\">Loca\u00e7\u00e3o do Endymed<\/a><\/span><\/li>\n<li><span style=\"font-size: 14pt;\"><a href=\"https:\/\/justlaser.com.br\/alugueldelasers\/locacao-do-ultraformer-mpt\/\">Loca\u00e7\u00e3o do Ultraformer MPT<\/a><\/span><\/li>\n<li><span style=\"font-size: 14pt;\"><strong><a href=\"https:\/\/justlaser.com.br\/alugueldelasers\/aluguel-ultraformer-mpt-4\/\">Aluguel de UltraFormer MPT<\/a><\/strong><\/span><\/li>\n<\/ul>\n<h2><span style=\"color: #ff0000; font-size: 18pt;\"><strong><a title=\"Clique para WhatsApp\" href=\"https:\/\/api.whatsapp.com\/send?phone=5511940843111\" target=\"_blank\" rel=\"nofollow noopener\"><img decoding=\"async\" class=\"alignleft wp-image-3064\" title=\"Locacao Ultraformer MPT\" src=\"https:\/\/justlaser.com.br\/alugueldelasers\/wp-content\/uploads\/2022\/02\/aluguel-uthera-3.jpg\" alt=\"Locacao Ultraformer MPT\" width=\"344\" height=\"160\" srcset=\"https:\/\/justlaser.com.br\/alugueldelasers\/wp-content\/uploads\/2022\/02\/aluguel-uthera-3-200x93.jpg 200w, https:\/\/justlaser.com.br\/alugueldelasers\/wp-content\/uploads\/2022\/02\/aluguel-uthera-3-300x140.jpg 300w, https:\/\/justlaser.com.br\/alugueldelasers\/wp-content\/uploads\/2022\/02\/aluguel-uthera-3.jpg 400w\" sizes=\"(max-width: 344px) 100vw, 344px\" \/><\/a><\/strong><\/span><\/h2>\n<p><span style=\"font-size: 14pt;\"><em><strong>Se voc\u00ea procura aluguel loca\u00e7\u00e3o de aparelhos de\u00a0 Ultraformer\u00a0 MPT, SCIZER, LAVIEEN, ETHEREA&#8230;<\/strong><\/em><\/span><br \/>\n<span style=\"font-size: 14pt;\"><em><strong>ou treinamentos: entre em contato!<\/strong><\/em><\/span><\/p>\n<h3><strong>Entre em contato pelo WhatsApp para or\u00e7amento de aluguel de ULTRAFORMER \/ VZET\/ LAVIEEN\/ LIFTERA para S\u00e3o Paulo e Brasil<\/strong><\/h3>\n","protected":false},"excerpt":{"rendered":"<p>Aluguel do Liftera O aluguel do Liftera , aparelho de Ultrassom Microfocado lan\u00e7ado em [&hellip;]<\/p>\n","protected":false},"author":2,"featured_media":0,"parent":2499,"menu_order":0,"comment_status":"closed","ping_status":"closed","template":"","meta":{"footnotes":""},"_links":{"self":[{"href":"https:\/\/justlaser.com.br\/alugueldelasers\/wp-json\/wp\/v2\/pages\/3181"}],"collection":[{"href":"https:\/\/justlaser.com.br\/alugueldelasers\/wp-json\/wp\/v2\/pages"}],"about":[{"href":"https:\/\/justlaser.com.br\/alugueldelasers\/wp-json\/wp\/v2\/types\/page"}],"author":[{"embeddable":true,"href":"https:\/\/justlaser.com.br\/alugueldelasers\/wp-json\/wp\/v2\/users\/2"}],"replies":[{"embeddable":true,"href":"https:\/\/justlaser.com.br\/alugueldelasers\/wp-json\/wp\/v2\/comments?post=3181"}],"version-history":[{"count":0,"href":"https:\/\/justlaser.com.br\/alugueldelasers\/wp-json\/wp\/v2\/pages\/3181\/revisions"}],"up":[{"embeddable":true,"href":"https:\/\/justlaser.com.br\/alugueldelasers\/wp-json\/wp\/v2\/pages\/2499"}],"wp:attachment":[{"href":"https:\/\/justlaser.com.br\/alugueldelasers\/wp-json\/wp\/v2\/media?parent=3181"}],"curies":[{"name":"wp","href":"https:\/\/api.w.org\/{rel}","templated":true}]}}