{"id":3391,"date":"2023-02-18T17:35:16","date_gmt":"2023-02-18T20:35:16","guid":{"rendered":"https:\/\/justlaser.com.br\/alugueldelasers\/?page_id=3391"},"modified":"2023-02-18T17:44:17","modified_gmt":"2023-02-18T20:44:17","slug":"o-que-faz-o-ultraformer-iii","status":"publish","type":"page","link":"https:\/\/justlaser.com.br\/alugueldelasers\/aluguel-locacao-ultraformer-iii\/aluguel-de-ultraformer\/o-que-faz-o-ultraformer-iii\/","title":{"rendered":"O que faz o UltraFormer III?"},"content":{"rendered":"<h1 data-pm-slice=\"1 1 []\" data-en-clipboard=\"true\"><img decoding=\"async\" class=\"aligncenter size-large wp-image-3392\" src=\"https:\/\/justlaser.com.br\/alugueldelasers\/wp-content\/uploads\/2023\/02\/o-que-faz-ultraformer-iii-1024x640.png\" alt=\"o que faz o ultraformer\" width=\"1024\" height=\"640\" title=\"\" srcset=\"https:\/\/justlaser.com.br\/alugueldelasers\/wp-content\/uploads\/2023\/02\/o-que-faz-ultraformer-iii-200x125.png 200w, https:\/\/justlaser.com.br\/alugueldelasers\/wp-content\/uploads\/2023\/02\/o-que-faz-ultraformer-iii-300x187.png 300w, https:\/\/justlaser.com.br\/alugueldelasers\/wp-content\/uploads\/2023\/02\/o-que-faz-ultraformer-iii-400x250.png 400w, https:\/\/justlaser.com.br\/alugueldelasers\/wp-content\/uploads\/2023\/02\/o-que-faz-ultraformer-iii-500x312.png 500w, https:\/\/justlaser.com.br\/alugueldelasers\/wp-content\/uploads\/2023\/02\/o-que-faz-ultraformer-iii-600x375.png 600w, https:\/\/justlaser.com.br\/alugueldelasers\/wp-content\/uploads\/2023\/02\/o-que-faz-ultraformer-iii-700x437.png 700w, https:\/\/justlaser.com.br\/alugueldelasers\/wp-content\/uploads\/2023\/02\/o-que-faz-ultraformer-iii-768x480.png 768w, https:\/\/justlaser.com.br\/alugueldelasers\/wp-content\/uploads\/2023\/02\/o-que-faz-ultraformer-iii-800x500.png 800w, https:\/\/justlaser.com.br\/alugueldelasers\/wp-content\/uploads\/2023\/02\/o-que-faz-ultraformer-iii-1024x640.png 1024w, https:\/\/justlaser.com.br\/alugueldelasers\/wp-content\/uploads\/2023\/02\/o-que-faz-ultraformer-iii.png 1140w\" sizes=\"(max-width: 1024px) 100vw, 1024px\" \/><\/h1>\n<h1 data-pm-slice=\"1 1 []\" data-en-clipboard=\"true\">O que faz o UltraFormer III?<\/h1>\n<div data-pm-slice=\"1 1 []\" data-en-clipboard=\"true\"><\/div>\n<div data-pm-slice=\"1 1 []\" data-en-clipboard=\"true\">O <a href=\"https:\/\/classys.com\/product-line\/ultraformer\/\" target=\"_blank\" rel=\"noopener\">Ultraformer III<\/a> \u00e9 um dispositivo m\u00e9dico est\u00e9tico que utiliza tecnologia de ultrassom focalizado de alta intensidade (HIFU) para realizar procedimentos n\u00e3o invasivos de lifting facial e corporal, al\u00e9m de melhorar a apar\u00eancia de linhas finas e rugas.<\/p>\n<\/div>\n<div data-pm-slice=\"1 1 []\" data-en-clipboard=\"true\"><\/div>\n<h2 data-pm-slice=\"1 1 []\" data-en-clipboard=\"true\">Ultraformer III loca\u00e7\u00e3o ?<\/h2>\n<div data-pm-slice=\"1 1 []\" data-en-clipboard=\"true\">O HIFU, Ultraformer III,\u00a0 \u00e9 capaz de penetrar profundamente na pele para atingir camadas de tecido mais profundas, onde estimula a produ\u00e7\u00e3o de col\u00e1geno e elastina, resultando em uma pele mais firme e tonificada.<\/div>\n<div data-pm-slice=\"1 1 []\" data-en-clipboard=\"true\">O Ultraformer III pode ser utilizado em v\u00e1rias \u00e1reas do corpo, incluindo o rosto, pesco\u00e7o, bra\u00e7os, abd\u00f4men, coxas e n\u00e1degas. Os resultados podem ser vistos imediatamente ap\u00f3s o tratamento, com melhorias cont\u00ednuas ao longo do tempo em pontos espec\u00edficos abaixo da superf\u00edcie da pele. Isso gera calor nos tecidos, estimulando as c\u00e9lulas a produzirem mais col\u00e1geno e elastina, que s\u00e3o importantes para manter a pele firme e el\u00e1stica.<\/div>\n<div data-pm-slice=\"1 1 []\" data-en-clipboard=\"true\">O aparelho emite ondas sonoras de alta frequ\u00eancia e alta intensidade que s\u00e3o focalizadas em pontos espec\u00edficos abaixo da superf\u00edcie da pele. Isso gera calor nos tecidos, estimulando as c\u00e9lulas a produzirem mais col\u00e1geno e elastina, que s\u00e3o importantes para manter a pele firme e el\u00e1stica.<\/div>\n<div data-pm-slice=\"1 1 []\" data-en-clipboard=\"true\">\n<hr \/>\n<\/div>\n<div data-pm-slice=\"1 1 []\" data-en-clipboard=\"true\">\n<p>A energia do ultrassom \u00e9 entregue em tr\u00eas n\u00edveis de profundidade diferentes na pele, o que permite tratar a pele em camadas mais profundas e superficiais, de acordo com as necessidades do paciente.<\/p>\n<p>O procedimento \u00e9 n\u00e3o invasivo, o que significa que n\u00e3o h\u00e1 cortes na pele, e \u00e9 relativamente r\u00e1pido e indolor. Os pacientes podem sentir uma sensa\u00e7\u00e3o de calor ou formigamento durante o procedimento, mas geralmente n\u00e3o h\u00e1 dor ou desconforto significativo.<\/p>\n<p>Os resultados podem ser vistos imediatamente ap\u00f3s o tratamento e melhoram gradualmente ao longo do tempo, \u00e0 medida que a produ\u00e7\u00e3o de col\u00e1geno e elastina \u00e9 estimulada.<\/p>\n<\/div>\n","protected":false},"excerpt":{"rendered":"<p>O que faz o UltraFormer III? O Ultraformer III \u00e9 um dispositivo m\u00e9dico est\u00e9tico [&hellip;]<\/p>\n","protected":false},"author":2,"featured_media":0,"parent":3026,"menu_order":0,"comment_status":"closed","ping_status":"closed","template":"","meta":{"footnotes":""},"_links":{"self":[{"href":"https:\/\/justlaser.com.br\/alugueldelasers\/wp-json\/wp\/v2\/pages\/3391"}],"collection":[{"href":"https:\/\/justlaser.com.br\/alugueldelasers\/wp-json\/wp\/v2\/pages"}],"about":[{"href":"https:\/\/justlaser.com.br\/alugueldelasers\/wp-json\/wp\/v2\/types\/page"}],"author":[{"embeddable":true,"href":"https:\/\/justlaser.com.br\/alugueldelasers\/wp-json\/wp\/v2\/users\/2"}],"replies":[{"embeddable":true,"href":"https:\/\/justlaser.com.br\/alugueldelasers\/wp-json\/wp\/v2\/comments?post=3391"}],"version-history":[{"count":0,"href":"https:\/\/justlaser.com.br\/alugueldelasers\/wp-json\/wp\/v2\/pages\/3391\/revisions"}],"up":[{"embeddable":true,"href":"https:\/\/justlaser.com.br\/alugueldelasers\/wp-json\/wp\/v2\/pages\/3026"}],"wp:attachment":[{"href":"https:\/\/justlaser.com.br\/alugueldelasers\/wp-json\/wp\/v2\/media?parent=3391"}],"curies":[{"name":"wp","href":"https:\/\/api.w.org\/{rel}","templated":true}]}}