{"id":3396,"date":"2023-02-18T17:59:39","date_gmt":"2023-02-18T20:59:39","guid":{"rendered":"https:\/\/justlaser.com.br\/alugueldelasers\/?page_id=3396"},"modified":"2024-01-04T17:32:37","modified_gmt":"2024-01-04T20:32:37","slug":"qual-a-diferenca-entre-o-ultraformer-iii-e-ultraformer-mpt","status":"publish","type":"page","link":"https:\/\/justlaser.com.br\/alugueldelasers\/qual-a-diferenca-entre-o-ultraformer-iii-e-ultraformer-mpt\/","title":{"rendered":"Qual a diferen\u00e7a entre o UltraFormer III e UltraFormer MPT ?"},"content":{"rendered":"<p><img decoding=\"async\" class=\"aligncenter wp-image-3397 size-large\" title=\"Qual a diferen\u00e7a entre o UltraFormer III e UltraFormer MPT ?\" src=\"https:\/\/justlaser.com.br\/alugueldelasers\/wp-content\/uploads\/2023\/02\/ultraformer-mpt-4-1024x277.png\" alt=\"Qual a diferen\u00e7a entre o UltraFormer III e UltraFormer MPT ?\" width=\"1024\" height=\"277\" srcset=\"https:\/\/justlaser.com.br\/alugueldelasers\/wp-content\/uploads\/2023\/02\/ultraformer-mpt-4-200x54.png 200w, https:\/\/justlaser.com.br\/alugueldelasers\/wp-content\/uploads\/2023\/02\/ultraformer-mpt-4-300x81.png 300w, https:\/\/justlaser.com.br\/alugueldelasers\/wp-content\/uploads\/2023\/02\/ultraformer-mpt-4-400x108.png 400w, https:\/\/justlaser.com.br\/alugueldelasers\/wp-content\/uploads\/2023\/02\/ultraformer-mpt-4-500x135.png 500w, https:\/\/justlaser.com.br\/alugueldelasers\/wp-content\/uploads\/2023\/02\/ultraformer-mpt-4-600x162.png 600w, https:\/\/justlaser.com.br\/alugueldelasers\/wp-content\/uploads\/2023\/02\/ultraformer-mpt-4-700x189.png 700w, https:\/\/justlaser.com.br\/alugueldelasers\/wp-content\/uploads\/2023\/02\/ultraformer-mpt-4-768x208.png 768w, https:\/\/justlaser.com.br\/alugueldelasers\/wp-content\/uploads\/2023\/02\/ultraformer-mpt-4-800x217.png 800w, https:\/\/justlaser.com.br\/alugueldelasers\/wp-content\/uploads\/2023\/02\/ultraformer-mpt-4-1024x277.png 1024w, https:\/\/justlaser.com.br\/alugueldelasers\/wp-content\/uploads\/2023\/02\/ultraformer-mpt-4-1200x325.png 1200w, https:\/\/justlaser.com.br\/alugueldelasers\/wp-content\/uploads\/2023\/02\/ultraformer-mpt-4-1536x416.png 1536w, https:\/\/justlaser.com.br\/alugueldelasers\/wp-content\/uploads\/2023\/02\/ultraformer-mpt-4.png 1888w\" sizes=\"(max-width: 1024px) 100vw, 1024px\" \/><\/p>\n<h1>Qual a diferen\u00e7a entre o UltraFormer III e UltraFormer MPT ?<\/h1>\n<p><span style=\"font-size: 14pt;\">Quer saber qual a diferen\u00e7a entre o UltraFormer III e UltraFormer MPT ? S\u00e3o muiiiiitas!<\/span><\/p>\n<p><span style=\"font-size: 14pt;\">Tanto o <strong>Ultraformer III<\/strong> quanto o <strong>Ultraformer MPT<\/strong> s\u00e3o dispositivos m\u00e9dicos est\u00e9ticos que utilizam a tecnologia de ultrassom focalizado de alta intensidade (HIFU) para realizar procedimentos n\u00e3o invasivos de lifting facial e corporal.<\/span><\/p>\n<p><span style=\"font-size: 14pt;\">No entanto, h\u00e1 algumas diferen\u00e7as entre os dois dispositivos.<\/span><\/p>\n<p><span style=\"font-size: 14pt;\">O <strong>Ultraformer III<\/strong> \u00e9 projetado para fornecer um tratamento mais focado e preciso, com a capacidade de atingir camadas mais profundas da pele. Ele \u00e9 usado principalmente para o tratamento de \u00e1reas menores do corpo, como o rosto e o pesco\u00e7o.<\/span><\/p>\n<p><span style=\"font-size: 14pt;\">J\u00e1 o <strong>Ultraformer MPT<\/strong> \u00e9 projetado para usar as mesmas ponteiras do Ultraformer III , e outras utilizando tecnologias completamente diferente de entrega de energia.<\/span><\/p>\n<p><span style=\"font-size: 14pt;\">Em resumo, enquanto o Ultraformer III \u00e9 mais preciso e focado em \u00e1reas menores, o Ultraformer MPT \u00e9 mais eficiente para o tratamento de \u00e1reas maiores e inclui um tratamento de aquecimento superficial adicional. Ambos os dispositivos s\u00e3o projetados para fornecer resultados n\u00e3o invasivos e de longa dura\u00e7\u00e3o com pouco ou nenhum tempo de inatividade.<\/span><\/p>\n<h2><strong><span style=\"font-size: 14pt;\">VEJA ESSE V\u00cdDEO COMPLETO COM AS REAIS DIFERENCAS ENTRE O<br \/>\n<em>ULTRAFORMER III E O ULTRAFORMER MPT<\/em><\/span><\/strong><\/h2>\n<p><iframe src=\"\/\/www.youtube.com\/embed\/wXNgIq3hZ68\" width=\"560\" height=\"314\" allowfullscreen=\"allowfullscreen\"><\/iframe><\/p>\n<h2>Qual a diferen\u00e7a entre o UltraFormer III e UltraFormer MPT ?<\/h2>\n<p><span style=\"font-size: 14pt;\">O Ultraformer III e o <a href=\"https:\/\/ultraformermpt.com\/\" target=\"_blank\" rel=\"noopener\"><strong>Ultraformer MPT<\/strong><\/a> s\u00e3o dispositivos m\u00e9dicos est\u00e9ticos que utilizam tecnologia de ultrassom focalizado de alta intensidade (HIFU) para realizar procedimentos n\u00e3o invasivos de lifting facial e corporal. No entanto, existem algumas diferen\u00e7as entre os dois dispositivos:<\/span><\/p>\n<ol>\n<li><span style=\"font-size: 14pt;\">Tecnologia: O Ultraformer III utiliza tecnologia de HIFU padr\u00e3o, enquanto o Ultraformer MPT utiliza HIFU e MPT \u00a0em uma \u00fanica sess\u00e3o de tratamento.<\/span><\/li>\n<li><span style=\"font-size: 14pt;\">Resultados: Ambos os dispositivos proporcionam resultados de lifting facial e corporal n\u00e3o invasivos, mas a combina\u00e7\u00e3o de HIFU e \u00a0MPT do Ultraformer MPT pode oferecer resultados mais intensos e duradouros.<\/span><\/li>\n<\/ol>\n<blockquote>\n<h3><strong>Ultraformer MPT\u00a0 = Micro-Pulsed Technology<\/strong><\/h3>\n<\/blockquote>\n<p><span style=\"font-size: 14pt;\">Em resumo, embora ambos sejam dispositivos de HIFU para lifting, o Ultraformer MPT oferece mais profundidade e versatilidade em \u00e1reas de tratamento, enquanto o Ultraformer III \u00e9 ideal para \u00e1reas menores e delicadas do corpo.<\/span><\/p>\n<p><span style=\"font-size: 14pt;\"><a href=\"https:\/\/clinicawulkan.com.br\/aplicacao-de-ultraformer\/quanto-custa-o-tratamento-com-ultraformer-mpt\" target=\"_blank\" rel=\"noopener\">Quer saber quanto custa a aplica\u00e7ao do Ultraformer MPT ?<\/a>\u00a0 Em m\u00e9dia varia no Brasil de 3.000 a 15.000 reais, por pesquisa em junho de 2023 nas principais cl\u00ednicas do pa\u00eds<\/span><\/p>\n<p>&nbsp;<\/p>\n<ul class=\"mpt-fadeUp-sequence\">\n<li>\n<figure><img decoding=\"async\" class=\"alignnone wp-image-1362 size-full\" title=\"Qual a diferen\u00e7a entre o UltraFormer III e UltraFormer MPT ?\" src=\"https:\/\/ultraformermpt.com\/wp-content\/uploads\/2022\/08\/img_web_ufmpt_icon_multi_select_mmfu_v1_002_72dpi.svg\" alt=\"Qual a diferen\u00e7a entre o UltraFormer III e UltraFormer MPT ?\" width=\"68\" height=\"69\" \/><figcaption><strong>Multi select MMFU X 4<br \/>\n<\/strong>Normal, Micro Pulse, Circular, Micro circular<\/figcaption><\/figure>\n<\/li>\n<li>\n<figure><img decoding=\"async\" class=\"alignnone size-full wp-image-1360\" src=\"https:\/\/ultraformermpt.com\/wp-content\/uploads\/2022\/08\/img_web_ufmpt_icon_ultra_booster_handpiece_v1_002_72dpi.svg\" alt=\"\" width=\"74\" height=\"69\" title=\"\"><figcaption><strong>Ultra Booster Handpiece<br \/>\n<\/strong>Transducer with optimal minimization<\/figcaption><\/figure>\n<\/li>\n<li>\n<figure><img decoding=\"async\" class=\"alignnone size-full wp-image-1361\" src=\"https:\/\/ultraformermpt.com\/wp-content\/uploads\/2022\/08\/img_web_ufmpt_icon_infinite_expandables_v1_002_72dpi.svg\" alt=\"\" width=\"80\" height=\"72\" title=\"\"><figcaption><strong>Infinite Expendables<br \/>\n<\/strong>Infinite Expendables with 3 handpieces &amp; 10 interchangebale cartridges<\/figcaption><\/figure>\n<\/li>\n<li>\n<figure><img decoding=\"async\" class=\"alignnone size-full wp-image-1359\" src=\"https:\/\/ultraformermpt.com\/wp-content\/uploads\/2022\/08\/img_web_ufmpt_icon_reduced_treatment_time_v1_002_72dpi.svg\" alt=\"\" width=\"68\" height=\"68\" title=\"\"><figcaption><strong>Reduced Treatment Time<br \/>\n<\/strong>More than 2.5x faster transducers Eliminating transducer return time<\/figcaption><\/figure>\n<\/li>\n<\/ul>\n<blockquote><p><span style=\"font-size: 14pt;\"><strong><em>Em 2023,\u00a0 o registro do Ultraformer MPT\u00a0 consta na ANVISA como equipamento de uso m\u00e9dico, diferente dos demais aparelhos de Ultrassom microfocado.<\/em><\/strong><\/span><\/p><\/blockquote>\n<p>&nbsp;<\/p>\n<div style=\"width: 554px;\" class=\"wp-video\"><!--[if lt IE 9]><script>document.createElement('video');<\/script><![endif]-->\n<video class=\"wp-video-shortcode\" id=\"video-3396-1\" width=\"554\" height=\"554\" preload=\"metadata\" controls=\"controls\"><source type=\"video\/mp4\" src=\"https:\/\/justlaser.com.br\/alugueldelasers\/wp-content\/uploads\/2023\/02\/como-funciona-o-ultraformer-MPT-locacao.mp4?_=1\" \/><a href=\"https:\/\/justlaser.com.br\/alugueldelasers\/wp-content\/uploads\/2023\/02\/como-funciona-o-ultraformer-MPT-locacao.mp4\">https:\/\/justlaser.com.br\/alugueldelasers\/wp-content\/uploads\/2023\/02\/como-funciona-o-ultraformer-MPT-locacao.mp4<\/a><\/video><\/div>\n<p>&nbsp;<\/p>\n<p><span style=\"font-size: 14pt;\"><strong>Abaixo links de p\u00e1ginas no site\u00a0 para mais informa\u00e7\u00f5es:<\/strong><\/span><\/p>\n<p><span style=\"font-size: 14pt;\"><a href=\"https:\/\/justlaser.com.br\/alugueldelasers\/aluguel-de-aparelho-de-campo-eletromagnetico\/aluguel-locacao-cm-slim-cmslim\/\">Aluguel loca\u00e7\u00e3o CMSLIM\u00a0<\/a><\/span><\/p>\n<p><span style=\"font-size: 14pt;\"><a href=\"https:\/\/justlaser.com.br\/alugueldelasers\/aluguel-ultrassom-macro-focado-scizer\/aluguel-do-scizer\/\">Aluguel do Scizer\u00a0<\/a><\/span><\/p>\n<p><span style=\"font-size: 14pt;\"><a href=\"https:\/\/justlaser.com.br\/alugueldelasers\/aluguel-ultrassom-macro-focado-scizer\/locacao-scizer\">Loca\u00e7\u00e3o do Scizer pelo Brasil\u00a0<\/a><\/span><\/p>\n<p><span style=\"font-size: 14pt;\"><strong><a href=\"https:\/\/justlaser.com.br\/alugueldelasers\/aluguel-ultraformer-mpt-4\/\">Aluguel de UltraFormer MPT <\/a><\/strong><\/span><\/p>\n<p><span style=\"font-size: 14pt;\"><a href=\"https:\/\/justlaser.com.br\/alugueldelasers\/aluguel-inkie-laser\"><strong>Aluguel Inkie Laser<\/strong><\/a><\/span><\/p>\n<p><span style=\"font-size: 14pt;\"><a href=\"https:\/\/justlaser.com.br\/alugueldelasers\/aluguel-laser-lavieen\/\"><strong>Aluguel Laser Lavieen<\/strong><\/a><\/span><\/p>\n<ul id=\"menu-endolift\" class=\"menu\">\n<li id=\"menu-item-3563\" class=\"menu-item menu-item-type-post_type menu-item-object-page menu-item-3563\" style=\"text-align: left;\"><span style=\"font-size: 14pt;\"><a href=\"https:\/\/justlaser.com.br\/alugueldelasers\/locacao-de-laser-para-endolift\/\">Loca\u00e7\u00e3o de laser para Endolift<\/a><\/span><\/li>\n<li id=\"menu-item-3564\" class=\"menu-item menu-item-type-post_type menu-item-object-page menu-item-3564\" style=\"text-align: left;\"><span style=\"font-size: 14pt;\"><a href=\"https:\/\/justlaser.com.br\/alugueldelasers\/locacao-de-laser-para-endolift\/aluguel-do-delight-endolift\/\">Aluguel do Delight Endolift<\/a><\/span><\/li>\n<li id=\"menu-item-3565\" class=\"menu-item menu-item-type-post_type menu-item-object-page current-menu-item page_item page-item-3492 current_page_item menu-item-3565\" style=\"text-align: left;\"><span style=\"font-size: 14pt;\"><a href=\"https:\/\/justlaser.com.br\/alugueldelasers\/aluguel-de-endolift\/\" aria-current=\"page\">Aluguel de Endolift<\/a><\/span><\/li>\n<li id=\"menu-item-3561\" class=\"menu-item menu-item-type-post_type menu-item-object-page menu-item-has-children menu-item-3561\" style=\"text-align: left;\"><span style=\"font-size: 14pt;\"><a href=\"https:\/\/justlaser.com.br\/alugueldelasers\/locacao-do-endymed\/\">Loca\u00e7\u00e3o do Endymed<\/a><\/span>\n<ul class=\"sub-menu\">\n<li id=\"menu-item-3562\" class=\"menu-item menu-item-type-post_type menu-item-object-page menu-item-3562\"><span style=\"font-size: 14pt;\"><a href=\"https:\/\/justlaser.com.br\/alugueldelasers\/aluguel-do-endymed\/\">Aluguel do ENDYMED<\/a><\/span><\/li>\n<\/ul>\n<\/li>\n<\/ul>\n<h2><span style=\"color: #ff0000; font-size: 18pt;\"><strong><a title=\"Clique para WhatsApp\" href=\"https:\/\/api.whatsapp.com\/send?phone=5511940843111\" target=\"_blank\" rel=\"nofollow noopener\"><img decoding=\"async\" class=\"wp-image-3064 alignleft\" title=\"Aluguel Ultraformer III\" src=\"https:\/\/justlaser.com.br\/alugueldelasers\/wp-content\/uploads\/2022\/02\/aluguel-uthera-3.jpg\" alt=\"Aluguel Ultraformer III\" width=\"344\" height=\"160\" srcset=\"https:\/\/justlaser.com.br\/alugueldelasers\/wp-content\/uploads\/2022\/02\/aluguel-uthera-3-200x93.jpg 200w, https:\/\/justlaser.com.br\/alugueldelasers\/wp-content\/uploads\/2022\/02\/aluguel-uthera-3-300x140.jpg 300w, https:\/\/justlaser.com.br\/alugueldelasers\/wp-content\/uploads\/2022\/02\/aluguel-uthera-3.jpg 400w\" sizes=\"(max-width: 344px) 100vw, 344px\" \/><\/a><\/strong><\/span><\/h2>\n<p><span style=\"font-size: 14pt;\"><em><strong>Se voc\u00ea procura aluguel loca\u00e7\u00e3o de aparelhos de\u00a0 Ultraformer 4 MPT ,SCIZER, LAVIEEN, ETHEREA<\/strong><\/em><\/span><br \/>\n<span style=\"font-size: 14pt;\"><em><strong>ou treinamentos : entre em contato<\/strong><\/em><\/span><\/p>\n<p>&nbsp;<\/p>\n","protected":false},"excerpt":{"rendered":"<p>Qual a diferen\u00e7a entre o UltraFormer III e UltraFormer MPT ? Quer saber qual [&hellip;]<\/p>\n","protected":false},"author":2,"featured_media":0,"parent":0,"menu_order":0,"comment_status":"closed","ping_status":"closed","template":"","meta":{"footnotes":""},"_links":{"self":[{"href":"https:\/\/justlaser.com.br\/alugueldelasers\/wp-json\/wp\/v2\/pages\/3396"}],"collection":[{"href":"https:\/\/justlaser.com.br\/alugueldelasers\/wp-json\/wp\/v2\/pages"}],"about":[{"href":"https:\/\/justlaser.com.br\/alugueldelasers\/wp-json\/wp\/v2\/types\/page"}],"author":[{"embeddable":true,"href":"https:\/\/justlaser.com.br\/alugueldelasers\/wp-json\/wp\/v2\/users\/2"}],"replies":[{"embeddable":true,"href":"https:\/\/justlaser.com.br\/alugueldelasers\/wp-json\/wp\/v2\/comments?post=3396"}],"version-history":[{"count":0,"href":"https:\/\/justlaser.com.br\/alugueldelasers\/wp-json\/wp\/v2\/pages\/3396\/revisions"}],"wp:attachment":[{"href":"https:\/\/justlaser.com.br\/alugueldelasers\/wp-json\/wp\/v2\/media?parent=3396"}],"curies":[{"name":"wp","href":"https:\/\/api.w.org\/{rel}","templated":true}]}}