{"id":3400,"date":"2023-05-18T18:05:19","date_gmt":"2023-05-18T21:05:19","guid":{"rendered":"https:\/\/justlaser.com.br\/alugueldelasers\/?page_id=3400"},"modified":"2023-06-04T14:34:02","modified_gmt":"2023-06-04T17:34:02","slug":"vantagens-do-ultraformer-mpt","status":"publish","type":"page","link":"https:\/\/justlaser.com.br\/alugueldelasers\/aluguel-locacao-ultraformer-iii\/aluguel-ultraformer-mpt-4\/vantagens-do-ultraformer-mpt\/","title":{"rendered":"Vantagens do Ultraformer MPT ?"},"content":{"rendered":"<h1><img decoding=\"async\" class=\"aligncenter wp-image-3403 size-large\" title=\"vantagens ultraformer mpt \" src=\"https:\/\/justlaser.com.br\/alugueldelasers\/wp-content\/uploads\/2023\/02\/vantagens-aluguel-ultraformer-mpt-4-1024x277.png\" alt=\"vantagens ultraformer mpt \" width=\"1024\" height=\"277\" srcset=\"https:\/\/justlaser.com.br\/alugueldelasers\/wp-content\/uploads\/2023\/02\/vantagens-aluguel-ultraformer-mpt-4-200x54.png 200w, https:\/\/justlaser.com.br\/alugueldelasers\/wp-content\/uploads\/2023\/02\/vantagens-aluguel-ultraformer-mpt-4-300x81.png 300w, https:\/\/justlaser.com.br\/alugueldelasers\/wp-content\/uploads\/2023\/02\/vantagens-aluguel-ultraformer-mpt-4-400x108.png 400w, https:\/\/justlaser.com.br\/alugueldelasers\/wp-content\/uploads\/2023\/02\/vantagens-aluguel-ultraformer-mpt-4-500x135.png 500w, https:\/\/justlaser.com.br\/alugueldelasers\/wp-content\/uploads\/2023\/02\/vantagens-aluguel-ultraformer-mpt-4-600x162.png 600w, https:\/\/justlaser.com.br\/alugueldelasers\/wp-content\/uploads\/2023\/02\/vantagens-aluguel-ultraformer-mpt-4-700x189.png 700w, https:\/\/justlaser.com.br\/alugueldelasers\/wp-content\/uploads\/2023\/02\/vantagens-aluguel-ultraformer-mpt-4-768x208.png 768w, https:\/\/justlaser.com.br\/alugueldelasers\/wp-content\/uploads\/2023\/02\/vantagens-aluguel-ultraformer-mpt-4-800x217.png 800w, https:\/\/justlaser.com.br\/alugueldelasers\/wp-content\/uploads\/2023\/02\/vantagens-aluguel-ultraformer-mpt-4-1024x277.png 1024w, https:\/\/justlaser.com.br\/alugueldelasers\/wp-content\/uploads\/2023\/02\/vantagens-aluguel-ultraformer-mpt-4-1200x325.png 1200w, https:\/\/justlaser.com.br\/alugueldelasers\/wp-content\/uploads\/2023\/02\/vantagens-aluguel-ultraformer-mpt-4-1536x416.png 1536w, https:\/\/justlaser.com.br\/alugueldelasers\/wp-content\/uploads\/2023\/02\/vantagens-aluguel-ultraformer-mpt-4.png 1888w\" sizes=\"(max-width: 1024px) 100vw, 1024px\" \/><\/h1>\n<h1>Vantagens do Ultraformer MPT?<\/h1>\n<p><span style=\"font-size: 14pt;\"><em><strong>Quais as reais vantagens do Ultraformer MPT ?<br \/>\nE os benef\u00edcios para a Pr\u00e1tica cl\u00ednica do uso do Ultraformer MPT , Ultraformer 4.\u00a0<\/strong><\/em><\/span><\/p>\n<p><span style=\"font-size: 14pt;\">Cartuchos de profundidade de ultrassom com foco micro e macro (MMFU) para resultados m\u00e1ximos<\/span><br \/>\n<span style=\"font-size: 14pt;\">Satisfa\u00e7\u00e3o garantida do paciente e do m\u00e9dico<\/span><br \/>\n<span style=\"font-size: 14pt;\">O cartucho de profundidade MF2 visa as regi\u00f5es estreitas e sens\u00edveis do rosto com velocidades de tiro mais r\u00e1pidas e um transdutor mais fino<\/span><br \/>\n<span style=\"font-size: 14pt;\">Alternativa segura e eficaz ao Botox ou cirurgia invasiva<\/span><br \/>\n<span style=\"font-size: 14pt;\">Complementa outros tratamentos est\u00e9ticos oferecidos<\/span><br \/>\n<span style=\"font-size: 14pt;\">ROI altamente lucrativo<\/span><\/p>\n<h2>Caracter\u00edsticas do tratamento com Ultraformer MPT<\/h2>\n<ol>\n<li class=\"tw-data-text tw-text-large tw-ta\" dir=\"ltr\" data-placeholder=\"Tradu\u00e7\u00e3o\"><span class=\"Y2IQFc\" lang=\"pt\" style=\"font-size: 14pt;\"><a href=\"https:\/\/ultraformermpt.com\/for-physicians\/#technology\" target=\"_blank\" rel=\"noopener\">TRATAMENTO ULTRAFORMER MPT<\/a> <\/span><\/li>\n<li class=\"tw-data-text tw-text-large tw-ta\" dir=\"ltr\" data-placeholder=\"Tradu\u00e7\u00e3o\"><span class=\"Y2IQFc\" lang=\"pt\" style=\"font-size: 14pt;\"><span style=\"font-family: georgia, palatino, serif;\">Procedimento n\u00e3o invasivo<\/span><\/span><\/li>\n<li class=\"tw-data-text tw-text-large tw-ta\" dir=\"ltr\" data-placeholder=\"Tradu\u00e7\u00e3o\"><span class=\"Y2IQFc\" lang=\"pt\" style=\"font-size: 14pt;\"><span style=\"font-family: georgia, palatino, serif;\">Resultados naturais e graduais <\/span><\/span><\/li>\n<li class=\"tw-data-text tw-text-large tw-ta\" dir=\"ltr\" data-placeholder=\"Tradu\u00e7\u00e3o\"><span class=\"Y2IQFc\" lang=\"pt\" style=\"font-size: 14pt;\"><span style=\"font-family: georgia, palatino, serif;\">Procedimentos de 15 a 25 minutos <\/span><\/span><\/li>\n<li class=\"tw-data-text tw-text-large tw-ta\" dir=\"ltr\" data-placeholder=\"Tradu\u00e7\u00e3o\"><span class=\"Y2IQFc\" lang=\"pt\" style=\"font-size: 14pt;\"><span style=\"font-family: georgia, palatino, serif;\">N\u00e3o \u00e9 necess\u00e1rio tempo de inatividade <\/span><\/span><\/li>\n<li class=\"tw-data-text tw-text-large tw-ta\" dir=\"ltr\" data-placeholder=\"Tradu\u00e7\u00e3o\"><span class=\"Y2IQFc\" lang=\"pt\" style=\"font-size: 14pt;\"><span style=\"font-family: georgia, palatino, serif;\">Sem necessidade de anestesia<\/span><\/span><\/li>\n<li class=\"tw-data-text tw-text-large tw-ta\" dir=\"ltr\" data-placeholder=\"Tradu\u00e7\u00e3o\"><span class=\"Y2IQFc\" lang=\"pt\" style=\"font-size: 14pt;\"><span style=\"font-family: georgia, palatino, serif;\">Sem requisitos de prepara\u00e7\u00e3o pr\u00e9via <\/span><\/span><\/li>\n<li class=\"tw-data-text tw-text-large tw-ta\" dir=\"ltr\" data-placeholder=\"Tradu\u00e7\u00e3o\"><span class=\"Y2IQFc\" lang=\"pt\" style=\"font-size: 14pt;\"><span style=\"font-family: georgia, palatino, serif;\">N\u00e3o h\u00e1 quase cuidados no p\u00f3s-procedimento <\/span><\/span><\/li>\n<li class=\"tw-data-text tw-text-large tw-ta\" dir=\"ltr\" data-placeholder=\"Tradu\u00e7\u00e3o\"><span class=\"Y2IQFc\" lang=\"pt\" style=\"font-size: 14pt;\"><span style=\"font-family: georgia, palatino, serif;\">Eventos adversos m\u00ednimos<\/span><\/span><\/li>\n<li class=\"tw-data-text tw-text-large tw-ta\" dir=\"ltr\" data-placeholder=\"Tradu\u00e7\u00e3o\"><span class=\"Y2IQFc\" lang=\"pt\" style=\"font-size: 14pt;\"><span style=\"font-family: georgia, palatino, serif;\">Necessidades m\u00ednimas para receber tratamento <\/span><\/span><\/li>\n<\/ol>\n<div style=\"width: 554px;\" class=\"wp-video\"><!--[if lt IE 9]><script>document.createElement('video');<\/script><![endif]-->\n<video class=\"wp-video-shortcode\" id=\"video-3400-1\" width=\"554\" height=\"554\" preload=\"metadata\" controls=\"controls\"><source type=\"video\/mp4\" src=\"https:\/\/justlaser.com.br\/alugueldelasers\/wp-content\/uploads\/2023\/02\/como-funciona-o-ultraformer-MPT-ponteira.mp4?_=1\" \/><a href=\"https:\/\/justlaser.com.br\/alugueldelasers\/wp-content\/uploads\/2023\/02\/como-funciona-o-ultraformer-MPT-ponteira.mp4\">https:\/\/justlaser.com.br\/alugueldelasers\/wp-content\/uploads\/2023\/02\/como-funciona-o-ultraformer-MPT-ponteira.mp4<\/a><\/video><\/div>\n<pre id=\"tw-target-text\" class=\"tw-data-text tw-text-large tw-ta\" dir=\"ltr\" data-placeholder=\"Tradu\u00e7\u00e3o\"><span class=\"Y2IQFc\" lang=\"pt\">\u00a0<\/span><\/pre>\n<p>&nbsp;<\/p>\n<div style=\"width: 554px;\" class=\"wp-video\"><video class=\"wp-video-shortcode\" id=\"video-3400-2\" width=\"554\" height=\"554\" preload=\"metadata\" controls=\"controls\"><source type=\"video\/mp4\" src=\"https:\/\/justlaser.com.br\/alugueldelasers\/wp-content\/uploads\/2023\/02\/como-funciona-o-ultraformer-MPT-locacao.mp4?_=2\" \/><a href=\"https:\/\/justlaser.com.br\/alugueldelasers\/wp-content\/uploads\/2023\/02\/como-funciona-o-ultraformer-MPT-locacao.mp4\">https:\/\/justlaser.com.br\/alugueldelasers\/wp-content\/uploads\/2023\/02\/como-funciona-o-ultraformer-MPT-locacao.mp4<\/a><\/video><\/div>\n<p>&nbsp;<\/p>\n<p><span style=\"font-size: 14pt;\"><strong>Abaixo links de p\u00e1ginas no site\u00a0 para mais informa\u00e7\u00f5es:<\/strong><\/span><\/p>\n<p><span style=\"font-size: 14pt;\"><a href=\"https:\/\/justlaser.com.br\/alugueldelasers\/aluguel-de-aparelho-de-campo-eletromagnetico\/aluguel-locacao-cm-slim-cmslim\/\">Aluguel loca\u00e7\u00e3o CMSLIM\u00a0<\/a><\/span><\/p>\n<p><span style=\"font-size: 14pt;\"><a href=\"https:\/\/justlaser.com.br\/alugueldelasers\/aluguel-ultrassom-macro-focado-scizer\/aluguel-do-scizer\/\">Aluguel do Scizer\u00a0<\/a><\/span><\/p>\n<p><span style=\"font-size: 14pt;\"><a href=\"https:\/\/justlaser.com.br\/alugueldelasers\/aluguel-ultrassom-macro-focado-scizer\/locacao-scizer\">Loca\u00e7\u00e3o do Scizer pelo Brasil\u00a0<\/a><\/span><\/p>\n<p><span style=\"font-size: 14pt;\"><strong><a href=\"https:\/\/justlaser.com.br\/alugueldelasers\/aluguel-ultraformer-mpt-4\/\">Aluguel de UltraFormer MPT<\/a><\/strong><\/span><\/p>\n<ul>\n<li><span style=\"font-size: 14pt;\"><a href=\"https:\/\/justlaser.com.br\/alugueldelasers\/locacao-do-ultraformer-mpt\/\">Loca\u00e7\u00e3o do Ultraformer MPT<\/a><\/span><\/li>\n<\/ul>\n<p><span style=\"font-size: 14pt;\"><a href=\"https:\/\/justlaser.com.br\/alugueldelasers\/aluguel-inkie-laser\"><strong>Aluguel Inkie Laser<\/strong><\/a><\/span><\/p>\n<p><span style=\"font-size: 14pt;\"><a href=\"https:\/\/justlaser.com.br\/alugueldelasers\/aluguel-laser-lavieen\/\"><strong>Aluguel Laser Lavieen<\/strong><\/a><\/span><\/p>\n<p><span style=\"font-size: 14pt;\"><em><strong><a href=\"https:\/\/justlaser.com.br\/alugueldelasers\/locacao-de-laser-para-endolift\/\">Loca\u00e7\u00e3o de laser para endolift<\/a>: o que \u00e9 e como funciona?<\/strong><\/em><\/span><\/p>\n<h2><span style=\"color: #ff0000; font-size: 18pt;\"><strong><a title=\"Clique para WhatsApp\" href=\"https:\/\/api.whatsapp.com\/send?phone=5511940843111\" target=\"_blank\" rel=\"nofollow noopener\"><img decoding=\"async\" class=\"wp-image-3064 alignleft\" title=\"Aluguel Ultraformer III\" src=\"https:\/\/justlaser.com.br\/alugueldelasers\/wp-content\/uploads\/2022\/02\/aluguel-uthera-3.jpg\" alt=\"Aluguel Ultraformer III\" width=\"344\" height=\"160\" srcset=\"https:\/\/justlaser.com.br\/alugueldelasers\/wp-content\/uploads\/2022\/02\/aluguel-uthera-3-200x93.jpg 200w, https:\/\/justlaser.com.br\/alugueldelasers\/wp-content\/uploads\/2022\/02\/aluguel-uthera-3-300x140.jpg 300w, https:\/\/justlaser.com.br\/alugueldelasers\/wp-content\/uploads\/2022\/02\/aluguel-uthera-3.jpg 400w\" sizes=\"(max-width: 344px) 100vw, 344px\" \/><\/a><\/strong><\/span><\/h2>\n<p><span style=\"font-size: 14pt;\"><em><strong>Se voc\u00ea procura aluguel loca\u00e7\u00e3o de aparelhos de\u00a0 Ultraformer 4 MPT, SCIZER, LAVIEEN, ETHEREA<\/strong><\/em><\/span><br \/>\n<span style=\"font-size: 14pt;\"><em><strong> ou treinamentos: entre em contato!<\/strong><\/em><\/span><\/p>\n","protected":false},"excerpt":{"rendered":"<p>Vantagens do Ultraformer MPT? Quais as reais vantagens do Ultraformer MPT ? E os [&hellip;]<\/p>\n","protected":false},"author":2,"featured_media":0,"parent":3278,"menu_order":0,"comment_status":"closed","ping_status":"closed","template":"","meta":{"footnotes":""},"_links":{"self":[{"href":"https:\/\/justlaser.com.br\/alugueldelasers\/wp-json\/wp\/v2\/pages\/3400"}],"collection":[{"href":"https:\/\/justlaser.com.br\/alugueldelasers\/wp-json\/wp\/v2\/pages"}],"about":[{"href":"https:\/\/justlaser.com.br\/alugueldelasers\/wp-json\/wp\/v2\/types\/page"}],"author":[{"embeddable":true,"href":"https:\/\/justlaser.com.br\/alugueldelasers\/wp-json\/wp\/v2\/users\/2"}],"replies":[{"embeddable":true,"href":"https:\/\/justlaser.com.br\/alugueldelasers\/wp-json\/wp\/v2\/comments?post=3400"}],"version-history":[{"count":0,"href":"https:\/\/justlaser.com.br\/alugueldelasers\/wp-json\/wp\/v2\/pages\/3400\/revisions"}],"up":[{"embeddable":true,"href":"https:\/\/justlaser.com.br\/alugueldelasers\/wp-json\/wp\/v2\/pages\/3278"}],"wp:attachment":[{"href":"https:\/\/justlaser.com.br\/alugueldelasers\/wp-json\/wp\/v2\/media?parent=3400"}],"curies":[{"name":"wp","href":"https:\/\/api.w.org\/{rel}","templated":true}]}}