{"id":3410,"date":"2023-02-19T10:16:08","date_gmt":"2023-02-19T13:16:08","guid":{"rendered":"https:\/\/justlaser.com.br\/alugueldelasers\/?page_id=3410"},"modified":"2023-02-20T11:29:59","modified_gmt":"2023-02-20T14:29:59","slug":"como-alugar-inkie-remocao-tatuagem","status":"publish","type":"page","link":"https:\/\/justlaser.com.br\/alugueldelasers\/aluguel-e-locacao-de-ponteiras-de-lasers-em-sao-paulo\/aluguel-locacao-ndyag-1064-nm-nd-yag-para-remocao-de-tatuagem\/como-alugar-inkie-remocao-tatuagem\/","title":{"rendered":"Como alugar Inkie remo\u00e7\u00e3o tatuagem"},"content":{"rendered":"<h1>Como alugar Inkie para remo\u00e7\u00e3o tatuagem<\/h1>\n<p>&nbsp;<\/p>\n<p><img decoding=\"async\" class=\"alignleft size-full wp-image-3411\" src=\"https:\/\/justlaser.com.br\/alugueldelasers\/wp-content\/uploads\/2023\/02\/alugar-inkie-laser.jpg\" alt=\"Alugar Inkie laser \" width=\"500\" height=\"320\" title=\"\" srcset=\"https:\/\/justlaser.com.br\/alugueldelasers\/wp-content\/uploads\/2023\/02\/alugar-inkie-laser-200x128.jpg 200w, https:\/\/justlaser.com.br\/alugueldelasers\/wp-content\/uploads\/2023\/02\/alugar-inkie-laser-300x192.jpg 300w, https:\/\/justlaser.com.br\/alugueldelasers\/wp-content\/uploads\/2023\/02\/alugar-inkie-laser-400x256.jpg 400w, https:\/\/justlaser.com.br\/alugueldelasers\/wp-content\/uploads\/2023\/02\/alugar-inkie-laser-460x295.jpg 460w, https:\/\/justlaser.com.br\/alugueldelasers\/wp-content\/uploads\/2023\/02\/alugar-inkie-laser.jpg 500w\" sizes=\"(max-width: 500px) 100vw, 500px\" \/><\/p>\n<p>A Just laser foi pioneira no Brasil na tecnologia INkie , para aluguel e loca\u00e7\u00e3o da m\u00e1quina para<a href=\"https:\/\/clinicawulkan.com.br\/remocao-de-tatuagem\/\" target=\"_blank\" rel=\"noopener\"> remo\u00e7\u00e3o de tatuagem<\/a> e outras caracter\u00edsticas.<\/p>\n<p>Alugamos h\u00e1 mais de 2 anos, desde\u00a0 a\u00a0 entrada da tecnologia Inkie no Brasil.<\/p>\n<p>Se precisa de treinamento ou curso para alugar e usar o Inkie, entre em contato pelo nosso whatsapp !<\/p>\n<p>&nbsp;<\/p>\n<h2><\/h2>\n<h2><span style=\"font-size: 14pt;\">Abaixo orienta\u00e7\u00f5es durante a loca\u00e7\u00e3o ou para alugar o Inkie para remo\u00e7\u00e3o tatuagem<\/span><\/h2>\n<p>Prezado cliente,<\/p>\n<p>Hoje \u00e9 sua <a href=\"https:\/\/justlaser.com.br\/alugueldelasers\/aluguel-locacao-inkie-laser-para-remocao-tatuagem\/\">loca\u00e7\u00e3o do laser <strong>INKIE<\/strong><\/a><\/p>\n<p><u>Seguem as seguintes instru\u00e7\u00f5es para sua seguran\u00e7a e \u00a0o uso correto do equipamento:<\/u><\/p>\n<p>\u2192 Necess\u00e1rio ar condicionado da cl\u00ednica ligado em 20-22\u00ba C graus, para evitar superaquecimento e erro no aparelho.<\/p>\n<p>\u2192 Utilizar tomada 220V.<\/p>\n<p>\u2192 <strong><u>BLACK PEEL,<\/u><\/strong> entre cada atendimento realizado, a ponteira dever\u00e1 ser IMEDIATAMENTE higienizada com cotonete e <strong>\u00e1lcool isoprop\u00edlico (n\u00e3o \u00e1lcool comum).<\/strong> Essa profilaxia garante que n\u00e3o tenha nenhum vest\u00edgio residual de pigmentos na lente, que associado ao calor do feixe de luz provoca rachaduras, trincos ou mesmo quebra da lente.<\/p>\n<p>\u2192 <strong><u>BLACK PEEL,<\/u><\/strong> expressamente proibido utilizar o pl\u00e1stico filme na ponteira.<\/p>\n<p>\u2192 <strong>Obrigat\u00f3rio <\/strong>limpar as lentes do equipamento com o <strong>cotonete e \u00e1lcool isopropilico, entre cada atendimento<\/strong> e na devolu\u00e7\u00e3o do mesmo. Para reutilizar a ponteira, ap\u00f3s a limpeza, necess\u00e1rio esperar secar a lente, n\u00e3o podendo dar disparo com ela umedecida.<\/p>\n<p>Excelente loca\u00e7\u00e3o!<\/p>\n<h2><span style=\"font-size: 12pt;\">Caracter\u00edsticas do aparelho INkie para Alugar para remo\u00e7\u00e3o de micro pigmenta\u00e7\u00e3o<\/span><\/h2>\n<ul>\n<li><span style=\"color: #333333; font-family: Arial;\">Inkie Laser Nd YAG<\/span><\/li>\n<li><span style=\"color: #333333;\"><span style=\"font-family: Arial;\">(Aparelho de Remo\u00e7\u00e3o de tatuagem\/ micropigmenta\u00e7\u00e3o)<\/span><span style=\"color: #333333; font-family: Arial;\">\u00a0<\/span><span style=\"color: #333333; font-family: Arial;\">\u00a0<\/span><\/span><\/li>\n<li><span style=\"color: #333333; font-family: Arial;\">Equipamento seguro e eficiente para remo\u00e7\u00e3o de tatuagens e micropigmenta\u00e7\u00e3o.<\/span><\/li>\n<li>O INKIE LASER-ND YAG Q-switched<br \/>\nemite dois comprimentos de onda (532nm e 1064nm) para se adaptar \u00e0 cor do pigmento a ser tratado, atingindo cores quentes e frias.<\/li>\n<li>1064nm: utilizado em pigmentos azuis, pretos e outros tons escuros;<\/li>\n<li>532nm: utilizado em pigmentos vermelhos, rosas, roxos, marrons e tons claros.<\/li>\n<\/ul>\n<p>Registro ANVISA:<br \/>\n80832470003<\/p>\n<h3 align=\"left\"><span style=\"font-size: 12pt;\">USOS DO INKIE NA LOCA\u00c7\u00c3O<\/span><\/h3>\n<ul>\n<li>M\u00e1quina de laser para remover micropigmenta\u00e7\u00e3o,<\/li>\n<li>Alugar laser para remo\u00e7\u00e3o de tatuagens,<\/li>\n<li>Black Peel,<\/li>\n<li>Alugar Laser para tratamento de Onicomicose<\/li>\n<\/ul>\n<p><iframe src=\"\/\/www.youtube.com\/embed\/U484XZtjR08\" width=\"560\" height=\"314\" allowfullscreen=\"allowfullscreen\"><\/iframe><\/p>\n<h3><span style=\"font-size: 12pt;\">A Just laser tem os melhores aparelhos de remo\u00e7\u00e3o de tatuagem a laser para te ajudar no seu neg\u00f3cio.<\/span><\/h3>\n<p>Entre em contato para treinamentos ou loca\u00e7\u00e3o e &#8230;.bons neg\u00f3cios !<\/p>\n","protected":false},"excerpt":{"rendered":"<p>Como alugar Inkie para remo\u00e7\u00e3o tatuagem &nbsp; A Just laser foi pioneira no Brasil [&hellip;]<\/p>\n","protected":false},"author":2,"featured_media":0,"parent":2786,"menu_order":0,"comment_status":"closed","ping_status":"closed","template":"","meta":{"footnotes":""},"_links":{"self":[{"href":"https:\/\/justlaser.com.br\/alugueldelasers\/wp-json\/wp\/v2\/pages\/3410"}],"collection":[{"href":"https:\/\/justlaser.com.br\/alugueldelasers\/wp-json\/wp\/v2\/pages"}],"about":[{"href":"https:\/\/justlaser.com.br\/alugueldelasers\/wp-json\/wp\/v2\/types\/page"}],"author":[{"embeddable":true,"href":"https:\/\/justlaser.com.br\/alugueldelasers\/wp-json\/wp\/v2\/users\/2"}],"replies":[{"embeddable":true,"href":"https:\/\/justlaser.com.br\/alugueldelasers\/wp-json\/wp\/v2\/comments?post=3410"}],"version-history":[{"count":0,"href":"https:\/\/justlaser.com.br\/alugueldelasers\/wp-json\/wp\/v2\/pages\/3410\/revisions"}],"up":[{"embeddable":true,"href":"https:\/\/justlaser.com.br\/alugueldelasers\/wp-json\/wp\/v2\/pages\/2786"}],"wp:attachment":[{"href":"https:\/\/justlaser.com.br\/alugueldelasers\/wp-json\/wp\/v2\/media?parent=3410"}],"curies":[{"name":"wp","href":"https:\/\/api.w.org\/{rel}","templated":true}]}}