{"id":3415,"date":"2023-02-20T08:29:34","date_gmt":"2023-02-20T11:29:34","guid":{"rendered":"https:\/\/justlaser.com.br\/alugueldelasers\/?page_id=3415"},"modified":"2023-02-20T11:29:27","modified_gmt":"2023-02-20T14:29:27","slug":"quais-sao-os-melhores-aparelhos-de-depilacao-a-laser","status":"publish","type":"page","link":"https:\/\/justlaser.com.br\/alugueldelasers\/quais-sao-os-melhores-aparelhos-de-depilacao-a-laser\/","title":{"rendered":"Quais s\u00e3o os melhores aparelhos de depila\u00e7\u00e3o a laser"},"content":{"rendered":"<div class=\"w-full border-b border-black\/10 dark:border-gray-900\/50 text-gray-800 dark:text-gray-100 group dark:bg-gray-800\">\n<div class=\"text-base gap-4 md:gap-6 m-auto md:max-w-2xl lg:max-w-2xl xl:max-w-3xl p-4 md:py-6 flex lg:px-0\">\n<div class=\"relative flex w-[calc(100%-50px)] flex-col gap-1 md:gap-3 lg:w-[calc(100%-115px)]\">\n<div class=\"flex flex-grow flex-col gap-3\">\n<h1 data-pm-slice=\"1 1 []\" data-en-clipboard=\"true\">Quais s\u00e3o os melhores aparelhos de depila\u00e7\u00e3o a laser ?<\/h1>\n<\/div>\n<div data-pm-slice=\"1 1 []\" data-en-clipboard=\"true\">Os melhores aparelhos de depila\u00e7\u00e3o a laser do Brasil podem ser resumidos em 7 grupos, que vamos expor logo mais no artigo .<\/div>\n<div class=\"flex flex-grow flex-col gap-3\">\n<div data-pm-slice=\"1 1 []\" data-en-clipboard=\"true\">Antes vamos abordar rapidamente as vantagens da <a href=\"https:\/\/justlaser.com.br\/alugueldelasers\/aluguel-e-locacao-de-laser-para-depilacao-a-laser\/\">loca\u00e7\u00e3o das maquinas para depila\u00e7\u00e3o a laser.<\/a><\/div>\n<div data-pm-slice=\"1 1 []\" data-en-clipboard=\"true\"><\/div>\n<div data-pm-slice=\"1 1 []\" data-en-clipboard=\"true\">Depila\u00e7\u00e3o a laser \u00e9 um procedimento que tem ganhado popularidade nos \u00faltimos anos devido \u00e0 sua efic\u00e1cia e conveni\u00eancia. Muitas pessoas que consideram a depila\u00e7\u00e3o a laser acabam se deparando com uma escolha dif\u00edcil: alugar um aparelho ou compr\u00e1-lo.<\/div>\n<div data-pm-slice=\"1 1 []\" data-en-clipboard=\"true\">Neste artigo, discutiremos as vantagens do aluguel de laser para depila\u00e7\u00e3o a laser em vez da compra. Al\u00e9m disso, apresentaremos os 7 melhores aparelhos de depila\u00e7\u00e3o a laser para loca\u00e7\u00e3o em S\u00e3o Paulo.<\/div>\n<h2>Por que alugar um aparelho de depila\u00e7\u00e3o a laser?<\/h2>\n<div>Existem muitas vantagens em alugar um aparelho de depila\u00e7\u00e3o a laser em vez de compr\u00e1-lo. Aqui est\u00e3o algumas delas:<\/div>\n<div><\/div>\n<ol>\n<li>\n<div>Custo: O custo de um aparelho de depila\u00e7\u00e3o a laser pode ser bastante alto. Alugando um aparelho, voc\u00ea pode desfrutar dos benef\u00edcios da depila\u00e7\u00e3o a laser sem o alto custo de compra.<\/div>\n<\/li>\n<li>\n<div>Conveni\u00eancia: Alugar um aparelho de depila\u00e7\u00e3o a laser \u00e9 conveniente, pois voc\u00ea pode us\u00e1-lo em casa, sem precisar se deslocar at\u00e9 uma cl\u00ednica de est\u00e9tica.<\/div>\n<\/li>\n<li>\n<div>Flexibilidade: Ao alugar um aparelho de depila\u00e7\u00e3o a laser, voc\u00ea pode us\u00e1-lo no seu pr\u00f3prio tempo e ritmo, em vez de se ajustar aos hor\u00e1rios dispon\u00edveis em uma cl\u00ednica de est\u00e9tica.<\/div>\n<\/li>\n<li>\n<div>Variedade: H\u00e1 uma grande variedade de aparelhos de depila\u00e7\u00e3o a laser dispon\u00edveis para aluguel, o que permite que voc\u00ea escolha um que atenda \u00e0s suas necessidades espec\u00edficas.<\/div>\n<\/li>\n<\/ol>\n<h2>Os 7 melhores aparelhos de depila\u00e7\u00e3o a laser, para loca\u00e7\u00e3o em S\u00e3o Paulo<\/h2>\n<div>Se voc\u00ea decidiu que o aluguel de um aparelho de depila\u00e7\u00e3o a laser \u00e9 a escolha certa para voc\u00ea, aqui est\u00e3o os 7\u00a0 melhores aparelhos de depila\u00e7\u00e3o a laser para loca\u00e7\u00e3o em S\u00e3o Paulo.<\/div>\n<div><\/div>\n<ol>\n<li>\n<div><a href=\"https:\/\/www.almalasers.com\/alma-products\/soprano-ice-platinum-edition\/\" target=\"_blank\" rel=\"noopener\">Laser Diodo Soprano<\/a>: Este aparelho utiliza tecnologia de laser de diodo para remover os pelos com efic\u00e1cia. \u00c9 adequado para todos os tipos de pele e \u00e9 f\u00e1cil de usar em casa.<\/div>\n<\/li>\n<li>\n<div>Laser Light Sheer: Este aparelho, antigo mas ainda eficaz,\u00a0 tamb\u00e9m utiliza tecnologia de laser de diodo para remover os pelos com efic\u00e1cia. \u00c9 especialmente indicado para peles claras e cabelos escuros.<\/div>\n<\/li>\n<li>\n<div>Laser Milesman Premium, espanhol.\u00a0 Este aparelho utiliza tecnologia de laser de diodo de alta pot\u00eancia, o que significa que pode remover os pelos de forma eficaz em menos sess\u00f5es.<\/div>\n<\/li>\n<li>\n<div>Plataforma\u00a0 Etherea : Este aparelho utiliza tecnologia de laser de luz pulsada intensa (IPL) para remover os pelos. \u00c9 adequado para todos os tipos de pele e \u00e9 f\u00e1cil de usar em casa. Tem ainda a ponteira de 1064nm pulso longo, perfeita para peles escura e negras.<\/div>\n<\/li>\n<li>\n<div>Laser Soprano Titanium: Este aparelho utiliza tecnologia de laser de diodo de alta pot\u00eancia e \u00e9 adequado para todos os tipos de pele. \u00c9 f\u00e1cil de usar em casa e pode remover os pelos com efic\u00e1cia em menos sess\u00f5es.<\/div>\n<\/li>\n<li>\n<div>Laser Vectus: Este aparelho utiliza tecnologia de laser de diodo para remover os pelos com efic\u00e1cia. \u00c9 adequado para todos os tipos de pele e \u00e9 f\u00e1cil de usar em casa.<\/div>\n<\/li>\n<li>\n<div>Aparelho LED 810nm\u00a0 ZION. :\u00a0 Lan\u00e7ado em 2023, pela inovadora Chromatic, este aparelho utiliza tecnologia de LED no comprimento de 814 nm, id\u00eantico ao de diodo de alta pot\u00eancia, o que significa que pode remover os pelos de forma definitiva como os lideres do mercado.<\/div>\n<\/li>\n<\/ol>\n<\/div>\n<h3>A Just laser tem os melhores aparelhos de depila\u00e7\u00e3o a laser para te ajudar no seu neg\u00f3cio.<\/h3>\n<p>Entre em contato para treinamentos ou loca\u00e7\u00e3o e &#8230;.bons neg\u00f3cios !<\/p>\n<p><iframe src=\"\/\/www.youtube.com\/embed\/MBk0Q670LXE\" width=\"560\" height=\"314\" allowfullscreen=\"allowfullscreen\"><\/iframe><\/p>\n<\/div>\n<\/div>\n<\/div>\n","protected":false},"excerpt":{"rendered":"<p>Quais s\u00e3o os melhores aparelhos de depila\u00e7\u00e3o a laser ? Os melhores aparelhos de [&hellip;]<\/p>\n","protected":false},"author":2,"featured_media":0,"parent":0,"menu_order":0,"comment_status":"closed","ping_status":"closed","template":"","meta":{"footnotes":""},"_links":{"self":[{"href":"https:\/\/justlaser.com.br\/alugueldelasers\/wp-json\/wp\/v2\/pages\/3415"}],"collection":[{"href":"https:\/\/justlaser.com.br\/alugueldelasers\/wp-json\/wp\/v2\/pages"}],"about":[{"href":"https:\/\/justlaser.com.br\/alugueldelasers\/wp-json\/wp\/v2\/types\/page"}],"author":[{"embeddable":true,"href":"https:\/\/justlaser.com.br\/alugueldelasers\/wp-json\/wp\/v2\/users\/2"}],"replies":[{"embeddable":true,"href":"https:\/\/justlaser.com.br\/alugueldelasers\/wp-json\/wp\/v2\/comments?post=3415"}],"version-history":[{"count":0,"href":"https:\/\/justlaser.com.br\/alugueldelasers\/wp-json\/wp\/v2\/pages\/3415\/revisions"}],"wp:attachment":[{"href":"https:\/\/justlaser.com.br\/alugueldelasers\/wp-json\/wp\/v2\/media?parent=3415"}],"curies":[{"name":"wp","href":"https:\/\/api.w.org\/{rel}","templated":true}]}}