{"id":3417,"date":"2023-02-20T08:59:31","date_gmt":"2023-02-20T11:59:31","guid":{"rendered":"https:\/\/justlaser.com.br\/alugueldelasers\/?page_id=3417"},"modified":"2024-08-03T07:30:15","modified_gmt":"2024-08-03T10:30:15","slug":"como-aplicar-o-ultraformer","status":"publish","type":"page","link":"https:\/\/justlaser.com.br\/alugueldelasers\/aluguel-locacao-ultrassom-microfocado-ulthera-ultraformer\/como-aplicar-o-ultraformer\/","title":{"rendered":"Como aplicar o Ultraformer  ?"},"content":{"rendered":"<h1>Como aplicar o Ultraformer ?<\/h1>\n<p><span style=\"font-size: 14pt;\">As t\u00e9cnicas de como aplicar o Ultraformer variam um pouco entre os pa\u00edses.\u00a0 Aqui se consolidou o modo din\u00e2mico de aplica\u00e7\u00e3o, com arraste da ponteira, desenvolvido pela Dermatologista Paula Belloti. Depois aperfei\u00e7oado por outros dermatologistas.\u00a0<\/span><\/p>\n<blockquote><p><span style=\"font-size: 14pt;\"><strong>Aqui na Just Laser temos TREINAMENTOS DE USO E CURSOS DE ULTRAFORMER MPT, ENTRE EM CONTATO !!<\/strong><\/span><\/p><\/blockquote>\n<div data-pm-slice=\"1 1 []\" data-en-clipboard=\"true\"><span style=\"font-size: 14pt;\">O Ultraformer \u00e9 uma aparelho m\u00e9dico\u00a0 de tratamento est\u00e9tico, que utiliza ondas de ultrassom para flacidez, rejuvenescer a pele e melhorar a apar\u00eancia do rosto. \u00c9 importante aplicar corretamente o Ultraformer e tomar os cuidados necess\u00e1rios durante o procedimento para obter os melhores resultados. Neste artigo, discutiremos como aplicar corretamente o Ultraformer e os cuidados necess\u00e1rios durante a aplica\u00e7\u00e3o.<\/span><\/div>\n<h2 data-pm-slice=\"1 1 []\" data-en-clipboard=\"true\">Na pr\u00e1tica, aqui est\u00e1 um breve resumo, l\u00f3gico , de como fazer a aplica\u00e7\u00e3o do Ultraformer<\/h2>\n<ol>\n<li>\n<h3><span style=\"font-size: 14pt;\">Avalie e selecione bem\u00a0 o paciente antes de aplicar o Ultraformer<\/span><\/h3>\n<\/li>\n<\/ol>\n<div><span style=\"font-size: 14pt;\">Antes de aplicar o Ultraformer, \u00e9 importante avaliar o paciente cuidadosamente. Verifique a condi\u00e7\u00e3o da pele, discuta quais s\u00e3o as \u00e1reas de preocupa\u00e7\u00e3o do paciente e determine a melhor abordagem para o tratamento. Certifique-se de que o paciente \u00e9 um bom candidato para o Ultraformer e de que n\u00e3o h\u00e1 contraindica\u00e7\u00f5es que possam impedir a realiza\u00e7\u00e3o do procedimento. Flacidez leve e moderada s\u00e3o ok. Flacidez severa contra indique !<\/span><\/div>\n<ol start=\"2\">\n<li>\n<h3><span style=\"font-size: 14pt;\">Prepare a pele para a aplica\u00e7\u00e3o do UltraFormer<\/span><\/h3>\n<\/li>\n<\/ol>\n<div><span style=\"font-size: 14pt;\">Para obter os melhores resultados com o Ultraformer, \u00e9 importante preparar a pele corretamente. Limpe a pele completamente e remova todas as maquiagens e cremes. Em seguida, aplique um gel de transmiss\u00e3o sobre a \u00e1rea a ser tratada. O gel de transmiss\u00e3o ajuda a transmitir as ondas de ultrassom para a pele e evita queimaduras. NUNCA se esque\u00e7a do gel, mas utiliza camada fina, cuidado !!!\u00a0 Camada espessa. Degel pode causar queimaduras na superf\u00edcie de pele, dependendo da ponteira !<\/span><\/div>\n<ol start=\"3\">\n<li>\n<h3><span style=\"font-size: 14pt;\">Configure o Ultraformer para correta aplica\u00e7\u00e3o. Aqui \u00e9 o segredo de como aplicar o Ultraformer<\/span><\/h3>\n<\/li>\n<\/ol>\n<div><span style=\"font-size: 14pt;\">Antes de aplicar o Ultraformer, \u00e9 importante configurar o equipamento corretamente. Ajuste a frequ\u00eancia, pitch , e a profundidade de acordo com as necessidades do paciente. O Ultraformer possui v\u00e1rios modos de tratamento, e \u00e9 importante selecionar o modo correto para o tipo de tratamento e \u00e1rea da pele a ser tratada.<\/span><\/div>\n<div><span style=\"font-size: 14pt;\">\u00c9 essencial que o profissional esteja familiarizado com a configura\u00e7\u00e3o do Ultraformer e como utiliz\u00e1-lo corretamente.<\/span><\/div>\n<div><span style=\"font-size: 14pt;\">No caso do UltraFormer IV, o UltraFormer MPT, aprenda bem os usos de cada ponteira e\u00a0 do modo de cada uma: modo normal ou modo Micro Pulsed.<\/span><\/div>\n<div><span style=\"font-size: 14pt;\">Cada aparelho tem diversas ponteiras, e cuidado para n\u00e3o causar danos como emagrecimento exagerado em um rosto fino. Essa arte de como aplicar o Ultraformer deve ser entendida e\u00a0 estudada por muito tempo, n\u00e3o \u00e9 receita de bolo !<\/span><\/div>\n<ol start=\"4\">\n<li>\n<h3>Aplique o Ultraformer<\/h3>\n<\/li>\n<\/ol>\n<div><span style=\"font-size: 14pt;\">Durante a <a href=\"https:\/\/clinicawulkan.com.br\/aplicacao-de-ultraformer\/\" target=\"_blank\" rel=\"noopener\">aplica\u00e7\u00e3o do Ultraformer, o especialista<\/a> deve tomar cuidado para aplicar o tratamento com precis\u00e3o e com movimentos lentos e suaves. Certifique-se de que a pele esteja completamente coberta com o gel de transmiss\u00e3o e que o transdutor esteja em contato com a pele. O Ultraformer emite ondas de ultrassom que podem aquecer a pele, por isso \u00e9 importante monitorar constantemente a temperatura da pele e ajustar o tratamento, se necess\u00e1rio.<\/span><\/div>\n<ol start=\"5\">\n<li>\n<div><span style=\"font-size: 14pt;\">Cuidados p\u00f3s-tratamento do Ultraformer<\/span><\/div>\n<\/li>\n<\/ol>\n<div><span style=\"font-size: 14pt;\">Ap\u00f3s a aplica\u00e7\u00e3o do Ultraformer, \u00e9 importante seguir alguns cuidados para garantir que os resultados sejam os melhores poss\u00edveis. O paciente deve evitar a exposi\u00e7\u00e3o direta ao sol por alguns dias e usar um protetor solar de alta qualidade. Al\u00e9m disso, \u00e9 importante hidratar a pele regularmente para manter a pele saud\u00e1vel e radiante. O paciente tamb\u00e9m deve evitar o uso de maquiagens pesadas ou esfregar a pele com for\u00e7a.<\/span><\/div>\n<div><\/div>\n<h3><span style=\"font-size: 14pt;\">Um\u00a0 resumo das t\u00e9cnicas de aplica\u00e7\u00e3o do Ultraformer<\/span><\/h3>\n<div><span style=\"font-size: 14pt;\">Modo est\u00e1tico ou din\u00e2mico, com varredura ( mais utilizado no Brasil )<\/span><\/div>\n<div><\/div>\n<div><span style=\"font-size: 14pt;\">O Ultraformer \u00e9 um tratamento est\u00e9tico eficaz que pode proporcionar resultados excelentes para pacientes que desejam melhorar a apar\u00eancia do rosto. Para obter os melhores resultados, \u00e9 importante aplicar o Ultraformer corretamente e tomar os cuidados necess\u00e1rios durante o procedimento e ap\u00f3s o tratamento. O profissional deve avaliar o paciente cuidadosamente, preparar a pele, configurar o equipamento corretamente e aplicar o tratamento com precis\u00e3o. O paciente tamb\u00e9m deve seguir os cuidados p\u00f3s-tratamento para manter a pele saud\u00e1vel e bem cuidada.<\/span><\/div>\n<div>\n<p><span style=\"font-size: 14pt;\"><a href=\"https:\/\/classys.com\/medical\/#hifu\" target=\"_blank\" rel=\"noopener\">Veja aqui no link do fabricante os <strong>aparelhos de HIFU<\/strong> produzidos por eles ate hoje\u00a0<\/a><\/span><\/p>\n<p><span style=\"font-size: 14pt;\"><a href=\"https:\/\/justlaser.com.br\/alugueldelasers\/qual-a-diferenca-entre-o-ultraformer-iii-e-ultraformer-mpt\/\">Saiba as diferen\u00e7as entre o ultraformer III e Ultraformer MPT<\/a><\/span><\/p>\n<\/div>\n<div><\/div>\n<h4><span style=\"font-size: 14pt;\">Se voc\u00ea precisa de um treinamento\u00a0 te\u00f3rico e pr\u00e1tico de como aplicar o Ultraformer, entre em contato com a JUST Laser, pioneira e maior empresa de <a href=\"https:\/\/justlaser.com.br\/alugueldelasers\/aluguel-ultraformer-mpt-4\/\">loca\u00e7\u00e3o de Ultraformer do Brasil<\/a>.<\/span><\/h4>\n<p><img decoding=\"async\" class=\"wp-image-3418 size-large aligncenter\" title=\"Como aplicar o Ultraformer\" src=\"https:\/\/justlaser.com.br\/alugueldelasers\/wp-content\/uploads\/2023\/02\/como-aplicar-o-Ultraformer--1024x599.png\" alt=\"Como aplicar o Ultraformer\" width=\"1024\" height=\"599\" srcset=\"https:\/\/justlaser.com.br\/alugueldelasers\/wp-content\/uploads\/2023\/02\/como-aplicar-o-Ultraformer--200x117.png 200w, https:\/\/justlaser.com.br\/alugueldelasers\/wp-content\/uploads\/2023\/02\/como-aplicar-o-Ultraformer--300x176.png 300w, https:\/\/justlaser.com.br\/alugueldelasers\/wp-content\/uploads\/2023\/02\/como-aplicar-o-Ultraformer--400x234.png 400w, https:\/\/justlaser.com.br\/alugueldelasers\/wp-content\/uploads\/2023\/02\/como-aplicar-o-Ultraformer--500x293.png 500w, https:\/\/justlaser.com.br\/alugueldelasers\/wp-content\/uploads\/2023\/02\/como-aplicar-o-Ultraformer--600x351.png 600w, https:\/\/justlaser.com.br\/alugueldelasers\/wp-content\/uploads\/2023\/02\/como-aplicar-o-Ultraformer--700x410.png 700w, https:\/\/justlaser.com.br\/alugueldelasers\/wp-content\/uploads\/2023\/02\/como-aplicar-o-Ultraformer--768x449.png 768w, https:\/\/justlaser.com.br\/alugueldelasers\/wp-content\/uploads\/2023\/02\/como-aplicar-o-Ultraformer--800x468.png 800w, https:\/\/justlaser.com.br\/alugueldelasers\/wp-content\/uploads\/2023\/02\/como-aplicar-o-Ultraformer--1024x599.png 1024w, https:\/\/justlaser.com.br\/alugueldelasers\/wp-content\/uploads\/2023\/02\/como-aplicar-o-Ultraformer--1200x702.png 1200w, https:\/\/justlaser.com.br\/alugueldelasers\/wp-content\/uploads\/2023\/02\/como-aplicar-o-Ultraformer-.png 1362w\" sizes=\"(max-width: 1024px) 100vw, 1024px\" \/><\/p>\n<p><span style=\"font-size: 14pt;\"><strong><a href=\"https:\/\/justlaser.com.br\/alugueldelasers\/aluguel-ultraformer-mpt-4\/\">Aluguel de UltraFormer MPT<\/a><\/strong><\/span><\/p>\n<ul>\n<li><span style=\"font-size: 14pt;\"><a href=\"https:\/\/justlaser.com.br\/alugueldelasers\/locacao-do-ultraformer-mpt\/\">Loca\u00e7\u00e3o do Ultraformer MPT<\/a><\/span><\/li>\n<\/ul>\n<p><span style=\"font-size: 18pt;\"><strong>Aqui na Just Laser temos TREINAMENTOS DE USO E CURSOS DE ULTRAFORMER MPT.<\/strong><\/span><\/p>\n<p><span style=\"font-size: 18pt;\"><strong> ENTRE EM CONTATO !!<\/strong><\/span><\/p>\n<p>&nbsp;<\/p>\n","protected":false},"excerpt":{"rendered":"<p>Como aplicar o Ultraformer ? As t\u00e9cnicas de como aplicar o Ultraformer variam um [&hellip;]<\/p>\n","protected":false},"author":2,"featured_media":0,"parent":2518,"menu_order":0,"comment_status":"closed","ping_status":"closed","template":"","meta":{"footnotes":""},"_links":{"self":[{"href":"https:\/\/justlaser.com.br\/alugueldelasers\/wp-json\/wp\/v2\/pages\/3417"}],"collection":[{"href":"https:\/\/justlaser.com.br\/alugueldelasers\/wp-json\/wp\/v2\/pages"}],"about":[{"href":"https:\/\/justlaser.com.br\/alugueldelasers\/wp-json\/wp\/v2\/types\/page"}],"author":[{"embeddable":true,"href":"https:\/\/justlaser.com.br\/alugueldelasers\/wp-json\/wp\/v2\/users\/2"}],"replies":[{"embeddable":true,"href":"https:\/\/justlaser.com.br\/alugueldelasers\/wp-json\/wp\/v2\/comments?post=3417"}],"version-history":[{"count":0,"href":"https:\/\/justlaser.com.br\/alugueldelasers\/wp-json\/wp\/v2\/pages\/3417\/revisions"}],"up":[{"embeddable":true,"href":"https:\/\/justlaser.com.br\/alugueldelasers\/wp-json\/wp\/v2\/pages\/2518"}],"wp:attachment":[{"href":"https:\/\/justlaser.com.br\/alugueldelasers\/wp-json\/wp\/v2\/media?parent=3417"}],"curies":[{"name":"wp","href":"https:\/\/api.w.org\/{rel}","templated":true}]}}