{"id":3420,"date":"2023-02-20T09:18:12","date_gmt":"2023-02-20T12:18:12","guid":{"rendered":"https:\/\/justlaser.com.br\/alugueldelasers\/?page_id=3420"},"modified":"2023-02-20T09:31:45","modified_gmt":"2023-02-20T12:31:45","slug":"qual-o-melhor-laser-de-depilacao-do-mundo","status":"publish","type":"page","link":"https:\/\/justlaser.com.br\/alugueldelasers\/qual-o-melhor-laser-de-depilacao-do-mundo\/","title":{"rendered":"Qual o melhor laser de depila\u00e7\u00e3o do mundo ?"},"content":{"rendered":"<h1>Qual o melhor laser de depila\u00e7\u00e3o do mundo?<\/h1>\n<p>Pois \u00e9, esse \u00e9 um assunto pol\u00eamico e complicado: qual o melhor laser de depila\u00e7\u00e3o do mundo ?\u00a0 Causa respostas e brigas em todos congressos m\u00e9dicos e de laser pelo mundo todo<\/p>\n<p>Mas o fato incontest\u00e1vel \u00e9 que ainda o velho e bom LightSheer se destaca, mesmo D\u00c9CADAS ap\u00f3s seu lan\u00e7amento.<\/p>\n<p>Isso mesmo , d\u00e9cadas!<\/p>\n<h2><span style=\"font-size: 14pt;\">Bom, vamos falar um pouco sobre um dos mais famosos e querido laser , considerado por muito o melhor laser de depila\u00e7\u00e3o do mundo<\/span><\/h2>\n<p>A depila\u00e7\u00e3o \u00e9 um processo que muitas pessoas desejam realizar em algum momento de suas vidas. Existem v\u00e1rias op\u00e7\u00f5es dispon\u00edveis, como depila\u00e7\u00e3o com cera, l\u00e2mina e cremes depilat\u00f3rios. No entanto, a depila\u00e7\u00e3o a laser \u00e9 uma das op\u00e7\u00f5es mais populares para a remo\u00e7\u00e3o permanente de pelos. Com tantas op\u00e7\u00f5es de<a href=\"https:\/\/clinicawulkan.com.br\/dermatologia-estetica-2\/aplicacao-laser-dermatologista-osasco-alphaville-sao-paulo\/depilacao-a-laser\/faq-depilacao-a-laser\/\" target=\"_blank\" rel=\"noopener\"> aparelhos de depila\u00e7\u00e3o a laser<\/a> no mercado, pode ser dif\u00edcil saber qual \u00e9 o melhor. Neste artigo, vamos explorar o melhor aparelho de depila\u00e7\u00e3o a laser do mundo e por que ele \u00e9 t\u00e3o eficaz.<\/p>\n<blockquote><p><em><strong>O melhor aparelho de depila\u00e7\u00e3o a laser do mundo ja foi votado como o LightSheer.<\/strong><\/em> Desenvolvido pela Lumenis, uma empresa de tecnologia m\u00e9dica israelense, o LightSheer \u00e9 considerado um dos melhores aparelhos de depila\u00e7\u00e3o a laser do mercado. Ele usa tecnologia de diodo, que \u00e9 uma das formas mais eficazes de depila\u00e7\u00e3o a laser. A seguir, vamos explorar algumas das caracter\u00edsticas do LightSheer que o tornam t\u00e3o eficaz.<\/p><\/blockquote>\n<h3>Tecnologia de diodo 810 nm<\/h3>\n<p>O LightSheer usa tecnologia de diodo para fornecer um feixe de luz altamente concentrado e preciso que \u00e9 direcionado aos fol\u00edculos pilosos. O diodo emite luz em um comprimento de onda espec\u00edfico, que \u00e9 absorvido pelo pigmento do cabelo. Esse calor \u00e9 ent\u00e3o transferido para o fol\u00edculo piloso, que \u00e9 danificado e impedido de produzir cabelo novamente.<\/p>\n<h3>Sistema de resfriamento<\/h3>\n<p>O LightSheer tamb\u00e9m \u00e9 equipado com um sistema de resfriamento patenteado chamado ChillTip. O ChillTip protege a pele do paciente, resfriando a pele antes e depois da exposi\u00e7\u00e3o ao laser. Isso minimiza a dor e reduz o risco de queimaduras ou outros danos \u00e0 pele.<\/p>\n<h3>Velocidade<\/h3>\n<p>O LightSheer \u00e9 um dos lasers de depila\u00e7\u00e3o mais r\u00e1pidos dispon\u00edveis.\u00a0 Mas seu tip pequenino, causa transtornos para \u00e1reas grandes.<\/p>\n<h3>Personaliza\u00e7\u00e3o<\/h3>\n<p>O LightSheer \u00e9 altamente personaliz\u00e1vel, permitindo que o m\u00e9dico ajuste a intensidade do laser de acordo com o tipo de pele e cabelo do paciente. Isso significa que \u00e9 uma op\u00e7\u00e3o segura e eficaz para uma ampla variedade de pacientes.<\/p>\n<h3>Resultados<\/h3>\n<p>Os resultados da depila\u00e7\u00e3o a laser variam de pessoa para pessoa, dependendo de v\u00e1rios fatores, como cor da pele, cor do cabelo e espessura do cabelo. No entanto, muitos pacientes relatam uma redu\u00e7\u00e3o significativa no crescimento do cabelo ap\u00f3s apenas algumas sess\u00f5es de depila\u00e7\u00e3o a laser com o LightSheer. O LightSheer \u00e9 especialmente eficaz em pacientes com pele clara e cabelo escuro.<\/p>\n<h3>Seguran\u00e7a<\/h3>\n<p>O LightSheer \u00e9 considerado um dos lasers de depila\u00e7\u00e3o mais seguros do mercado. Ele foi aprovado pela FDA nos Estados Unidos e pela Anvisa no Brasil, o que significa que passou por testes rigorosos e cumpre padr\u00f5es de seguran\u00e7a e efic\u00e1cia.<\/p>\n<h4>Conclus\u00e3o : ser\u00e1 mesmo que esse \u00e9 o melhor laser do mundo ?\u00a0 Qual sua opini\u00e3o ?<\/h4>\n<p>A depila\u00e7\u00e3o a laser \u00e9 uma \u00f3tima op\u00e7\u00e3o para quem deseja remover permanentemente os pelos indesejados. Embora existam muitos aparelhos de depila\u00e7\u00e3o a laser, muito ainda acham que o LightSheer foi o melhor at\u00e9 agora&#8230;\u00a0 N\u00e3o o mais r\u00e1pido, nem o mais pr\u00e1tico&#8230; Menos ainda o menos dolorido , n\u00e3o \u00e9\u00a0 mesmo?<\/p>\n<p><span class=\"TextRun SCXW7183134 BCX0\" lang=\"PT-BR\" xml:lang=\"PT-BR\" data-contrast=\"auto\"><span class=\"NormalTextRun SCXW7183134 BCX0\">Bom, mas se voc\u00ea precisa de treinamento ou de aluguel ou loca\u00e7\u00e3o de aparelhos para depila\u00e7\u00e3o a laser, n\u00e3o hesite em entrar em contato com a JUST <\/span><span class=\"NormalTextRun ContextualSpellingAndGrammarErrorV2Themed SCXW7183134 BCX0\">Laser, \u00a0pioneira<\/span><span class=\"NormalTextRun SCXW7183134 BCX0\"> e inovadora em u<\/span><span class=\"NormalTextRun SpellingErrorV2Themed SCXW7183134 BCX0\">m<\/span><span class=\"NormalTextRun SCXW7183134 BCX0\"> mundo de loca\u00e7\u00e3o a laser.<\/span><\/span><span class=\"EOP SCXW7183134 BCX0\" data-ccp-props=\"{&quot;201341983&quot;:0,&quot;335559739&quot;:160,&quot;335559740&quot;:259}\">\u00a0<\/span><\/p>\n","protected":false},"excerpt":{"rendered":"<p>Qual o melhor laser de depila\u00e7\u00e3o do mundo? Pois \u00e9, esse \u00e9 um assunto [&hellip;]<\/p>\n","protected":false},"author":2,"featured_media":0,"parent":0,"menu_order":0,"comment_status":"closed","ping_status":"closed","template":"","meta":{"footnotes":""},"_links":{"self":[{"href":"https:\/\/justlaser.com.br\/alugueldelasers\/wp-json\/wp\/v2\/pages\/3420"}],"collection":[{"href":"https:\/\/justlaser.com.br\/alugueldelasers\/wp-json\/wp\/v2\/pages"}],"about":[{"href":"https:\/\/justlaser.com.br\/alugueldelasers\/wp-json\/wp\/v2\/types\/page"}],"author":[{"embeddable":true,"href":"https:\/\/justlaser.com.br\/alugueldelasers\/wp-json\/wp\/v2\/users\/2"}],"replies":[{"embeddable":true,"href":"https:\/\/justlaser.com.br\/alugueldelasers\/wp-json\/wp\/v2\/comments?post=3420"}],"version-history":[{"count":0,"href":"https:\/\/justlaser.com.br\/alugueldelasers\/wp-json\/wp\/v2\/pages\/3420\/revisions"}],"wp:attachment":[{"href":"https:\/\/justlaser.com.br\/alugueldelasers\/wp-json\/wp\/v2\/media?parent=3420"}],"curies":[{"name":"wp","href":"https:\/\/api.w.org\/{rel}","templated":true}]}}