{"id":3422,"date":"2023-02-20T09:29:34","date_gmt":"2023-02-20T12:29:34","guid":{"rendered":"https:\/\/justlaser.com.br\/alugueldelasers\/?page_id=3422"},"modified":"2023-02-20T09:32:02","modified_gmt":"2023-02-20T12:32:02","slug":"qual-o-melhor-aparelho-de-depilacao-a-laser","status":"publish","type":"page","link":"https:\/\/justlaser.com.br\/alugueldelasers\/qual-o-melhor-laser-de-depilacao-do-mundo\/qual-o-melhor-aparelho-de-depilacao-a-laser\/","title":{"rendered":"Qual o melhor aparelho de depila\u00e7\u00e3o a laser?"},"content":{"rendered":"<h1>Qual o melhor aparelho de depila\u00e7\u00e3o a laser?<\/h1>\n<p>Pois \u00e9, esse \u00e9 um assunto pol\u00eamico e complicado: qual o <a href=\"https:\/\/justlaser.com.br\/alugueldelasers\/qual-o-melhor-laser-de-depilacao-do-mundo\">melhor laser de depila\u00e7\u00e3o do mundo<\/a> ?\u00a0 Causa respostas e brigas em todos congressos m\u00e9dicos e de laser pelo mundo todo<\/p>\n<p>Mas o fato incontest\u00e1vel \u00e9 que ainda o velho e bom LightSheer\u00a0 ainda se destaca, mesmo D\u00c9CADAS ap\u00f3s seu lan\u00e7amento. Mesmo com v\u00e1rios novos produtos, como ZION, Sopranos diversos, ND-yags, LEDS, Alexandrites 755nm, e etc&#8230;<\/p>\n<div data-pm-slice=\"1 1 []\" data-en-clipboard=\"true\"><i>Depila\u00e7\u00e3o a laser \u00e9 um procedimento que tem ganhado popularidade nos \u00faltimos anos devido \u00e0 sua efic\u00e1cia e conveni\u00eancia. Muitas pessoas que consideram a depila\u00e7\u00e3o a laser acabam se deparando com uma escolha dif\u00edcil: alugar um aparelho ou compr\u00e1-lo. Neste artigo, discutiremos as vantagens do aluguel de laser para depila\u00e7\u00e3o a laser em vez da compra. Al\u00e9m disso, apresentaremos os 7 melhores aparelhos de depila\u00e7\u00e3o a laser para loca\u00e7\u00e3o em S\u00e3o Paulo.<\/i><\/div>\n<h2><span style=\"font-size: 14pt;\"><i>Por que alugar um aparelho de depila\u00e7\u00e3o a laser?<\/i><\/span><\/h2>\n<div><i>Existem muitas vantagens em alugar um aparelho de depila\u00e7\u00e3o a laser em vez de compr\u00e1-lo. Aqui est\u00e3o algumas delas:<\/i><\/div>\n<div><\/div>\n<ol>\n<li>\n<div><i>Custo: O custo de um aparelho de depila\u00e7\u00e3o a laser pode ser bastante alto. Alugando um aparelho, voc\u00ea pode desfrutar dos benef\u00edcios da depila\u00e7\u00e3o a laser sem o alto custo de compra.<\/i><\/div>\n<\/li>\n<li>\n<div><i>Conveni\u00eancia: Alugar um aparelho de depila\u00e7\u00e3o a laser \u00e9 conveniente, pois voc\u00ea pode us\u00e1-lo em casa, sem precisar se deslocar at\u00e9 uma cl\u00ednica de est\u00e9tica.<\/i><\/div>\n<\/li>\n<li>\n<div><i>Flexibilidade: Ao alugar um aparelho de depila\u00e7\u00e3o a laser, voc\u00ea pode us\u00e1-lo no seu pr\u00f3prio tempo e ritmo, em vez de se ajustar aos hor\u00e1rios dispon\u00edveis em uma cl\u00ednica de est\u00e9tica.<\/i><\/div>\n<\/li>\n<li>\n<div><i>Variedade: H\u00e1 uma grande variedade de aparelhos de depila\u00e7\u00e3o a laser dispon\u00edveis para aluguel, o que permite que voc\u00ea escolha um que atenda \u00e0s suas necessidades espec\u00edficas.<\/i><\/div>\n<\/li>\n<\/ol>\n<div><\/div>\n<div><i>Os 7 melhores aparelhos de depila\u00e7\u00e3o a laser (para loca\u00e7\u00e3o) em S\u00e3o Paulo<\/i><\/div>\n<div><\/div>\n<div><i>Se voc\u00ea decidiu que o aluguel de um aparelho de depila\u00e7\u00e3o a laser \u00e9 a escolha certa para voc\u00ea, aqui est\u00e3o os 7\u00a0 melhores aparelhos de depila\u00e7\u00e3o a laser para loca\u00e7\u00e3o em S\u00e3o Paulo.<\/i><\/div>\n<div><\/div>\n<ol>\n<li>\n<div><i><strong>Laser Diodo Soprano:<\/strong> Este aparelho utiliza tecnologia de laser de diodo para remover os pelos com efic\u00e1cia. \u00c9 adequado para todos os tipos de pele e \u00e9 f\u00e1cil de usar em casa.<\/i><\/div>\n<\/li>\n<li>\n<div><i><strong>Laser Light Sheer<\/strong>: Este aparelho, antigo mas ainda eficaz,\u00a0 tamb\u00e9m utiliza tecnologia de laser de diodo para remover os pelos com efic\u00e1cia. \u00c9 especialmente indicado para peles claras e cabelos escuros.<\/i><\/div>\n<\/li>\n<li>\n<div><i><strong>Laser Milesman Premium, espanhol.<\/strong>\u00a0 Este aparelho utiliza tecnologia de laser de diodo de alta pot\u00eancia, o que significa que pode remover os pelos de forma eficaz em menos sess\u00f5es.<\/i><\/div>\n<\/li>\n<li>\n<div><i><strong>Plataforma\u00a0 Etherea<\/strong> : Este aparelho utiliza tecnologia de laser de luz pulsada intensa (IPL) para remover os pelos. \u00c9 adequado para todos os tipos de pele e \u00e9 f\u00e1cil de usar em casa. Tem ainda a ponteira de 1064nm pulso longo, perfeita para peles escura e negras. <\/i><\/div>\n<\/li>\n<li>\n<div><i><strong>Laser Soprano Titanium<\/strong>: Este aparelho utiliza tecnologia de laser de diodo de alta pot\u00eancia e \u00e9 adequado para todos os tipos de pele. \u00c9 f\u00e1cil de usar em casa e pode remover os pelos com efic\u00e1cia em menos sess\u00f5es.<\/i><\/div>\n<\/li>\n<li>\n<div><i><strong>Laser Vectus:<\/strong> Este aparelho utiliza tecnologia de laser de diodo para remover os pelos com efic\u00e1cia. \u00c9 adequado para todos os tipos de pele e \u00e9 f\u00e1cil de usar em casa.<\/i><\/div>\n<\/li>\n<li>\n<div><i><strong>Aparelho LED 810nm\u00a0 ZION<\/strong>\u00a0:\u00a0 Lan\u00e7ado em 2023, pela inovadora Chromatic, este aparelho utiliza tecnologia de LED no comprimento de 814 nm, id\u00eantico ao de diodo de alta pot\u00eancia, o que significa que pode remover os pelos de forma definitiva como os lideres do mercado. <\/i><\/div>\n<\/li>\n<\/ol>\n<div><\/div>\n","protected":false},"excerpt":{"rendered":"<p>Qual o melhor aparelho de depila\u00e7\u00e3o a laser? Pois \u00e9, esse \u00e9 um assunto [&hellip;]<\/p>\n","protected":false},"author":2,"featured_media":0,"parent":3420,"menu_order":0,"comment_status":"closed","ping_status":"closed","template":"","meta":{"footnotes":""},"_links":{"self":[{"href":"https:\/\/justlaser.com.br\/alugueldelasers\/wp-json\/wp\/v2\/pages\/3422"}],"collection":[{"href":"https:\/\/justlaser.com.br\/alugueldelasers\/wp-json\/wp\/v2\/pages"}],"about":[{"href":"https:\/\/justlaser.com.br\/alugueldelasers\/wp-json\/wp\/v2\/types\/page"}],"author":[{"embeddable":true,"href":"https:\/\/justlaser.com.br\/alugueldelasers\/wp-json\/wp\/v2\/users\/2"}],"replies":[{"embeddable":true,"href":"https:\/\/justlaser.com.br\/alugueldelasers\/wp-json\/wp\/v2\/comments?post=3422"}],"version-history":[{"count":0,"href":"https:\/\/justlaser.com.br\/alugueldelasers\/wp-json\/wp\/v2\/pages\/3422\/revisions"}],"up":[{"embeddable":true,"href":"https:\/\/justlaser.com.br\/alugueldelasers\/wp-json\/wp\/v2\/pages\/3420"}],"wp:attachment":[{"href":"https:\/\/justlaser.com.br\/alugueldelasers\/wp-json\/wp\/v2\/media?parent=3422"}],"curies":[{"name":"wp","href":"https:\/\/api.w.org\/{rel}","templated":true}]}}