{"id":3429,"date":"2023-02-20T09:47:33","date_gmt":"2023-02-20T12:47:33","guid":{"rendered":"https:\/\/justlaser.com.br\/alugueldelasers\/?page_id=3429"},"modified":"2023-02-20T09:47:33","modified_gmt":"2023-02-20T12:47:33","slug":"remocao-de-sobrancelha-com-aparelho-laser-inkie","status":"publish","type":"page","link":"https:\/\/justlaser.com.br\/alugueldelasers\/remocao-de-sobrancelha-com-aparelho-laser-inkie\/","title":{"rendered":"Remo\u00e7\u00e3o de sobrancelha com aparelho laser Inkie"},"content":{"rendered":"<h1>Remo\u00e7\u00e3o de sobrancelha com aparelho laser Inkie<\/h1>\n<p><strong><em>Remo\u00e7\u00e3o de sobrancelha com aparelho laser Inkie, que ficou famoso em 2023 com a ado\u00e7\u00e3o do Inkie pela Blogueira <a href=\"https:\/\/www.nataliabeautybio.com.br\/\" target=\"_blank\" rel=\"noopener\">Natalia Beauty<\/a><\/em><\/strong><\/p>\n<p>O aparelho Inkie para remo\u00e7\u00e3o de tatuagem da sobrancelha explodiu em 2023 com os posts da Influencer Natalia Beauty, e com eles, a procura pela loca\u00e7\u00e3o da m\u00e1quina!<\/p>\n<h2><span style=\"font-size: 14pt;\">Como funciona a remo\u00e7\u00e3o de sobrancelha com aparelho laser Inkie ?<img decoding=\"async\" class=\"size-fusion-600 wp-image-3430 alignright\" src=\"https:\/\/justlaser.com.br\/alugueldelasers\/wp-content\/uploads\/2023\/02\/inkie-laser-aparelho-de-remocao-de-sobrancelha-600x491.png\" alt=\"inkie remocao sobrancelha \" width=\"600\" height=\"491\" title=\"\" srcset=\"https:\/\/justlaser.com.br\/alugueldelasers\/wp-content\/uploads\/2023\/02\/inkie-laser-aparelho-de-remocao-de-sobrancelha-200x164.png 200w, https:\/\/justlaser.com.br\/alugueldelasers\/wp-content\/uploads\/2023\/02\/inkie-laser-aparelho-de-remocao-de-sobrancelha-300x245.png 300w, https:\/\/justlaser.com.br\/alugueldelasers\/wp-content\/uploads\/2023\/02\/inkie-laser-aparelho-de-remocao-de-sobrancelha-400x327.png 400w, https:\/\/justlaser.com.br\/alugueldelasers\/wp-content\/uploads\/2023\/02\/inkie-laser-aparelho-de-remocao-de-sobrancelha-500x409.png 500w, https:\/\/justlaser.com.br\/alugueldelasers\/wp-content\/uploads\/2023\/02\/inkie-laser-aparelho-de-remocao-de-sobrancelha-600x491.png 600w, https:\/\/justlaser.com.br\/alugueldelasers\/wp-content\/uploads\/2023\/02\/inkie-laser-aparelho-de-remocao-de-sobrancelha-700x573.png 700w, https:\/\/justlaser.com.br\/alugueldelasers\/wp-content\/uploads\/2023\/02\/inkie-laser-aparelho-de-remocao-de-sobrancelha-768x628.png 768w, https:\/\/justlaser.com.br\/alugueldelasers\/wp-content\/uploads\/2023\/02\/inkie-laser-aparelho-de-remocao-de-sobrancelha-800x655.png 800w, https:\/\/justlaser.com.br\/alugueldelasers\/wp-content\/uploads\/2023\/02\/inkie-laser-aparelho-de-remocao-de-sobrancelha-1024x838.png 1024w, https:\/\/justlaser.com.br\/alugueldelasers\/wp-content\/uploads\/2023\/02\/inkie-laser-aparelho-de-remocao-de-sobrancelha.png 1100w\" sizes=\"(max-width: 600px) 100vw, 600px\" \/><\/span><\/h2>\n<p>O Inkie \u00e9 um aparelho de remo\u00e7\u00e3o de tatuagem a laser que tem sido cada vez mais utilizado no mercado.<\/p>\n<p>O Inkie \u00e9 um aparelho de laser Nd: YAG de pulso duplo que pode fornecer energia laser em dois comprimentos de onda diferentes: 1064 nm e 532 nm.<\/p>\n<p>Esses dois comprimentos de onda permitem que o aparelho Inkie segmente com precis\u00e3o uma ampla variedade de cores de tatuagens.<\/p>\n<p>O aparelho Inkie tamb\u00e9m \u00e9 altamente personaliz\u00e1vel. O m\u00e9dico ou t\u00e9cnico de laser pode ajustar a intensidade do laser de acordo com o tipo de pele e cor da tatuagem do paciente. Isso significa que o aparelho Inkie \u00e9 uma op\u00e7\u00e3o segura e eficaz para uma ampla variedade de pacientes.<\/p>\n<p>&nbsp;<\/p>\n<h3>Vantagens da loca\u00e7\u00e3o de m\u00e1quinas de remo\u00e7\u00e3o de tatuagem de sobrancelha INKIE<\/h3>\n<p>A loca\u00e7\u00e3o de <a href=\"https:\/\/clinicawulkan.com.br\/remocao-de-tatuagem-a-laser-em-sao-paulo\/\" target=\"_blank\" rel=\"noopener\">m\u00e1quinas de remo\u00e7\u00e3o de tatuagem<\/a> pode ser uma op\u00e7\u00e3o vantajosa para profissionais de beleza e cl\u00ednicas de est\u00e9tica que desejam adicionar servi\u00e7os de remo\u00e7\u00e3o de tatuagem \u00e0 sua lista de servi\u00e7os. H\u00e1 v\u00e1rias vantagens em alugar uma m\u00e1quina de remo\u00e7\u00e3o de tatuagem em vez de compr\u00e1-la.<\/p>\n<p>As tatuagens s\u00e3o uma forma popular de express\u00e3o art\u00edstica, mas muitas pessoas mudam de ideia sobre as suas tatuagens ao longo do tempo. Felizmente, a tecnologia de remo\u00e7\u00e3o de tatuagens a laser pode ajudar a remover tatuagens indesejadas com seguran\u00e7a e efic\u00e1cia. Neste artigo, vamos explorar como funciona a remo\u00e7\u00e3o de tatuagens a laser e por que \u00e9 uma op\u00e7\u00e3o popular para quem deseja remover tatuagens.<\/p>\n<h4>Como funciona a remo\u00e7\u00e3o de tatuagem a laser?<\/h4>\n<p>A remo\u00e7\u00e3o de tatuagem a laser funciona atrav\u00e9s da entrega de pulsos de luz intensa na tinta da tatuagem. Esses pulsos de luz aquecem a tinta da tatuagem, que \u00e9 ent\u00e3o quebrada em part\u00edculas menores. O sistema imunol\u00f3gico do corpo pode ent\u00e3o remover essas part\u00edculas menores.<\/p>\n<p>\u00c9 importante observar que a remo\u00e7\u00e3o de tatuagem a laser n\u00e3o \u00e9 um processo r\u00e1pido. O n\u00famero de sess\u00f5es necess\u00e1rias para remover uma tatuagem varia dependendo do tamanho e cor da tatuagem, bem como do tipo de pele do paciente. \u00c9 poss\u00edvel que sejam necess\u00e1rias v\u00e1rias sess\u00f5es para obter o resultado desejado.<\/p>\n<p>Por que a remo\u00e7\u00e3o de tatuagem a laser \u00e9 uma op\u00e7\u00e3o popular?<\/p>\n<p>A remo\u00e7\u00e3o de tatuagem a laser \u00e9 uma op\u00e7\u00e3o popular porque \u00e9 eficaz, segura e relativamente n\u00e3o invasiva. Em compara\u00e7\u00e3o com outras op\u00e7\u00f5es de remo\u00e7\u00e3o de tatuagens, como a remo\u00e7\u00e3o cir\u00fargica, a remo\u00e7\u00e3o a laser geralmente tem menos efeitos colaterais e um tempo de recupera\u00e7\u00e3o mais curto.<\/p>\n<p>Al\u00e9m disso, a remo\u00e7\u00e3o de tatuagem a laser \u00e9 capaz de remover tatuagens em uma ampla variedade de cores. A tecnologia de laser moderna \u00e9 capaz de segmentar com precis\u00e3o a tinta da tatuagem, independentemente da cor.<\/p>\n<p>&nbsp;<\/p>\n<h2><strong>Regulamenta\u00e7\u00e3o e legisla\u00e7\u00e3o espec\u00edfica devem ser seguidas<\/strong><\/h2>\n<p>\u00c9 importante entendermos aqui quais os estabelecimentos podem oferecer tanto os procedimentos de confec\u00e7\u00e3o do desenho quanto os de\u00a0<strong>remo\u00e7\u00e3o da micropigmenta\u00e7\u00e3o a laser<\/strong>. Al\u00e9m de quais s\u00e3o os profissionais aptos a execut\u00e1-los.<\/p>\n<p>Aparelhos m\u00e9dicos e de est\u00e9tica devem atender aos requisitos legais vigentes em todo o territ\u00f3rio brasileiro. A\u00a0<a href=\"https:\/\/www.gov.br\/anvisa\/pt-br\" target=\"_blank\" rel=\"noopener\">Ag\u00eancia Nacional de Vigil\u00e2ncia Sanit\u00e1ria \u2013 ANVISA<\/a>, \u00e9 o \u00f3rg\u00e3o respons\u00e1vel por fiscalizar os estabelecimentos na \u00e1rea da sa\u00fade e validar a venda dos equipamentos fabricados no Brasil. Ou seja, tanto as cl\u00ednicas quanto os aparelhos devem seguir as determina\u00e7\u00f5es legais impostas pelo \u00f3rg\u00e3o.<\/p>\n<p>Quanto \u00e0 atribui\u00e7\u00e3o de quais s\u00e3o os profissionais est\u00e3o aptos a manusear os\u00a0equipamentos\u00a0m\u00e9dicos e est\u00e9ticos, incluindo aqueles voltados para\u00a0<strong>remo\u00e7\u00e3o de micropigmenta\u00e7\u00e3o a laser<\/strong>, a ag\u00eancia reguladora transfere a responsabilidade para os fabricantes dos produtos.<\/p>\n<p>Ou seja, s\u00e3o as empresas que fabricam os equipamentos est\u00e9ticos que dever\u00e3o identificar no manual de instru\u00e7\u00e3o de uso do produto qual profissional da sa\u00fade poder\u00e1 operar o aparelho, bem como qual a habilita\u00e7\u00e3o \u00e9 obrigat\u00f3ria que ele tenha. Caso o documento n\u00e3o apresente claramente essas informa\u00e7\u00f5es, \u00e9 necess\u00e1rio entrar em contato com os conselhos de classes dos profissionais de sa\u00fade para uma consulta ou solicitar no\u00a0<a href=\"https:\/\/www.gov.br\/anvisa\/pt-br\/canais_atendimento\" target=\"_blank\" rel=\"noopener\">canal de atendimento da ANVISA<\/a>.<\/p>\n<p>Independente de qual a classe profissional \u00e9 habilitada para manusear o equipamento, para todas elas \u00e9 indispens\u00e1vel ter um n\u00edvel de conhecimento t\u00e9cnico e pr\u00e1tico sobre o procedimento e tudo que est\u00e1 relacionado a ele. Normalmente, \u00e9 exigida gradua\u00e7\u00e3o e\/ou p\u00f3s-gradua\u00e7\u00e3o na \u00e1rea, al\u00e9m de estar de acordo com normas espec\u00edficas do conselho de classe.<\/p>\n<h2><strong>Conhecimento t\u00e9cnico-pr\u00e1tico \u00e9 fundamental para operar equipamentos m\u00e9dicos e est\u00e9ticos como Inkie<\/strong><\/h2>\n<p>Somente um profissional capacitado, que entende do funcionamento do organismo humano, conseguir\u00e1 fazer uma avalia\u00e7\u00e3o cl\u00ednica precisa no paciente, identificando a sa\u00fade e caracter\u00edsticas da pele e pelos onde ser\u00e1 feita a\u00a0<strong>remo\u00e7\u00e3o de micropigmenta\u00e7\u00e3o a laser<\/strong>, descartando problemas de sa\u00fade e probabilidade de complica\u00e7\u00f5es ao longo do tratamento.<\/p>\n<p>Essa capacita\u00e7\u00e3o ser\u00e1 fundamental, tamb\u00e9m, para que ele saiba identificar se o equipamento est\u00e1 funcionando da maneira correta, detectando poss\u00edveis irregularidades operacionais. Al\u00e9m de saber ao certo quais os par\u00e2metros devem ser programados na m\u00e1quina, como o c\u00e1lculo da energia e comprimento de onda necess\u00e1rios para determinado tratamento.<\/p>\n<p>Ficou claro, portanto, que nem todas as pessoas que atuam em\u00a0<em>cl\u00ednicas de est\u00e9tica e est\u00fadios de tatuagem<\/em>\u00a0podem ser respons\u00e1veis por realizar os procedimentos para\u00a0<strong>remo\u00e7\u00e3o de micropigmenta\u00e7\u00e3o a laser<\/strong>. \u00c9 necess\u00e1rio estar apto para tal fun\u00e7\u00e3o, de acordo com as habilita\u00e7\u00f5es exigidas pelos fabricantes dos equipamentos, bem como legisla\u00e7\u00f5es nacionais.<\/p>\n<p>&nbsp;<\/p>\n<p>&nbsp;<\/p>\n","protected":false},"excerpt":{"rendered":"<p>Remo\u00e7\u00e3o de sobrancelha com aparelho laser Inkie Remo\u00e7\u00e3o de sobrancelha com aparelho laser Inkie, [&hellip;]<\/p>\n","protected":false},"author":2,"featured_media":0,"parent":0,"menu_order":0,"comment_status":"closed","ping_status":"closed","template":"","meta":{"footnotes":""},"_links":{"self":[{"href":"https:\/\/justlaser.com.br\/alugueldelasers\/wp-json\/wp\/v2\/pages\/3429"}],"collection":[{"href":"https:\/\/justlaser.com.br\/alugueldelasers\/wp-json\/wp\/v2\/pages"}],"about":[{"href":"https:\/\/justlaser.com.br\/alugueldelasers\/wp-json\/wp\/v2\/types\/page"}],"author":[{"embeddable":true,"href":"https:\/\/justlaser.com.br\/alugueldelasers\/wp-json\/wp\/v2\/users\/2"}],"replies":[{"embeddable":true,"href":"https:\/\/justlaser.com.br\/alugueldelasers\/wp-json\/wp\/v2\/comments?post=3429"}],"version-history":[{"count":0,"href":"https:\/\/justlaser.com.br\/alugueldelasers\/wp-json\/wp\/v2\/pages\/3429\/revisions"}],"wp:attachment":[{"href":"https:\/\/justlaser.com.br\/alugueldelasers\/wp-json\/wp\/v2\/media?parent=3429"}],"curies":[{"name":"wp","href":"https:\/\/api.w.org\/{rel}","templated":true}]}}