{"id":3453,"date":"2023-02-28T06:58:50","date_gmt":"2023-02-28T09:58:50","guid":{"rendered":"https:\/\/justlaser.com.br\/alugueldelasers\/?page_id=3453"},"modified":"2023-02-28T07:40:37","modified_gmt":"2023-02-28T10:40:37","slug":"depilacao-a-laser-zyon","status":"publish","type":"page","link":"https:\/\/justlaser.com.br\/alugueldelasers\/depilacao-a-laser-zyon\/","title":{"rendered":"Depilacao a laser Zyon"},"content":{"rendered":"<h1>Depila\u00e7\u00e3o a laser Zyon<\/h1>\n<p><span data-contrast=\"auto\">O aparelho de depila\u00e7\u00e3o a laser LED ZYON \u00e9 um aparelho de depila\u00e7\u00e3o definitiva, que emite um feixe preciso de 808-810nm, com pico em 809,5nm.<\/span><\/p>\n<p>Ser\u00e1 que ZYON vai se transformar no novo <a href=\"https:\/\/lumenis.com\/aesthetics\/products\/lightsheer-duet\/\" target=\"_blank\" rel=\"noopener\">LightSheer ET<\/a> ?\u00a0 Mais r\u00e1pido, barato e t\u00e3o eficaz quanto ?<\/p>\n<h2><span data-ccp-props=\"{&quot;201341983&quot;:0,&quot;335559739&quot;:160,&quot;335559740&quot;:259}\">Aparelhos de depila\u00e7\u00e3o\u00a0<\/span><\/h2>\n<p><span data-contrast=\"auto\">O universo de depila\u00e7\u00e3o a laser est\u00e1 em constante evolu\u00e7\u00e3o. O aparecimento das novas tecnologias a LED trouxe novidades para um universo dos lasers de diodo 810nm e Alexandrite 755nm, j\u00e1 saturados de m\u00e1quinas pela \u00faltima d\u00e9cada. <\/span><span data-ccp-props=\"{&quot;201341983&quot;:0,&quot;335559739&quot;:160,&quot;335559740&quot;:259}\">\u00a0<\/span><\/p>\n<p><span data-contrast=\"auto\">Novo aparelho produzido agora no Brasil da empresa Cromatic, conhecido pelo nome de ZYON (Zion) no Brasil promete revolucionar o mercado de lasers para depila\u00e7\u00e3o. Com um LED com pico de absor\u00e7\u00e3o em 809 a 810 nan\u00f4metros, exatamente igual do querido Lightsheer. <\/span><span data-ccp-props=\"{&quot;134233117&quot;:false,&quot;134233118&quot;:false,&quot;201341983&quot;:0,&quot;335551550&quot;:1,&quot;335551620&quot;:1,&quot;335559685&quot;:0,&quot;335559737&quot;:0,&quot;335559738&quot;:0,&quot;335559739&quot;:160,&quot;335559740&quot;:259}\">\u00a0<\/span><\/p>\n<h3><span data-ccp-props=\"{&quot;134233117&quot;:false,&quot;134233118&quot;:false,&quot;201341983&quot;:0,&quot;335551550&quot;:1,&quot;335551620&quot;:1,&quot;335559685&quot;:0,&quot;335559737&quot;:0,&quot;335559738&quot;:0,&quot;335559739&quot;:160,&quot;335559740&quot;:259}\">\u00a0Novidades do ZYON<\/span><\/h3>\n<p><span data-contrast=\"auto\">Ponteira super-resfriada, n\u00famero de disparos quase ilimitado, na casa das dezenas de milh\u00f5es por l\u00e2mpada, o ZYON pode se pegar aqui realmente ajudar a fomentar o mercado de depila\u00e7\u00e3o a laser. <\/span><span data-ccp-props=\"{&quot;134233117&quot;:false,&quot;134233118&quot;:false,&quot;201341983&quot;:0,&quot;335551550&quot;:1,&quot;335551620&quot;:1,&quot;335559685&quot;:0,&quot;335559737&quot;:0,&quot;335559738&quot;:0,&quot;335559739&quot;:160,&quot;335559740&quot;:259}\">\u00a0<\/span><\/p>\n<p><span data-ccp-props=\"{&quot;134233117&quot;:false,&quot;134233118&quot;:false,&quot;201341983&quot;:0,&quot;335551550&quot;:1,&quot;335551620&quot;:1,&quot;335559685&quot;:0,&quot;335559737&quot;:0,&quot;335559738&quot;:0,&quot;335559739&quot;:160,&quot;335559740&quot;:259}\"> <img decoding=\"async\" class=\"aligncenter wp-image-3457 size-full\" title=\"depila\u00e7\u00e3o laser ZYON\" src=\"https:\/\/justlaser.com.br\/alugueldelasers\/wp-content\/uploads\/2023\/02\/como-funciona-o-zyon.png\" alt=\"depila\u00e7\u00e3o laser ZYON\" width=\"902\" height=\"517\" srcset=\"https:\/\/justlaser.com.br\/alugueldelasers\/wp-content\/uploads\/2023\/02\/como-funciona-o-zyon-200x115.png 200w, https:\/\/justlaser.com.br\/alugueldelasers\/wp-content\/uploads\/2023\/02\/como-funciona-o-zyon-300x172.png 300w, https:\/\/justlaser.com.br\/alugueldelasers\/wp-content\/uploads\/2023\/02\/como-funciona-o-zyon-400x229.png 400w, https:\/\/justlaser.com.br\/alugueldelasers\/wp-content\/uploads\/2023\/02\/como-funciona-o-zyon-500x287.png 500w, https:\/\/justlaser.com.br\/alugueldelasers\/wp-content\/uploads\/2023\/02\/como-funciona-o-zyon-600x344.png 600w, https:\/\/justlaser.com.br\/alugueldelasers\/wp-content\/uploads\/2023\/02\/como-funciona-o-zyon-700x401.png 700w, https:\/\/justlaser.com.br\/alugueldelasers\/wp-content\/uploads\/2023\/02\/como-funciona-o-zyon-768x440.png 768w, https:\/\/justlaser.com.br\/alugueldelasers\/wp-content\/uploads\/2023\/02\/como-funciona-o-zyon-800x459.png 800w, https:\/\/justlaser.com.br\/alugueldelasers\/wp-content\/uploads\/2023\/02\/como-funciona-o-zyon.png 902w\" sizes=\"(max-width: 902px) 100vw, 902px\" \/><\/span><\/p>\n<h2><span data-contrast=\"auto\">Sistema exclusivo de<\/span><span data-ccp-props=\"{&quot;134233117&quot;:false,&quot;134233118&quot;:false,&quot;201341983&quot;:0,&quot;335551550&quot;:1,&quot;335551620&quot;:1,&quot;335559685&quot;:0,&quot;335559737&quot;:0,&quot;335559738&quot;:0,&quot;335559739&quot;:160,&quot;335559740&quot;:259}\">\u00a0depila\u00e7\u00e3o a laser ZYON<\/span><\/h2>\n<p><span data-contrast=\"auto\">System Double Cooling + estabilidade no resfriamento da ponteira (se mant\u00e9m resfriado durante a aplica\u00e7\u00e3o), resultando em maior conforto e prote\u00e7\u00e3o.<\/span><span data-ccp-props=\"{&quot;134233117&quot;:false,&quot;134233118&quot;:false,&quot;201341983&quot;:0,&quot;335551550&quot;:1,&quot;335551620&quot;:1,&quot;335559685&quot;:0,&quot;335559737&quot;:0,&quot;335559738&quot;:0,&quot;335559739&quot;:160,&quot;335559740&quot;:259}\">\u00a0<\/span><\/p>\n<p><span data-ccp-props=\"{&quot;134233117&quot;:false,&quot;134233118&quot;:false,&quot;201341983&quot;:0,&quot;335551550&quot;:1,&quot;335551620&quot;:1,&quot;335559685&quot;:0,&quot;335559737&quot;:0,&quot;335559738&quot;:0,&quot;335559739&quot;:160,&quot;335559740&quot;:259}\">\u00a0<\/span><span data-contrast=\"auto\">Exclusiva personaliza\u00e7\u00e3o de pulsos (FRACTIONAL PULSE) + seguran\u00e7a para tratar\u00a0 fototipos altos e pele bronzeada.<\/span><span data-ccp-props=\"{&quot;134233117&quot;:false,&quot;134233118&quot;:false,&quot;201341983&quot;:0,&quot;335551550&quot;:1,&quot;335551620&quot;:1,&quot;335559685&quot;:0,&quot;335559737&quot;:0,&quot;335559738&quot;:0,&quot;335559739&quot;:160,&quot;335559740&quot;:259}\">\u00a0<\/span><\/p>\n<p><span data-contrast=\"auto\">Smart Program, maior taxa de elimina\u00e7\u00e3o dos pelos ao longo do tratamento.<\/span><span data-ccp-props=\"{&quot;134233117&quot;:false,&quot;134233118&quot;:false,&quot;201341983&quot;:0,&quot;335551550&quot;:1,&quot;335551620&quot;:1,&quot;335559685&quot;:0,&quot;335559737&quot;:0,&quot;335559738&quot;:0,&quot;335559739&quot;:160,&quot;335559740&quot;:259}\">\u00a0<\/span><\/p>\n<h3><a href=\"https:\/\/justlaser.com.br\/alugueldelasers\/depilacao-a-laser-zyon\/locacao-do-zyon-para-depilacao\">Quer agendar uma loca\u00e7\u00e3o do ZYON para depila\u00e7\u00e3o?\u00a0<\/a><\/h3>\n<p><span class=\"TextRun SCXW116220997 BCX0\" lang=\"PT-BR\" xml:lang=\"PT-BR\" data-contrast=\"auto\"><span class=\"NormalTextRun SCXW116220997 BCX0\">Bom, se voc\u00ea precisa de treinamento ou de aluguel ou loca\u00e7\u00e3o de aparelhos para depila\u00e7\u00e3o a laser, n\u00e3o hesite em entrar em contato com a JUST <\/span><span class=\"NormalTextRun SCXW116220997 BCX0\">Laser, pioneira<\/span><span class=\"NormalTextRun SCXW116220997 BCX0\"> e inovadora, <\/span><span class=\"NormalTextRun SCXW116220997 BCX0\">nm<\/span><span class=\"NormalTextRun SCXW116220997 BCX0\"> mundo de loca\u00e7\u00e3o a laser.\u00a0<\/span><\/span><\/p>\n<p>Se precisar de orienta\u00e7\u00e3o quanto aos pre\u00e7os e formas como trabalhamos para o <a href=\"https:\/\/justlaser.com.br\/alugueldelasers\/depilacao-a-laser-zyon\/aluguel-do-zyon-para-depilacao\">aluguel do ZYON<\/a> para sua cl\u00ednica, entre agora em contato pelo whatsapp do site !!!<\/p>\n","protected":false},"excerpt":{"rendered":"<p>Depila\u00e7\u00e3o a laser Zyon O aparelho de depila\u00e7\u00e3o a laser LED ZYON \u00e9 um [&hellip;]<\/p>\n","protected":false},"author":2,"featured_media":0,"parent":0,"menu_order":0,"comment_status":"closed","ping_status":"closed","template":"","meta":{"footnotes":""},"_links":{"self":[{"href":"https:\/\/justlaser.com.br\/alugueldelasers\/wp-json\/wp\/v2\/pages\/3453"}],"collection":[{"href":"https:\/\/justlaser.com.br\/alugueldelasers\/wp-json\/wp\/v2\/pages"}],"about":[{"href":"https:\/\/justlaser.com.br\/alugueldelasers\/wp-json\/wp\/v2\/types\/page"}],"author":[{"embeddable":true,"href":"https:\/\/justlaser.com.br\/alugueldelasers\/wp-json\/wp\/v2\/users\/2"}],"replies":[{"embeddable":true,"href":"https:\/\/justlaser.com.br\/alugueldelasers\/wp-json\/wp\/v2\/comments?post=3453"}],"version-history":[{"count":0,"href":"https:\/\/justlaser.com.br\/alugueldelasers\/wp-json\/wp\/v2\/pages\/3453\/revisions"}],"wp:attachment":[{"href":"https:\/\/justlaser.com.br\/alugueldelasers\/wp-json\/wp\/v2\/media?parent=3453"}],"curies":[{"name":"wp","href":"https:\/\/api.w.org\/{rel}","templated":true}]}}