{"id":3458,"date":"2023-02-28T07:08:00","date_gmt":"2023-02-28T10:08:00","guid":{"rendered":"https:\/\/justlaser.com.br\/alugueldelasers\/?page_id=3458"},"modified":"2023-02-28T07:31:06","modified_gmt":"2023-02-28T10:31:06","slug":"locacao-do-zyon-para-depilacao","status":"publish","type":"page","link":"https:\/\/justlaser.com.br\/alugueldelasers\/depilacao-a-laser-zyon\/locacao-do-zyon-para-depilacao\/","title":{"rendered":"Loca\u00e7\u00e3o do ZYON para depila\u00e7\u00e3o"},"content":{"rendered":"<h1><span style=\"font-size: 18pt;\">Loca\u00e7\u00e3o do ZYON para depila\u00e7\u00e3o<\/span><\/h1>\n<p>Novidade em 2023, agora dispon\u00edvel a loca\u00e7\u00e3o do ZYON em S\u00e3o Paulo e arredores.<\/p>\n<h2><span style=\"font-size: 14pt;\">Como funciona a loca\u00e7\u00e3o de um aparelho de depila\u00e7\u00e3o Zion em S\u00e3o Paulo?\u00a0<\/span><\/h2>\n<p><span data-contrast=\"auto\">O aparelho de depila\u00e7\u00e3o Zyon revolucion\u00e1rio lan\u00e7ado em 2023 promete trazer tratamentos da mesma qualidade que o famoso Lightsheer, mais r\u00e1pido, com menos dor, t\u00e3o eficaz quanto e agora dispon\u00edvel para voc\u00ea aqui na grande S\u00e3o Paulo.<\/span><span data-ccp-props=\"{&quot;201341983&quot;:0,&quot;335559739&quot;:160,&quot;335559740&quot;:259}\">\u00a0<\/span><\/p>\n<p>Voc\u00ea podia pensar em <a href=\"https:\/\/justlaser.com.br\/alugueldelasers\/depilacao-a-laser-zyon\/aluguel-do-zyon-para-depilacao\">aluguel do ZYON.<\/a>..<\/p>\n<p><span data-ccp-props=\"{&quot;201341983&quot;:0,&quot;335559739&quot;:160,&quot;335559740&quot;:259}\">\u00a0<\/span><span data-ccp-props=\"{&quot;201341983&quot;:0,&quot;335559739&quot;:160,&quot;335559740&quot;:259}\"> <img decoding=\"async\" class=\"aligncenter size-full wp-image-3459\" src=\"https:\/\/justlaser.com.br\/alugueldelasers\/wp-content\/uploads\/2023\/02\/locacao-laser-led-depilacao-ZYON.png\" alt=\"loca\u00e7\u00e3o laser led depila\u00e7\u00e3o ZYON\" width=\"907\" height=\"502\" title=\"\" srcset=\"https:\/\/justlaser.com.br\/alugueldelasers\/wp-content\/uploads\/2023\/02\/locacao-laser-led-depilacao-ZYON-200x111.png 200w, https:\/\/justlaser.com.br\/alugueldelasers\/wp-content\/uploads\/2023\/02\/locacao-laser-led-depilacao-ZYON-300x166.png 300w, https:\/\/justlaser.com.br\/alugueldelasers\/wp-content\/uploads\/2023\/02\/locacao-laser-led-depilacao-ZYON-400x221.png 400w, https:\/\/justlaser.com.br\/alugueldelasers\/wp-content\/uploads\/2023\/02\/locacao-laser-led-depilacao-ZYON-500x277.png 500w, https:\/\/justlaser.com.br\/alugueldelasers\/wp-content\/uploads\/2023\/02\/locacao-laser-led-depilacao-ZYON-600x332.png 600w, https:\/\/justlaser.com.br\/alugueldelasers\/wp-content\/uploads\/2023\/02\/locacao-laser-led-depilacao-ZYON-700x387.png 700w, https:\/\/justlaser.com.br\/alugueldelasers\/wp-content\/uploads\/2023\/02\/locacao-laser-led-depilacao-ZYON-768x425.png 768w, https:\/\/justlaser.com.br\/alugueldelasers\/wp-content\/uploads\/2023\/02\/locacao-laser-led-depilacao-ZYON-800x443.png 800w, https:\/\/justlaser.com.br\/alugueldelasers\/wp-content\/uploads\/2023\/02\/locacao-laser-led-depilacao-ZYON.png 907w\" sizes=\"(max-width: 907px) 100vw, 907px\" \/><\/span><\/p>\n<p><span data-contrast=\"auto\">O laser LED ZYON \u00e9 um aparelho que emite um feixe preciso de 808-810nm, com pico em 809,50nm<\/span><span data-ccp-props=\"{&quot;201341983&quot;:0,&quot;335559739&quot;:160,&quot;335559740&quot;:259}\">\u00a0<\/span><\/p>\n<h3><span data-ccp-props=\"{&quot;201341983&quot;:0,&quot;335559739&quot;:160,&quot;335559740&quot;:259}\">\u00a0Zyon \u00e9 sin\u00f4nimo de tecnologia\u00a0<\/span><\/h3>\n<p><span style=\"font-weight: 300;\">O avan\u00e7o tecnol\u00f3gico resulta em desenvolvimento mecatr\u00f4nico, mantendo o conceito HIGH-TECH em design compacto, sofisticado e altamente funcional. Tudo isso, acompanhando as tend\u00eancias comportamentais da cliente moderna.\u00a0\u00a0\u00a0<\/span><\/p>\n<p><span data-contrast=\"auto\">O universo de depila\u00e7\u00e3o a laser est\u00e1 em constante evolu\u00e7\u00e3o. O aparecimento das novas tecnologias a LED trouxe novidades para um universo dos <a href=\"http:\/\/www1.candelamedical.com\/pt\" target=\"_blank\" rel=\"noopener\">lasers de diodo e Alexandrite<\/a>, j\u00e1 saturados de m\u00e1quinas pela \u00faltima d\u00e9cada. <\/span><span data-ccp-props=\"{&quot;201341983&quot;:0,&quot;335559739&quot;:160,&quot;335559740&quot;:259}\">\u00a0<\/span><\/p>\n<p><span data-contrast=\"auto\">Novo aparelho produzido agora no Brasil da empresa Cromatic, conhecido pelo nome de ZYON (Zion) no Brasil promete revolucionar o mercado de lasers para depila\u00e7\u00e3o. Com um LED com pico de absor\u00e7\u00e3o em 809 a 810 nan\u00f4metros, exatamente igual do querido Lightsheer. <\/span><span data-ccp-props=\"{&quot;134233117&quot;:false,&quot;134233118&quot;:false,&quot;201341983&quot;:0,&quot;335551550&quot;:1,&quot;335551620&quot;:1,&quot;335559685&quot;:0,&quot;335559737&quot;:0,&quot;335559738&quot;:0,&quot;335559739&quot;:160,&quot;335559740&quot;:259}\">\u00a0<\/span><\/p>\n<p><span data-ccp-props=\"{&quot;134233117&quot;:false,&quot;134233118&quot;:false,&quot;201341983&quot;:0,&quot;335551550&quot;:1,&quot;335551620&quot;:1,&quot;335559685&quot;:0,&quot;335559737&quot;:0,&quot;335559738&quot;:0,&quot;335559739&quot;:160,&quot;335559740&quot;:259}\"> <iframe src=\"\/\/www.youtube.com\/embed\/SUrfq4Xyr3w\" width=\"560\" height=\"314\" allowfullscreen=\"allowfullscreen\"><\/iframe><\/span><\/p>\n<p><span data-contrast=\"auto\">Ponteira super-resfriada, n\u00famero de disparos quase ilimitado, na casa das dezenas de milh\u00f5es por l\u00e2mpada, o ZYON pode se pegar aqui realmente ajudar a fomentar o mercado de depila\u00e7\u00e3o a laser. <\/span><span data-ccp-props=\"{&quot;134233117&quot;:false,&quot;134233118&quot;:false,&quot;201341983&quot;:0,&quot;335551550&quot;:1,&quot;335551620&quot;:1,&quot;335559685&quot;:0,&quot;335559737&quot;:0,&quot;335559738&quot;:0,&quot;335559739&quot;:160,&quot;335559740&quot;:259}\">\u00a0<\/span><\/p>\n<h3><a href=\"https:\/\/justlaser.com.br\/alugueldelasers\/depilacao-a-laser-zyon\/locacao-do-zyon-para-depilacao\">Quer agendar uma loca\u00e7\u00e3o do ZYON para depila\u00e7\u00e3o?<\/a><\/h3>\n<p><span class=\"TextRun SCXW116220997 BCX0\" lang=\"PT-BR\" xml:lang=\"PT-BR\" data-contrast=\"auto\"><span class=\"NormalTextRun SCXW116220997 BCX0\">Bom, se voc\u00ea precisa de treinamento ou de aluguel ou loca\u00e7\u00e3o de aparelhos para depila\u00e7\u00e3o a laser, n\u00e3o hesite em entrar em contato com a JUST <\/span><span class=\"NormalTextRun SCXW116220997 BCX0\">Laser, pioneira<\/span><span class=\"NormalTextRun SCXW116220997 BCX0\"> e inovadora, <\/span><span class=\"NormalTextRun SCXW116220997 BCX0\">nm<\/span><span class=\"NormalTextRun SCXW116220997 BCX0\"> mundo de loca\u00e7\u00e3o a laser.\u00a0<\/span><\/span><\/p>\n<p>Se precisar de orienta\u00e7\u00e3o quanto aos pre\u00e7os e formas como trabalhamos para o <a href=\"https:\/\/justlaser.com.br\/alugueldelasers\/depilacao-a-laser-zyon\/aluguel-do-zyon-para-depilacao\">aluguel do ZYON<\/a> para sua cl\u00ednica, entre agora em contato pelo whatsapp do site !!!<\/p>\n<p><span data-ccp-props=\"{&quot;134233117&quot;:false,&quot;134233118&quot;:false,&quot;201341983&quot;:0,&quot;335551550&quot;:1,&quot;335551620&quot;:1,&quot;335559685&quot;:0,&quot;335559737&quot;:0,&quot;335559738&quot;:0,&quot;335559739&quot;:160,&quot;335559740&quot;:259}\">\u00a0<\/span><\/p>\n","protected":false},"excerpt":{"rendered":"<p>Loca\u00e7\u00e3o do ZYON para depila\u00e7\u00e3o Novidade em 2023, agora dispon\u00edvel a loca\u00e7\u00e3o do ZYON [&hellip;]<\/p>\n","protected":false},"author":2,"featured_media":0,"parent":3453,"menu_order":0,"comment_status":"closed","ping_status":"closed","template":"","meta":{"footnotes":""},"_links":{"self":[{"href":"https:\/\/justlaser.com.br\/alugueldelasers\/wp-json\/wp\/v2\/pages\/3458"}],"collection":[{"href":"https:\/\/justlaser.com.br\/alugueldelasers\/wp-json\/wp\/v2\/pages"}],"about":[{"href":"https:\/\/justlaser.com.br\/alugueldelasers\/wp-json\/wp\/v2\/types\/page"}],"author":[{"embeddable":true,"href":"https:\/\/justlaser.com.br\/alugueldelasers\/wp-json\/wp\/v2\/users\/2"}],"replies":[{"embeddable":true,"href":"https:\/\/justlaser.com.br\/alugueldelasers\/wp-json\/wp\/v2\/comments?post=3458"}],"version-history":[{"count":0,"href":"https:\/\/justlaser.com.br\/alugueldelasers\/wp-json\/wp\/v2\/pages\/3458\/revisions"}],"up":[{"embeddable":true,"href":"https:\/\/justlaser.com.br\/alugueldelasers\/wp-json\/wp\/v2\/pages\/3453"}],"wp:attachment":[{"href":"https:\/\/justlaser.com.br\/alugueldelasers\/wp-json\/wp\/v2\/media?parent=3458"}],"curies":[{"name":"wp","href":"https:\/\/api.w.org\/{rel}","templated":true}]}}