{"id":3462,"date":"2023-02-28T07:19:46","date_gmt":"2023-02-28T10:19:46","guid":{"rendered":"https:\/\/justlaser.com.br\/alugueldelasers\/?page_id=3462"},"modified":"2023-02-28T07:32:49","modified_gmt":"2023-02-28T10:32:49","slug":"aluguel-do-zyon-para-depilacao","status":"publish","type":"page","link":"https:\/\/justlaser.com.br\/alugueldelasers\/depilacao-a-laser-zyon\/aluguel-do-zyon-para-depilacao\/","title":{"rendered":"Aluguel do ZYON para depila\u00e7\u00e3o"},"content":{"rendered":"<h1>Aluguel do ZYON para depila\u00e7\u00e3o<\/h1>\n<p><img decoding=\"async\" class=\"aligncenter size-large wp-image-3463\" src=\"https:\/\/justlaser.com.br\/alugueldelasers\/wp-content\/uploads\/2023\/02\/aluguel-do-Zyon-depilacao--1024x574.png\" alt=\"aluguel do Zyon depila\u00e7\u00e3o\" width=\"1024\" height=\"574\" title=\"\" srcset=\"https:\/\/justlaser.com.br\/alugueldelasers\/wp-content\/uploads\/2023\/02\/aluguel-do-Zyon-depilacao--200x112.png 200w, https:\/\/justlaser.com.br\/alugueldelasers\/wp-content\/uploads\/2023\/02\/aluguel-do-Zyon-depilacao--300x168.png 300w, https:\/\/justlaser.com.br\/alugueldelasers\/wp-content\/uploads\/2023\/02\/aluguel-do-Zyon-depilacao--400x224.png 400w, https:\/\/justlaser.com.br\/alugueldelasers\/wp-content\/uploads\/2023\/02\/aluguel-do-Zyon-depilacao--500x280.png 500w, https:\/\/justlaser.com.br\/alugueldelasers\/wp-content\/uploads\/2023\/02\/aluguel-do-Zyon-depilacao--600x337.png 600w, https:\/\/justlaser.com.br\/alugueldelasers\/wp-content\/uploads\/2023\/02\/aluguel-do-Zyon-depilacao--700x393.png 700w, https:\/\/justlaser.com.br\/alugueldelasers\/wp-content\/uploads\/2023\/02\/aluguel-do-Zyon-depilacao--768x431.png 768w, https:\/\/justlaser.com.br\/alugueldelasers\/wp-content\/uploads\/2023\/02\/aluguel-do-Zyon-depilacao--800x449.png 800w, https:\/\/justlaser.com.br\/alugueldelasers\/wp-content\/uploads\/2023\/02\/aluguel-do-Zyon-depilacao--1024x574.png 1024w, https:\/\/justlaser.com.br\/alugueldelasers\/wp-content\/uploads\/2023\/02\/aluguel-do-Zyon-depilacao-.png 1043w\" sizes=\"(max-width: 1024px) 100vw, 1024px\" \/><\/p>\n<p>&nbsp;<\/p>\n<p>Chegou a hora de pensar no aluguel do ZYON para sua cl\u00ednica. Depila\u00e7ao definitiva, no Brasil, em 2023, pode ser a hora de trazer o ZYON para sua empresa!<\/p>\n<p>R\u00e1pido, barato, pouco dolorido e provavelmente o mais potente laser LED 810 nm de depila\u00e7\u00e3o agora no Brasil.<\/p>\n<p>Saiba no video abaixo um pouco mais sobre a fabricante e importadora do incr\u00edvel aparelho de LED ZYON para depila\u00e7\u00e3o<\/p>\n<p><iframe src=\"\/\/www.youtube.com\/embed\/oT1httWCZuc\" width=\"560\" height=\"314\" allowfullscreen=\"allowfullscreen\"><\/iframe><\/p>\n<h2>Conhe\u00e7a os modos de a\u00e7\u00e3o no caso de aluguel do ZION , entenda mais sobre a m\u00e1quina<\/h2>\n<p>Modo SPEED ACTION (S.A)<br \/>\nNo modo SPEED ACTION s\u00e3o aplicadas energias menores, da ordem de 5 a 12J\/cm2 em altas frequ\u00eancias de 5 a 10Hz, de forma cont\u00ednua e em movimento dentro de uma \u00e1rea pr\u00e9-determinada, com o objetivo de promover a fototerm\u00f3lise volum\u00e9trica.<br \/>\nSugerimos a utiliza\u00e7\u00e3o do sistema PULSE CONTROL (controle de disparos \u2013 por \u00e1rea) e ENERGY ADDER (totalizador de energia &#8211; KJ) para<br \/>\num controle preciso da energia entregue por \u00e1rea e consequentemente, obten\u00e7\u00e3o de melhores resultados com seguran\u00e7a.<\/p>\n<h3>Indica\u00e7\u00e3o do modo SPEED ACTION na loca\u00e7\u00e3o do ZYON<\/h3>\n<p>01 Nas primeiras sess\u00f5es (maior massa de fol\u00edculos)<br \/>\n02 Fototipos altos (melhora a prote\u00e7\u00e3o da pele).<br \/>\n03 Pessoas com menor toler\u00e2ncia a dor e\/ou maior sensibilidade.<br \/>\n04 Pacientes com pelos mais grossos (exemplo: pernas).<br \/>\n05 Grandes \u00e1reas do corpo (pernas, costas, t\u00f3rax, abd\u00f4men, bra\u00e7os, gl\u00fateos&#8230;).<\/p>\n<h3>Modo ON-OFF<\/h3>\n<p>No modo ON-OFF as energias aplicadas s\u00e3o maiores e as frequ\u00eancias s\u00e3o menores 1Hz, com o objetivo de ocasionar a fototerm\u00f3lise pontual.<br \/>\nSugerimos a utiliza\u00e7\u00e3o do sistema FRACTIONAL PULSE (fracionamento do pulso\/dura\u00e7\u00e3o de pulso) em fototipos altos para oferecer maior<br \/>\nseguran\u00e7a.<\/p>\n<h3>Modo SPEED SLIDE (S.S) &#8211; para aluguel do ZYON<\/h3>\n<p>No modo SPEED SLIDE as energias aplicadas s\u00e3o maiores e as<br \/>\nfrequ\u00eancias s\u00e3o menores, estando na faixa de 2 a 3Hz, de forma cont\u00ednua<br \/>\ncom deslizamento unidirecional, com o objetivo de ocasionar a<br \/>\nfototerm\u00f3lise.<br \/>\nSugerimos a utiliza\u00e7\u00e3o do sistema FRACTIONAL PULSE (fracionamento<br \/>\ndo pulso\/dura\u00e7\u00e3o de pulso) em fototipos altos para oferecer maior<br \/>\nseguran\u00e7a.<\/p>\n<p>&nbsp;<\/p>\n<h3><a href=\"https:\/\/justlaser.com.br\/alugueldelasers\/depilacao-a-laser-zyon\/locacao-do-zyon-para-depilacao\">Quer agendar uma loca\u00e7\u00e3o do ZYON para depila\u00e7\u00e3o?<\/a><\/h3>\n<p><span class=\"TextRun SCXW116220997 BCX0\" lang=\"PT-BR\" xml:lang=\"PT-BR\" data-contrast=\"auto\"><span class=\"NormalTextRun SCXW116220997 BCX0\">Bom, se voc\u00ea precisa de treinamento ou de aluguel ou loca\u00e7\u00e3o de aparelhos para depila\u00e7\u00e3o a laser, n\u00e3o hesite em entrar em contato com a JUST <\/span><span class=\"NormalTextRun SCXW116220997 BCX0\">Laser, pioneira<\/span><span class=\"NormalTextRun SCXW116220997 BCX0\"> e inovadora, <\/span><span class=\"NormalTextRun SCXW116220997 BCX0\">nm<\/span><span class=\"NormalTextRun SCXW116220997 BCX0\"> mundo de loca\u00e7\u00e3o a laser.\u00a0<\/span><\/span><\/p>\n<p>Se precisar de orienta\u00e7\u00e3o quanto aos pre\u00e7os e formas como trabalhamos para o <a href=\"https:\/\/justlaser.com.br\/alugueldelasers\/depilacao-a-laser-zyon\/aluguel-do-zyon-para-depilacao\">aluguel do ZYON<\/a> para sua cl\u00ednica, entre agora em contato pelo whatsapp do site !!!<\/p>\n","protected":false},"excerpt":{"rendered":"<p>Aluguel do ZYON para depila\u00e7\u00e3o &nbsp; Chegou a hora de pensar no aluguel do [&hellip;]<\/p>\n","protected":false},"author":2,"featured_media":0,"parent":3453,"menu_order":0,"comment_status":"closed","ping_status":"closed","template":"","meta":{"footnotes":""},"_links":{"self":[{"href":"https:\/\/justlaser.com.br\/alugueldelasers\/wp-json\/wp\/v2\/pages\/3462"}],"collection":[{"href":"https:\/\/justlaser.com.br\/alugueldelasers\/wp-json\/wp\/v2\/pages"}],"about":[{"href":"https:\/\/justlaser.com.br\/alugueldelasers\/wp-json\/wp\/v2\/types\/page"}],"author":[{"embeddable":true,"href":"https:\/\/justlaser.com.br\/alugueldelasers\/wp-json\/wp\/v2\/users\/2"}],"replies":[{"embeddable":true,"href":"https:\/\/justlaser.com.br\/alugueldelasers\/wp-json\/wp\/v2\/comments?post=3462"}],"version-history":[{"count":0,"href":"https:\/\/justlaser.com.br\/alugueldelasers\/wp-json\/wp\/v2\/pages\/3462\/revisions"}],"up":[{"embeddable":true,"href":"https:\/\/justlaser.com.br\/alugueldelasers\/wp-json\/wp\/v2\/pages\/3453"}],"wp:attachment":[{"href":"https:\/\/justlaser.com.br\/alugueldelasers\/wp-json\/wp\/v2\/media?parent=3462"}],"curies":[{"name":"wp","href":"https:\/\/api.w.org\/{rel}","templated":true}]}}