{"id":3492,"date":"2023-03-21T12:04:47","date_gmt":"2023-03-21T15:04:47","guid":{"rendered":"https:\/\/justlaser.com.br\/alugueldelasers\/?page_id=3492"},"modified":"2024-08-03T09:34:57","modified_gmt":"2024-08-03T12:34:57","slug":"aluguel-de-endolift","status":"publish","type":"page","link":"https:\/\/justlaser.com.br\/alugueldelasers\/aluguel-de-endolift\/","title":{"rendered":"Aluguel de Endolift"},"content":{"rendered":"<h1><img decoding=\"async\" class=\"aligncenter wp-image-3573\" title=\"ALUGUEL DE ENDOLIFT\" src=\"https:\/\/justlaser.com.br\/alugueldelasers\/wp-content\/uploads\/2023\/05\/ALUGUEL-DE-ENDOLIFT.jpg\" alt=\"ALUGUEL DE ENDOLIFT\" width=\"752\" height=\"653\" srcset=\"https:\/\/justlaser.com.br\/alugueldelasers\/wp-content\/uploads\/2023\/05\/ALUGUEL-DE-ENDOLIFT-200x174.jpg 200w, https:\/\/justlaser.com.br\/alugueldelasers\/wp-content\/uploads\/2023\/05\/ALUGUEL-DE-ENDOLIFT-300x261.jpg 300w, https:\/\/justlaser.com.br\/alugueldelasers\/wp-content\/uploads\/2023\/05\/ALUGUEL-DE-ENDOLIFT-400x347.jpg 400w, https:\/\/justlaser.com.br\/alugueldelasers\/wp-content\/uploads\/2023\/05\/ALUGUEL-DE-ENDOLIFT-500x434.jpg 500w, https:\/\/justlaser.com.br\/alugueldelasers\/wp-content\/uploads\/2023\/05\/ALUGUEL-DE-ENDOLIFT-600x521.jpg 600w, https:\/\/justlaser.com.br\/alugueldelasers\/wp-content\/uploads\/2023\/05\/ALUGUEL-DE-ENDOLIFT-700x608.jpg 700w, https:\/\/justlaser.com.br\/alugueldelasers\/wp-content\/uploads\/2023\/05\/ALUGUEL-DE-ENDOLIFT-768x667.jpg 768w, https:\/\/justlaser.com.br\/alugueldelasers\/wp-content\/uploads\/2023\/05\/ALUGUEL-DE-ENDOLIFT-800x695.jpg 800w, https:\/\/justlaser.com.br\/alugueldelasers\/wp-content\/uploads\/2023\/05\/ALUGUEL-DE-ENDOLIFT.jpg 974w\" sizes=\"(max-width: 752px) 100vw, 752px\" \/><\/h1>\n<h1><span style=\"font-size: 18pt;\">Aluguel de Endolift<\/span><\/h1>\n<p><span style=\"font-size: 14pt;\"><em><strong>O aluguel de Endolift,<\/strong><\/em> ou melhor , aluguel de laser para Endolift, \u00e9 uma op\u00e7\u00e3o interessante para quem deseja realizar tratamentos est\u00e9ticos com a tecnologia de ponta, sem precisar fazer um grande investimento inicial na compra do equipamento.<\/span><\/p>\n<p><span style=\"font-size: 14pt;\">Essa modalidade de aluguel\u00a0 tem se tornado cada vez mais popular entre profissionais da \u00e1rea de est\u00e9tica e beleza, principalmente no que diz respeito ao uso do laser de 1470 nm para o endolift facial e corporal.<\/span><\/p>\n<h2><span style=\"font-size: 14pt;\">Aluguel de laser de endolift com comprimentos de onda de 1470nm<\/span><\/h2>\n<p><span style=\"font-size: 14pt;\">O laser de 1470 nm \u00e9 uma tecnologia de ponta que tem sido utilizada em procedimentos est\u00e9ticos h\u00e1 alguns anos. Ele \u00e9 um dos principais respons\u00e1veis pelos resultados positivos do endolift, uma t\u00e9cnica minimamente invasiva que promove a eleva\u00e7\u00e3o da pele e a estimula\u00e7\u00e3o do col\u00e1geno, melhorando a apar\u00eancia e firmeza da pele. Al\u00e9m disso, o laser de 1470 nm \u00e9 seguro e possui baixa absor\u00e7\u00e3o de \u00e1gua, o que evita les\u00f5es t\u00e9rmicas na pele.<\/span><\/p>\n<p><span style=\"font-size: 14pt;\"><img decoding=\"async\" class=\"alignright wp-image-3493 size-medium\" title=\"aluguel endolift\" src=\"https:\/\/justlaser.com.br\/alugueldelasers\/wp-content\/uploads\/2023\/03\/aluguel-endolift-300x300.png\" alt=\"aluguel endolift\" width=\"300\" height=\"300\" srcset=\"https:\/\/justlaser.com.br\/alugueldelasers\/wp-content\/uploads\/2023\/03\/aluguel-endolift-66x66.png 66w, https:\/\/justlaser.com.br\/alugueldelasers\/wp-content\/uploads\/2023\/03\/aluguel-endolift-150x150.png 150w, https:\/\/justlaser.com.br\/alugueldelasers\/wp-content\/uploads\/2023\/03\/aluguel-endolift-200x200.png 200w, https:\/\/justlaser.com.br\/alugueldelasers\/wp-content\/uploads\/2023\/03\/aluguel-endolift-300x300.png 300w, https:\/\/justlaser.com.br\/alugueldelasers\/wp-content\/uploads\/2023\/03\/aluguel-endolift-400x401.png 400w, https:\/\/justlaser.com.br\/alugueldelasers\/wp-content\/uploads\/2023\/03\/aluguel-endolift-500x501.png 500w, https:\/\/justlaser.com.br\/alugueldelasers\/wp-content\/uploads\/2023\/03\/aluguel-endolift-600x601.png 600w, https:\/\/justlaser.com.br\/alugueldelasers\/wp-content\/uploads\/2023\/03\/aluguel-endolift.png 683w\" sizes=\"(max-width: 300px) 100vw, 300px\" \/><\/span><\/p>\n<p><span style=\"font-size: 14pt;\">Uma das principais vantagens do <a href=\"https:\/\/justlaser.com.br\/alugueldelasers\/aluguel-de-endolift\/\">aluguel de laser para endolift<\/a> \u00e9 a redu\u00e7\u00e3o de custos. Ao inv\u00e9s de comprar um aparelho, o profissional pode alug\u00e1-lo por um per\u00edodo determinado, pagando apenas pelo tempo de uso.<\/span><\/p>\n<p><span style=\"font-size: 14pt;\">Al\u00e9m disso, a manuten\u00e7\u00e3o e calibragem do equipamento s\u00e3o de responsabilidade da empresa de aluguel, o que elimina a necessidade de gastos extras com manuten\u00e7\u00e3o preventiva e corretiva.<\/span><\/p>\n<p><span style=\"font-size: 14pt;\">Outra vantagem do aluguel de laser para endolift \u00e9 a possibilidade de experimentar diferentes marcas e modelos de aparelhos, sem precisar fazer um grande investimento. Isso \u00e9 especialmente interessante para os profissionais que est\u00e3o iniciando na \u00e1rea de est\u00e9tica m\u00e9dica e ainda n\u00e3o conhecem todas as marcas e tecnologias dispon\u00edveis.<\/span><\/p>\n<h3><span style=\"font-size: 14pt;\">O que o mercado tem usado para fazer procedimentos?<\/span><\/h3>\n<p><span style=\"font-size: 14pt;\">A marca de <a href=\"https:\/\/www.vydence.com\/delight\/\" target=\"_blank\" rel=\"noopener\">aparelho <strong>Deligh<\/strong>t, da <strong>Vydence<\/strong><\/a>, \u00e9 uma das mais renomadas no mercado de lasers que usam esse comprimento de onda!<\/span><\/p>\n<blockquote><p><span style=\"font-size: 14pt;\"><strong>ATEN\u00c7\u00c3O <\/strong><\/span><\/p>\n<p><span style=\"font-size: 14pt;\"><strong>\u00c9 um aparelho registrado para uso m\u00e9dico e vendido para cirurgi\u00f5es vasculares e pl\u00e1sticos, tenha boas certifica\u00e7\u00f5es e cursos de treinamento de endolaser para n\u00e3o machucar seu paciente!<\/strong><\/span><\/p><\/blockquote>\n<p><span style=\"font-size: 14pt;\">O aparelho utiliza a tecnologia de laser de 1470 nm. Al\u00e9m disso, o aparelho \u00e9 compacto e f\u00e1cil de manusear, o que garante maior praticidade e efici\u00eancia no uso.<\/span><\/p>\n<p><iframe src=\"\/\/www.youtube.com\/embed\/oYWynrEHk8g?pp=ygUPZGVsaWdodCB2eWRlbmNl\" width=\"560\" height=\"314\" allowfullscreen=\"allowfullscreen\"><\/iframe><\/p>\n<p><span style=\"font-size: 14pt;\">Outro benef\u00edcio do aluguel do Endolift , com a m\u00e1quina Delight \u00e9 a possibilidade de personaliza\u00e7\u00e3o dos tratamentos, o que garante resultados mais precisos e satisfat\u00f3rios. O aparelho possui diferentes configura\u00e7\u00f5es e ajustes, que permitem ao profissional adaptar o tratamento \u00e0s necessidades de cada paciente.<\/span><\/p>\n<p><span style=\"font-size: 14pt;\">A Vydence \u00e9 uma empresa especializada em tecnologia m\u00e9dica e est\u00e9tica, que desenvolve solu\u00e7\u00f5es inovadoras para os profissionais da \u00e1rea. Al\u00e9m do Delight, a empresa Vydence oferece uma ampla gama de aparelhos e equipamentos de alta tecnologia para os mais diversos tipos de tratamentos.<\/span><\/p>\n<div class=\"column mcb-column mcb-item-es8ogx138 one tablet-one mobile-one column_column\">\n<div class=\"mcb-column-inner mcb-column-inner-es8ogx138 mcb-item-column-inner\">\n<div class=\"column_attr mfn-inline-editor clearfix\">\n<h2><span style=\"font-size: 14pt;\">J\u00c1 PENSOU EM UM <a href=\"https:\/\/justlaser.com.br\/alugueldelasers\/curso-de-endolaser\">CURSO DE ENDOLASER<\/a> ESPEC\u00cdFICO PARA VOC\u00ca ? <\/span><\/h2>\n<p><span style=\"font-size: 14pt;\">Tudo sobre endolaser , de A a Z!<br \/>\n<\/span><a href=\"https:\/\/endoliftacademy.com.br\/lp\/curso-online-endolift-endolaser\/\" target=\"_blank\" rel=\"noopener\"><span style=\"font-size: 14pt;\">Como funciona o curso de Endolaser , da Just Laser<\/span><\/a><\/p>\n<p><strong style=\"font-size: 14pt;\">Introdu\u00e7\u00e3o ao curso de Endolaser<\/strong><\/p>\n<\/div>\n<\/div>\n<\/div>\n<h2><span style=\"font-size: 14pt;\">Seja muito bem-vindo e Just Laser Academy. <\/span><\/h2>\n<blockquote><p><a href=\"https:\/\/endoliftacademy.com.br\/lp\/curso-online-endolift-endolaser\/\" target=\"_blank\" rel=\"noopener\"><strong><span style=\"font-size: 14pt;\">E conhe\u00e7a o novo curso avan\u00e7ado de Endolaser, oferecido pela Just Laser em parceria com a Endolift Academy!<\/span><\/strong><\/a><\/p>\n<p><span style=\"font-size: 14pt;\"><a href=\"https:\/\/endoliftacademy.com.br\/lp\/curso-online-endolift-endolaser\/\" target=\"_blank\" rel=\"noopener\"><strong>CLIQUE AQUI PARA O LINK DO CURSO ONLINE DE MAIS DE 10 HORAS, PRODUZIDO POR UM FAMOSO DERMATOLOGISTA.\u00a0 UM CURSO COMPLETO DE ENDOLASER<\/strong><\/a><\/span><\/p>\n<p>&nbsp;<\/p><\/blockquote>\n<p><span style=\"font-size: 14pt;\">Por fim, \u00e9 importante destacar que o aluguel de laser para endolift \u00e9 uma op\u00e7\u00e3o segura e confi\u00e1vel para os profissionais que desejam oferecer os melhores tratamentos est\u00e9ticos aos seus pacientes. Ao escolher uma empresa de aluguel de confian\u00e7a e um aparelho de qualidade, como o endolift Delight da Vydence, \u00e9 poss\u00edvel garantir resultados mais precisos e satisfat\u00f3rios, al\u00e9m de reduzir os custos e aumentar a rentabilidade do neg\u00f3cio.<\/span><\/p>\n<p><em><strong><a href=\"https:\/\/justlaser.com.br\/alugueldelasers\/locacao-de-laser-para-endolift\/\">Loca\u00e7\u00e3o de laser para endolift<\/a>: o que \u00e9 e como funciona?<\/strong><\/em><\/p>\n<ul id=\"menu-endolift\" class=\"menu\">\n<li id=\"menu-item-3563\" class=\"menu-item menu-item-type-post_type menu-item-object-page menu-item-3563\"><span style=\"font-size: 14pt;\"><a href=\"https:\/\/justlaser.com.br\/alugueldelasers\/locacao-de-laser-para-endolift\/\">Loca\u00e7\u00e3o de laser para Endolift<\/a><\/span><\/li>\n<li><span style=\"font-size: 14pt;\"><a href=\"https:\/\/justlaser.com.br\/alugueldelasers\/locacao-do-ultraformer-mpt\/\">Loca\u00e7\u00e3o do Ultraformer MPT<\/a><\/span><\/li>\n<li id=\"menu-item-3564\" class=\"menu-item menu-item-type-post_type menu-item-object-page menu-item-3564\"><span style=\"font-size: 14pt;\"><a href=\"https:\/\/justlaser.com.br\/alugueldelasers\/locacao-de-laser-para-endolift\/aluguel-do-delight-endolift\/\">Aluguel do Delight Endolift<\/a><\/span><\/li>\n<li id=\"menu-item-3565\" class=\"menu-item menu-item-type-post_type menu-item-object-page current-menu-item page_item page-item-3492 current_page_item menu-item-3565\"><span style=\"font-size: 14pt;\"><a href=\"https:\/\/justlaser.com.br\/alugueldelasers\/aluguel-de-endolift\/\" aria-current=\"page\">Aluguel de Endolift<\/a><\/span><\/li>\n<li id=\"menu-item-3561\" class=\"menu-item menu-item-type-post_type menu-item-object-page menu-item-has-children menu-item-3561\"><span style=\"font-size: 14pt;\"><a href=\"https:\/\/justlaser.com.br\/alugueldelasers\/locacao-do-endymed\/\">Loca\u00e7\u00e3o do Endymed<\/a><\/span>\n<ul class=\"sub-menu\">\n<li><span style=\"font-size: 14pt;\"><span style=\"font-size: 14pt;\"><a href=\"https:\/\/justlaser.com.br\/alugueldelasers\/aluguel-do-endymed\/\">Aluguel do ENDYMED<\/a><\/span><\/span>\n<p style=\"text-align: left;\"><em><strong><a title=\"Clique para WhatsApp\" href=\"https:\/\/api.whatsapp.com\/send?phone=5511940843111\" target=\"_blank\" rel=\"nofollow noopener\"><img decoding=\"async\" class=\"wp-image-3064 alignleft\" title=\"Aluguel ENDOLIFT\" src=\"https:\/\/justlaser.com.br\/alugueldelasers\/wp-content\/uploads\/2022\/02\/aluguel-uthera-3.jpg\" alt=\"Aluguel ENDOLIFT\" width=\"344\" height=\"160\" srcset=\"https:\/\/justlaser.com.br\/alugueldelasers\/wp-content\/uploads\/2022\/02\/aluguel-uthera-3-200x93.jpg 200w, https:\/\/justlaser.com.br\/alugueldelasers\/wp-content\/uploads\/2022\/02\/aluguel-uthera-3-300x140.jpg 300w, https:\/\/justlaser.com.br\/alugueldelasers\/wp-content\/uploads\/2022\/02\/aluguel-uthera-3.jpg 400w\" sizes=\"(max-width: 344px) 100vw, 344px\" \/><\/a><\/strong><\/em><\/p>\n<\/li>\n<\/ul>\n<\/li>\n<\/ul>\n<h3><\/h3>\n<h3><span style=\"font-size: 18pt;\">Para aluguel de ENDOLIF Laser, e do equipamento Delight, entre em contato pelo nosso Whatsapp.<\/span><\/h3>\n","protected":false},"excerpt":{"rendered":"<p>Aluguel de Endolift O aluguel de Endolift, ou melhor , aluguel de laser para [&hellip;]<\/p>\n","protected":false},"author":2,"featured_media":0,"parent":0,"menu_order":0,"comment_status":"closed","ping_status":"closed","template":"","meta":{"footnotes":""},"_links":{"self":[{"href":"https:\/\/justlaser.com.br\/alugueldelasers\/wp-json\/wp\/v2\/pages\/3492"}],"collection":[{"href":"https:\/\/justlaser.com.br\/alugueldelasers\/wp-json\/wp\/v2\/pages"}],"about":[{"href":"https:\/\/justlaser.com.br\/alugueldelasers\/wp-json\/wp\/v2\/types\/page"}],"author":[{"embeddable":true,"href":"https:\/\/justlaser.com.br\/alugueldelasers\/wp-json\/wp\/v2\/users\/2"}],"replies":[{"embeddable":true,"href":"https:\/\/justlaser.com.br\/alugueldelasers\/wp-json\/wp\/v2\/comments?post=3492"}],"version-history":[{"count":0,"href":"https:\/\/justlaser.com.br\/alugueldelasers\/wp-json\/wp\/v2\/pages\/3492\/revisions"}],"wp:attachment":[{"href":"https:\/\/justlaser.com.br\/alugueldelasers\/wp-json\/wp\/v2\/media?parent=3492"}],"curies":[{"name":"wp","href":"https:\/\/api.w.org\/{rel}","templated":true}]}}