{"id":3527,"date":"2023-05-11T21:44:34","date_gmt":"2023-05-12T00:44:34","guid":{"rendered":"https:\/\/justlaser.com.br\/alugueldelasers\/?page_id=3527"},"modified":"2023-05-11T22:17:55","modified_gmt":"2023-05-12T01:17:55","slug":"aluguel-do-endymed","status":"publish","type":"page","link":"https:\/\/justlaser.com.br\/alugueldelasers\/aluguel-do-endymed\/","title":{"rendered":"Aluguel do ENDYMED"},"content":{"rendered":"<h1><span style=\"font-size: 18pt;\">Aluguel do ENDYMED<\/span><\/h1>\n<p><img decoding=\"async\" class=\"aligncenter wp-image-3528 size-large\" title=\"ALUGUEL DO ENDYMED\" src=\"https:\/\/justlaser.com.br\/alugueldelasers\/wp-content\/uploads\/2023\/05\/ALUGUEL-DO-ENDYMED--1024x371.png\" alt=\"ALUGUEL DO ENDYMED\" width=\"1024\" height=\"371\" srcset=\"https:\/\/justlaser.com.br\/alugueldelasers\/wp-content\/uploads\/2023\/05\/ALUGUEL-DO-ENDYMED--200x73.png 200w, https:\/\/justlaser.com.br\/alugueldelasers\/wp-content\/uploads\/2023\/05\/ALUGUEL-DO-ENDYMED--300x109.png 300w, https:\/\/justlaser.com.br\/alugueldelasers\/wp-content\/uploads\/2023\/05\/ALUGUEL-DO-ENDYMED--400x145.png 400w, https:\/\/justlaser.com.br\/alugueldelasers\/wp-content\/uploads\/2023\/05\/ALUGUEL-DO-ENDYMED--500x181.png 500w, https:\/\/justlaser.com.br\/alugueldelasers\/wp-content\/uploads\/2023\/05\/ALUGUEL-DO-ENDYMED--600x218.png 600w, https:\/\/justlaser.com.br\/alugueldelasers\/wp-content\/uploads\/2023\/05\/ALUGUEL-DO-ENDYMED--700x254.png 700w, https:\/\/justlaser.com.br\/alugueldelasers\/wp-content\/uploads\/2023\/05\/ALUGUEL-DO-ENDYMED--768x278.png 768w, https:\/\/justlaser.com.br\/alugueldelasers\/wp-content\/uploads\/2023\/05\/ALUGUEL-DO-ENDYMED--800x290.png 800w, https:\/\/justlaser.com.br\/alugueldelasers\/wp-content\/uploads\/2023\/05\/ALUGUEL-DO-ENDYMED--1024x371.png 1024w, https:\/\/justlaser.com.br\/alugueldelasers\/wp-content\/uploads\/2023\/05\/ALUGUEL-DO-ENDYMED--1200x435.png 1200w, https:\/\/justlaser.com.br\/alugueldelasers\/wp-content\/uploads\/2023\/05\/ALUGUEL-DO-ENDYMED--1536x557.png 1536w, https:\/\/justlaser.com.br\/alugueldelasers\/wp-content\/uploads\/2023\/05\/ALUGUEL-DO-ENDYMED-.png 1765w\" sizes=\"(max-width: 1024px) 100vw, 1024px\" \/><\/p>\n<p>Como funciona o aluguel do ENDYMED ?<\/p>\n<div class=\"flex-1 overflow-hidden\">\n<div class=\"react-scroll-to-bottom--css-gniqn-79elbk h-full dark:bg-gray-800\">\n<div class=\"react-scroll-to-bottom--css-gniqn-1n7m0yu\">\n<div class=\"flex flex-col items-center text-sm dark:bg-gray-800\">\n<div class=\"group w-full text-gray-800 dark:text-gray-100 border-b border-black\/10 dark:border-gray-900\/50 bg-gray-50 dark:bg-[#444654]\">\n<div class=\"flex p-4 gap-4 text-base md:gap-6 md:max-w-2xl lg:max-w-xl xl:max-w-3xl md:py-6 lg:px-0 m-auto\">\n<div class=\"relative flex flex-col w-[calc(100%-50px)] gap-1 md:gap-3 lg:w-[calc(100%-115px)]\">\n<div class=\"flex flex-grow flex-col gap-3\">\n<div class=\"min-h-[20px] flex flex-col items-start gap-4 whitespace-pre-wrap break-words\">\n<div class=\"markdown prose w-full break-words dark:prose-invert light\">\n<p>ENDYMED \u00e9 a Solu\u00e7\u00e3o Vers\u00e1til para Cicatrizes de Acne, Estrias, Flacidez e Rugas ao Redor dos Olhos<\/p>\n<p>Bem-vindo(a) ao site da JUST LASER,, sua fonte confi\u00e1vel de solu\u00e7\u00f5es avan\u00e7adas para aluguel e loca\u00e7\u00f5es no mundo da est\u00e9tica e medicina est\u00e9tica.<\/p>\n<p>Se voc\u00ea est\u00e1 procurando um equipamento<strong> para alugar<\/strong> , de ponta para tratar cicatrizes de acne, estrias, flacidez e rugas ao redor dos olhos, o aparelho <a href=\"https:\/\/endymed.com\/\" target=\"_blank\" rel=\"noopener\">ENDYMED da Medsystems<\/a> \u00e9 a resposta que voc\u00ea precisa.<\/p>\n<p><iframe src=\"\/\/www.youtube.com\/embed\/d3s6GlVKYns\" width=\"560\" height=\"314\" allowfullscreen=\"allowfullscreen\"><\/iframe><\/p>\n<h2>Como Funciona o ENDYMED?<\/h2>\n<p>BASEADO NA TECNOLOGIA:<strong> 3DEEP &#8211; Energia de RF Focada e Profunda<\/strong><\/p>\n<div class=\"blocos\">\n<div class=\"bloco bloco_j\">\n<div class=\"texto\">\n<p>O aquecimento da tecnologia 3Deep funciona por interposi\u00e7\u00e3o de calor, ou seja,\u00a0<strong>o primeiro canal estabelecido impulsiona o segundo, e este o terceiro e assim sucessivamente<\/strong>, o calor \u00e9 entregue provocando um canal de aquecimento maior e impedindo com que a energia se dissipe.<\/p>\n<\/div>\n<div class=\"imagem\"><img decoding=\"async\" src=\"https:\/\/medsystems.com.br\/wp-content\/uploads\/2022\/05\/3deep-technology.png\" alt=\"3DEEP technology\" title=\"\"><\/div>\n<\/div>\n<h3>Aluguel das ponteiras do ENDYMED<\/h3>\n<p><img decoding=\"async\" class=\"aligncenter size-large wp-image-3538\" src=\"https:\/\/justlaser.com.br\/alugueldelasers\/wp-content\/uploads\/2023\/05\/PONTEIRAS-ENDYMED-ALUGUEL-1-1024x385.png\" alt=\"PONTEIRAS ENDYMED ALUGUEL\" width=\"1024\" height=\"385\" title=\"\" srcset=\"https:\/\/justlaser.com.br\/alugueldelasers\/wp-content\/uploads\/2023\/05\/PONTEIRAS-ENDYMED-ALUGUEL-1-200x75.png 200w, https:\/\/justlaser.com.br\/alugueldelasers\/wp-content\/uploads\/2023\/05\/PONTEIRAS-ENDYMED-ALUGUEL-1-300x113.png 300w, https:\/\/justlaser.com.br\/alugueldelasers\/wp-content\/uploads\/2023\/05\/PONTEIRAS-ENDYMED-ALUGUEL-1-400x150.png 400w, https:\/\/justlaser.com.br\/alugueldelasers\/wp-content\/uploads\/2023\/05\/PONTEIRAS-ENDYMED-ALUGUEL-1-500x188.png 500w, https:\/\/justlaser.com.br\/alugueldelasers\/wp-content\/uploads\/2023\/05\/PONTEIRAS-ENDYMED-ALUGUEL-1-600x226.png 600w, https:\/\/justlaser.com.br\/alugueldelasers\/wp-content\/uploads\/2023\/05\/PONTEIRAS-ENDYMED-ALUGUEL-1-700x263.png 700w, https:\/\/justlaser.com.br\/alugueldelasers\/wp-content\/uploads\/2023\/05\/PONTEIRAS-ENDYMED-ALUGUEL-1-768x289.png 768w, https:\/\/justlaser.com.br\/alugueldelasers\/wp-content\/uploads\/2023\/05\/PONTEIRAS-ENDYMED-ALUGUEL-1-800x301.png 800w, https:\/\/justlaser.com.br\/alugueldelasers\/wp-content\/uploads\/2023\/05\/PONTEIRAS-ENDYMED-ALUGUEL-1-1024x385.png 1024w, https:\/\/justlaser.com.br\/alugueldelasers\/wp-content\/uploads\/2023\/05\/PONTEIRAS-ENDYMED-ALUGUEL-1.png 1186w\" sizes=\"(max-width: 1024px) 100vw, 1024px\" \/><\/p>\n<p><img decoding=\"async\" class=\"aligncenter wp-image-3539 size-full\" title=\"PONTEIRAS aluguel ENDYMED\" src=\"https:\/\/justlaser.com.br\/alugueldelasers\/wp-content\/uploads\/2023\/05\/PONTEIRAS-aluguel-ENDYMED-.png\" alt=\"PONTEIRAS aluguel ENDYMED\" width=\"987\" height=\"332\" srcset=\"https:\/\/justlaser.com.br\/alugueldelasers\/wp-content\/uploads\/2023\/05\/PONTEIRAS-aluguel-ENDYMED--200x67.png 200w, https:\/\/justlaser.com.br\/alugueldelasers\/wp-content\/uploads\/2023\/05\/PONTEIRAS-aluguel-ENDYMED--300x101.png 300w, https:\/\/justlaser.com.br\/alugueldelasers\/wp-content\/uploads\/2023\/05\/PONTEIRAS-aluguel-ENDYMED--400x135.png 400w, https:\/\/justlaser.com.br\/alugueldelasers\/wp-content\/uploads\/2023\/05\/PONTEIRAS-aluguel-ENDYMED--500x168.png 500w, https:\/\/justlaser.com.br\/alugueldelasers\/wp-content\/uploads\/2023\/05\/PONTEIRAS-aluguel-ENDYMED--600x202.png 600w, https:\/\/justlaser.com.br\/alugueldelasers\/wp-content\/uploads\/2023\/05\/PONTEIRAS-aluguel-ENDYMED--700x235.png 700w, https:\/\/justlaser.com.br\/alugueldelasers\/wp-content\/uploads\/2023\/05\/PONTEIRAS-aluguel-ENDYMED--768x258.png 768w, https:\/\/justlaser.com.br\/alugueldelasers\/wp-content\/uploads\/2023\/05\/PONTEIRAS-aluguel-ENDYMED--800x269.png 800w, https:\/\/justlaser.com.br\/alugueldelasers\/wp-content\/uploads\/2023\/05\/PONTEIRAS-aluguel-ENDYMED-.png 987w\" sizes=\"(max-width: 987px) 100vw, 987px\" \/><\/p>\n<\/div>\n<h2><span style=\"font-size: 14pt;\">Origem do aluguel do ENDYMED com sua ponteira rob\u00f3tica de microagulhamento a ouro<\/span><\/h2>\n<p>Desenvolvido pela renomada <a href=\"https:\/\/endymed.com\/\" target=\"_blank\" rel=\"noopener\">empresa israelense ENDYMED<\/a>, o aparelho ENDYMED \u00e9 uma tecnologia inovadora que oferece resultados excepcionais em diversos tratamentos est\u00e9ticos. Sua versatilidade o torna ideal para tratar problemas comuns da pele, como cicatrizes de acne persistentes, estrias indesejadas, flacidez e rugas ao redor dos olhos.<\/p>\n<p>O ENDYMED \u00e9 um aparelho revolucion\u00e1rio que utiliza a tecnologia exclusiva 3DEEP, capaz de fornecer resultados incr\u00edveis em tratamentos est\u00e9ticos n\u00e3o invasivos. Com sua energia precisa e controlada, o ENDYMED \u00e9 capaz de estimular a produ\u00e7\u00e3o de col\u00e1geno e elastina, melhorando a apar\u00eancia da pele e reduzindo os sinais do envelhecimento.<\/p>\n<p>Ao alugar o ENDYMED da Medsystems, voc\u00ea ter\u00e1 acesso imediato a um equipamento de ponta para realizar tratamentos de alta qualidade e efici\u00eancia. Nosso aparelho \u00e9 ideal para tratamentos de cicatriz de acne, estrias, flacidez e rugas ao redor dos olhos, gra\u00e7as \u00e0 sua tecnologia 3DEEP. O ENDYMED \u00e9 capaz de alcan\u00e7ar camadas mais profundas da pele, estimulando a produ\u00e7\u00e3o de col\u00e1geno e elastina, resultando em uma pele mais firme, rejuvenescida e saud\u00e1vel.<\/p>\n<p><iframe src=\"\/\/www.youtube.com\/embed\/8yS08j5Vr9c\" width=\"560\" height=\"314\" allowfullscreen=\"allowfullscreen\"><\/iframe><\/p>\n<h3>Mas por que alugar o ENDYMED ?<\/h3>\n<p>A cicatriz de acne pode ser uma grande preocupa\u00e7\u00e3o para muitas pessoas, afetando sua autoestima e confian\u00e7a.<\/p>\n<p>Com o aluguel do ENDYMED, voc\u00ea ter\u00e1 acesso a um equipamento eficiente e de alta tecnologia, capaz de reduzir a apar\u00eancia das cicatrizes de acne e melhorar significativamente a textura da pele. O ENDYMED utiliza uma combina\u00e7\u00e3o exclusiva de radiofrequ\u00eancia microagulhada rob\u00f3tica, com pontas de ouro&#8230; Al\u00e9m de radiofrequ\u00eancia fracionada para estimular a regenera\u00e7\u00e3o do col\u00e1geno e promover a renova\u00e7\u00e3o celular, resultando em uma pele mais suave e uniforme.<\/p>\n<p>As estrias s\u00e3o outra preocupa\u00e7\u00e3o comum para muitas pessoas, especialmente ap\u00f3s mudan\u00e7as significativas de peso ou gravidez. Com o aluguel do ENDYMED, voc\u00ea poder\u00e1 oferecer tratamentos altamente eficazes para reduzir a apar\u00eancia das estrias e melhorar a textura da pele. O ENDYMED utiliza a tecnologia de radiofrequ\u00eancia fracionada para estimular a produ\u00e7\u00e3o de col\u00e1geno e elastina na pele, promovendo a regenera\u00e7\u00e3o celular e diminuindo a visibilidade das estrias.<\/p>\n<p>A flacidez e as rugas ao redor dos olhos s\u00e3o preocupa\u00e7\u00f5es est\u00e9ticas comuns que podem revelar sinais de envelhecimento. Com o aluguel do ENDYMED, voc\u00ea poder\u00e1 oferecer tratamentos n\u00e3o invasivos e altamente eficazes para reduzir a flacidez e as rugas nessa \u00e1rea delicada. A tecnologia de radiofrequ\u00eancia do ENDYMED aquece as camadas mais profundas da pele, estimulando a produ\u00e7\u00e3o de col\u00e1geno e melhorando a firmeza e a elasticidade da pele ao redor dos olhos.<\/p>\n<h3>Vale a pena o aluguel do ENDYMED , afinal?<\/h3>\n<p>Agora voc\u00ea pode estar se perguntando por que optar pelo aluguel do ENDYMED ao inv\u00e9s de adquiri-lo permanentemente. Existem v\u00e1rias vantagens em alugar esse equipamento vers\u00e1til. Em primeiro lugar, o aluguel oferece flexibilidade financeira, permitindo que voc\u00ea tenha acesso imediato ao ENDYMED sem um investimento inicial significativo.<\/p>\n<p>Al\u00e9m disso, o aluguel permite que voc\u00ea teste a efic\u00e1cia e o desempenho do ENDYMED em sua cl\u00ednica antes de pensar em comprar&#8230;.<\/p>\n<p>E, cole na JUST LASER que a medida que as tecnologias v\u00e3o evoluindo, te treinamos e apresentamos as novidades!<\/p>\n<\/div>\n<h2><a href=\"https:\/\/justlaser.com.br\/alugueldelasers\/aluguel-do-endymed\">ALUGUEL HOJE DO SEU ENDYMED<\/a><\/h2>\n<p>Trabalhamos com loca\u00e7\u00e3o di\u00e1ria, semanal ou mensal !<\/p>\n<p><em><strong><span style=\"font-size: 14pt;\">Se voc\u00ea procura aluguel <a href=\"https:\/\/justlaser.com.br\/alugueldelasers\/locacao-do-endymed\/\">loca\u00e7\u00e3o de aparelhos ENDYMED<\/a> ,\u00a0 INKIE LASER, ULTRAFORMER 4, ULTRAFORMER III, SCIZER, <\/span><\/strong><\/em><em><strong><span style=\"font-size: 14pt;\">ou treinamento de SCIZER : entre em contato !<\/span><\/strong><\/em><\/p>\n<\/div>\n<\/div>\n<\/div>\n<\/div>\n<\/div>\n<\/div>\n<\/div>\n<\/div>\n<\/div>\n","protected":false},"excerpt":{"rendered":"<p>Aluguel do ENDYMED Como funciona o aluguel do ENDYMED ? ENDYMED \u00e9 a Solu\u00e7\u00e3o [&hellip;]<\/p>\n","protected":false},"author":2,"featured_media":0,"parent":0,"menu_order":0,"comment_status":"closed","ping_status":"closed","template":"","meta":{"footnotes":""},"_links":{"self":[{"href":"https:\/\/justlaser.com.br\/alugueldelasers\/wp-json\/wp\/v2\/pages\/3527"}],"collection":[{"href":"https:\/\/justlaser.com.br\/alugueldelasers\/wp-json\/wp\/v2\/pages"}],"about":[{"href":"https:\/\/justlaser.com.br\/alugueldelasers\/wp-json\/wp\/v2\/types\/page"}],"author":[{"embeddable":true,"href":"https:\/\/justlaser.com.br\/alugueldelasers\/wp-json\/wp\/v2\/users\/2"}],"replies":[{"embeddable":true,"href":"https:\/\/justlaser.com.br\/alugueldelasers\/wp-json\/wp\/v2\/comments?post=3527"}],"version-history":[{"count":0,"href":"https:\/\/justlaser.com.br\/alugueldelasers\/wp-json\/wp\/v2\/pages\/3527\/revisions"}],"wp:attachment":[{"href":"https:\/\/justlaser.com.br\/alugueldelasers\/wp-json\/wp\/v2\/media?parent=3527"}],"curies":[{"name":"wp","href":"https:\/\/api.w.org\/{rel}","templated":true}]}}