{"id":3529,"date":"2023-05-11T21:53:09","date_gmt":"2023-05-12T00:53:09","guid":{"rendered":"https:\/\/justlaser.com.br\/alugueldelasers\/?page_id=3529"},"modified":"2023-05-11T22:17:52","modified_gmt":"2023-05-12T01:17:52","slug":"locacao-do-endymed","status":"publish","type":"page","link":"https:\/\/justlaser.com.br\/alugueldelasers\/locacao-do-endymed\/","title":{"rendered":"Loca\u00e7\u00e3o do Endymed"},"content":{"rendered":"<h1><span style=\"font-size: 18pt;\">Loca\u00e7\u00e3o do Endymed<\/span><\/h1>\n<p><img decoding=\"async\" class=\"aligncenter wp-image-3530 size-large\" title=\"loca\u00e7\u00e3o endymed\" src=\"https:\/\/justlaser.com.br\/alugueldelasers\/wp-content\/uploads\/2023\/05\/locacao-endymed-1024x358.png\" alt=\"loca\u00e7\u00e3o endymed\" width=\"1024\" height=\"358\" srcset=\"https:\/\/justlaser.com.br\/alugueldelasers\/wp-content\/uploads\/2023\/05\/locacao-endymed-200x70.png 200w, https:\/\/justlaser.com.br\/alugueldelasers\/wp-content\/uploads\/2023\/05\/locacao-endymed-300x105.png 300w, https:\/\/justlaser.com.br\/alugueldelasers\/wp-content\/uploads\/2023\/05\/locacao-endymed-400x140.png 400w, https:\/\/justlaser.com.br\/alugueldelasers\/wp-content\/uploads\/2023\/05\/locacao-endymed-500x175.png 500w, https:\/\/justlaser.com.br\/alugueldelasers\/wp-content\/uploads\/2023\/05\/locacao-endymed-600x210.png 600w, https:\/\/justlaser.com.br\/alugueldelasers\/wp-content\/uploads\/2023\/05\/locacao-endymed-700x245.png 700w, https:\/\/justlaser.com.br\/alugueldelasers\/wp-content\/uploads\/2023\/05\/locacao-endymed-768x269.png 768w, https:\/\/justlaser.com.br\/alugueldelasers\/wp-content\/uploads\/2023\/05\/locacao-endymed-800x280.png 800w, https:\/\/justlaser.com.br\/alugueldelasers\/wp-content\/uploads\/2023\/05\/locacao-endymed-1024x358.png 1024w, https:\/\/justlaser.com.br\/alugueldelasers\/wp-content\/uploads\/2023\/05\/locacao-endymed-1200x420.png 1200w, https:\/\/justlaser.com.br\/alugueldelasers\/wp-content\/uploads\/2023\/05\/locacao-endymed-1536x538.png 1536w, https:\/\/justlaser.com.br\/alugueldelasers\/wp-content\/uploads\/2023\/05\/locacao-endymed.png 1731w\" sizes=\"(max-width: 1024px) 100vw, 1024px\" \/><\/p>\n<p><strong>Pensa em loca\u00e7\u00e3o do Endymed ?<\/strong><\/p>\n<p>Bem-vindo(a) ao site da Just Laser, empresa especializada em loca\u00e7\u00e3o de equipamentos est\u00e9ticos avan\u00e7ados em S\u00e3o Paulo.<\/p>\n<p>Se voc\u00ea est\u00e1 em busca de um aparelho eficiente e inovador para<strong> tratar cicatrizes de acne, estrias, flacidez e rugas ao redor dos olhos:<\/strong>\u00a0o ENDYMED \u00e9 a solu\u00e7\u00e3o ideal para voc\u00ea.<\/p>\n<p><a href=\"https:\/\/endymed.com\/intensif-applicator\/\" target=\"_blank\" rel=\"noopener\">O ENDYMED \u00e9 um aparelho de origem israelense<\/a> que se destaca pela sua tecnologia avan\u00e7ada e resultados comprovados. Desenvolvido pela ENDYMED Medical, ele utiliza a exclusiva tecnologia 3DEEP, que permite resultados impressionantes em tratamentos est\u00e9ticos n\u00e3o invasivos. Com sua energia precisa e controlada, o ENDYMED estimula a produ\u00e7\u00e3o de col\u00e1geno e elastina, melhorando a apar\u00eancia da pele e reduzindo os sinais do envelhecimento.<\/p>\n<p><iframe src=\"\/\/www.youtube.com\/embed\/d3s6GlVKYns\" width=\"560\" height=\"314\" allowfullscreen=\"allowfullscreen\"><\/iframe><\/p>\n<p>Ao <a href=\"https:\/\/justlaser.com.br\/alugueldelasers\/aluguel-do-endymed\/\">alugar o ENDYMED<\/a> pela Just Laser, voc\u00ea ter\u00e1 acesso imediato a um equipamento de \u00faltima gera\u00e7\u00e3o, capaz de proporcionar tratamentos de alta qualidade e efici\u00eancia. Com sua versatilidade, o ENDYMED \u00e9 indicado para diversos problemas est\u00e9ticos, como cicatrizes de acne, estrias, flacidez e rugas ao redor dos olhos. Seus resultados s\u00e3o comprovados, oferecendo melhorias significativas na textura da pele, uniformiza\u00e7\u00e3o do tom e redu\u00e7\u00e3o de imperfei\u00e7\u00f5es.<\/p>\n<h2><span style=\"font-size: 14pt;\"><img decoding=\"async\" class=\"wp-image-3532 aligncenter\" title=\"locacao endymed \" src=\"https:\/\/justlaser.com.br\/alugueldelasers\/wp-content\/uploads\/2023\/05\/locacao-endymed-locar-endymed.png\" alt=\"locacao endymed locar endymed\" width=\"673\" height=\"384\" srcset=\"https:\/\/justlaser.com.br\/alugueldelasers\/wp-content\/uploads\/2023\/05\/locacao-endymed-locar-endymed-200x114.png 200w, https:\/\/justlaser.com.br\/alugueldelasers\/wp-content\/uploads\/2023\/05\/locacao-endymed-locar-endymed-300x171.png 300w, https:\/\/justlaser.com.br\/alugueldelasers\/wp-content\/uploads\/2023\/05\/locacao-endymed-locar-endymed-400x229.png 400w, https:\/\/justlaser.com.br\/alugueldelasers\/wp-content\/uploads\/2023\/05\/locacao-endymed-locar-endymed-500x286.png 500w, https:\/\/justlaser.com.br\/alugueldelasers\/wp-content\/uploads\/2023\/05\/locacao-endymed-locar-endymed-600x343.png 600w, https:\/\/justlaser.com.br\/alugueldelasers\/wp-content\/uploads\/2023\/05\/locacao-endymed-locar-endymed-700x400.png 700w, https:\/\/justlaser.com.br\/alugueldelasers\/wp-content\/uploads\/2023\/05\/locacao-endymed-locar-endymed.png 728w\" sizes=\"(max-width: 673px) 100vw, 673px\" \/><\/span><\/h2>\n<h2><span style=\"font-size: 14pt;\">Vantagens da loca\u00e7\u00e3o do Endymed<\/span><\/h2>\n<p>Ao optar pela loca\u00e7\u00e3o do ENDYMED, voc\u00ea desfrutar\u00e1 de uma s\u00e9rie de vantagens. A primeira delas \u00e9 a flexibilidade. Atrav\u00e9s da loca\u00e7\u00e3o, voc\u00ea ter\u00e1 acesso ao aparelho de forma r\u00e1pida e descomplicada, sem a necessidade de realizar um grande investimento inicial. Al\u00e9m disso, voc\u00ea poder\u00e1 testar a efic\u00e1cia do ENDYMED em sua cl\u00ednica, avaliando os resultados obtidos em seus pacientes antes de realizar uma aquisi\u00e7\u00e3o definitiva.<\/p>\n<p>A loca\u00e7\u00e3o tamb\u00e9m traz a vantagem da manuten\u00e7\u00e3o.<\/p>\n<p>Ao alugar o ENDYMED, voc\u00ea n\u00e3o precisar\u00e1 se preocupar com os custos e a responsabilidade de manter e reparar o aparelho. Nossa equipe t\u00e9cnica altamente qualificada estar\u00e1 dispon\u00edvel para fornecer suporte e assist\u00eancia t\u00e9cnica, garantindo o pleno funcionamento do equipamento durante todo o per\u00edodo de loca\u00e7\u00e3o.<\/p>\n<h3>Caracter\u00edsticas do ENDYMED<\/h3>\n<p>Uma das caracter\u00edsticas mais not\u00e1veis do ENDYMED s\u00e3o <strong>suas ponteiras avan\u00e7adas<\/strong>, que potencializam ainda mais seus resultados.<\/p>\n<p>Quando puder, entre em contato para aprender sobre a tecnologia \u00fanica dessa radiofrequencia, a 3 DEEP.<\/p>\n<p>Bem diferente do EXILIS, POWERSHAPE, LEGACY, ACCENT , ETC&#8230;\u00a0 \u00a0 Outra coisa !! S\u00e9rio !<\/p>\n<p>E das 7 ponteiras, 4 se destacam muito!<\/p>\n<blockquote><p><strong> Entre elas, destacam-se a ponteira INTENSIF de microagulhamento rob\u00f3tico banhada a ouro,\u00a0 e a ponteira FSR de ressurfacing.<\/strong><\/p><\/blockquote>\n<p>A ponteira de microagulhamento rob\u00f3tico banhada a ouro \u00e9 uma op\u00e7\u00e3o altamente eficaz para o tratamento de cicatrizes de acne e estrias. Com suas microagulhas finas e esterilizadas, ela penetra na pele de forma controlada, estimulando a regenera\u00e7\u00e3o e a produ\u00e7\u00e3o de col\u00e1geno. Esse processo promove a melhoria da textura da pele, suavizando as cicatrizes e reduzindo a apar\u00eancia das estrias.<\/p>\n<p>J\u00e1 a ponteira FSR de ressurfacing \u00e9 ideal para o rejuvenescimento facial e a redu\u00e7\u00e3o de rugas.<\/p>\n<p><img decoding=\"async\" class=\"aligncenter wp-image-3537 size-large\" title=\"loca\u00e7\u00e3o endymed ponteiras\" src=\"https:\/\/justlaser.com.br\/alugueldelasers\/wp-content\/uploads\/2023\/05\/PONTEIRAS-ENDYMED-ALUGUEL-1024x385.png\" alt=\"\" width=\"1024\" height=\"385\" srcset=\"https:\/\/justlaser.com.br\/alugueldelasers\/wp-content\/uploads\/2023\/05\/PONTEIRAS-ENDYMED-ALUGUEL-200x75.png 200w, https:\/\/justlaser.com.br\/alugueldelasers\/wp-content\/uploads\/2023\/05\/PONTEIRAS-ENDYMED-ALUGUEL-300x113.png 300w, https:\/\/justlaser.com.br\/alugueldelasers\/wp-content\/uploads\/2023\/05\/PONTEIRAS-ENDYMED-ALUGUEL-400x150.png 400w, https:\/\/justlaser.com.br\/alugueldelasers\/wp-content\/uploads\/2023\/05\/PONTEIRAS-ENDYMED-ALUGUEL-500x188.png 500w, https:\/\/justlaser.com.br\/alugueldelasers\/wp-content\/uploads\/2023\/05\/PONTEIRAS-ENDYMED-ALUGUEL-600x226.png 600w, https:\/\/justlaser.com.br\/alugueldelasers\/wp-content\/uploads\/2023\/05\/PONTEIRAS-ENDYMED-ALUGUEL-700x263.png 700w, https:\/\/justlaser.com.br\/alugueldelasers\/wp-content\/uploads\/2023\/05\/PONTEIRAS-ENDYMED-ALUGUEL-768x289.png 768w, https:\/\/justlaser.com.br\/alugueldelasers\/wp-content\/uploads\/2023\/05\/PONTEIRAS-ENDYMED-ALUGUEL-800x301.png 800w, https:\/\/justlaser.com.br\/alugueldelasers\/wp-content\/uploads\/2023\/05\/PONTEIRAS-ENDYMED-ALUGUEL-1024x385.png 1024w, https:\/\/justlaser.com.br\/alugueldelasers\/wp-content\/uploads\/2023\/05\/PONTEIRAS-ENDYMED-ALUGUEL.png 1186w\" sizes=\"(max-width: 1024px) 100vw, 1024px\" \/><\/p>\n<p><img decoding=\"async\" class=\"aligncenter wp-image-3540 size-full\" title=\"PONTEIRAS loca\u00e7\u00e3o ENDYMED\" src=\"https:\/\/justlaser.com.br\/alugueldelasers\/wp-content\/uploads\/2023\/05\/PONTEIRAS-aluguel-ENDYMED-1-1.png\" alt=\"PONTEIRAS loca\u00e7\u00e3o ENDYMED\" width=\"987\" height=\"332\" srcset=\"https:\/\/justlaser.com.br\/alugueldelasers\/wp-content\/uploads\/2023\/05\/PONTEIRAS-aluguel-ENDYMED-1-1-200x67.png 200w, https:\/\/justlaser.com.br\/alugueldelasers\/wp-content\/uploads\/2023\/05\/PONTEIRAS-aluguel-ENDYMED-1-1-300x101.png 300w, https:\/\/justlaser.com.br\/alugueldelasers\/wp-content\/uploads\/2023\/05\/PONTEIRAS-aluguel-ENDYMED-1-1-400x135.png 400w, https:\/\/justlaser.com.br\/alugueldelasers\/wp-content\/uploads\/2023\/05\/PONTEIRAS-aluguel-ENDYMED-1-1-500x168.png 500w, https:\/\/justlaser.com.br\/alugueldelasers\/wp-content\/uploads\/2023\/05\/PONTEIRAS-aluguel-ENDYMED-1-1-600x202.png 600w, https:\/\/justlaser.com.br\/alugueldelasers\/wp-content\/uploads\/2023\/05\/PONTEIRAS-aluguel-ENDYMED-1-1-700x235.png 700w, https:\/\/justlaser.com.br\/alugueldelasers\/wp-content\/uploads\/2023\/05\/PONTEIRAS-aluguel-ENDYMED-1-1-768x258.png 768w, https:\/\/justlaser.com.br\/alugueldelasers\/wp-content\/uploads\/2023\/05\/PONTEIRAS-aluguel-ENDYMED-1-1-800x269.png 800w, https:\/\/justlaser.com.br\/alugueldelasers\/wp-content\/uploads\/2023\/05\/PONTEIRAS-aluguel-ENDYMED-1-1.png 987w\" sizes=\"(max-width: 987px) 100vw, 987px\" \/><\/p>\n<h2><a href=\"https:\/\/justlaser.com.br\/alugueldelasers\/aluguel-do-endymed\">ALUGUEL HOJE DO SEU ENDYMED<\/a><\/h2>\n<p>Trabalhamos com loca\u00e7\u00e3o di\u00e1ria, semanal ou mensal !<\/p>\n<p><em><strong><span style=\"font-size: 14pt;\">Se voc\u00ea procura aluguel <a href=\"https:\/\/justlaser.com.br\/alugueldelasers\/locacao-do-endymed\/\">loca\u00e7\u00e3o de aparelhos de\u00a0 ENDYMED,<\/a> INKIE LASER, ULTRAFORMER 4, ULTRAFORMER III, SCIZER, <\/span><\/strong><\/em><em><strong><span style=\"font-size: 14pt;\">ou treinamento de SCIZER : entre em contato !<\/span><\/strong><\/em><\/p>\n<p>&nbsp;<\/p>\n","protected":false},"excerpt":{"rendered":"<p>Loca\u00e7\u00e3o do Endymed Pensa em loca\u00e7\u00e3o do Endymed ? Bem-vindo(a) ao site da Just [&hellip;]<\/p>\n","protected":false},"author":2,"featured_media":0,"parent":0,"menu_order":0,"comment_status":"closed","ping_status":"closed","template":"","meta":{"footnotes":""},"_links":{"self":[{"href":"https:\/\/justlaser.com.br\/alugueldelasers\/wp-json\/wp\/v2\/pages\/3529"}],"collection":[{"href":"https:\/\/justlaser.com.br\/alugueldelasers\/wp-json\/wp\/v2\/pages"}],"about":[{"href":"https:\/\/justlaser.com.br\/alugueldelasers\/wp-json\/wp\/v2\/types\/page"}],"author":[{"embeddable":true,"href":"https:\/\/justlaser.com.br\/alugueldelasers\/wp-json\/wp\/v2\/users\/2"}],"replies":[{"embeddable":true,"href":"https:\/\/justlaser.com.br\/alugueldelasers\/wp-json\/wp\/v2\/comments?post=3529"}],"version-history":[{"count":0,"href":"https:\/\/justlaser.com.br\/alugueldelasers\/wp-json\/wp\/v2\/pages\/3529\/revisions"}],"wp:attachment":[{"href":"https:\/\/justlaser.com.br\/alugueldelasers\/wp-json\/wp\/v2\/media?parent=3529"}],"curies":[{"name":"wp","href":"https:\/\/api.w.org\/{rel}","templated":true}]}}