{"id":3597,"date":"2024-06-04T13:26:26","date_gmt":"2024-06-04T16:26:26","guid":{"rendered":"https:\/\/justlaser.com.br\/alugueldelasers\/?page_id=3597"},"modified":"2024-08-21T18:51:56","modified_gmt":"2024-08-21T21:51:56","slug":"locacao-do-ultraformer-mpt","status":"publish","type":"page","link":"https:\/\/justlaser.com.br\/alugueldelasers\/locacao-do-ultraformer-mpt\/","title":{"rendered":"Loca\u00e7\u00e3o do Ultraformer MPT"},"content":{"rendered":"<h1>Loca\u00e7\u00e3o do Ultraformer MPT &#8211; Empresa parceira da Medsystems desde 2018<\/h1>\n<p><span style=\"font-size: 14pt;\">Vamos falar sobre a Loca\u00e7\u00e3o do Ultraformer MPT ?<\/span><\/p>\n<p><img decoding=\"async\" class=\"aligncenter wp-image-3598 size-fusion-800\" title=\"Loca\u00e7\u00e3o do Ultraformer MPT\" src=\"https:\/\/justlaser.com.br\/alugueldelasers\/wp-content\/uploads\/2023\/06\/Locacao-do-Ultraformer-MPT-800x217.png\" alt=\"Loca\u00e7\u00e3o do Ultraformer MPT\" width=\"800\" height=\"217\" srcset=\"https:\/\/justlaser.com.br\/alugueldelasers\/wp-content\/uploads\/2023\/06\/Locacao-do-Ultraformer-MPT-200x54.png 200w, https:\/\/justlaser.com.br\/alugueldelasers\/wp-content\/uploads\/2023\/06\/Locacao-do-Ultraformer-MPT-300x81.png 300w, https:\/\/justlaser.com.br\/alugueldelasers\/wp-content\/uploads\/2023\/06\/Locacao-do-Ultraformer-MPT-400x108.png 400w, https:\/\/justlaser.com.br\/alugueldelasers\/wp-content\/uploads\/2023\/06\/Locacao-do-Ultraformer-MPT-500x135.png 500w, https:\/\/justlaser.com.br\/alugueldelasers\/wp-content\/uploads\/2023\/06\/Locacao-do-Ultraformer-MPT-600x163.png 600w, https:\/\/justlaser.com.br\/alugueldelasers\/wp-content\/uploads\/2023\/06\/Locacao-do-Ultraformer-MPT-700x190.png 700w, https:\/\/justlaser.com.br\/alugueldelasers\/wp-content\/uploads\/2023\/06\/Locacao-do-Ultraformer-MPT-768x208.png 768w, https:\/\/justlaser.com.br\/alugueldelasers\/wp-content\/uploads\/2023\/06\/Locacao-do-Ultraformer-MPT-800x217.png 800w, https:\/\/justlaser.com.br\/alugueldelasers\/wp-content\/uploads\/2023\/06\/Locacao-do-Ultraformer-MPT-1024x277.png 1024w, https:\/\/justlaser.com.br\/alugueldelasers\/wp-content\/uploads\/2023\/06\/Locacao-do-Ultraformer-MPT-1200x325.png 1200w, https:\/\/justlaser.com.br\/alugueldelasers\/wp-content\/uploads\/2023\/06\/Locacao-do-Ultraformer-MPT-1536x416.png 1536w, https:\/\/justlaser.com.br\/alugueldelasers\/wp-content\/uploads\/2023\/06\/Locacao-do-Ultraformer-MPT.png 1871w\" sizes=\"(max-width: 800px) 100vw, 800px\" \/><\/p>\n<h2><span style=\"font-size: 14pt;\"><strong>Como funciona a loca\u00e7\u00e3o do Ultraformer MPT?\u00a0<\/strong><\/span><\/h2>\n<p><span style=\"font-size: 14pt;\">Desde o fim de 2022, pioneira, a Just Laser faz aluguel e loca\u00e7\u00e3o do Ultraformer MPT.\u00a0<\/span><\/p>\n<h3><strong><span style=\"font-size: 14pt;\">Loca\u00e7\u00e3o de Ultraformer MPT: Seguran\u00e7a e Suporte Completo para seu Neg\u00f3cio<\/span><\/strong><\/h3>\n<p><span style=\"font-size: 14pt;\">Um pacote completo para sua tranquilidade:<\/span><br \/>\n<span style=\"font-size: 14pt;\">* <span style=\"color: #ff0000;\"><strong>Credibilidade: Somos a maior empresa em compra de cartuchos originais do importador, reconhecidos pela equipe de vendas.<\/strong><\/span><\/span><br \/>\n<span style=\"font-size: 14pt;\">* <span style=\"color: #ff0000;\"><strong>Originalidade: Utilizamos apenas cartuchos originais, garantindo resultados superiores e seguran\u00e7a para seus pacientes.<\/strong><\/span><\/span><br \/>\n<span style=\"color: #ff0000;\"><strong><span style=\"font-size: 14pt;\">* Suporte T\u00e9cnico: Nossa equipe est\u00e1 pronta para te auxiliar em todas as etapas do processo de loca\u00e7\u00e3o, desde a instala\u00e7\u00e3o at\u00e9 o uso do equipamento.<\/span><\/strong><\/span><br \/>\n<span style=\"color: #ff0000;\"><strong><span style=\"font-size: 14pt;\">* Suporte M\u00e9dico: Conte com o apoio de profissionais especializados para esclarecer d\u00favidas e auxiliar em eventuais intercorr\u00eancias, garantindo a seguran\u00e7a dos seus pacientes.<\/span><\/strong><\/span><\/p>\n<p><span style=\"font-size: 14pt;\">A import\u00e2ncia de escolher uma empresa s\u00e9ria e honesta<\/span><br \/>\n<span style=\"font-size: 14pt;\">A loca\u00e7\u00e3o de equipamentos est\u00e9ticos exige cuidado e aten\u00e7\u00e3o. <\/span><\/p>\n<blockquote><p><strong><span style=\"font-size: 14pt;\">Empresas s\u00e9rias garantem:<\/span><\/strong><br \/>\n<strong><span style=\"font-size: 14pt;\">* Equipamentos em perfeito estado: Manuten\u00e7\u00e3o e calibragem em dia para resultados ideais.<\/span><\/strong><br \/>\n<strong><span style=\"font-size: 14pt;\">* Proced\u00eancia dos cartuchos: Cartuchos originais garantem a seguran\u00e7a e efic\u00e1cia dos tratamentos.<\/span><\/strong><br \/>\n<strong><span style=\"font-size: 14pt;\">* Suporte t\u00e9cnico e m\u00e9dico: Assist\u00eancia completa para sua tranquilidade e a seguran\u00e7a dos seus pacientes.<\/span><\/strong><\/p><\/blockquote>\n<h2><span style=\"font-size: 14pt;\">Mas, no entanto, voc\u00ea precisa se preparar para a loca\u00e7\u00e3o, e aprender como usar corretamente a nova tencologia do Ultraformer MPT, que difere do UF III.<\/span><\/h2>\n<div data-pm-slice=\"1 1 []\" data-en-clipboard=\"true\"><span style=\"font-size: 14pt;\">A loca\u00e7\u00e3o do Ultraformer MPT para sua cl\u00ednica pode trazer diversas vantagens. O Ultraformer MPT \u00e9 um equipamento de ultrassom microfocado que promove o rejuvenescimento facial e corporal de forma n\u00e3o invasiva e eficaz. Melhora tanto flacidez, como agora tam\u00e9m, a qualidade da pele, brilho e textura !<\/span><\/div>\n<h3 data-pm-slice=\"1 1 []\" data-en-clipboard=\"true\">Vantagens da loca\u00e7\u00e3o do Ultraformer MPT<\/h3>\n<div data-pm-slice=\"1 1 []\" data-en-clipboard=\"true\"><span style=\"font-size: 14pt;\">Confira abaixo algumas das vantagens que a loca\u00e7\u00e3o do Ultraformer MPT pode oferecer para a sua cl\u00ednica:<\/span><\/div>\n<div><\/div>\n<div><span style=\"font-size: 14pt;\">1. Tecnologia avan\u00e7ada: O Ultraformer MPT \u00e9 um equipamento de tecnologia avan\u00e7ada, que utiliza a energia de ultrassom microfocado para estimular a produ\u00e7\u00e3o de col\u00e1geno e elastina na pele, promovendo o rejuvenescimento facial e corporal de forma n\u00e3o invasiva.<\/span><\/div>\n<div><\/div>\n<div><span style=\"font-size: 14pt;\">2. Resultados eficazes: A <strong>loca\u00e7\u00e3o do Ultraformer MPT<\/strong> pode oferecer resultados eficazes, que podem ser observados logo ap\u00f3s a primeira sess\u00e3o. Com o uso cont\u00ednuo do equipamento, \u00e9 poss\u00edvel alcan\u00e7ar resultados ainda mais expressivos.<\/span><\/div>\n<div><\/div>\n<div><span style=\"font-size: 14pt;\">3. N\u00e3o invasivo: O Ultraformer MPT \u00e9 um equipamento n\u00e3o invasivo, ou seja, n\u00e3o h\u00e1 necessidade de cortes ou incis\u00f5es na pele para a sua utiliza\u00e7\u00e3o. Isso significa que n\u00e3o h\u00e1 tempo de recupera\u00e7\u00e3o e os pacientes podem retornar \u00e0s suas atividades di\u00e1rias imediatamente ap\u00f3s o tratamento.<\/span><\/div>\n<div><\/div>\n<div><img decoding=\"async\" class=\"aligncenter wp-image-3599 size-fusion-800\" title=\"loca\u00e7\u00e3o do Ultraformer MPT\" src=\"https:\/\/justlaser.com.br\/alugueldelasers\/wp-content\/uploads\/2023\/06\/Locacao-do-Ultraformer-MPT-Sao-Paulo-800x428.png\" alt=\"loca\u00e7\u00e3o do Ultraformer MPT\" width=\"800\" height=\"428\" srcset=\"https:\/\/justlaser.com.br\/alugueldelasers\/wp-content\/uploads\/2023\/06\/Locacao-do-Ultraformer-MPT-Sao-Paulo-200x107.png 200w, https:\/\/justlaser.com.br\/alugueldelasers\/wp-content\/uploads\/2023\/06\/Locacao-do-Ultraformer-MPT-Sao-Paulo-300x160.png 300w, https:\/\/justlaser.com.br\/alugueldelasers\/wp-content\/uploads\/2023\/06\/Locacao-do-Ultraformer-MPT-Sao-Paulo-400x214.png 400w, https:\/\/justlaser.com.br\/alugueldelasers\/wp-content\/uploads\/2023\/06\/Locacao-do-Ultraformer-MPT-Sao-Paulo-500x267.png 500w, https:\/\/justlaser.com.br\/alugueldelasers\/wp-content\/uploads\/2023\/06\/Locacao-do-Ultraformer-MPT-Sao-Paulo-600x321.png 600w, https:\/\/justlaser.com.br\/alugueldelasers\/wp-content\/uploads\/2023\/06\/Locacao-do-Ultraformer-MPT-Sao-Paulo-700x374.png 700w, https:\/\/justlaser.com.br\/alugueldelasers\/wp-content\/uploads\/2023\/06\/Locacao-do-Ultraformer-MPT-Sao-Paulo-768x411.png 768w, https:\/\/justlaser.com.br\/alugueldelasers\/wp-content\/uploads\/2023\/06\/Locacao-do-Ultraformer-MPT-Sao-Paulo-800x428.png 800w, https:\/\/justlaser.com.br\/alugueldelasers\/wp-content\/uploads\/2023\/06\/Locacao-do-Ultraformer-MPT-Sao-Paulo-1024x548.png 1024w, https:\/\/justlaser.com.br\/alugueldelasers\/wp-content\/uploads\/2023\/06\/Locacao-do-Ultraformer-MPT-Sao-Paulo-1200x642.png 1200w, https:\/\/justlaser.com.br\/alugueldelasers\/wp-content\/uploads\/2023\/06\/Locacao-do-Ultraformer-MPT-Sao-Paulo.png 1341w\" sizes=\"(max-width: 800px) 100vw, 800px\" \/><\/div>\n<div><\/div>\n<div><span style=\"font-size: 14pt;\">4. Diversidade de tratamentos: O Ultraformer MPT oferece a possibilidade de realizar diversos tipos de tratamentos, como lifting facial, redu\u00e7\u00e3o de gordura localizada, melhora da flacidez e rugas. Isso amplia as possibilidades de tratamento para os pacientes e aumenta a rentabilidade da sua cl\u00ednica.<\/span><\/div>\n<div><\/div>\n<div><span style=\"font-size: 14pt;\">5. Aumento da satisfa\u00e7\u00e3o dos pacientes: Com resultados eficazes e um tratamento n\u00e3o invasivo, \u00e9 natural que a loca\u00e7\u00e3o do Ultraformer MPT aumente a satisfa\u00e7\u00e3o dos pacientes com a cl\u00ednica e fideliza\u00e7\u00e3o dos mesmos.<\/span><\/div>\n<div><\/div>\n<div><span style=\"font-size: 14pt;\">6. Baixo investimento inicial: A loca\u00e7\u00e3o do Ultraformer MPT \u00e9 uma excelente op\u00e7\u00e3o para cl\u00ednicas que desejam oferecer tratamentos de qualidade sem grandes investimentos iniciais. A loca\u00e7\u00e3o do equipamento \u00e9 uma op\u00e7\u00e3o mais acess\u00edvel e pode ser uma excelente alternativa para a sua cl\u00ednica.<\/span><\/div>\n<div><img decoding=\"async\" class=\"aligncenter size-fusion-800 wp-image-3600\" src=\"https:\/\/justlaser.com.br\/alugueldelasers\/wp-content\/uploads\/2023\/06\/Locacao-do-Ultraformer-MPT-just-laser-800x350.png\" alt=\"\" width=\"800\" height=\"350\" title=\"\" srcset=\"https:\/\/justlaser.com.br\/alugueldelasers\/wp-content\/uploads\/2023\/06\/Locacao-do-Ultraformer-MPT-just-laser-200x87.png 200w, https:\/\/justlaser.com.br\/alugueldelasers\/wp-content\/uploads\/2023\/06\/Locacao-do-Ultraformer-MPT-just-laser-300x131.png 300w, https:\/\/justlaser.com.br\/alugueldelasers\/wp-content\/uploads\/2023\/06\/Locacao-do-Ultraformer-MPT-just-laser-400x175.png 400w, https:\/\/justlaser.com.br\/alugueldelasers\/wp-content\/uploads\/2023\/06\/Locacao-do-Ultraformer-MPT-just-laser-500x219.png 500w, https:\/\/justlaser.com.br\/alugueldelasers\/wp-content\/uploads\/2023\/06\/Locacao-do-Ultraformer-MPT-just-laser-600x262.png 600w, https:\/\/justlaser.com.br\/alugueldelasers\/wp-content\/uploads\/2023\/06\/Locacao-do-Ultraformer-MPT-just-laser-700x306.png 700w, https:\/\/justlaser.com.br\/alugueldelasers\/wp-content\/uploads\/2023\/06\/Locacao-do-Ultraformer-MPT-just-laser-768x336.png 768w, https:\/\/justlaser.com.br\/alugueldelasers\/wp-content\/uploads\/2023\/06\/Locacao-do-Ultraformer-MPT-just-laser-800x350.png 800w, https:\/\/justlaser.com.br\/alugueldelasers\/wp-content\/uploads\/2023\/06\/Locacao-do-Ultraformer-MPT-just-laser-1024x448.png 1024w, https:\/\/justlaser.com.br\/alugueldelasers\/wp-content\/uploads\/2023\/06\/Locacao-do-Ultraformer-MPT-just-laser-1200x525.png 1200w, https:\/\/justlaser.com.br\/alugueldelasers\/wp-content\/uploads\/2023\/06\/Locacao-do-Ultraformer-MPT-just-laser-1536x672.png 1536w, https:\/\/justlaser.com.br\/alugueldelasers\/wp-content\/uploads\/2023\/06\/Locacao-do-Ultraformer-MPT-just-laser.png 1733w\" sizes=\"(max-width: 800px) 100vw, 800px\" \/><\/div>\n<div><\/div>\n<div>\n<h3>Vamos falar de outras oportunidades de loca\u00e7\u00e3o?<\/h3>\n<p><span style=\"font-size: 14pt;\"><em><strong><a href=\"https:\/\/justlaser.com.br\/alugueldelasers\/locacao-de-laser-para-endolift\/\">Loca\u00e7\u00e3o de laser para endolift<\/a>: o que \u00e9 e como funciona?<\/strong><\/em><\/span><\/p>\n<ul id=\"menu-endolift\" class=\"menu\">\n<li id=\"menu-item-3563\" class=\"menu-item menu-item-type-post_type menu-item-object-page menu-item-3563\"><span style=\"font-size: 14pt;\"><a href=\"https:\/\/justlaser.com.br\/alugueldelasers\/locacao-de-laser-para-endolift\/\">Loca\u00e7\u00e3o de laser para Endolift<\/a><\/span><\/li>\n<li id=\"menu-item-3564\" class=\"menu-item menu-item-type-post_type menu-item-object-page menu-item-3564\"><span style=\"font-size: 14pt;\"><a href=\"https:\/\/justlaser.com.br\/alugueldelasers\/locacao-de-laser-para-endolift\/aluguel-do-delight-endolift\/\">Aluguel do Delight Endolift<\/a><\/span><\/li>\n<li id=\"menu-item-3565\" class=\"menu-item menu-item-type-post_type menu-item-object-page current-menu-item page_item page-item-3492 current_page_item menu-item-3565\"><span style=\"font-size: 14pt;\"><a href=\"https:\/\/justlaser.com.br\/alugueldelasers\/aluguel-de-endolift\/\" aria-current=\"page\">Aluguel de Endolift<\/a><\/span><\/li>\n<li id=\"menu-item-3561\" class=\"menu-item menu-item-type-post_type menu-item-object-page menu-item-has-children menu-item-3561\"><span style=\"font-size: 14pt;\"><a href=\"https:\/\/justlaser.com.br\/alugueldelasers\/locacao-do-endymed\/\">Loca\u00e7\u00e3o do Endymed<\/a><\/span><\/li>\n<li><span style=\"font-size: 14pt;\"><a href=\"https:\/\/justlaser.com.br\/alugueldelasers\/locacao-do-ultraformer-mpt\/\">Loca\u00e7\u00e3o do Ultraformer MPT<\/a><\/span><\/li>\n<li><span style=\"font-size: 14pt;\"><strong><a href=\"https:\/\/justlaser.com.br\/alugueldelasers\/aluguel-ultraformer-mpt-4\/\">Aluguel de UltraFormer MPT<\/a><\/strong><\/span><\/li>\n<\/ul>\n<h2><span style=\"color: #ff0000; font-size: 18pt;\"><strong><a title=\"Clique para WhatsApp\" href=\"https:\/\/api.whatsapp.com\/send?phone=5511940843111\" target=\"_blank\" rel=\"nofollow noopener\"><img decoding=\"async\" class=\"alignleft wp-image-3064\" title=\"Locacao Ultraformer MPT\" src=\"https:\/\/justlaser.com.br\/alugueldelasers\/wp-content\/uploads\/2022\/02\/aluguel-uthera-3.jpg\" alt=\"Locacao Ultraformer MPT\" width=\"344\" height=\"160\" srcset=\"https:\/\/justlaser.com.br\/alugueldelasers\/wp-content\/uploads\/2022\/02\/aluguel-uthera-3-200x93.jpg 200w, https:\/\/justlaser.com.br\/alugueldelasers\/wp-content\/uploads\/2022\/02\/aluguel-uthera-3-300x140.jpg 300w, https:\/\/justlaser.com.br\/alugueldelasers\/wp-content\/uploads\/2022\/02\/aluguel-uthera-3.jpg 400w\" sizes=\"(max-width: 344px) 100vw, 344px\" \/><\/a><\/strong><\/span><\/h2>\n<p><span style=\"font-size: 14pt;\"><em><strong>Se voc\u00ea procura aluguel loca\u00e7\u00e3o de aparelhos de\u00a0 Ultraformer\u00a0 MPT, SCIZER, LAVIEEN, ETHEREA&#8230;<\/strong><\/em><\/span><br \/>\n<span style=\"font-size: 14pt;\"><em><strong>ou treinamentos: entre em contato<\/strong><\/em><\/span><\/p>\n<p>&nbsp;<\/p>\n<\/div>\n","protected":false},"excerpt":{"rendered":"<p>Loca\u00e7\u00e3o do Ultraformer MPT &#8211; Empresa parceira da Medsystems desde 2018 Vamos falar sobre [&hellip;]<\/p>\n","protected":false},"author":2,"featured_media":0,"parent":0,"menu_order":0,"comment_status":"closed","ping_status":"closed","template":"","meta":{"footnotes":""},"_links":{"self":[{"href":"https:\/\/justlaser.com.br\/alugueldelasers\/wp-json\/wp\/v2\/pages\/3597"}],"collection":[{"href":"https:\/\/justlaser.com.br\/alugueldelasers\/wp-json\/wp\/v2\/pages"}],"about":[{"href":"https:\/\/justlaser.com.br\/alugueldelasers\/wp-json\/wp\/v2\/types\/page"}],"author":[{"embeddable":true,"href":"https:\/\/justlaser.com.br\/alugueldelasers\/wp-json\/wp\/v2\/users\/2"}],"replies":[{"embeddable":true,"href":"https:\/\/justlaser.com.br\/alugueldelasers\/wp-json\/wp\/v2\/comments?post=3597"}],"version-history":[{"count":0,"href":"https:\/\/justlaser.com.br\/alugueldelasers\/wp-json\/wp\/v2\/pages\/3597\/revisions"}],"wp:attachment":[{"href":"https:\/\/justlaser.com.br\/alugueldelasers\/wp-json\/wp\/v2\/media?parent=3597"}],"curies":[{"name":"wp","href":"https:\/\/api.w.org\/{rel}","templated":true}]}}