{"id":3610,"date":"2023-06-09T09:02:18","date_gmt":"2023-06-09T12:02:18","guid":{"rendered":"https:\/\/justlaser.com.br\/alugueldelasers\/?page_id=3610"},"modified":"2023-06-09T12:46:58","modified_gmt":"2023-06-09T15:46:58","slug":"ponteira-fsr-endymed","status":"publish","type":"page","link":"https:\/\/justlaser.com.br\/alugueldelasers\/ponteira-fsr-endymed\/","title":{"rendered":"Ponteira FSR Endymed"},"content":{"rendered":"<h1>Ponteira FSR Endymed<\/h1>\n<p><span style=\"font-size: 14pt;\">Ponteira FSR , do Endymed, significa FRACTIONAL SKIN RESURFACING.\u00a0 <\/span><\/p>\n<p><span style=\"font-size: 14pt;\">Ou Resurfacing fracionado da pele, uma radiofrequ\u00eancia ablativa, fracionada.\u00a0Como os lasers fracionados, mas com outras caracter\u00edsticas.<\/span><\/p>\n<blockquote><p><span style=\"font-size: 14pt;\"><strong>DEFIN\u00c7\u00c3O: resurfacing<\/strong><\/span><\/p>\n<p><span style=\"font-size: 14pt;\"><strong>1.colocar um novo revestimento ou reformar, trocar a superf\u00edcie.<\/strong><\/span><\/p><\/blockquote>\n<p><span style=\"font-size: 14pt;\">Sobre isso que estamos falando aqui!<\/span><\/p>\n<p><span style=\"font-size: 14pt;\">Designed for skin resurfacing and textural improvements, pore reduction, hyperpigmentation, wrinkles reduction and scars on both face and body<\/span><\/p>\n<p><iframe src=\"\/\/www.youtube.com\/embed\/gqoT-bujenY\" width=\"560\" height=\"314\" allowfullscreen=\"allowfullscreen\"><\/iframe><\/p>\n<h2><span style=\"font-size: 14pt;\"><strong>FSR ENDYMED<\/strong><\/span><\/h2>\n<p><span style=\"font-size: 14pt;\">A ponteira \u00a0FSR Endymed \u00a0(significa FRACTIONAL SKIN RESURFACING ) \u00e9 uma ponteira do famoso ENDYMED, aparelho israelense.<\/span><\/p>\n<p><span style=\"font-size: 14pt;\">Um aparelho de radiofrequ\u00eancia sub-ablativa de \u00faltima gera\u00e7\u00e3o. Uma tecnologia de ponta, que atua em todas as camadas superficiais da pele:<\/span><\/p>\n<ul>\n<li><span style=\"font-size: 14pt;\">Nas camadas superficiais ele provoca uma descama\u00e7\u00e3o controlada com objetivo de fazer uma renova\u00e7\u00e3o celular.<\/span><\/li>\n<li><span style=\"font-size: 14pt;\">Nas camadas mais profundas, derme papilar, promove aumento das fibras de col\u00e1geno e regenera\u00e7\u00e3o da pele atrav\u00e9s do calor da radiofrequ\u00eancia.<\/span><\/li>\n<\/ul>\n<p><img decoding=\"async\" class=\"alignright wp-image-3611 size-medium\" title=\"FSR PONTEIRA ENDYMED\" src=\"https:\/\/justlaser.com.br\/alugueldelasers\/wp-content\/uploads\/2023\/06\/FSR-PONTEIRA-ENDYMED-251x300.webp\" alt=\"FSR PONTEIRA ENDYMED\" width=\"251\" height=\"300\" srcset=\"https:\/\/justlaser.com.br\/alugueldelasers\/wp-content\/uploads\/2023\/06\/FSR-PONTEIRA-ENDYMED-200x239.webp 200w, https:\/\/justlaser.com.br\/alugueldelasers\/wp-content\/uploads\/2023\/06\/FSR-PONTEIRA-ENDYMED-251x300.webp 251w, https:\/\/justlaser.com.br\/alugueldelasers\/wp-content\/uploads\/2023\/06\/FSR-PONTEIRA-ENDYMED-400x479.webp 400w, https:\/\/justlaser.com.br\/alugueldelasers\/wp-content\/uploads\/2023\/06\/FSR-PONTEIRA-ENDYMED-500x599.webp 500w, https:\/\/justlaser.com.br\/alugueldelasers\/wp-content\/uploads\/2023\/06\/FSR-PONTEIRA-ENDYMED.webp 598w\" sizes=\"(max-width: 251px) 100vw, 251px\" \/><\/p>\n<h2><span style=\"font-size: 14pt;\">Tecnologia da ponteira FSR ENDYMED<\/span><\/h2>\n<p><span style=\"font-size: 14pt;\">Duas tecnologias em um aplicador!\u00a0<\/span><\/p>\n<p><span style=\"font-size: 14pt;\"><strong>Abla\u00e7\u00e3o Fracionada<\/strong> + <em><strong>Aquecimento Volum\u00e9trico na profundidade<\/strong><\/em> , com (3DEEP\u00ae) Smooth Scanning Technology<\/span><\/p>\n<p><span style=\"font-size: 14pt;\">A combina\u00e7\u00e3o dessas 2 tecnologias cl\u00ednicas fornece os tratamentos clinicamente mais eficazes com resultados superiores<\/span><\/p>\n<h3><span style=\"font-size: 14pt;\">Smooth Scanning Technology (Tecnologia de digitaliza\u00e7\u00e3o suave)<\/span><\/h3>\n<p><span style=\"font-size: 14pt;\">A exclusiva tecnologia Smooth Scanning oferece o que h\u00e1 de mais avan\u00e7ado em tratamentos de resurfacing e rejuvenescimento da pele, redu\u00e7\u00e3o de rugas, endurecimento da pele e redu\u00e7\u00e3o de cicatrizes<\/span><\/p>\n<h3>Hiperpigmenta\u00e7\u00e3o p\u00f3s inflamat\u00f3ria com\u00a0 a ponteira sublativa FSR Endymed ?<\/h3>\n<p><span style=\"font-size: 14pt;\">Risco M\u00ednimo de HPI (hiperpigmenta\u00e7\u00e3o p\u00f3s inflamat\u00f3ria)<\/span><\/p>\n<p><span style=\"font-size: 14pt;\">FSR oferece abla\u00e7\u00e3o sem superaquecimento da epiderma, minimizando qualquer risco de HPI, mesmo em pele asi\u00e1tica<\/span><\/p>\n<h2><span style=\"font-size: 14pt;\">Como funciona a ponteira FSR\u00a0 ?<\/span><\/h2>\n<p><span style=\"font-size: 14pt;\">A ponteira FSR usa radiofrequ\u00eancia de quarta gera\u00e7\u00e3o (depois d\u00e1 uma estuada nisso, \u00e9 incr\u00edvel essa tecnologia!). <\/span><br \/>\n<span style=\"font-size: 14pt;\">Serve para tratar de forma eficaz todas as camadas da pele. As camadas superiores s\u00e3o tratadas com abla\u00e7\u00e3o fracionada, permitindo a renova\u00e7\u00e3o de c\u00e9lulas danificadas e simultaneamente<strong>, com o calor volum\u00e9trico<\/strong>, alcan\u00e7a as fibras de col\u00e1geno 3 vezes mais profundo, causando efeito tightening (contra\u00e7\u00e3o, retra\u00e7\u00e3o) imediato e a longo prazo.<\/span><\/p>\n<h3><span style=\"font-size: 18pt;\">Objetivos do tratamento com ENDYMED FSR:<\/span><\/h3>\n<ul>\n<li><span style=\"font-size: 14pt;\">Melhora da qualidade e textura da pele.<\/span><\/li>\n<li><span style=\"font-size: 14pt;\">Aumento da produ\u00e7\u00e3o de col\u00e1geno.<\/span><\/li>\n<li><span style=\"font-size: 14pt;\">tratamento rugas finas embaixo dos olhos, na p\u00e1lpebra inferior\u00a0<\/span><\/li>\n<\/ul>\n<p><span style=\"font-size: 14pt;\">Indica\u00e7\u00f5es:<\/span><\/p>\n<ul>\n<li><span style=\"font-size: 14pt;\">Poros dilatados.<\/span><\/li>\n<li><span style=\"font-size: 14pt;\">Rugas finas.<\/span><\/li>\n<li><span style=\"font-size: 14pt;\">Acne.<\/span><\/li>\n<li><span style=\"font-size: 14pt;\">Manchas escuras na pele.<\/span><\/li>\n<li><span style=\"font-size: 14pt;\">Cicatrizes.<\/span><\/li>\n<li><span style=\"font-size: 14pt;\">Flacidez<\/span><\/li>\n<\/ul>\n<p><span style=\"font-size: 14pt;\">\u00a0Mas o grande trunfo dela, a grande indica\u00e7\u00e3o, \u00e9 flacidez e ruguinhas da p\u00e1lpebra inferior!<\/span><\/p>\n<p><span style=\"font-size: 14pt;\">Aqui est\u00e1 uma das principais indica\u00e7\u00f5es!<\/span><\/p>\n<p>&nbsp;<\/p>\n","protected":false},"excerpt":{"rendered":"<p>Ponteira FSR Endymed Ponteira FSR , do Endymed, significa FRACTIONAL SKIN RESURFACING.\u00a0 Ou Resurfacing [&hellip;]<\/p>\n","protected":false},"author":2,"featured_media":0,"parent":0,"menu_order":0,"comment_status":"closed","ping_status":"closed","template":"","meta":{"footnotes":""},"_links":{"self":[{"href":"https:\/\/justlaser.com.br\/alugueldelasers\/wp-json\/wp\/v2\/pages\/3610"}],"collection":[{"href":"https:\/\/justlaser.com.br\/alugueldelasers\/wp-json\/wp\/v2\/pages"}],"about":[{"href":"https:\/\/justlaser.com.br\/alugueldelasers\/wp-json\/wp\/v2\/types\/page"}],"author":[{"embeddable":true,"href":"https:\/\/justlaser.com.br\/alugueldelasers\/wp-json\/wp\/v2\/users\/2"}],"replies":[{"embeddable":true,"href":"https:\/\/justlaser.com.br\/alugueldelasers\/wp-json\/wp\/v2\/comments?post=3610"}],"version-history":[{"count":0,"href":"https:\/\/justlaser.com.br\/alugueldelasers\/wp-json\/wp\/v2\/pages\/3610\/revisions"}],"wp:attachment":[{"href":"https:\/\/justlaser.com.br\/alugueldelasers\/wp-json\/wp\/v2\/media?parent=3610"}],"curies":[{"name":"wp","href":"https:\/\/api.w.org\/{rel}","templated":true}]}}