{"id":3625,"date":"2023-06-28T10:27:51","date_gmt":"2023-06-28T13:27:51","guid":{"rendered":"https:\/\/justlaser.com.br\/alugueldelasers\/?page_id=3625"},"modified":"2024-08-03T09:11:05","modified_gmt":"2024-08-03T12:11:05","slug":"curso-de-endolift","status":"publish","type":"page","link":"https:\/\/justlaser.com.br\/alugueldelasers\/curso-de-endolift\/","title":{"rendered":"Curso de Endolift"},"content":{"rendered":"<h1><img decoding=\"async\" class=\"aligncenter size-full wp-image-3642\" src=\"https:\/\/justlaser.com.br\/alugueldelasers\/wp-content\/uploads\/2023\/06\/curso-de-endolift-sao-paulo.jpg\" alt=\"curso de endolift sao paulo\" width=\"974\" height=\"846\" title=\"\" srcset=\"https:\/\/justlaser.com.br\/alugueldelasers\/wp-content\/uploads\/2023\/06\/curso-de-endolift-sao-paulo-200x174.jpg 200w, https:\/\/justlaser.com.br\/alugueldelasers\/wp-content\/uploads\/2023\/06\/curso-de-endolift-sao-paulo-300x261.jpg 300w, https:\/\/justlaser.com.br\/alugueldelasers\/wp-content\/uploads\/2023\/06\/curso-de-endolift-sao-paulo-400x347.jpg 400w, https:\/\/justlaser.com.br\/alugueldelasers\/wp-content\/uploads\/2023\/06\/curso-de-endolift-sao-paulo-500x434.jpg 500w, https:\/\/justlaser.com.br\/alugueldelasers\/wp-content\/uploads\/2023\/06\/curso-de-endolift-sao-paulo-600x521.jpg 600w, https:\/\/justlaser.com.br\/alugueldelasers\/wp-content\/uploads\/2023\/06\/curso-de-endolift-sao-paulo-700x608.jpg 700w, https:\/\/justlaser.com.br\/alugueldelasers\/wp-content\/uploads\/2023\/06\/curso-de-endolift-sao-paulo-768x667.jpg 768w, https:\/\/justlaser.com.br\/alugueldelasers\/wp-content\/uploads\/2023\/06\/curso-de-endolift-sao-paulo-800x695.jpg 800w, https:\/\/justlaser.com.br\/alugueldelasers\/wp-content\/uploads\/2023\/06\/curso-de-endolift-sao-paulo.jpg 974w\" sizes=\"(max-width: 974px) 100vw, 974px\" \/><\/h1>\n<h1>Curso de Endolift<\/h1>\n<p><span style=\"font-size: 14pt;\">Como funciona o curso de Endolift , da Just Laser:<br \/>\n<\/span><span style=\"font-size: 14pt;\"><strong>Introdu\u00e7\u00e3o ao curso de Endolift<br \/>\n<\/strong><\/span><span style=\"font-size: 14pt;\">Seja muito bem-vindo e Just Laser Academy. <\/span><\/p>\n<blockquote><p><a href=\"https:\/\/endoliftacademy.com.br\/lp\/curso-online-endolift-endolaser\/\" target=\"_blank\" rel=\"noopener\"><strong><span style=\"font-size: 14pt;\">E conhe\u00e7a o novo curso avan\u00e7ado de Endolift a laser, oferecido pela Just Laser em parceria com a Endolift Academy!<\/span><\/strong><\/a><\/p>\n<p><span style=\"font-size: 14pt;\"><a href=\"https:\/\/endoliftacademy.com.br\/lp\/curso-online-endolift-endolaser\/\" target=\"_blank\" rel=\"noopener\"><strong>CLIQUE AQUI PARA O LINK DO CURSO ONLINE DE MAIS DE 10 HORAS, PRODUZIDO POR UM FAMOSO DERMATOLOGISTA.\u00a0 UM CURSO COMPLETO DE ENDOLASER<\/strong><\/a><\/span><\/p>\n<p><iframe src=\"\/\/player.vimeo.com\/video\/858010395?title=0&amp;byline=0&amp;portrait=0&amp;color=8dc7dc\" width=\"425\" height=\"350\" allowfullscreen=\"allowfullscreen\"><\/iframe><\/p><\/blockquote>\n<p><span style=\"font-size: 14pt;\">Neste curso, voc\u00ea ter\u00e1 a oportunidade de aprofundar seus conhecimentos sobre essa t\u00e9cnica revolucion\u00e1ria de rejuvenescimento facial e corporal.<br \/>\n<\/span><span style=\"font-size: 14pt;\">A Just Laser \u00e9 uma renomada empresa especializada no aluguel de equipamentos a laser e na capacita\u00e7\u00e3o de profissionais na \u00e1rea de est\u00e9tica m\u00e9dica. Nossa empresa, em parceria com especialistas da \u00e1rea m\u00e9dica de dermatologia e cirurgia pl\u00e1stica, desenvolveu este curso com o objetivo de fornecer a voc\u00ea as habilidades necess\u00e1rias para realizar o procedimento de Endolift com excel\u00eancia.<\/span><\/p>\n<h2><strong><span style=\"font-size: 14pt;\">Parcerias Estrat\u00e9gicas no curso de Endolift a laser:<\/span><\/strong><\/h2>\n<p><span style=\"font-size: 14pt;\">A Just Laser tem o orgulho de ter estabelecido parcerias estrat\u00e9gicas com profissionais renomados nas \u00e1reas de dermatologia, cirurgia pl\u00e1stica e odontologia.<br \/>\nEssas parcerias foram formadas com o intuito de oferecer um curso avan\u00e7ado de Endolift a laser, que incorpora as mais recentes t\u00e9cnicas e avan\u00e7os no campo da est\u00e9tica m\u00e9dica. Nossa empresa trabalhou em conjunto com especialistas altamente qualificados, que contribu\u00edram com sua experi\u00eancia e conhecimento para garantir a qualidade e a efic\u00e1cia deste curso.<\/span><\/p>\n<h3><strong><span style=\"font-size: 14pt;\">Endolift a Laser<\/span><\/strong><\/h3>\n<p><span style=\"font-size: 14pt;\">O Endolift a laser \u00e9 um procedimento n\u00e3o cir\u00fargico inovador que utiliza energia laser para estimular a produ\u00e7\u00e3o de col\u00e1geno e melhorar a elasticidade da pele. Ele \u00e9 particularmente eficaz no tratamento de rugas finas, flacidez e melhora da textura da pele. Ao contr\u00e1rio das t\u00e9cnicas tradicionais de lifting facial, o Endolift a laser \u00e9 minimamente invasivo, proporcionando resultados not\u00e1veis sem a necessidade de incis\u00f5es profundas ou longos per\u00edodos de recupera\u00e7\u00e3o.<\/span><\/p>\n<p><img decoding=\"async\" class=\"alignright wp-image-3643 size-full\" title=\"curso de endolift\" src=\"https:\/\/justlaser.com.br\/alugueldelasers\/wp-content\/uploads\/2023\/06\/curso-de-endolift.jpg\" alt=\"curso de endoliftcurso de endolift\" width=\"391\" height=\"263\" srcset=\"https:\/\/justlaser.com.br\/alugueldelasers\/wp-content\/uploads\/2023\/06\/curso-de-endolift-200x135.jpg 200w, https:\/\/justlaser.com.br\/alugueldelasers\/wp-content\/uploads\/2023\/06\/curso-de-endolift-300x202.jpg 300w, https:\/\/justlaser.com.br\/alugueldelasers\/wp-content\/uploads\/2023\/06\/curso-de-endolift.jpg 391w\" sizes=\"(max-width: 391px) 100vw, 391px\" \/><\/p>\n<h2><span style=\"font-size: 18pt;\"><strong>Conte\u00fado do <a href=\"https:\/\/justlaser.com.br\/alugueldelasers\/curso-de-endolift\/\">Curso de Endolift<\/a><br \/>\n<\/strong><\/span><\/h2>\n<p><span style=\"font-size: 14pt;\">Nosso curso avan\u00e7ado de Endolift a laser \u00e9 cuidadosamente projetado para fornecer a voc\u00ea conhecimentos abrangentes sobre as t\u00e9cnicas mais recentes nessa \u00e1rea. Voc\u00ea aprender\u00e1 sobre os princ\u00edpios cient\u00edficos por tr\u00e1s do uso do laser no rejuvenescimento facial e corporal, bem como as diferentes modalidades de tratamento dispon\u00edveis. Al\u00e9m disso, iremos <strong>aprofundar os conhecimentos sobre a anatomia facial e corporal<\/strong> relevante para o procedimento de Endolift, para que voc\u00ea possa compreender plenamente os pontos-chave de aplica\u00e7\u00e3o e seguran\u00e7a.<\/span><\/p>\n<p><span style=\"font-size: 14pt;\">Durante o curso, voc\u00ea ter\u00e1 a oportunidade de <strong>adquirir habilidades pr\u00e1ticas<\/strong> por meio de sess\u00f5es pr\u00e1ticas supervisionadas por profissionais experientes.<\/span><\/p>\n<p><span style=\"font-size: 14pt;\">Muitas treinadas por <a href=\"https:\/\/clinicawulkan.com.br\/especialista-em-endolift-laser\/\" target=\"_blank\" rel=\"noopener\">especialistas no endolift<\/a>, de verdade.<\/span><\/p>\n<p><span style=\"font-size: 14pt;\"> Voc\u00ea aprender\u00e1 t\u00e9cnicas avan\u00e7adas de aplica\u00e7\u00e3o do laser, ajustes de par\u00e2metros adequados e como lidar com poss\u00edveis complica\u00e7\u00f5es. Nosso objetivo \u00e9 capacit\u00e1-lo a realizar o Endolift a laser com seguran\u00e7a, confian\u00e7a e excel\u00eancia.<\/span><\/p>\n<p><span style=\"font-size: 14pt;\">Benef\u00edcios do Curso:<\/span><br \/>\n<span style=\"font-size: 14pt;\">Ao concluir o curso avan\u00e7ado de Endolift a laser da Just Laser, voc\u00ea estar\u00e1 preparado para oferecer um tratamento inovador e altamente procurado aos seus pacientes. Al\u00e9m disso, voc\u00ea ter\u00e1 uma compreens\u00e3o aprofundada das melhores pr\u00e1ticas no uso do laser na est\u00e9tica m\u00e9dica, o que pode ampliar suas oportunidades de carreira e diferenci\u00e1-lo como um profissional altamente qualificado.\u00a0<\/span><\/p>\n<p><span style=\"font-size: 18pt;\"><strong>Veja mais sobre o tema nos links abaixo<br \/>\n<\/strong><\/span><strong><span style=\"font-size: 14pt;\"><a href=\"https:\/\/justlaser.com.br\/alugueldelasers\/curso-de-endolift\/\">Curso de Endolift<\/a><br \/>\n<\/span><\/strong><strong><span style=\"font-size: 14pt;\"><a href=\"https:\/\/justlaser.com.br\/alugueldelasers\/curso-de-endolift\/curso-de-capacitacao-em-endolift\">Curso de capacita\u00e7\u00e3o em Endolift<\/a><br \/>\n<\/span><\/strong><strong><span style=\"font-size: 14pt;\"><a href=\"https:\/\/justlaser.com.br\/alugueldelasers\/curso-de-endolift\/treinamento-em-endolift\/\">Treinamento em Endolift<\/a><\/span><\/strong><\/p>\n","protected":false},"excerpt":{"rendered":"<p>Curso de Endolift Como funciona o curso de Endolift , da Just Laser: Introdu\u00e7\u00e3o [&hellip;]<\/p>\n","protected":false},"author":2,"featured_media":0,"parent":0,"menu_order":0,"comment_status":"closed","ping_status":"closed","template":"","meta":{"footnotes":""},"_links":{"self":[{"href":"https:\/\/justlaser.com.br\/alugueldelasers\/wp-json\/wp\/v2\/pages\/3625"}],"collection":[{"href":"https:\/\/justlaser.com.br\/alugueldelasers\/wp-json\/wp\/v2\/pages"}],"about":[{"href":"https:\/\/justlaser.com.br\/alugueldelasers\/wp-json\/wp\/v2\/types\/page"}],"author":[{"embeddable":true,"href":"https:\/\/justlaser.com.br\/alugueldelasers\/wp-json\/wp\/v2\/users\/2"}],"replies":[{"embeddable":true,"href":"https:\/\/justlaser.com.br\/alugueldelasers\/wp-json\/wp\/v2\/comments?post=3625"}],"version-history":[{"count":0,"href":"https:\/\/justlaser.com.br\/alugueldelasers\/wp-json\/wp\/v2\/pages\/3625\/revisions"}],"wp:attachment":[{"href":"https:\/\/justlaser.com.br\/alugueldelasers\/wp-json\/wp\/v2\/media?parent=3625"}],"curies":[{"name":"wp","href":"https:\/\/api.w.org\/{rel}","templated":true}]}}