{"id":3739,"date":"2023-07-20T11:30:43","date_gmt":"2023-07-20T14:30:43","guid":{"rendered":"https:\/\/justlaser.com.br\/alugueldelasers\/?page_id=3739"},"modified":"2023-07-20T12:00:16","modified_gmt":"2023-07-20T15:00:16","slug":"aluguel-de-endolift-pioon","status":"publish","type":"page","link":"https:\/\/justlaser.com.br\/alugueldelasers\/aluguel-de-endolift-pioon\/","title":{"rendered":"Aluguel de Endolift  Pioon"},"content":{"rendered":"<h1><img decoding=\"async\" class=\"aligncenter wp-image-3744 \" title=\"Aluguel de Endolift Pioon\u00a0\" src=\"https:\/\/justlaser.com.br\/alugueldelasers\/wp-content\/uploads\/2023\/07\/Aluguel-de-Endolift-Pioon-.png\" alt=\"Aluguel de Endolift Pioon\u00a0\" width=\"609\" height=\"272\" srcset=\"https:\/\/justlaser.com.br\/alugueldelasers\/wp-content\/uploads\/2023\/07\/Aluguel-de-Endolift-Pioon--200x89.png 200w, https:\/\/justlaser.com.br\/alugueldelasers\/wp-content\/uploads\/2023\/07\/Aluguel-de-Endolift-Pioon--300x134.png 300w, https:\/\/justlaser.com.br\/alugueldelasers\/wp-content\/uploads\/2023\/07\/Aluguel-de-Endolift-Pioon--400x179.png 400w, https:\/\/justlaser.com.br\/alugueldelasers\/wp-content\/uploads\/2023\/07\/Aluguel-de-Endolift-Pioon--500x223.png 500w, https:\/\/justlaser.com.br\/alugueldelasers\/wp-content\/uploads\/2023\/07\/Aluguel-de-Endolift-Pioon-.png 553w\" sizes=\"(max-width: 609px) 100vw, 609px\" \/><\/h1>\n<h1><span style=\"font-size: 18pt;\">Aluguel de Endolift Pioon\u00a0<\/span><\/h1>\n<p><span style=\"font-size: 14pt;\"><em><strong>O aluguel do endolift Pioon ,\u00a0<\/strong><\/em> ou melhor , aluguel do Pioon, \u00e9 uma op\u00e7\u00e3o interessante para quem deseja realizar tratamentos est\u00e9ticos com a tecnologia de ponta, sem precisar fazer um grande investimento inicial na compra do equipamento.<\/span><\/p>\n<p><span style=\"font-size: 14pt;\">Essa modalidade de <strong>aluguel o PIOON <\/strong>tem se tornado cada vez mais popular entre profissionais da \u00e1rea de est\u00e9tica e beleza, principalmente no que diz respeito ao uso do laser de 1470 nm para o endolift facial e corporal.<\/span><\/p>\n<h2><span style=\"font-size: 14pt;\">Aluguel do PIOON-\u00a0 \u00a0 laser de Endolift com comprimentos de onda de 1470nm<\/span><\/h2>\n<p><span style=\"font-size: 14pt;\">O laser de 1470 nm \u00e9 uma tecnologia de ponta que tem sido utilizada em procedimentos est\u00e9ticos h\u00e1 alguns anos. Ele \u00e9 um dos principais respons\u00e1veis pelos resultados positivos do endolift, uma t\u00e9cnica minimamente invasiva que promove a eleva\u00e7\u00e3o da pele e a estimula\u00e7\u00e3o do col\u00e1geno, melhorando a apar\u00eancia e firmeza da pele. Al\u00e9m disso, o laser de 1470 nm \u00e9 seguro e possui baixa absor\u00e7\u00e3o de \u00e1gua, o que evita les\u00f5es t\u00e9rmicas na pele.<\/span><\/p>\n<p><span style=\"font-size: 14pt;\"><img decoding=\"async\" class=\"alignright wp-image-3740\" title=\"ALUGUEL PIOON ENDOLIFT\" src=\"https:\/\/justlaser.com.br\/alugueldelasers\/wp-content\/uploads\/2023\/07\/ALUGUEL-PIOON-ENDOLIFT-300x195.png\" alt=\"ALUGUEL PIOON ENDOLIFT\" width=\"374\" height=\"243\" srcset=\"https:\/\/justlaser.com.br\/alugueldelasers\/wp-content\/uploads\/2023\/07\/ALUGUEL-PIOON-ENDOLIFT-200x130.png 200w, https:\/\/justlaser.com.br\/alugueldelasers\/wp-content\/uploads\/2023\/07\/ALUGUEL-PIOON-ENDOLIFT-300x195.png 300w, https:\/\/justlaser.com.br\/alugueldelasers\/wp-content\/uploads\/2023\/07\/ALUGUEL-PIOON-ENDOLIFT-400x260.png 400w, https:\/\/justlaser.com.br\/alugueldelasers\/wp-content\/uploads\/2023\/07\/ALUGUEL-PIOON-ENDOLIFT-500x325.png 500w, https:\/\/justlaser.com.br\/alugueldelasers\/wp-content\/uploads\/2023\/07\/ALUGUEL-PIOON-ENDOLIFT.png 563w\" sizes=\"(max-width: 374px) 100vw, 374px\" \/><\/span><\/p>\n<p><span style=\"font-size: 14pt;\">Uma das principais vantagens do <a href=\"https:\/\/justlaser.com.br\/alugueldelasers\/aluguel-de-endolift\/\">aluguel de laser para endolift<\/a> \u00e9 a redu\u00e7\u00e3o de custos. Ao inv\u00e9s de comprar um aparelho, o profissional pode alug\u00e1-lo por um per\u00edodo determinado, pagando apenas pelo tempo de uso.<\/span><\/p>\n<p><span style=\"font-size: 14pt;\">Al\u00e9m disso, a manuten\u00e7\u00e3o e calibragem do equipamento s\u00e3o de responsabilidade da empresa de aluguel, o que elimina a necessidade de gastos extras com manuten\u00e7\u00e3o preventiva e corretiva.<\/span><\/p>\n<p><span style=\"font-size: 14pt;\">Outra vantagem do aluguel de laser para endolift \u00e9 a possibilidade de experimentar diferentes marcas e modelos de aparelhos, sem precisar fazer um grande investimento. Isso \u00e9 especialmente interessante para os profissionais que est\u00e3o iniciando na \u00e1rea de est\u00e9tica m\u00e9dica e ainda n\u00e3o conhecem todas as marcas e tecnologias dispon\u00edveis.<\/span><\/p>\n<h2>Caracter\u00edsticas do laser PIOON para aluguel<\/h2>\n<p><em><span style=\"font-size: 14pt;\">Especifica\u00e7\u00f5es do produto<\/span><\/em><br \/>\n<em><span style=\"font-size: 14pt;\">Modelo S1-K12<\/span><\/em><br \/>\n<em><span style=\"font-size: 14pt;\">Tipo de laser<\/span><\/em><br \/>\n<em><span style=\"font-size: 14pt;\">Diodo de arseneto de g\u00e1lio e alum\u00ednio<\/span><\/em><br \/>\n<em><span style=\"font-size: 14pt;\">(GaAlAs)<\/span><\/em><br \/>\n<em><span style=\"font-size: 14pt;\">Modo de opera\u00e7\u00e3o Cont\u00ednuo e Pulso<\/span><\/em><br \/>\n<em><span style=\"font-size: 14pt;\">Comprimento de onda (trabalhando) 1470\u00b130nm<\/span><\/em><br \/>\n<em><span style=\"font-size: 14pt;\">Pot\u00eancia m\u00e1xima de sa\u00edda 12\u00b11.2W<\/span><\/em><br \/>\n<em><span style=\"font-size: 14pt;\">Comprimento de onda (indica\u00e7\u00e3o) 650\u00b120 nm<\/span><\/em><br \/>\n<em><span style=\"font-size: 14pt;\">Pot\u00eancia m\u00e1xima de indica\u00e7\u00e3o \uff1c2mW<\/span><\/em><br \/>\n<em><span style=\"font-size: 14pt;\">Incerteza para a pot\u00eancia de sa\u00edda \u2264\u00b110%<\/span><\/em><br \/>\n<em><span style=\"font-size: 14pt;\">Magnitudes da incerteza de medi\u00e7\u00e3o<\/span><\/em><br \/>\n<em><span style=\"font-size: 14pt;\">cumulativa<\/span><\/em><br \/>\n<em><span style=\"font-size: 14pt;\">\u2264\u00b120%<\/span><\/em><br \/>\n<em><span style=\"font-size: 14pt;\">Aumento esperado nas quantidades<\/span><\/em><br \/>\n<em><span style=\"font-size: 14pt;\">medidas<\/span><\/em><br \/>\n<em><span style=\"font-size: 14pt;\">\u2264\u00b110%<\/span><\/em><br \/>\n<em><span style=\"font-size: 14pt;\">Dura\u00e7\u00e3o do pulso 10ms \u2013 60000ms<\/span><\/em><br \/>\n<em><span style=\"font-size: 14pt;\">Di\u00e2metro do n\u00facleo do sistema de<\/span><\/em><br \/>\n<em><span style=\"font-size: 14pt;\">transmiss\u00e3o<\/span><\/em><br \/>\n<em><span style=\"font-size: 14pt;\">\u2265360\u03bcm<\/span><\/em><br \/>\n<em><span style=\"font-size: 14pt;\">NOHD 0.5m<\/span><\/em><br \/>\n<em><span style=\"font-size: 14pt;\">Sistema Laser Classe IV<\/span><\/em><br \/>\n<em><span style=\"font-size: 14pt;\">Fibra Quartzo<\/span><\/em><br \/>\n<em><span style=\"font-size: 14pt;\">Cron\u00f4metro 0-3600s<\/span><\/em><br \/>\n<em><span style=\"font-size: 14pt;\">Par\u00e2metros de entrada do adaptador 100-240VAC,50\/60Hz<\/span><\/em><br \/>\n<em><span style=\"font-size: 14pt;\">Classe de Isolamento Parte aplicada Classe I, Tipo B<\/span><\/em><br \/>\n<em><span style=\"font-size: 14pt;\">Par\u00e2metros de entrada da unidade<\/span><\/em><br \/>\n<em><span style=\"font-size: 14pt;\">principal<\/span><\/em><br \/>\n<em><span style=\"font-size: 14pt;\">18VDC\uff0c5.55A<\/span><\/em><br \/>\n<em><span style=\"font-size: 14pt;\">Capacidade de carga 3500mAh<\/span><\/em><br \/>\n<em><span style=\"font-size: 14pt;\">M\u00e9todo de resfriamento<\/span><\/em><br \/>\n<em><span style=\"font-size: 14pt;\">Resfriamento de ar Sistema de<\/span><\/em><br \/>\n<em><span style=\"font-size: 14pt;\">transfer\u00eancia t\u00e9rmica de tubo de calor de<\/span><\/em><br \/>\n<em><span style=\"font-size: 14pt;\">circuito fechado, preenchido com l\u00edquido<\/span><\/em><\/p>\n<h3>Aluguel do Pioon e a RESOLU\u00c7\u00c3O DE PROBLEMAS<\/h3>\n<p><span style=\"font-size: 14pt;\">Tipos de Lembretes do laser?<\/span><br \/>\n<span style=\"font-size: 14pt;\">O sistema fornece seis avisos de lembrete, a saber:<\/span><br \/>\n<span style=\"font-size: 14pt;\">\uf0d8 Lembrete de alta temperatura<\/span><br \/>\n<span style=\"font-size: 14pt;\">\uf0d8 Lembrete de baixa temperatura<\/span><br \/>\n<span style=\"font-size: 14pt;\">\uf0d8 Lembrete de bloqueio remoto<\/span><br \/>\n<span style=\"font-size: 14pt;\">\uf0d8 Lembrete do pedal<\/span><br \/>\n<span style=\"font-size: 14pt;\">\uf0d8 Lembran\u00e7a de fibra<\/span><br \/>\n<span style=\"font-size: 14pt;\">\uf0d8 Lembrete de emerg\u00eancia<\/span><\/p>\n<p><span style=\"font-size: 14pt;\">Todos os lembretes acima s\u00e3o lembretes t\u00e9cnicos. Quando ocorre o lembrete, o<\/span><br \/>\n<span style=\"font-size: 14pt;\">usu\u00e1rio deve fazer o tratamento adequado de acordo com a prioridade do lembrete<\/span><br \/>\n<span style=\"font-size: 14pt;\">para evitar danos pessoais e ao dispositivo.<\/span><\/p>\n<h3><span style=\"font-size: 14pt;\">O que o mercado tem usado para fazer procedimentos do Endolift?<\/span><\/h3>\n<p><span style=\"font-size: 14pt;\">S\u00f3 lembrando, adicionando conhecimento, que temos tamb\u00e9m a marca de <a href=\"https:\/\/www.vydence.com\/delight\/\" target=\"_blank\" rel=\"noopener\">aparelho <strong>Deligh<\/strong>t, da <strong>Vydence<\/strong><\/a>, \u00e9 uma das mais renomadas no mercado de lasers que usam esse comprimento de onda! Orlight , e outros lasers vasculares tamb\u00e9m s\u00e3o op\u00e7\u00f5es.<br \/>\nEm 2024 o EUFOTON, pioneiro na t\u00e9cnica desde 2005 deve vir ao Brasil!<\/span><\/p>\n<blockquote><p><span style=\"font-size: 14pt;\"><strong>ATEN\u00c7\u00c3O SOBRE O PIOON DURANTE A LOCA\u00c7\u00c3O\u00a0<\/strong><\/span><\/p>\n<p><span style=\"font-size: 14pt;\">Fun\u00e7\u00e3o de lembrete<\/span><br \/>\n<span style=\"font-size: 14pt;\">O Laser Diodo M\u00e9dico monitora o status operacional do sistema em tempo real. por<\/span><br \/>\n<span style=\"font-size: 14pt;\">meio de sons, indicadores e sinais gr\u00e1ficos de alerta alertam o usu\u00e1rio sobre<\/span><br \/>\n<span style=\"font-size: 14pt;\">eventos incomuns e interrup\u00e7\u00f5es na sa\u00edda do laser.<\/span><\/p>\n<p><img decoding=\"async\" class=\"aligncenter wp-image-3749 size-full\" title=\"Aluguel do Pioon\u00a0endolift\" src=\"https:\/\/justlaser.com.br\/alugueldelasers\/wp-content\/uploads\/2023\/07\/Aluguel-do-Pioon-endolift.png\" alt=\"Aluguel do Pioon\u00a0endolift\" width=\"743\" height=\"758\" srcset=\"https:\/\/justlaser.com.br\/alugueldelasers\/wp-content\/uploads\/2023\/07\/Aluguel-do-Pioon-endolift-66x66.png 66w, https:\/\/justlaser.com.br\/alugueldelasers\/wp-content\/uploads\/2023\/07\/Aluguel-do-Pioon-endolift-200x204.png 200w, https:\/\/justlaser.com.br\/alugueldelasers\/wp-content\/uploads\/2023\/07\/Aluguel-do-Pioon-endolift-294x300.png 294w, https:\/\/justlaser.com.br\/alugueldelasers\/wp-content\/uploads\/2023\/07\/Aluguel-do-Pioon-endolift-400x408.png 400w, https:\/\/justlaser.com.br\/alugueldelasers\/wp-content\/uploads\/2023\/07\/Aluguel-do-Pioon-endolift-500x510.png 500w, https:\/\/justlaser.com.br\/alugueldelasers\/wp-content\/uploads\/2023\/07\/Aluguel-do-Pioon-endolift-600x612.png 600w, https:\/\/justlaser.com.br\/alugueldelasers\/wp-content\/uploads\/2023\/07\/Aluguel-do-Pioon-endolift-700x714.png 700w, https:\/\/justlaser.com.br\/alugueldelasers\/wp-content\/uploads\/2023\/07\/Aluguel-do-Pioon-endolift.png 743w\" sizes=\"(max-width: 743px) 100vw, 743px\" \/><\/p><\/blockquote>\n<p>&nbsp;<\/p>\n<p><span style=\"font-size: 14pt;\">Outro benef\u00edcio do <a href=\"https:\/\/justlaser.com.br\/alugueldelasers\/aluguel-de-endolift-pioon\">aluguel do PIOON\u00a0 Endolift<\/a> , com a m\u00e1quina <strong>PIOON<\/strong> \u00e9 a possibilidade de personaliza\u00e7\u00e3o dos tratamentos, o que garante resultados mais precisos e satisfat\u00f3rios. O aparelho possui diferentes configura\u00e7\u00f5es e ajustes, que permitem ao profissional adaptar o tratamento \u00e0s necessidades de cada paciente.<\/span><\/p>\n<p>&nbsp;<\/p>\n<p><em><strong><a href=\"https:\/\/justlaser.com.br\/alugueldelasers\/locacao-de-laser-para-endolift\/\">Loca\u00e7\u00e3o de laser para endolift<\/a>: o que \u00e9 e como funciona?<\/strong><\/em><\/p>\n<ul id=\"menu-endolift\" class=\"menu\">\n<li id=\"menu-item-3563\" class=\"menu-item menu-item-type-post_type menu-item-object-page menu-item-3563\"><span style=\"font-size: 14pt;\"><a href=\"https:\/\/justlaser.com.br\/alugueldelasers\/locacao-de-laser-para-endolift\/\">Loca\u00e7\u00e3o de laser para Endolift<\/a><\/span><\/li>\n<li><span style=\"font-size: 14pt;\"><a href=\"https:\/\/justlaser.com.br\/alugueldelasers\/locacao-do-ultraformer-mpt\/\">Loca\u00e7\u00e3o do Ultraformer MPT<\/a><\/span><\/li>\n<li id=\"menu-item-3564\" class=\"menu-item menu-item-type-post_type menu-item-object-page menu-item-3564\"><span style=\"font-size: 14pt;\"><a href=\"https:\/\/justlaser.com.br\/alugueldelasers\/locacao-de-laser-para-endolift\/aluguel-do-delight-endolift\/\">Aluguel do Delight Endolift<\/a><\/span><\/li>\n<li id=\"menu-item-3565\" class=\"menu-item menu-item-type-post_type menu-item-object-page current-menu-item page_item page-item-3492 current_page_item menu-item-3565\"><span style=\"font-size: 14pt;\"><a href=\"https:\/\/justlaser.com.br\/alugueldelasers\/aluguel-de-endolift\/\" aria-current=\"page\">Aluguel de Endolift<\/a><\/span><\/li>\n<li><span style=\"font-size: 14pt;\"> <a href=\"https:\/\/justlaser.com.br\/alugueldelasers\/aluguel-de-endolift-pioon\">Aluguel do PIOON\u00a0 Endolift<\/a><\/span><\/li>\n<li><span style=\"font-size: 14pt;\"><a href=\"https:\/\/justlaser.com.br\/alugueldelasers\/locacao-do-pioon-endolift\/\"><strong>Loca\u00e7<\/strong><strong>\u00e3o<\/strong><em><strong> do Pioon Endolift<\/strong><\/em><\/a><\/span><\/li>\n<li id=\"menu-item-3561\" class=\"menu-item menu-item-type-post_type menu-item-object-page menu-item-has-children menu-item-3561\"><span style=\"font-size: 14pt;\"><a href=\"https:\/\/justlaser.com.br\/alugueldelasers\/locacao-do-endymed\/\">Loca\u00e7\u00e3o do Endymed<\/a><\/span>\n<ul class=\"sub-menu\">\n<li id=\"menu-item-3562\" class=\"menu-item menu-item-type-post_type menu-item-object-page menu-item-3562\"><span style=\"font-size: 14pt;\"><span style=\"font-size: 14pt;\"><a href=\"https:\/\/justlaser.com.br\/alugueldelasers\/aluguel-do-endymed\/\">Aluguel do ENDYMED<\/a><\/span><\/span>\n<p style=\"text-align: left;\"><em><strong><a title=\"Clique para WhatsApp\" href=\"https:\/\/api.whatsapp.com\/send?phone=5511940843111\" target=\"_blank\" rel=\"nofollow noopener\"><img decoding=\"async\" class=\"wp-image-3064 alignleft\" title=\"Aluguel ENDOLIFT\" src=\"https:\/\/justlaser.com.br\/alugueldelasers\/wp-content\/uploads\/2022\/02\/aluguel-uthera-3.jpg\" alt=\"Aluguel ENDOLIFT\" width=\"344\" height=\"160\" srcset=\"https:\/\/justlaser.com.br\/alugueldelasers\/wp-content\/uploads\/2022\/02\/aluguel-uthera-3-200x93.jpg 200w, https:\/\/justlaser.com.br\/alugueldelasers\/wp-content\/uploads\/2022\/02\/aluguel-uthera-3-300x140.jpg 300w, https:\/\/justlaser.com.br\/alugueldelasers\/wp-content\/uploads\/2022\/02\/aluguel-uthera-3.jpg 400w\" sizes=\"(max-width: 344px) 100vw, 344px\" \/><\/a><\/strong><\/em><\/p>\n<\/li>\n<\/ul>\n<\/li>\n<\/ul>\n<h3><span style=\"font-size: 18pt;\">Para aluguel de ENDOLIF Laser, e do equipamento Delight, ou Pioon , entre em contato pelo nosso Whatsapp.<\/span><\/h3>\n","protected":false},"excerpt":{"rendered":"<p>Aluguel de Endolift Pioon\u00a0 O aluguel do endolift Pioon ,\u00a0 ou melhor , aluguel [&hellip;]<\/p>\n","protected":false},"author":2,"featured_media":0,"parent":0,"menu_order":0,"comment_status":"closed","ping_status":"closed","template":"","meta":{"footnotes":""},"_links":{"self":[{"href":"https:\/\/justlaser.com.br\/alugueldelasers\/wp-json\/wp\/v2\/pages\/3739"}],"collection":[{"href":"https:\/\/justlaser.com.br\/alugueldelasers\/wp-json\/wp\/v2\/pages"}],"about":[{"href":"https:\/\/justlaser.com.br\/alugueldelasers\/wp-json\/wp\/v2\/types\/page"}],"author":[{"embeddable":true,"href":"https:\/\/justlaser.com.br\/alugueldelasers\/wp-json\/wp\/v2\/users\/2"}],"replies":[{"embeddable":true,"href":"https:\/\/justlaser.com.br\/alugueldelasers\/wp-json\/wp\/v2\/comments?post=3739"}],"version-history":[{"count":0,"href":"https:\/\/justlaser.com.br\/alugueldelasers\/wp-json\/wp\/v2\/pages\/3739\/revisions"}],"wp:attachment":[{"href":"https:\/\/justlaser.com.br\/alugueldelasers\/wp-json\/wp\/v2\/media?parent=3739"}],"curies":[{"name":"wp","href":"https:\/\/api.w.org\/{rel}","templated":true}]}}