{"id":3741,"date":"2023-07-20T11:38:28","date_gmt":"2023-07-20T14:38:28","guid":{"rendered":"https:\/\/justlaser.com.br\/alugueldelasers\/?page_id=3741"},"modified":"2024-02-25T12:33:27","modified_gmt":"2024-02-25T15:33:27","slug":"locacao-do-pioon-endolift","status":"publish","type":"page","link":"https:\/\/justlaser.com.br\/alugueldelasers\/locacao-do-pioon-endolift\/","title":{"rendered":"Loca\u00e7\u00e3o do Pioon Endolift"},"content":{"rendered":"<h1><img decoding=\"async\" class=\"aligncenter size-full wp-image-3742\" src=\"https:\/\/justlaser.com.br\/alugueldelasers\/wp-content\/uploads\/2023\/07\/Locacao-do-Pioon-Endolift.png\" alt=\"Loca\u00e7\u00e3o do Pioon Endolift\" width=\"563\" height=\"366\" title=\"\" srcset=\"https:\/\/justlaser.com.br\/alugueldelasers\/wp-content\/uploads\/2023\/07\/Locacao-do-Pioon-Endolift-200x130.png 200w, https:\/\/justlaser.com.br\/alugueldelasers\/wp-content\/uploads\/2023\/07\/Locacao-do-Pioon-Endolift-300x195.png 300w, https:\/\/justlaser.com.br\/alugueldelasers\/wp-content\/uploads\/2023\/07\/Locacao-do-Pioon-Endolift-400x260.png 400w, https:\/\/justlaser.com.br\/alugueldelasers\/wp-content\/uploads\/2023\/07\/Locacao-do-Pioon-Endolift-500x325.png 500w, https:\/\/justlaser.com.br\/alugueldelasers\/wp-content\/uploads\/2023\/07\/Locacao-do-Pioon-Endolift.png 563w\" sizes=\"(max-width: 563px) 100vw, 563px\" \/><\/h1>\n<h1>Loca\u00e7\u00e3o do Pioon Endolift<\/h1>\n<p><span style=\"font-size: 14pt;\"><a href=\"https:\/\/justlaser.com.br\/alugueldelasers\/locacao-do-pioon-endolift\/\"><em><strong>Loca\u00e7\u00e3o do Pioon Endolift <\/strong><\/em><\/a> ou melhor , loca\u00e7\u00e3o do Pioon, \u00e9 uma op\u00e7\u00e3o interessante para quem deseja realizar tratamentos est\u00e9ticos com a tecnologia de ponta, sem precisar fazer um grande investimento inicial na compra do equipamento.<\/span><\/p>\n<p><span style=\"font-size: 14pt;\">Essa modalidade de loca\u00e7\u00e3o\u00a0 tornado cada vez mais popular entre profissionais da \u00e1rea de est\u00e9tica e beleza, principalmente no que diz respeito ao uso do endolaser 1470 nm,\u00a0 para o endolift facial e corporal.<\/span><\/p>\n<h2><span style=\"font-size: 14pt;\">Loca\u00e7\u00e3o do Pioon Endolift &#8211; O\u00a0\u00a0 laser de endolift com comprimentos de onda de 1470nm do mundo da est\u00e9tica<\/span><\/h2>\n<p><span style=\"font-size: 14pt;\">O laser de 1470 nm \u00e9 uma tecnologia de ponta que tem sido utilizada em procedimentos est\u00e9ticos h\u00e1 alguns anos.<br \/>\nEle \u00e9 um dos principais respons\u00e1veis pelos resultados positivos do endolift, uma t\u00e9cnica minimamente invasiva que promove a eleva\u00e7\u00e3o da pele e a estimula\u00e7\u00e3o do col\u00e1geno, melhorando a apar\u00eancia e firmeza da pele.<\/span><\/p>\n<p><span style=\"font-size: 14pt;\">Esse em 2023 \u00e9 consolidado como o comprimento ideal para flacidez, gordura e espessamento da pele<\/span><\/p>\n<p><span style=\"font-size: 14pt;\">Al\u00e9m disso, o laser de 1470 nm \u00e9 seguro e possui baixa absor\u00e7\u00e3o de \u00e1gua, o que evita les\u00f5es t\u00e9rmicas na pele.<\/span><\/p>\n<p><span style=\"font-size: 14pt;\"><img decoding=\"async\" class=\"alignright wp-image-3740\" title=\"ALUGUEL PIOON ENDOLIFT\" src=\"https:\/\/justlaser.com.br\/alugueldelasers\/wp-content\/uploads\/2023\/07\/ALUGUEL-PIOON-ENDOLIFT-300x195.png\" alt=\"ALUGUEL PIOON ENDOLIFT\" width=\"374\" height=\"243\" srcset=\"https:\/\/justlaser.com.br\/alugueldelasers\/wp-content\/uploads\/2023\/07\/ALUGUEL-PIOON-ENDOLIFT-200x130.png 200w, https:\/\/justlaser.com.br\/alugueldelasers\/wp-content\/uploads\/2023\/07\/ALUGUEL-PIOON-ENDOLIFT-300x195.png 300w, https:\/\/justlaser.com.br\/alugueldelasers\/wp-content\/uploads\/2023\/07\/ALUGUEL-PIOON-ENDOLIFT-400x260.png 400w, https:\/\/justlaser.com.br\/alugueldelasers\/wp-content\/uploads\/2023\/07\/ALUGUEL-PIOON-ENDOLIFT-500x325.png 500w, https:\/\/justlaser.com.br\/alugueldelasers\/wp-content\/uploads\/2023\/07\/ALUGUEL-PIOON-ENDOLIFT.png 563w\" sizes=\"(max-width: 374px) 100vw, 374px\" \/><\/span><\/p>\n<p><span style=\"font-size: 14pt;\">Uma das principais vantagens do <a href=\"https:\/\/justlaser.com.br\/alugueldelasers\/aluguel-de-endolift\/\">aluguel de laser para endolift<\/a> \u00e9 a redu\u00e7\u00e3o de custos. Ao inv\u00e9s de comprar um aparelho, o profissional pode alug\u00e1-lo por um per\u00edodo determinado, pagando apenas pelo tempo de uso.<\/span><\/p>\n<p><span style=\"font-size: 14pt;\">Al\u00e9m disso, a manuten\u00e7\u00e3o e calibragem do equipamento s\u00e3o de responsabilidade da empresa de aluguel, o que elimina a necessidade de gastos extras com manuten\u00e7\u00e3o preventiva e corretiva.<\/span><\/p>\n<p><span style=\"font-size: 14pt;\">Outra vantagem do aluguel de laser para endolift \u00e9 a possibilidade de experimentar diferentes marcas e modelos de aparelhos, sem precisar fazer um grande investimento. Isso \u00e9 especialmente interessante para os profissionais que est\u00e3o iniciando na \u00e1rea de est\u00e9tica m\u00e9dica e ainda n\u00e3o conhecem todas as marcas e tecnologias dispon\u00edveis.<\/span><\/p>\n<h2>Caracter\u00edsticas do laser PIOON para loca\u00e7\u00e3o<\/h2>\n<p><span style=\"font-size: 14pt;\">O laser de diodo cir\u00fargico produz comprimentos de onda de aproximadamente <\/span><span style=\"font-size: 14pt;\">1470 nan\u00f4metros (nm) em modo pulsante e cont\u00ednuo. A luz \u00e9 tanto um <\/span><span style=\"font-size: 14pt;\">direcionamento vis\u00edvel quanto uma radia\u00e7\u00e3o t\u00e9rmica n\u00e3o ionizante invis\u00edvel que n\u00e3o <\/span><span style=\"font-size: 14pt;\">cria mudan\u00e7as no DNA celular. A radia\u00e7\u00e3o do laser \u00e9 absorvida pelo tecido sob <\/span><span style=\"font-size: 14pt;\">controle e \u00e9 convertida em calor. O calor \u00e9 usado para corte, coagula\u00e7\u00e3o, redu\u00e7\u00e3o <\/span><span style=\"font-size: 14pt;\">de germes e dessensibiliza\u00e7\u00e3o.<\/span><\/p>\n<p><span style=\"font-size: 14pt;\">A unidade S1-K12 \u00e9 um dispositivo resfriado a ar que consiste em um circuito <\/span><span style=\"font-size: 14pt;\">fechado, preenchido com l\u00edquido, sistema de transfer\u00eancia t\u00e9rmica de tubo de calor <\/span><span style=\"font-size: 14pt;\">com ventilador e assist\u00eancia de ar.<\/span><\/p>\n<p><span style=\"font-size: 14pt;\"> O calor \u00e9 transferido para o sistema e dissipado <\/span><span style=\"font-size: 14pt;\">atrav\u00e9s de uma estrutura de aletas, onde \u00e9 liberado para a atmosfera ambiente.<\/span><br \/>\n<span style=\"font-size: 14pt;\">Escolha um local bem ventilado para a instala\u00e7\u00e3o do equipamento. A plataforma de <\/span><span style=\"font-size: 14pt;\">coloca\u00e7\u00e3o requer uma textura dura e n\u00e3o deve impedir o fluxo de ar da parte inferior <\/span><span style=\"font-size: 14pt;\">do equipamento. <\/span><\/p>\n<p><span style=\"font-size: 14pt;\">Mantenha o dispositivo a pelo menos 20 cm de dist\u00e2ncia da <\/span><span style=\"font-size: 14pt;\">parede ou de outro equipamento para facilitar a opera\u00e7\u00e3o da chave liga \/ desliga.<\/span><\/p>\n<blockquote><p><span style=\"font-size: 14pt;\">Por seguran\u00e7a, o diodo apresenta v\u00e1rias maneiras de interromper o fluxo de energia<\/span><br \/>\n<span style=\"font-size: 14pt;\">para desativar o laser. O sistema de seguran\u00e7a inclui a op\u00e7\u00e3o de um bot\u00e3o de<\/span><br \/>\n<span style=\"font-size: 14pt;\">desligamento de emerg\u00eancia, um interruptor de p\u00e9, um bot\u00e3o liga \/ desliga na<\/span><br \/>\n<span style=\"font-size: 14pt;\">unidade principal e um intertravamento remoto da porta. Qualquer um desses<\/span><br \/>\n<span style=\"font-size: 14pt;\">recursos pode ser usado para desligar o laser.<\/span><br \/>\n<span style=\"font-size: 14pt;\">Todas as pessoas presentes durante o uso do laser m\u00e9dico devem usar \u00f3culos de<\/span><br \/>\n<span style=\"font-size: 14pt;\">prote\u00e7\u00e3o. Todos os \u00f3culos de seguran\u00e7a a laser t\u00eam uma faixa de comprimento de<\/span><br \/>\n<span style=\"font-size: 14pt;\">onda espec\u00edfica indicada na lente ou ocular. Deve-se ter cuidado para garantir que a<\/span><br \/>\n<span style=\"font-size: 14pt;\">prote\u00e7\u00e3o ocular esteja correta para a radia\u00e7\u00e3o laser apropriada. Os \u00f3culos de<\/span><br \/>\n<span style=\"font-size: 14pt;\">prote\u00e7\u00e3o s\u00e3o marcados com densidade \u00f3ptica&gt; 2 a 650 nm e&gt; 5 a comprimento de<\/span><br \/>\n<span style=\"font-size: 14pt;\">onda de 1470 nm.<\/span><\/p><\/blockquote>\n<h3><span style=\"font-size: 14pt;\">O que o mercado tem usado para fazer procedimentos, al\u00e9m do PIOON?<\/span><\/h3>\n<p><span style=\"font-size: 14pt;\">S\u00f3 lembrando, adicionando conhecimento, que temos tamb\u00e9m a marca de <a href=\"https:\/\/www.vydence.com\/delight\/\" target=\"_blank\" rel=\"noopener\">aparelho <strong>Deligh<\/strong>t, da <strong>Vydence<\/strong><\/a>, \u00e9 uma das mais renomadas no mercado de lasers que usam esse comprimento de onda!<br \/>\nEm 2024 o EUFOTON,pioneiro na t\u00e9cnica desde 2005 deve vir ao Brasil!<\/span><\/p>\n<blockquote><p><span style=\"font-size: 14pt;\"><strong>ATEN\u00c7\u00c3O<\/strong><\/span><\/p>\n<p><span style=\"font-size: 14pt;\"><strong>A fibra \u00f3ptica \u00e9 feita de vidro de s\u00edlica fundido. Embora tenha um buffer de<\/strong><\/span><br \/>\n<span style=\"font-size: 14pt;\"><strong>prote\u00e7\u00e3o, ainda \u00e9 f\u00e1cil de quebrar (\u00e0s vezes internamente) sob estresse<\/strong><\/span><br \/>\n<span style=\"font-size: 14pt;\"><strong>f\u00edsico localizado.<\/strong><\/span><br \/>\n<span style=\"font-size: 14pt;\"><strong>\u00a0NUNCA dobre o cabo de fibra ou aplique tens\u00e3o excessiva. Mantenha<\/strong><\/span><br \/>\n<span style=\"font-size: 14pt;\"><strong>o raio da curvatura de dobra maior do que 50 mm e em um \u00e2ngulo de<\/strong><\/span><br \/>\n<span style=\"font-size: 14pt;\"><strong>90 graus ou mais.<\/strong><\/span><br \/>\n<span style=\"font-size: 14pt;\"><strong>\u00a0NUNCA puxe a parte flex\u00edvel do cabo de fibra ao desconectar do<\/strong><\/span><br \/>\n<span style=\"font-size: 14pt;\"><strong>dispositivo. Segure a parte met\u00e1lica do conector.<\/strong><\/span><\/p>\n<p>&nbsp;<\/p><\/blockquote>\n<p><span style=\"font-size: 14pt;\"><em>Outro benef\u00edcio da loca\u00e7\u00e3o do PIOON\u00a0 Endolift , com a m\u00e1quina <strong>PIOON<\/strong> <\/em>\u00e9 a possibilidade de personaliza\u00e7\u00e3o dos tratamentos, o que garante resultados mais precisos e satisfat\u00f3rios. O aparelho possui diferentes configura\u00e7\u00f5es e ajustes, que permitem ao profissional adaptar o tratamento \u00e0s necessidades de cada paciente.<\/span><\/p>\n<p>&nbsp;<\/p>\n<p>&nbsp;<\/p>\n<p><em><strong><a href=\"https:\/\/justlaser.com.br\/alugueldelasers\/locacao-de-laser-para-endolift\/\">Loca\u00e7\u00e3o de laser para Endolift<\/a>: o que \u00e9 e como funciona?<\/strong><\/em><\/p>\n<ul id=\"menu-endolift\" class=\"menu\">\n<li id=\"menu-item-3561\" class=\"menu-item menu-item-type-post_type menu-item-object-page menu-item-has-children menu-item-3561\">\n<ul class=\"sub-menu\">\n<li id=\"menu-item-3563\" class=\"menu-item menu-item-type-post_type menu-item-object-page menu-item-3563\"><span style=\"font-size: 14pt;\"><a href=\"https:\/\/justlaser.com.br\/alugueldelasers\/locacao-de-laser-para-endolift\/\">Loca\u00e7\u00e3o de laser para Endolift<\/a><\/span><\/li>\n<li><span style=\"font-size: 14pt;\"><a href=\"https:\/\/justlaser.com.br\/alugueldelasers\/locacao-do-ultraformer-mpt\/\">Loca\u00e7\u00e3o do Ultraformer MPT<\/a><\/span><\/li>\n<li id=\"menu-item-3564\" class=\"menu-item menu-item-type-post_type menu-item-object-page menu-item-3564\"><span style=\"font-size: 14pt;\"><a href=\"https:\/\/justlaser.com.br\/alugueldelasers\/locacao-de-laser-para-endolift\/aluguel-do-delight-endolift\/\">Aluguel do Delight Endolift<\/a><\/span><\/li>\n<li id=\"menu-item-3565\" class=\"menu-item menu-item-type-post_type menu-item-object-page current-menu-item page_item page-item-3492 current_page_item menu-item-3565\"><span style=\"font-size: 14pt;\"><a href=\"https:\/\/justlaser.com.br\/alugueldelasers\/aluguel-de-endolift\/\" aria-current=\"page\">Aluguel de Endolift<\/a><\/span><\/li>\n<li><span style=\"font-size: 14pt;\"> <a href=\"https:\/\/justlaser.com.br\/alugueldelasers\/aluguel-de-endolift-pioon\">Aluguel do PIOON\u00a0 Endolift<\/a><\/span><\/li>\n<li><span style=\"font-size: 14pt;\"><a href=\"https:\/\/justlaser.com.br\/alugueldelasers\/locacao-do-pioon-endolift\/\"><strong>Loca\u00e7<\/strong><strong>\u00e3o<\/strong><em><strong> do Pioon Endolift<\/strong><\/em><\/a><\/span><\/li>\n<li id=\"menu-item-3561\" class=\"menu-item menu-item-type-post_type menu-item-object-page menu-item-has-children menu-item-3561\"><span style=\"font-size: 14pt;\"><a href=\"https:\/\/justlaser.com.br\/alugueldelasers\/locacao-do-endymed\/\">Loca\u00e7\u00e3o do Endymed<\/a><\/span>\n<p style=\"text-align: left;\"><em><strong><a title=\"Clique para WhatsApp\" href=\"https:\/\/api.whatsapp.com\/send?phone=5511940843111\" target=\"_blank\" rel=\"nofollow noopener\"><img decoding=\"async\" class=\"wp-image-3064 alignleft\" title=\"Aluguel ENDOLIFT\" src=\"https:\/\/justlaser.com.br\/alugueldelasers\/wp-content\/uploads\/2022\/02\/aluguel-uthera-3.jpg\" alt=\"Aluguel ENDOLIFT\" width=\"344\" height=\"160\" srcset=\"https:\/\/justlaser.com.br\/alugueldelasers\/wp-content\/uploads\/2022\/02\/aluguel-uthera-3-200x93.jpg 200w, https:\/\/justlaser.com.br\/alugueldelasers\/wp-content\/uploads\/2022\/02\/aluguel-uthera-3-300x140.jpg 300w, https:\/\/justlaser.com.br\/alugueldelasers\/wp-content\/uploads\/2022\/02\/aluguel-uthera-3.jpg 400w\" sizes=\"(max-width: 344px) 100vw, 344px\" \/><\/a><\/strong><\/em><\/p>\n<\/li>\n<\/ul>\n<\/li>\n<\/ul>\n<h3><span style=\"font-size: 18pt;\">Para aluguel de ENDOLIFT Laser, e do equipamento Delight, ou Pioon , entre em contato pelo nosso Whatsapp.<\/span><\/h3>\n","protected":false},"excerpt":{"rendered":"<p>Loca\u00e7\u00e3o do Pioon Endolift Loca\u00e7\u00e3o do Pioon Endolift ou melhor , loca\u00e7\u00e3o do Pioon, [&hellip;]<\/p>\n","protected":false},"author":2,"featured_media":0,"parent":0,"menu_order":0,"comment_status":"closed","ping_status":"closed","template":"","meta":{"footnotes":""},"_links":{"self":[{"href":"https:\/\/justlaser.com.br\/alugueldelasers\/wp-json\/wp\/v2\/pages\/3741"}],"collection":[{"href":"https:\/\/justlaser.com.br\/alugueldelasers\/wp-json\/wp\/v2\/pages"}],"about":[{"href":"https:\/\/justlaser.com.br\/alugueldelasers\/wp-json\/wp\/v2\/types\/page"}],"author":[{"embeddable":true,"href":"https:\/\/justlaser.com.br\/alugueldelasers\/wp-json\/wp\/v2\/users\/2"}],"replies":[{"embeddable":true,"href":"https:\/\/justlaser.com.br\/alugueldelasers\/wp-json\/wp\/v2\/comments?post=3741"}],"version-history":[{"count":0,"href":"https:\/\/justlaser.com.br\/alugueldelasers\/wp-json\/wp\/v2\/pages\/3741\/revisions"}],"wp:attachment":[{"href":"https:\/\/justlaser.com.br\/alugueldelasers\/wp-json\/wp\/v2\/media?parent=3741"}],"curies":[{"name":"wp","href":"https:\/\/api.w.org\/{rel}","templated":true}]}}