{"id":3908,"date":"2024-02-25T12:04:41","date_gmt":"2024-02-25T15:04:41","guid":{"rendered":"https:\/\/justlaser.com.br\/alugueldelasers\/?page_id=3908"},"modified":"2024-08-20T09:05:56","modified_gmt":"2024-08-20T12:05:56","slug":"locacao-de-endolaser","status":"publish","type":"page","link":"https:\/\/justlaser.com.br\/alugueldelasers\/locacao-de-endolaser\/","title":{"rendered":"Loca\u00e7\u00e3o de Endolaser"},"content":{"rendered":"<h1><span style=\"font-size: 18pt;\">Loca\u00e7\u00e3o de Endolaser \u00e9 com Just Laser<br \/>\n<\/span><span style=\"font-size: 18pt;\">Elevando o Padr\u00e3o em Tratamentos Est\u00e9ticos: m\u00e1quinas calibradas e revisadas! Originais.<br \/>\n<\/span><\/h1>\n<p><img decoding=\"async\" class=\"aligncenter wp-image-3910 size-fusion-600\" title=\"Loca\u00e7\u00e3o de Endolaser\" src=\"https:\/\/justlaser.com.br\/alugueldelasers\/wp-content\/uploads\/2024\/02\/Locacao-de-Endolaser-600x455.jpg\" alt=\"Loca\u00e7\u00e3o de Endolaser\" width=\"600\" height=\"455\" srcset=\"https:\/\/justlaser.com.br\/alugueldelasers\/wp-content\/uploads\/2024\/02\/Locacao-de-Endolaser-200x152.jpg 200w, https:\/\/justlaser.com.br\/alugueldelasers\/wp-content\/uploads\/2024\/02\/Locacao-de-Endolaser-300x228.jpg 300w, https:\/\/justlaser.com.br\/alugueldelasers\/wp-content\/uploads\/2024\/02\/Locacao-de-Endolaser-400x303.jpg 400w, https:\/\/justlaser.com.br\/alugueldelasers\/wp-content\/uploads\/2024\/02\/Locacao-de-Endolaser-500x379.jpg 500w, https:\/\/justlaser.com.br\/alugueldelasers\/wp-content\/uploads\/2024\/02\/Locacao-de-Endolaser-600x455.jpg 600w, https:\/\/justlaser.com.br\/alugueldelasers\/wp-content\/uploads\/2024\/02\/Locacao-de-Endolaser-700x531.jpg 700w, https:\/\/justlaser.com.br\/alugueldelasers\/wp-content\/uploads\/2024\/02\/Locacao-de-Endolaser-768x582.jpg 768w, https:\/\/justlaser.com.br\/alugueldelasers\/wp-content\/uploads\/2024\/02\/Locacao-de-Endolaser-800x607.jpg 800w, https:\/\/justlaser.com.br\/alugueldelasers\/wp-content\/uploads\/2024\/02\/Locacao-de-Endolaser-1024x777.jpg 1024w, https:\/\/justlaser.com.br\/alugueldelasers\/wp-content\/uploads\/2024\/02\/Locacao-de-Endolaser.jpg 1080w\" sizes=\"(max-width: 600px) 100vw, 600px\" \/><\/p>\n<p><span style=\"font-size: 14pt;\">J\u00e1 pensou na loca\u00e7\u00e3o de Endolaser para sua cl\u00ednica?<\/span><br \/>\n<span style=\"font-size: 14pt;\">A Just Laser tem v\u00e1rias op\u00e7\u00f5es de m\u00e1quinas e orienta\u00e7\u00f5es de qual \u00e9 a melhor para sua realidade!<\/span><\/p>\n<h2>A Revolu\u00e7\u00e3o Endolaser: Transformando o Cuidado ao Paciente<\/h2>\n<p><span style=\"font-size: 14pt;\">No universo da medicina est\u00e9tica e cirurgias de m\u00ednima invas\u00e3o, a tecnologia endolaser tem sido um divisor de \u00e1guas. Empregando a precis\u00e3o do laser, essa t\u00e9cnica oferece tratamentos menos invasivos, recupera\u00e7\u00e3o acelerada e riscos minimizados, uma evolu\u00e7\u00e3o bem-vinda tanto para profissionais quanto para pacientes. A loca\u00e7\u00e3o de endolaser, especialmente atrav\u00e9s da Just Laser, emerge como uma alternativa inteligente, permitindo o acesso a essa inova\u00e7\u00e3o sem a necessidade de um investimento inicial pesado.<\/span><\/p>\n<h2>Por Que Optar pela Loca\u00e7\u00e3o de Endolaser?<\/h2>\n<p><span style=\"font-size: 14pt;\">A escolha pela <a href=\"https:\/\/justlaser.com.br\/alugueldelasers\/aluguel-de-endolift\/aluguel-de-endolaser\"><strong>loca\u00e7\u00e3o de endolaser<\/strong><\/a> atrav\u00e9s da Just Laser traz in\u00fameras vantagens. Al\u00e9m da economia significativa por n\u00e3o precisar adquirir o equipamento, essa modalidade oferece a chance de experimentar diferentes modelos e encontrar o que mais se adapta \u00e0s necessidades dos seus pacientes. Com a loca\u00e7\u00e3o, \u00e9 f\u00e1cil manter-se atualizado com os \u00faltimos avan\u00e7os tecnol\u00f3gicos, assegurando que seu consult\u00f3rio ou cl\u00ednica esteja sempre equipado com o que h\u00e1 de mais moderno no mercado.<\/span><\/p>\n<h2>Just Laser: Sin\u00f4nimo de Qualidade e Inova\u00e7\u00e3o em Loca\u00e7\u00e3o de Endolaser<\/h2>\n<p><span style=\"font-size: 14pt;\">Diferenciando-se no mercado, a Just Laser \u00e9 reconhecida por sua lideran\u00e7a e inova\u00e7\u00e3o em loca\u00e7\u00e3o de endolaser. Nossa proposta inclui n\u00e3o apenas o fornecimento de equipamentos de \u00faltima gera\u00e7\u00e3o, mas tamb\u00e9m a garantia de que cada pe\u00e7a \u00e9 original e calibrada, assegurando desempenho impec\u00e1vel e seguran\u00e7a para seus pacientes. Al\u00e9m disso, somos pioneiros em oferecer cursos de capacita\u00e7\u00e3o, preparando profissionais para explorar todo o potencial da tecnologia endolaser.<\/span><\/p>\n<h2>Um Portf\u00f3lio Diversificado para Atender Todas as Necessidades<\/h2>\n<p><span style=\"font-size: 14pt;\">Entendendo as variadas demandas do mercado, a Just Laser apresenta uma gama ampla de equipamentos dispon\u00edveis para loca\u00e7\u00e3o, incluindo:<\/span><\/p>\n<ul>\n<li><span style=\"font-size: 14pt;\"><strong>The Delight:<\/strong> A escolha perfeita para procedimentos est\u00e9ticos, garantindo resultados not\u00e1veis em rejuvenescimento da pele.<\/span><\/li>\n<li><span style=\"font-size: 14pt;\"><strong>Ultralift:<\/strong> Especialista em lifting facial, proporciona efeitos surpreendentes com o m\u00ednimo de desconforto.<\/span><\/li>\n<li><span style=\"font-size: 14pt;\"><strong>Piion:<\/strong> Ideal para tratamentos precisos, como remo\u00e7\u00e3o de les\u00f5es cut\u00e2neas.<\/span><\/li>\n<li><span style=\"font-size: 14pt;\"><strong>Softylaser:<\/strong> Pensado para procedimentos mais delicados, maximiza o conforto do paciente.<\/span><\/li>\n<\/ul>\n<p><span style=\"font-size: 14pt;\">Com essa variedade, garantimos que voc\u00ea encontrar\u00e1 o equipamento certo para cada procedimento, elevando o n\u00edvel dos cuidados oferecidos aos seus pacientes.<\/span><\/p>\n<h2><span style=\"font-size: 14pt;\">Compromisso com a Capacita\u00e7\u00e3o e Suporte<\/span><\/h2>\n<p><span style=\"font-size: 14pt;\">Mais do que locar equipamentos, a Just Laser se compromete a oferecer o mais completo programa de treinamento em endolaser do Brasil. Nosso conte\u00fado \u00e9 desenhado para cobrir todas as nuances da tecnologia, preparando voc\u00ea para enfrentar qualquer desafio cl\u00ednico. E nosso apoio n\u00e3o termina com o treinamento; estamos sempre \u00e0 disposi\u00e7\u00e3o para assegurar que voc\u00ea tire o m\u00e1ximo proveito da loca\u00e7\u00e3o de endolaser.<\/span><\/p>\n<h2>Conecte-se com a Just Laser<\/h2>\n<p><span style=\"font-size: 14pt;\">Interessado em saber mais sobre as op\u00e7\u00f5es de loca\u00e7\u00e3o de endolaser e nossos programas de treinamento e <a href=\"https:\/\/endoliftacademy.com.br\/cursos-e-treinamentos-endolift\/curso-de-endolift-para-medicos\/\" target=\"_blank\" rel=\"noopener\">curso de endolaser para m\u00e9dico<\/a>?<\/span><\/p>\n<p><span style=\"font-size: 14pt;\">Entre em contato conosco via WhatsApp pelo nosso site.<\/span><\/p>\n<p><span style=\"font-size: 14pt;\">Nossa equipe est\u00e1 pronta para esclarecer suas d\u00favidas e auxiliar na escolha da melhor solu\u00e7\u00e3o para sua pr\u00e1tica profissional.<\/span><\/p>\n<p><span style=\"font-size: 14pt;\">Optar pela loca\u00e7\u00e3o de endolaser com a Just Laser \u00e9 dar um passo \u00e0 frente em qualidade e inova\u00e7\u00e3o nos cuidados com a sa\u00fade. Escolha ser parceiro de uma empresa que entende de tecnologia e de cuidado ao paciente.<\/span><\/p>\n<p><span style=\"font-size: 14pt;\"><a href=\"https:\/\/endoliftacademy.com.br\/lp\/curso-online-endolift-endolaser\/\" target=\"_blank\" rel=\"noopener\"><strong>E conhe\u00e7a o novo curso avan\u00e7ado de Endolift a laser, oferecido pela Just Laser em parceria com a Endolift Academy!<\/strong><\/a><\/span><\/p>\n<p><span style=\"font-size: 14pt;\"><a href=\"https:\/\/endoliftacademy.com.br\/lp\/curso-online-endolift-endolaser\/\" target=\"_blank\" rel=\"noopener\"><strong>CLIQUE AQUI PARA O LINK DO CURSO ONLINE DE MAIS DE 10 HORAS, PRODUZIDO POR UM FAMOSO DERMATOLOGISTA.\u00a0 UM CURSO COMPLETO DE ENDOLASER<\/strong><\/a><\/span><\/p>\n<p><span style=\"font-size: 14pt;\"><strong>Fa\u00e7a contato hoje mesmo<\/strong> e descubra como podemos ajudar a transformar sua pr\u00e1tica m\u00e9dica com solu\u00e7\u00f5es de ponta em medicina est\u00e9tica e cirurgia minimamente invasiva.<\/span><\/p>\n<p><span style=\"font-size: 14pt;\"><strong>CLIQUE NO BOT\u00c3O VERDE DO WHATSAPP AQUI DO LADO PARA SER ATENDIDO AGORA MESMO !<\/strong><\/span><\/p>\n<p>&nbsp;<\/p>\n<p><span style=\"font-size: 14pt;\"><em><strong><a href=\"https:\/\/justlaser.com.br\/alugueldelasers\/locacao-de-laser-para-endolift\/\">Loca\u00e7\u00e3o de laser para Endolaser<\/a>: o que \u00e9 e como funciona?<\/strong><\/em><\/span><\/p>\n<ul id=\"menu-endolift\" class=\"menu\">\n<li id=\"menu-item-3561\" class=\"menu-item menu-item-type-post_type menu-item-object-page menu-item-has-children menu-item-3561\">\n<ul class=\"sub-menu\">\n<li id=\"menu-item-3563\" class=\"menu-item menu-item-type-post_type menu-item-object-page menu-item-3563\"><span style=\"font-size: 14pt;\"><a href=\"https:\/\/justlaser.com.br\/alugueldelasers\/locacao-de-laser-para-endolift\/\">Loca\u00e7\u00e3o de laser para Endolift<\/a><\/span><\/li>\n<li><span style=\"font-size: 14pt;\"><a href=\"https:\/\/justlaser.com.br\/alugueldelasers\/locacao-do-ultraformer-mpt\/\">Loca\u00e7\u00e3o do Ultraformer MPT<\/a><\/span><\/li>\n<li id=\"menu-item-3564\" class=\"menu-item menu-item-type-post_type menu-item-object-page menu-item-3564\"><span style=\"font-size: 14pt;\"><a href=\"https:\/\/justlaser.com.br\/alugueldelasers\/locacao-de-laser-para-endolift\/aluguel-do-delight-endolift\/\">Aluguel do Delight Endolift<\/a><\/span><\/li>\n<li id=\"menu-item-3565\" class=\"menu-item menu-item-type-post_type menu-item-object-page current-menu-item page_item page-item-3492 current_page_item menu-item-3565\"><span style=\"font-size: 14pt;\"><a href=\"https:\/\/justlaser.com.br\/alugueldelasers\/aluguel-de-endolift\/\" aria-current=\"page\">Aluguel de Endolift<\/a><\/span><\/li>\n<li><span style=\"font-size: 14pt;\"> <a href=\"https:\/\/justlaser.com.br\/alugueldelasers\/aluguel-de-endolift-pioon\">Aluguel do PIOON\u00a0 Endolift<\/a><\/span><\/li>\n<li><span style=\"font-size: 14pt;\"><a href=\"https:\/\/justlaser.com.br\/alugueldelasers\/locacao-do-pioon-endolift\/\"><strong>Loca\u00e7<\/strong><strong>\u00e3o<\/strong><em><strong> do Pioon Endolift<\/strong><\/em><\/a><\/span><\/li>\n<li id=\"menu-item-3561\" class=\"menu-item menu-item-type-post_type menu-item-object-page menu-item-has-children menu-item-3561\"><span style=\"font-size: 14pt;\"><a href=\"https:\/\/justlaser.com.br\/alugueldelasers\/locacao-do-endymed\/\">Loca\u00e7\u00e3o do Endymed<\/a><\/span>\n<p style=\"text-align: left;\"><span style=\"font-size: 14pt;\"><em><strong><a title=\"Clique para WhatsApp\" href=\"https:\/\/api.whatsapp.com\/send?phone=5511940843111\" target=\"_blank\" rel=\"nofollow noopener\"><img decoding=\"async\" class=\"wp-image-3064 alignleft\" title=\"Aluguel ENDOLIFT\" src=\"https:\/\/justlaser.com.br\/alugueldelasers\/wp-content\/uploads\/2022\/02\/aluguel-uthera-3.jpg\" alt=\"Aluguel ENDOLIFT\" width=\"344\" height=\"160\" srcset=\"https:\/\/justlaser.com.br\/alugueldelasers\/wp-content\/uploads\/2022\/02\/aluguel-uthera-3-200x93.jpg 200w, https:\/\/justlaser.com.br\/alugueldelasers\/wp-content\/uploads\/2022\/02\/aluguel-uthera-3-300x140.jpg 300w, https:\/\/justlaser.com.br\/alugueldelasers\/wp-content\/uploads\/2022\/02\/aluguel-uthera-3.jpg 400w\" sizes=\"(max-width: 344px) 100vw, 344px\" \/><\/a><\/strong><\/em><\/span><\/p>\n<\/li>\n<\/ul>\n<\/li>\n<\/ul>\n<h3><span style=\"font-size: 18pt;\">Para aluguel de ENDOLASER, e do equipamento Delight, ou Pioon , entre em contato pelo nosso Whatsapp.<\/span><\/h3>\n","protected":false},"excerpt":{"rendered":"<p>Loca\u00e7\u00e3o de Endolaser \u00e9 com Just Laser Elevando o Padr\u00e3o em Tratamentos Est\u00e9ticos: m\u00e1quinas [&hellip;]<\/p>\n","protected":false},"author":2,"featured_media":0,"parent":0,"menu_order":0,"comment_status":"closed","ping_status":"closed","template":"","meta":{"footnotes":""},"_links":{"self":[{"href":"https:\/\/justlaser.com.br\/alugueldelasers\/wp-json\/wp\/v2\/pages\/3908"}],"collection":[{"href":"https:\/\/justlaser.com.br\/alugueldelasers\/wp-json\/wp\/v2\/pages"}],"about":[{"href":"https:\/\/justlaser.com.br\/alugueldelasers\/wp-json\/wp\/v2\/types\/page"}],"author":[{"embeddable":true,"href":"https:\/\/justlaser.com.br\/alugueldelasers\/wp-json\/wp\/v2\/users\/2"}],"replies":[{"embeddable":true,"href":"https:\/\/justlaser.com.br\/alugueldelasers\/wp-json\/wp\/v2\/comments?post=3908"}],"version-history":[{"count":0,"href":"https:\/\/justlaser.com.br\/alugueldelasers\/wp-json\/wp\/v2\/pages\/3908\/revisions"}],"wp:attachment":[{"href":"https:\/\/justlaser.com.br\/alugueldelasers\/wp-json\/wp\/v2\/media?parent=3908"}],"curies":[{"name":"wp","href":"https:\/\/api.w.org\/{rel}","templated":true}]}}