{"id":3915,"date":"2024-04-29T14:49:31","date_gmt":"2024-04-29T17:49:31","guid":{"rendered":"https:\/\/justlaser.com.br\/alugueldelasers\/?page_id=3915"},"modified":"2024-04-29T15:02:03","modified_gmt":"2024-04-29T18:02:03","slug":"como-funciona-o-clatuu","status":"publish","type":"page","link":"https:\/\/justlaser.com.br\/alugueldelasers\/como-funciona-o-clatuu\/","title":{"rendered":"Como funciona o Clatuu"},"content":{"rendered":"<h1><img decoding=\"async\" class=\"aligncenter wp-image-3916 size-large\" title=\"aluguel de clatuu\" src=\"https:\/\/justlaser.com.br\/alugueldelasers\/wp-content\/uploads\/2024\/04\/aluguel-de-clatuu-1024x256.png\" alt=\"aluguel de clatuu\" width=\"1024\" height=\"256\" srcset=\"https:\/\/justlaser.com.br\/alugueldelasers\/wp-content\/uploads\/2024\/04\/aluguel-de-clatuu-200x50.png 200w, https:\/\/justlaser.com.br\/alugueldelasers\/wp-content\/uploads\/2024\/04\/aluguel-de-clatuu-300x75.png 300w, https:\/\/justlaser.com.br\/alugueldelasers\/wp-content\/uploads\/2024\/04\/aluguel-de-clatuu-400x100.png 400w, https:\/\/justlaser.com.br\/alugueldelasers\/wp-content\/uploads\/2024\/04\/aluguel-de-clatuu-500x125.png 500w, https:\/\/justlaser.com.br\/alugueldelasers\/wp-content\/uploads\/2024\/04\/aluguel-de-clatuu-600x150.png 600w, https:\/\/justlaser.com.br\/alugueldelasers\/wp-content\/uploads\/2024\/04\/aluguel-de-clatuu-700x175.png 700w, https:\/\/justlaser.com.br\/alugueldelasers\/wp-content\/uploads\/2024\/04\/aluguel-de-clatuu-768x192.png 768w, https:\/\/justlaser.com.br\/alugueldelasers\/wp-content\/uploads\/2024\/04\/aluguel-de-clatuu-800x200.png 800w, https:\/\/justlaser.com.br\/alugueldelasers\/wp-content\/uploads\/2024\/04\/aluguel-de-clatuu-1024x256.png 1024w, https:\/\/justlaser.com.br\/alugueldelasers\/wp-content\/uploads\/2024\/04\/aluguel-de-clatuu-1200x300.png 1200w, https:\/\/justlaser.com.br\/alugueldelasers\/wp-content\/uploads\/2024\/04\/aluguel-de-clatuu-1536x383.png 1536w, https:\/\/justlaser.com.br\/alugueldelasers\/wp-content\/uploads\/2024\/04\/aluguel-de-clatuu.png 1871w\" sizes=\"(max-width: 1024px) 100vw, 1024px\" \/><\/h1>\n<h1>Como funciona o Clatuu<\/h1>\n<p>CLATUU \u00e9 uma tecnologia avan\u00e7ada para redu\u00e7\u00e3o de gordura, mais conhecido como CLATUU Alpha, que utiliza um m\u00e9todo de resfriamento diferente e mais seguro: tecnologia\u00a0 360\u00b0 para tratar diferentes \u00e1reas do corpo.<\/p>\n<p>A tecnologia visa a redu\u00e7\u00e3o de c\u00e9lulas de gordura por meio do resfriamento, sem cirurgias.<\/p>\n<h2>Grande diferencial:\u00a0 Como funciona\u00a0 o Clatuu<\/h2>\n<p>Inclui uma variedade de aplicadores adaptados para diferentes partes do corpo, prometendo um tratamento personalizado e eficaz. Muito importante ressaltar\u00a0 a seguran\u00e7a do processo, que n\u00e3o danifica os tecidos adjacentes e permite um retorno r\u00e1pido \u00e0s atividades di\u00e1rias ap\u00f3s o tratamento.<\/p>\n<p>Para mais informa\u00e7\u00f5es, visite <a href=\"https:\/\/clatuu.com\/clatuu\/\" target=\"_new\" rel=\"noopener\">CLATUU<\/a>.<\/p>\n<p><strong>Conceitos principais:<\/strong><\/p>\n<ul>\n<li><strong>Tecnologia de Resfriamento de 360\u00b0:<\/strong> Envolve resfriar a \u00e1rea-alvo de todos os \u00e2ngulos, o que melhora a efic\u00e1cia na redu\u00e7\u00e3o de gordura.<\/li>\n<li><strong>Apoptose induzida por frio:<\/strong> O resfriamento causa a morte natural das c\u00e9lulas de gordura, que s\u00e3o ent\u00e3o eliminadas pelo corpo.<\/li>\n<li><strong>Aplicadores personalizados:<\/strong> Diferentes formas e tamanhos de aplicadores para tratar \u00e1reas espec\u00edficas do corpo, garantindo a precis\u00e3o do tratamento.<\/li>\n<\/ul>\n<p><iframe src=\"\/\/www.youtube.com\/embed\/sDPX2wTuenw\" width=\"560\" height=\"314\" allowfullscreen=\"allowfullscreen\"><\/iframe><\/p>\n<h2>Diferen\u00e7as entre Clatuu e Coolsculpting<\/h2>\n<p>Ao comparar as tecnologias de redu\u00e7\u00e3o de gordura Clatuu e CoolSculpting, ambos os m\u00e9todos utilizam a criolip\u00f3lise para congelar e eliminar as c\u00e9lulas de gordura, mas apresentam diferen\u00e7as significativas em termos de efic\u00e1cia, conforto do tratamento e custo.<\/p>\n<p><strong>Clatuu<\/strong>: A tecnologia Clatuu utiliza aplicadores de 360\u00b0 que garantem uma distribui\u00e7\u00e3o mais uniforme do frio, o que pode aumentar a efic\u00e1cia da redu\u00e7\u00e3o de gordura em cerca de 18% a 30% ap\u00f3s uma \u00fanica sess\u00e3o. \u00c9 conhecido por ser mais r\u00e1pido no resfriamento, o que reduz o tempo de tratamento e pode tratar duas \u00e1reas simultaneamente, tornando-o mais eficiente em termos de tempo. \u00c9 tamb\u00e9m considerado mais acess\u00edvel em compara\u00e7\u00e3o com o CoolSculpting, o que pode ser um fator importante para muitos pacientes\u200b.<\/p>\n<p><strong>Ele \u00e9 uma tecnologia tamb\u00e9m muito mais moderna, aplica\u00e7\u00e3o ela \u00e9 muito mais r\u00e1pida e n\u00e3o existe um \u00fanico caso de escrito no mundo de hipertrofia paradoxal de gordura.<\/strong><\/p>\n<p><img decoding=\"async\" class=\"aligncenter wp-image-3921 size-fusion-600\" title=\"clatuu aluguel\" src=\"https:\/\/justlaser.com.br\/alugueldelasers\/wp-content\/uploads\/2024\/04\/clatuu-aluguel--600x406.png\" alt=\"clatuu aluguel\" width=\"600\" height=\"406\" srcset=\"https:\/\/justlaser.com.br\/alugueldelasers\/wp-content\/uploads\/2024\/04\/clatuu-aluguel--200x135.png 200w, https:\/\/justlaser.com.br\/alugueldelasers\/wp-content\/uploads\/2024\/04\/clatuu-aluguel--300x203.png 300w, https:\/\/justlaser.com.br\/alugueldelasers\/wp-content\/uploads\/2024\/04\/clatuu-aluguel--400x271.png 400w, https:\/\/justlaser.com.br\/alugueldelasers\/wp-content\/uploads\/2024\/04\/clatuu-aluguel--500x339.png 500w, https:\/\/justlaser.com.br\/alugueldelasers\/wp-content\/uploads\/2024\/04\/clatuu-aluguel--600x406.png 600w, https:\/\/justlaser.com.br\/alugueldelasers\/wp-content\/uploads\/2024\/04\/clatuu-aluguel-.png 638w\" sizes=\"(max-width: 600px) 100vw, 600px\" \/><\/p>\n<p><strong>CoolSculpting<\/strong>: Por outro lado, o CoolSculpting \u00e9 uma tecnologia mais estabelecida com uma ampla gama de aplicadores projetados para v\u00e1rias partes do corpo, incluindo um aplicador espec\u00edfico para o queixo, e tamb\u00e9m tem no Clatuu. A tecnologia utiliza um m\u00e9todo de resfriamento de dois lados, que, embora eficaz, pode n\u00e3o fornecer uma cobertura t\u00e3o uniforme quanto o sistema de 360\u00b0 do Clatuu. Embora o CoolSculpting possa ser mais caro e geralmente exija v\u00e1rias sess\u00f5es para alcan\u00e7ar resultados \u00f3timos, \u00e9 uma op\u00e7\u00e3o confi\u00e1vel com uma longa trajet\u00f3ria de efic\u00e1cia comprovada\u200b<span class=\"\" data-state=\"closed\"><span class=\"text-token-text-secondary\">\u00a0<\/span><\/span><\/p>\n<p>Ambos os tratamentos s\u00e3o n\u00e3o invasivos, com m\u00ednimos riscos associados e sem tempo de inatividade significativo, permitindo que os pacientes retomem suas atividades normais imediatamente ap\u00f3s o procedimento. A escolha entre Clatuu e CoolSculpting pode depender de fatores espec\u00edficos do paciente, como o or\u00e7amento, \u00e1reas do corpo que deseja tratar e prefer\u00eancia pessoal em rela\u00e7\u00e3o ao conforto e dura\u00e7\u00e3o do tratamento.<\/p>\n<p>Para mais informa\u00e7\u00f5es, voc\u00ea pode acessar os detalhes nos sites espec\u00edficos de cada tecnologia ou consultar com um profissional que ofere\u00e7a ambos os tratamentos para obter uma recomenda\u00e7\u00e3o personalizada com base em suas necessidades e objetivos de contorno corporal.<\/p>\n<p><img decoding=\"async\" class=\"aligncenter wp-image-3917 size-fusion-800\" title=\"aluguel clatuu\" src=\"https:\/\/justlaser.com.br\/alugueldelasers\/wp-content\/uploads\/2024\/04\/aluguel-clatuu-800x532.png\" alt=\"aluguel clatuu\" width=\"800\" height=\"532\" srcset=\"https:\/\/justlaser.com.br\/alugueldelasers\/wp-content\/uploads\/2024\/04\/aluguel-clatuu-200x133.png 200w, https:\/\/justlaser.com.br\/alugueldelasers\/wp-content\/uploads\/2024\/04\/aluguel-clatuu-300x200.png 300w, https:\/\/justlaser.com.br\/alugueldelasers\/wp-content\/uploads\/2024\/04\/aluguel-clatuu-400x266.png 400w, https:\/\/justlaser.com.br\/alugueldelasers\/wp-content\/uploads\/2024\/04\/aluguel-clatuu-500x333.png 500w, https:\/\/justlaser.com.br\/alugueldelasers\/wp-content\/uploads\/2024\/04\/aluguel-clatuu-600x399.png 600w, https:\/\/justlaser.com.br\/alugueldelasers\/wp-content\/uploads\/2024\/04\/aluguel-clatuu-700x466.png 700w, https:\/\/justlaser.com.br\/alugueldelasers\/wp-content\/uploads\/2024\/04\/aluguel-clatuu-768x511.png 768w, https:\/\/justlaser.com.br\/alugueldelasers\/wp-content\/uploads\/2024\/04\/aluguel-clatuu-800x532.png 800w, https:\/\/justlaser.com.br\/alugueldelasers\/wp-content\/uploads\/2024\/04\/aluguel-clatuu-1024x681.png 1024w, https:\/\/justlaser.com.br\/alugueldelasers\/wp-content\/uploads\/2024\/04\/aluguel-clatuu.png 1033w\" sizes=\"(max-width: 800px) 100vw, 800px\" \/><\/p>\n<p>&nbsp;<\/p>\n<p>Se voc\u00ea tem no seu consult\u00f3rio pacientes que buscam reduzir \u00e1reas de gordura localizada n\u00e3o existe nada t\u00e3o r\u00e1pido e t\u00e3o f\u00e1cil como este procedimento.<\/p>\n<p>Mesmo que voc\u00ea tenha Ultraformer, Scizer ou Endolaser, este ainda \u00e9 indubitativamente o procedimento mais f\u00e1cil r\u00e1pido e seguro de fazer: principalmente com essa nova tecnologia eu pensaria novamente em experimentar entre em contato para conhecer as promo\u00e7\u00f5es de primeira loca\u00e7\u00e3o.<\/p>\n","protected":false},"excerpt":{"rendered":"<p>Como funciona o Clatuu CLATUU \u00e9 uma tecnologia avan\u00e7ada para redu\u00e7\u00e3o de gordura, mais [&hellip;]<\/p>\n","protected":false},"author":2,"featured_media":0,"parent":0,"menu_order":0,"comment_status":"closed","ping_status":"closed","template":"","meta":{"footnotes":""},"_links":{"self":[{"href":"https:\/\/justlaser.com.br\/alugueldelasers\/wp-json\/wp\/v2\/pages\/3915"}],"collection":[{"href":"https:\/\/justlaser.com.br\/alugueldelasers\/wp-json\/wp\/v2\/pages"}],"about":[{"href":"https:\/\/justlaser.com.br\/alugueldelasers\/wp-json\/wp\/v2\/types\/page"}],"author":[{"embeddable":true,"href":"https:\/\/justlaser.com.br\/alugueldelasers\/wp-json\/wp\/v2\/users\/2"}],"replies":[{"embeddable":true,"href":"https:\/\/justlaser.com.br\/alugueldelasers\/wp-json\/wp\/v2\/comments?post=3915"}],"version-history":[{"count":0,"href":"https:\/\/justlaser.com.br\/alugueldelasers\/wp-json\/wp\/v2\/pages\/3915\/revisions"}],"wp:attachment":[{"href":"https:\/\/justlaser.com.br\/alugueldelasers\/wp-json\/wp\/v2\/media?parent=3915"}],"curies":[{"name":"wp","href":"https:\/\/api.w.org\/{rel}","templated":true}]}}