{"id":3938,"date":"2024-08-03T09:16:22","date_gmt":"2024-08-03T12:16:22","guid":{"rendered":"https:\/\/justlaser.com.br\/alugueldelasers\/?page_id=3938"},"modified":"2024-08-03T09:26:25","modified_gmt":"2024-08-03T12:26:25","slug":"curso-de-endolaser","status":"publish","type":"page","link":"https:\/\/justlaser.com.br\/alugueldelasers\/curso-de-endolaser\/","title":{"rendered":"Curso de Endolaser"},"content":{"rendered":"<div class=\"wrap mcb-wrap mcb-wrap-cdzhrtgl one tablet-one-second mobile-one valign-middle clearfix\" data-desktop-col=\"one\" data-tablet-col=\"tablet-one-second\" data-mobile-col=\"mobile-one\">\n<div class=\"mcb-wrap-inner mcb-wrap-inner-cdzhrtgl\">\n<div class=\"column mcb-column mcb-item-llz0pxgxh one tablet-one mobile-one column_column\">\n<div class=\"mcb-column-inner mcb-column-inner-llz0pxgxh mcb-item-column-inner\">\n<div class=\"column_attr mfn-inline-editor clearfix\">\n<h1>Curso de ENDOLASER que pode mudar sua cl\u00ednica!<\/h1>\n<\/div>\n<\/div>\n<\/div>\n<\/div>\n<\/div>\n<div class=\"wrap mcb-wrap mcb-wrap-26e4cc7e7 two-fifth tablet-one-second mobile-one valign-middle clearfix\" data-desktop-col=\"two-fifth\" data-tablet-col=\"tablet-one-second\" data-mobile-col=\"mobile-one\">\n<div class=\"mcb-wrap-inner mcb-wrap-inner-26e4cc7e7\">\n<div class=\"mcb-wrap-background-overlay\"><span style=\"font-size: 14pt;\">Que tal um completo curso de endolaser?\u00a0 O mais completo do Brasil, feito por um renomado dermatologista, com mais de 20 anos de experi\u00eancia ?<\/span><\/div>\n<div>\n<div style=\"width: 490px;\" class=\"wp-video\"><!--[if lt IE 9]><script>document.createElement('video');<\/script><![endif]-->\n<video class=\"wp-video-shortcode\" id=\"video-3938-1\" width=\"490\" height=\"776\" preload=\"auto\" controls=\"controls\"><source type=\"video\/mp4\" src=\"https:\/\/justlaser.com.br\/alugueldelasers\/wp-content\/uploads\/2024\/08\/curso-endolaser-online-1.mp4?_=1\" \/><a href=\"https:\/\/justlaser.com.br\/alugueldelasers\/wp-content\/uploads\/2024\/08\/curso-endolaser-online-1.mp4\">https:\/\/justlaser.com.br\/alugueldelasers\/wp-content\/uploads\/2024\/08\/curso-endolaser-online-1.mp4<\/a><\/video><\/div>\n<\/div>\n<\/div>\n<\/div>\n<div class=\"wrap mcb-wrap mcb-wrap-18a06289c three-fifth tablet-one-second mobile-one valign-middle clearfix\" data-desktop-col=\"three-fifth\" data-tablet-col=\"tablet-one-second\" data-mobile-col=\"mobile-one\">\n<div class=\"mcb-wrap-inner mcb-wrap-inner-18a06289c\">\n<div class=\"column mcb-column mcb-item-71d0cf6a0 one tablet-one mobile-one column_column column-margin-20px\">\n<div class=\"mcb-column-inner mcb-column-inner-71d0cf6a0 mcb-item-column-inner\">\n<div class=\"column_attr mfn-inline-editor clearfix\">\n<p><span style=\"font-size: 14pt;\"><strong>Voc\u00ea est\u00e1 cansado de oferecer os mesmos procedimentos no seu consult\u00f3rio?<\/strong><\/span><\/p>\n<p><span style=\"font-size: 14pt;\"><strong>Preenchimentos, Ultrassom microfocado, toxinas, lasers&#8230;<\/strong><\/span><br \/>\n<span style=\"font-size: 14pt;\">Seu paciente te pede novidades, que funcionem?<\/span><br \/>\n<span style=\"font-size: 14pt;\">Algo que realmente pode transformar a pele e o rosto de seu paciente?<\/span><\/p>\n<p><span style=\"font-size: 14pt;\">Encha sua cl\u00ednica fazendo um procedimento r\u00e1pido, seguro , moderno, e&#8230; que realmente pode mudar um rosto.<\/span><\/p>\n<h2><strong><span style=\"font-size: 14pt;\">Um procedimento que pode\u00a0<\/span>quintuplicar<span style=\"font-size: 14pt;\">\u00a0seu faturamento !<\/span><\/strong><\/h2>\n<\/div>\n<\/div>\n<\/div>\n<div class=\"column mcb-column mcb-item-ylf7tvxwk one tablet-one mobile-one column_column column-margin-20px\">\n<div class=\"mcb-column-inner mcb-column-inner-ylf7tvxwk mcb-item-column-inner\">\n<div class=\"column_attr mfn-inline-editor clearfix\">\n<p><span style=\"font-size: 14pt;\">Endolift, ou laser subd\u00e9rmico, \u00e9 a grande\u00a0<strong>\u201cpr\u00f3xima onda\u201d<\/strong>, nos procedimentos de est\u00e9tica facial e corporal!<\/span><\/p>\n<p><span style=\"font-size: 14pt;\">Os pacientes praticamente ligam para agendar, sozinhos depois que voc\u00ea explica como funciona!<\/span><\/p>\n<\/div>\n<\/div>\n<\/div>\n<\/div>\n<\/div>\n<div class=\"wrap mcb-wrap mcb-wrap-agqb02d2 one tablet-one-second mobile-one valign-middle clearfix\" data-desktop-col=\"one\" data-tablet-col=\"tablet-one-second\" data-mobile-col=\"mobile-one\">\n<div class=\"mcb-wrap-inner mcb-wrap-inner-agqb02d2\">\n<div class=\"mcb-wrap-background-overlay\"><iframe src=\"\/\/player.vimeo.com\/video\/858010395?title=0&amp;byline=0&amp;portrait=0&amp;color=8dc7dc\" width=\"425\" height=\"350\" allowfullscreen=\"allowfullscreen\"><\/iframe><\/div>\n<div class=\"column mcb-column mcb-item-aem4k98uw one tablet-one mobile-one column_column\">\n<div class=\"mcb-column-inner mcb-column-inner-aem4k98uw mcb-item-column-inner\">\n<div class=\"column_attr mfn-inline-editor clearfix\">\n<h5><span style=\"font-size: 14pt;\">PRATICAMENTE TODO MUNDO ACIMA DOS 35-40 ANOS<\/span><br \/>\n<span style=\"font-size: 14pt;\">TEM ALGUMA \u00c1REA QUE PODE SER TRATADA, <\/span><span style=\"font-size: 14pt;\">POR DENTRO DA PELE, COM UM\u00a0<strong>ENDOLASER<\/strong>.<\/span><\/h5>\n<\/div>\n<\/div>\n<\/div>\n<div class=\"column mcb-column mcb-item-5zovx55qe one tablet-one mobile-one column_column\">\n<div class=\"mcb-column-inner mcb-column-inner-5zovx55qe mcb-item-column-inner\">\n<div class=\"column_attr mfn-inline-editor clearfix\">\n<p><span style=\"font-size: 14pt;\"><strong>Papada, flacidez no rosto ou pesco\u00e7o, p\u00e1lpebras, alguma gordurinha localizada&#8230;quem n\u00e3o tem?<\/strong><\/span><\/p>\n<\/div>\n<div class=\"wrap mcb-wrap mcb-wrap-67od6lx6h one tablet-one mobile-one valign-top clearfix\" data-desktop-col=\"one\" data-tablet-col=\"tablet-one\" data-mobile-col=\"mobile-one\">\n<div class=\"mcb-wrap-inner mcb-wrap-inner-67od6lx6h\">\n<div class=\"column mcb-column mcb-item-ysbzn1pvv one tablet-four-fifth mobile-one column_column\">\n<div class=\"mcb-column-inner mcb-column-inner-ysbzn1pvv mcb-item-column-inner\">\n<div class=\"column_attr mfn-inline-editor clearfix\">\n<h1>Veja exemplos reais de gente<br \/>\nQUE MUDOU DE APAR\u00caNCIA!<\/h1>\n<p><span style=\"font-size: 14pt;\"><strong>Obs<\/strong>: Aqui no Brasil, por quest\u00f5es \u00e9ticas, mostramos fotos de trabalhos cient\u00edficos internacionais !<\/span><br \/>\n<span style=\"font-size: 14pt;\">S\u00e3o dezenas de artigos, milhares de pacientes tratados por toda Europa, EUA, \u00c1sia e pa\u00edses \u00e1rabes.<\/span><\/p>\n<\/div>\n<\/div>\n<\/div>\n<\/div>\n<\/div>\n<div class=\"wrap mcb-wrap mcb-wrap-xacuj33zt one-third tablet-one-third mobile-one valign-top clearfix\" data-desktop-col=\"one-third\" data-tablet-col=\"tablet-one-third\" data-mobile-col=\"mobile-one\">\n<div class=\"mcb-wrap-inner mcb-wrap-inner-xacuj33zt\">\n<div class=\"mcb-wrap-background-overlay\"><\/div>\n<div class=\"column mcb-column mcb-item-7mkz17u2ve one tablet-one mobile-one column_image\">\n<div class=\"mcb-column-inner mcb-column-inner-7mkz17u2ve mcb-item-image-inner\">\n<div class=\"image_frame element_classes image_item no_link scale-with-grid alignnone no_border\">\n<div class=\"image_wrapper\"><img decoding=\"async\" class=\"scale-with-grid alignleft\" src=\"https:\/\/endoliftacademy.com.br\/lp\/wp-content\/uploads\/2023\/08\/1.jpg\" sizes=\"(max-width:767px) 417px, 417px\" srcset=\"https:\/\/endoliftacademy.com.br\/lp\/wp-content\/uploads\/2023\/08\/1.jpg 417w, https:\/\/endoliftacademy.com.br\/lp\/wp-content\/uploads\/2023\/08\/1-295x300.jpg 295w, https:\/\/endoliftacademy.com.br\/lp\/wp-content\/uploads\/2023\/08\/1-74x75.jpg 74w\" alt=\"\" width=\"417\" height=\"424\" title=\"\"><\/div>\n<div><\/div>\n<\/div>\n<\/div>\n<\/div>\n<\/div>\n<\/div>\n<div class=\"wrap mcb-wrap mcb-wrap-n07fbbdq3 one-third tablet-one-third mobile-one valign-top clearfix\" data-desktop-col=\"one-third\" data-tablet-col=\"tablet-one-third\" data-mobile-col=\"mobile-one\">\n<div class=\"mcb-wrap-inner mcb-wrap-inner-n07fbbdq3\">\n<div class=\"mcb-wrap-background-overlay\"><img decoding=\"async\" class=\"scale-with-grid alignleft\" src=\"https:\/\/endoliftacademy.com.br\/lp\/wp-content\/uploads\/2023\/08\/3.jpg\" sizes=\"(max-width:767px) 417px, 417px\" srcset=\"https:\/\/endoliftacademy.com.br\/lp\/wp-content\/uploads\/2023\/08\/3.jpg 417w, https:\/\/endoliftacademy.com.br\/lp\/wp-content\/uploads\/2023\/08\/3-295x300.jpg 295w, https:\/\/endoliftacademy.com.br\/lp\/wp-content\/uploads\/2023\/08\/3-74x75.jpg 74w\" alt=\"\" width=\"417\" height=\"424\" title=\"\"><\/div>\n<div class=\"column mcb-column mcb-item-1p8xxamwj one tablet-one mobile-one column_image\">\n<div class=\"mcb-column-inner mcb-column-inner-1p8xxamwj mcb-item-image-inner\">\n<div class=\"image_frame element_classes image_item no_link scale-with-grid alignnone no_border\">\n<div class=\"image_wrapper\"><\/div>\n<\/div>\n<\/div>\n<\/div>\n<\/div>\n<\/div>\n<div class=\"wrap mcb-wrap mcb-wrap-blrlkf8bz one tablet-one mobile-one valign-top clearfix\" data-desktop-col=\"one\" data-tablet-col=\"tablet-one\" data-mobile-col=\"mobile-one\">\n<div class=\"mcb-wrap-inner mcb-wrap-inner-blrlkf8bz\">\n<div class=\"column mcb-column mcb-item-5h6pr4al6 one tablet-one mobile-one column_divider\">\n<div class=\"mcb-column-inner mcb-column-inner-5h6pr4al6 mcb-item-divider-inner\">\n<hr class=\"no_line\" \/>\n<\/div>\n<\/div>\n<div class=\"column mcb-column mcb-item-es8ogx138 one tablet-one mobile-one column_column\">\n<div class=\"mcb-column-inner mcb-column-inner-es8ogx138 mcb-item-column-inner\">\n<div class=\"column_attr mfn-inline-editor clearfix\">\n<h5><span style=\"font-size: 14pt;\">\u00c9 isso que voc\u00ea pode ter na sua cl\u00ednica ! Agora !<\/span><\/h5>\n<p><span style=\"font-size: 14pt;\">Tudo sobre endolaser , de A a Z!<br \/>\n<\/span><a href=\"https:\/\/endoliftacademy.com.br\/lp\/curso-online-endolift-endolaser\/\" target=\"_blank\" rel=\"noopener\"><span style=\"font-size: 14pt;\">Como funciona o curso de Endolaser , da Just Laser<\/span><\/a><\/p>\n<p><strong style=\"font-size: 14pt;\">Introdu\u00e7\u00e3o ao curso de Endolaser<\/strong><\/p>\n<\/div>\n<\/div>\n<\/div>\n<h2><span style=\"font-size: 14pt;\">Seja muito bem-vindo e Just Laser Academy. <\/span><\/h2>\n<blockquote><p><a href=\"https:\/\/endoliftacademy.com.br\/lp\/curso-online-endolift-endolaser\/\" target=\"_blank\" rel=\"noopener\"><strong><span style=\"font-size: 14pt;\">E conhe\u00e7a o novo curso avan\u00e7ado de Endolaser, oferecido pela Just Laser em parceria com a Endolift Academy!<\/span><\/strong><\/a><\/p>\n<p><span style=\"font-size: 14pt;\"><a href=\"https:\/\/endoliftacademy.com.br\/lp\/curso-online-endolift-endolaser\/\" target=\"_blank\" rel=\"noopener\"><strong>CLIQUE AQUI PARA O LINK DO CURSO ONLINE DE MAIS DE 10 HORAS, PRODUZIDO POR UM FAMOSO DERMATOLOGISTA.\u00a0 UM CURSO COMPLETO DE ENDOLASER<\/strong><\/a><\/span><\/p>\n<p>&nbsp;<\/p><\/blockquote>\n<\/div>\n<\/div>\n<\/div>\n<\/div>\n<\/div>\n<\/div>\n","protected":false},"excerpt":{"rendered":"<p>Curso de ENDOLASER que pode mudar sua cl\u00ednica! Que tal um completo curso de [&hellip;]<\/p>\n","protected":false},"author":2,"featured_media":0,"parent":0,"menu_order":0,"comment_status":"closed","ping_status":"closed","template":"","meta":{"footnotes":""},"_links":{"self":[{"href":"https:\/\/justlaser.com.br\/alugueldelasers\/wp-json\/wp\/v2\/pages\/3938"}],"collection":[{"href":"https:\/\/justlaser.com.br\/alugueldelasers\/wp-json\/wp\/v2\/pages"}],"about":[{"href":"https:\/\/justlaser.com.br\/alugueldelasers\/wp-json\/wp\/v2\/types\/page"}],"author":[{"embeddable":true,"href":"https:\/\/justlaser.com.br\/alugueldelasers\/wp-json\/wp\/v2\/users\/2"}],"replies":[{"embeddable":true,"href":"https:\/\/justlaser.com.br\/alugueldelasers\/wp-json\/wp\/v2\/comments?post=3938"}],"version-history":[{"count":0,"href":"https:\/\/justlaser.com.br\/alugueldelasers\/wp-json\/wp\/v2\/pages\/3938\/revisions"}],"wp:attachment":[{"href":"https:\/\/justlaser.com.br\/alugueldelasers\/wp-json\/wp\/v2\/media?parent=3938"}],"curies":[{"name":"wp","href":"https:\/\/api.w.org\/{rel}","templated":true}]}}