{"id":3958,"date":"2025-03-05T12:43:02","date_gmt":"2025-03-05T15:43:02","guid":{"rendered":"https:\/\/justlaser.com.br\/alugueldelasers\/?page_id=3958"},"modified":"2025-03-05T13:23:02","modified_gmt":"2025-03-05T16:23:02","slug":"aluguel-soprano-platinum","status":"publish","type":"page","link":"https:\/\/justlaser.com.br\/alugueldelasers\/aluguel-e-locacao-de-laser-para-depilacao-a-laser\/aluguel-soprano-platinum\/","title":{"rendered":"Aluguel Soprano Platinum"},"content":{"rendered":"<h1>Aluguel Soprano Platinum<img decoding=\"async\" class=\"aligncenter wp-image-3962 size-full\" title=\"aluguel soprano platinum sao paulo\" src=\"https:\/\/justlaser.com.br\/alugueldelasers\/wp-content\/uploads\/2025\/03\/aluguel-soprano-platinum-sao-paulo.jpg\" alt=\"aluguel soprano platinum sao paulo\" width=\"1870\" height=\"667\" srcset=\"https:\/\/justlaser.com.br\/alugueldelasers\/wp-content\/uploads\/2025\/03\/aluguel-soprano-platinum-sao-paulo-200x71.jpg 200w, https:\/\/justlaser.com.br\/alugueldelasers\/wp-content\/uploads\/2025\/03\/aluguel-soprano-platinum-sao-paulo-300x107.jpg 300w, https:\/\/justlaser.com.br\/alugueldelasers\/wp-content\/uploads\/2025\/03\/aluguel-soprano-platinum-sao-paulo-400x143.jpg 400w, https:\/\/justlaser.com.br\/alugueldelasers\/wp-content\/uploads\/2025\/03\/aluguel-soprano-platinum-sao-paulo-600x214.jpg 600w, https:\/\/justlaser.com.br\/alugueldelasers\/wp-content\/uploads\/2025\/03\/aluguel-soprano-platinum-sao-paulo-768x274.jpg 768w, https:\/\/justlaser.com.br\/alugueldelasers\/wp-content\/uploads\/2025\/03\/aluguel-soprano-platinum-sao-paulo-800x285.jpg 800w, https:\/\/justlaser.com.br\/alugueldelasers\/wp-content\/uploads\/2025\/03\/aluguel-soprano-platinum-sao-paulo-1024x365.jpg 1024w, https:\/\/justlaser.com.br\/alugueldelasers\/wp-content\/uploads\/2025\/03\/aluguel-soprano-platinum-sao-paulo-1200x428.jpg 1200w, https:\/\/justlaser.com.br\/alugueldelasers\/wp-content\/uploads\/2025\/03\/aluguel-soprano-platinum-sao-paulo-1536x548.jpg 1536w, https:\/\/justlaser.com.br\/alugueldelasers\/wp-content\/uploads\/2025\/03\/aluguel-soprano-platinum-sao-paulo.jpg 1870w\" sizes=\"(max-width: 1870px) 100vw, 1870px\" \/><\/h1>\n<p><span style=\"font-size: 20px;\">Sobre o aluguel do soprano Platinum , abaixo informa\u00e7\u00f5es relevantes sobre o para sua cl\u00ednica, sempre lembrando que a Just Laser<strong> \u00e9 uma das poucas empresas no Brasil com Anvisa<\/strong> e com manuten\u00e7\u00f5es peri\u00f3dicas. Para assegurar que os diodos est\u00e3o novos e entregando a energia correta<\/span><\/p>\n<h1><span style=\"font-size: 28px;\"><strong>Aluguel do Soprano Platinum: A Revolu\u00e7\u00e3o na Depila\u00e7\u00e3o a Laser<\/strong><\/span><\/h1>\n<p>S<span style=\"font-size: 20px;\">e voc\u00ea busca o melhor em tecnologia para depila\u00e7\u00e3o definitiva, o <strong>aluguel do Soprano Platinum<\/strong> \u00e9 a solu\u00e7\u00e3o ideal para sua cl\u00ednica ou consult\u00f3rio. Desenvolvido pela renomada empresa americana<a href=\"https:\/\/pt.almalasers.com\/\" target=\"_blank\" rel=\"noopener\"> <strong>Alma Lasers<\/strong><\/a>, esse equipamento de \u00faltima gera\u00e7\u00e3o oferece efici\u00eancia, seguran\u00e7a e conforto para os pacientes, tornando-se uma escolha essencial para profissionais que desejam resultados superiores.<\/span><\/p>\n<h2><span style=\"font-size: 24px;\"><strong>Por que escolher o aluguel do <a href=\"https:\/\/pt.almalasers.com\/product\/soprano-ice-platinum\/\" target=\"_blank\" rel=\"noopener\">Soprano Platinum<\/a>?<\/strong><\/span><\/h2>\n<p><span style=\"font-size: 20px;\">O <a href=\"https:\/\/pt.almalasers.com\/product\/soprano-ice-platinum\/\" target=\"_blank\" rel=\"noopener\"><strong>Soprano Platinum<\/strong> <\/a>\u00e9 um dos equipamentos mais avan\u00e7ados para <strong>depila\u00e7\u00e3o a laser<\/strong>, proporcionando <strong>tratamentos r\u00e1pidos, indolores e altamente eficazes<\/strong>. Com tecnologia inovadora, ele combina tr\u00eas comprimentos de onda \u2013 <strong>Alexandrite (755nm), Diodo (810nm) e Nd:YAG (1064nm)<\/strong> \u2013 garantindo a remo\u00e7\u00e3o dos pelos em <strong>todos os fototipos de pele<\/strong>, incluindo peles escuras e bronzeadas.<\/span><\/p>\n<p><span style=\"font-size: 20px;\">Ao optar pelo <strong>aluguel do Soprano Platinum<\/strong>, voc\u00ea tem acesso a um equipamento premium sem a necessidade de um alto investimento inicial. Isso permite que cl\u00ednicas e consult\u00f3rios ofere\u00e7am um dos melhores tratamentos do mercado sem comprometer o fluxo de caixa.<\/span><\/p>\n<p>&nbsp;<\/p>\n<h2><span style=\"font-size: 24px;\"><strong>Depila\u00e7\u00e3o indolor e resultados superiores em menos sess\u00f5es com <a href=\"https:\/\/justlaser.com.br\/alugueldelasers\/aluguel-e-locacao-de-laser-para-depilacao-a-laser\/aluguel-soprano-platinum\/\">aluguel do Soprano Platinum<\/a><\/strong><\/span><\/h2>\n<p><span style=\"font-size: 20px;\">Diferente de muitos lasers concorrentes, o <strong>Soprano Platinum<\/strong> utiliza a tecnologia <strong>SHR\u2122 (Super Hair Removal)<\/strong>, que aquece progressivamente os fol\u00edculos pilosos, tornando o tratamento <strong>praticamente indolor<\/strong>. Isso significa que seus pacientes poder\u00e3o realizar o procedimento com muito mais conforto, sem a sensa\u00e7\u00e3o de ard\u00eancia ou choques el\u00e9tricos comuns em outros equipamentos.<\/span><\/p>\n<p><span style=\"font-size: 20px;\">Al\u00e9m disso, o <strong>Soprano Platinum<\/strong> entrega resultados mais r\u00e1pidos e eficazes. Gra\u00e7as \u00e0 sua combina\u00e7\u00e3o de tr\u00eas comprimentos de onda, ele atinge diferentes profundidades do fol\u00edculo piloso de forma simult\u00e2nea, tornando as sess\u00f5es mais eficientes. Ou seja, <strong>menos sess\u00f5es s\u00e3o necess\u00e1rias para alcan\u00e7ar resultados definitivos<\/strong>, economizando tempo para o profissional e reduzindo custos para os clientes.<\/span><\/p>\n<h3><strong><span style=\"font-size: 24px;\">Veja que incr\u00edvel como funciona o Soprano Platinum, com 3 comprimentos de onda e por que !<\/span><\/strong><\/h3>\n<p><iframe src=\"\/\/www.youtube.com\/embed\/MBk0Q670LXE\" width=\"560\" height=\"314\" allowfullscreen=\"allowfullscreen\"><\/iframe><\/p>\n<h2><strong><span style=\"font-size: 24px;\">Vantagens do Aluguel do Soprano Platinum<\/span><\/strong><\/h2>\n<ol>\n<li><span style=\"font-size: 20px;\"><strong>Tecnologia Exclusiva Trio Clustered<\/strong> \u2013 Atua em diferentes profundidades do fol\u00edculo piloso, garantindo resultados superiores e seguros.<\/span><\/li>\n<li><span style=\"font-size: 20px;\"><strong>Tratamentos sem dor<\/strong> \u2013 A tecnologia <strong>SHR\u2122 (Super Hair Removal)<\/strong> aquece gradualmente a pele, proporcionando uma experi\u00eancia confort\u00e1vel para o paciente.<\/span><\/li>\n<li><span style=\"font-size: 20px;\"><strong>Seguro para todos os tons de pele<\/strong> \u2013 Diferente de outros lasers, o <strong>Soprano Platinum<\/strong> pode ser usado em <strong>peles claras, morenas e negras<\/strong>, sem risco de queimaduras.<\/span><\/li>\n<li><span style=\"font-size: 20px;\"><strong>Sess\u00f5es mais r\u00e1pidas e eficazes<\/strong> \u2013 A pot\u00eancia e a tecnologia avan\u00e7ada do Soprano permitem que o tratamento seja feito em <strong>menos sess\u00f5es do que outros lasers<\/strong>, com resultados vis\u00edveis mais rapidamente.<\/span><\/li>\n<li><span style=\"font-size: 20px;\"><strong>Refrigera\u00e7\u00e3o de ponta<\/strong> \u2013 O sistema <strong>ICE Plus\u2122<\/strong> mant\u00e9m a pele resfriada durante todo o procedimento, reduzindo qualquer desconforto.<\/span><\/li>\n<\/ol>\n<h2><span style=\"font-size: 28px;\"><strong>Por que alugar o Soprano Platinum ao inv\u00e9s de comprar?<\/strong><\/span><\/h2>\n<p><span style=\"font-size: 20px;\">O <strong>aluguel do Soprano Platinum<\/strong> \u00e9 a alternativa perfeita para profissionais que desejam oferecer o melhor da tecnologia sem um alto custo inicial. Com planos flex\u00edveis e suporte t\u00e9cnico especializado, o aluguel permite:<\/span><\/p>\n<ul>\n<li><span style=\"font-size: 20px;\"><strong>Redu\u00e7\u00e3o de custos operacionais<\/strong>, sem necessidade de financiamento ou grandes investimentos.<\/span><\/li>\n<li><span style=\"font-size: 20px;\"><strong>Acesso \u00e0 tecnologia mais recente<\/strong>, garantindo que sua cl\u00ednica esteja sempre atualizada com os melhores equipamentos do mercado.<\/span><\/li>\n<li><span style=\"font-size: 20px;\"><strong>Manuten\u00e7\u00e3o inclusa<\/strong>, evitando gastos extras com reparos ou atualiza\u00e7\u00f5es.<\/span><\/li>\n<li><span style=\"font-size: 20px;\"><strong>Maior competitividade<\/strong>, permitindo oferecer um servi\u00e7o premium e atrair mais clientes.<\/span><\/li>\n<\/ul>\n<p><span style=\"font-size: 20px;\"><iframe src=\"\/\/www.youtube.com\/embed\/k-bbDwc3IcI\" width=\"560\" height=\"314\" allowfullscreen=\"allowfullscreen\"><\/iframe><\/span><\/p>\n<h2><span style=\"font-size: 24px;\"><strong>Alugue com a Just Laser e tenha garantia de qualidade<\/strong><\/span><\/h2>\n<blockquote><p><span style=\"font-size: 20px;\">Ao escolher a <strong>Just Laser<\/strong> para o <strong>aluguel do Soprano Platinum<\/strong>, voc\u00ea garante um servi\u00e7o diferenciado e de qualidade superior. <\/span><\/p>\n<p><strong><span style=\"font-size: 20px;\">Pouqu\u00edssimas empresas do mercado t\u00eam a preocupa\u00e7\u00e3o com a manuten\u00e7\u00e3o peri\u00f3dica e a revis\u00e3o dos diodos para garantir que o equipamento esteja sempre entregando a pot\u00eancia exata para resultados eficazes.<\/span><\/strong><\/p><\/blockquote>\n<p><span style=\"font-size: 20px;\">N\u00f3s realizamos inspe\u00e7\u00f5es frequentes para garantir que cada aparelho alugado esteja operando com <strong>100% de efici\u00eancia<\/strong>, evitando quedas de desempenho que poderiam comprometer os resultados da depila\u00e7\u00e3o a laser. Isso significa que sua cl\u00ednica sempre ter\u00e1 um <strong>equipamento de alto desempenho<\/strong>, oferecendo seguran\u00e7a e efic\u00e1cia para seus pacientes.<\/span><\/p>\n<p><span style=\"font-size: 20px;\">Al\u00e9m disso, nossa equipe t\u00e9cnica est\u00e1 sempre dispon\u00edvel para suporte, garantindo que voc\u00ea tenha total tranquilidade ao utilizar o <strong>Soprano Platinum<\/strong>. <\/span><\/p>\n<p><span style=\"font-size: 20px;\">Com a <strong>Just Laser<\/strong>, voc\u00ea tem certeza de que est\u00e1 investindo em um servi\u00e7o confi\u00e1vel, seguro e com a melhor rela\u00e7\u00e3o custo-benef\u00edcio do mercado.<\/span><\/p>\n<h2><span style=\"font-size: 28px;\"><strong>Como funciona o aluguel do Soprano Platinum?<\/strong><\/span><\/h2>\n<p><span style=\"font-size: 20px;\">Nosso servi\u00e7o de <strong>aluguel do Soprano Platinum<\/strong> \u00e9 simples e flex\u00edvel. <\/span><\/p>\n<p><span style=\"font-size: 20px;\">Oferecemos diferentes planos de loca\u00e7\u00e3o para atender \u00e0s necessidades da sua cl\u00ednica, seja por <strong>di\u00e1rias, semanais ou mensais<\/strong>. Al\u00e9m disso, garantimos <strong>treinamento t\u00e9cnico<\/strong> para que voc\u00ea e sua equipe aproveitem ao m\u00e1ximo a tecnologia do equipamento.<\/span><\/p>\n<p><span style=\"font-size: 20px; color: #ff0000;\">Nosso suporte t\u00e9cnico especializado est\u00e1 dispon\u00edvel para garantir que o aparelho funcione com <strong>m\u00e1xima efici\u00eancia e seguran\u00e7a<\/strong>, proporcionando a melhor experi\u00eancia para seus pacientes.<\/span><\/p>\n<p><span style=\"font-size: 20px; color: #ff0000;\">Quer um curso sobre o Soprano ? Agende conosco !\u00a0<\/span><\/p>\n<h2><span style=\"font-size: 28px;\"><strong>Invista no melhor laser de depila\u00e7\u00e3o, sem grandes investimentos<\/strong><\/span><\/h2>\n<p><span style=\"font-size: 20px;\">A depila\u00e7\u00e3o a laser \u00e9 um dos procedimentos mais procurados na est\u00e9tica, e oferecer um <strong>equipamento de ponta<\/strong> como o <strong>Soprano Platinum<\/strong> \u00e9 essencial para conquistar clientes exigentes. Com nosso servi\u00e7o de aluguel, sua cl\u00ednica poder\u00e1 competir no mercado de est\u00e9tica com a melhor tecnologia sem a necessidade de um investimento inicial alto.<\/span><\/p>\n<p><span style=\"font-size: 20px;\">Seja para iniciar sua cl\u00ednica ou expandir os servi\u00e7os j\u00e1 oferecidos, o <strong>aluguel do Soprano Platinum<\/strong> com a <strong>Just Laser<\/strong> \u00e9 a escolha inteligente para aumentar sua lucratividade e satisfa\u00e7\u00e3o dos clientes.<\/span><\/p>\n<h2><span style=\"font-size: 24px;\"><strong>Solicite um or\u00e7amento agora?\u00a0 saiba mais sobre o aluguel\u00a0 do Soprano Platinum pra S\u00e3o Paulo!<\/strong><\/span><\/h2>\n<p><span style=\"font-size: 20px;\">Entre em contato e descubra como o <strong>aluguel do Soprano Platinum<\/strong> pode transformar o seu neg\u00f3cio. Oferecemos condi\u00e7\u00f5es especiais para loca\u00e7\u00e3o, suporte t\u00e9cnico cont\u00ednuo e um servi\u00e7o confi\u00e1vel para garantir os melhores resultados para sua cl\u00ednica.<\/span><\/p>\n<p>&nbsp;<\/p>\n<p><span style=\"color: #ff0000;\"><strong><span style=\"font-size: 28px;\">Quer alugar um soprano falso?\u00a0 Um Belo Soprano Chingling?<\/span><\/strong><\/span><\/p>\n<p><span style=\"font-size: 24px;\">\u00a0Saiba mais nesse video sobre os falsos sopranos que inundam o mercado e d\u00ea boas risadas aqui !<\/span><\/p>\n<p><iframe src=\"\/\/www.youtube.com\/embed\/uP-Oem9-k0c\" width=\"560\" height=\"314\" allowfullscreen=\"allowfullscreen\"><\/iframe><\/p>\n<p><span style=\"font-size: 28px;\"><strong>Veja links de outros aparelhos para loca\u00e7\u00e3o:<\/strong><\/span><\/p>\n<p><span style=\"font-size: 20px;\"><a href=\"https:\/\/justlaser.com.br\/alugueldelasers\/aluguel-locacao-de-lasers\/locacao-aluguel-do-laser-plataforma-ethereamx-sao-paulo\/\">Aluguel Etherea MX<\/a><\/span><\/p>\n<p><span style=\"font-size: 20px;\"><a href=\"https:\/\/justlaser.com.br\/alugueldelasers\/aluguel-e-locacao-de-laser-para-depilacao-a-laser\/aluguel-soprano-platinum\">Aluguel\u00a0 Soprano Platinum<\/a><\/span><\/p>\n<p><span style=\"font-size: 20px;\"><a href=\"https:\/\/justlaser.com.br\/alugueldelasers\/aluguel-e-locacao-de-laser-para-depilacao-a-laser\/locacao-de-soprano-platinum\/\"><strong>Loca\u00e7\u00e3o de Soprano Platinum<\/strong><\/a><\/span><\/p>\n<p><span style=\"font-size: 20px;\"><a href=\"https:\/\/endoliftacademy.com.br\/\" target=\"_blank\" rel=\"noopener\">Curso de Endolaser<\/a><\/span><\/p>\n<p><span style=\"font-size: 20px;\"><strong><a href=\"https:\/\/www.instagram.com\/endoliftacademybrasil\/\" target=\"_blank\" rel=\"noopener\">Tudo sobre Endolaser &#8211; dicas e cursos no Instagram\u00a0<\/a><\/strong><\/span><\/p>\n<p><span style=\"font-size: 20px;\"><a href=\"https:\/\/justlaser.com.br\/alugueldelasers\/aluguel-de-endolift\/\"><strong>J\u00e1 pensou em aluguel do ENDOLASER\u00a0\u00a0<\/strong><\/a><\/span><\/p>\n<p>&nbsp;<\/p>\n<p><span style=\"font-size: 20px;\"><strong>N\u00e3o perca tempo!<\/strong> <\/span><\/p>\n<p><span style=\"font-size: 20px;\">Traga a tecnologia de depila\u00e7\u00e3o a laser mais avan\u00e7ada do mundo para o seu espa\u00e7o e ofere\u00e7a aos seus clientes <strong>seguran\u00e7a, efic\u00e1cia e conforto<\/strong> com o Soprano Platinum da Just Laser.<\/span><\/p>\n<blockquote><p><span style=\"font-size: 28px;\"><strong>Chame a gente agora, pelo Whatsapp.<br \/>\nO link est\u00e1 logo aqui: abaixo \u00e0 direita!<\/strong><\/span><\/p><\/blockquote>\n<p>&nbsp;<\/p>\n<hr \/>\n<p>&nbsp;<\/p>\n","protected":false},"excerpt":{"rendered":"<p>Aluguel Soprano Platinum Sobre o aluguel do soprano Platinum , abaixo informa\u00e7\u00f5es relevantes sobre [&hellip;]<\/p>\n","protected":false},"author":2,"featured_media":0,"parent":2616,"menu_order":0,"comment_status":"closed","ping_status":"closed","template":"","meta":{"footnotes":""},"_links":{"self":[{"href":"https:\/\/justlaser.com.br\/alugueldelasers\/wp-json\/wp\/v2\/pages\/3958"}],"collection":[{"href":"https:\/\/justlaser.com.br\/alugueldelasers\/wp-json\/wp\/v2\/pages"}],"about":[{"href":"https:\/\/justlaser.com.br\/alugueldelasers\/wp-json\/wp\/v2\/types\/page"}],"author":[{"embeddable":true,"href":"https:\/\/justlaser.com.br\/alugueldelasers\/wp-json\/wp\/v2\/users\/2"}],"replies":[{"embeddable":true,"href":"https:\/\/justlaser.com.br\/alugueldelasers\/wp-json\/wp\/v2\/comments?post=3958"}],"version-history":[{"count":0,"href":"https:\/\/justlaser.com.br\/alugueldelasers\/wp-json\/wp\/v2\/pages\/3958\/revisions"}],"up":[{"embeddable":true,"href":"https:\/\/justlaser.com.br\/alugueldelasers\/wp-json\/wp\/v2\/pages\/2616"}],"wp:attachment":[{"href":"https:\/\/justlaser.com.br\/alugueldelasers\/wp-json\/wp\/v2\/media?parent=3958"}],"curies":[{"name":"wp","href":"https:\/\/api.w.org\/{rel}","templated":true}]}}