{"id":3981,"date":"2025-04-01T19:52:46","date_gmt":"2025-04-01T22:52:46","guid":{"rendered":"https:\/\/justlaser.com.br\/alugueldelasers\/?page_id=3981"},"modified":"2025-04-05T13:30:02","modified_gmt":"2025-04-05T16:30:02","slug":"locacao-volnewmer","status":"publish","type":"page","link":"https:\/\/justlaser.com.br\/alugueldelasers\/locacao-volnewmer\/","title":{"rendered":"Loca\u00e7\u00e3o Volnewmer"},"content":{"rendered":"<h1 data-pm-slice=\"1 1 []\"><img decoding=\"async\" class=\"aligncenter wp-image-3982 size-full\" title=\"Loca\u00e7\u00e3o Volnewmer \" src=\"https:\/\/justlaser.com.br\/alugueldelasers\/wp-content\/uploads\/2025\/04\/locacao-volnewmer.jpg\" alt=\"locacao volnewmer\" width=\"1421\" height=\"366\" srcset=\"https:\/\/justlaser.com.br\/alugueldelasers\/wp-content\/uploads\/2025\/04\/locacao-volnewmer-200x52.jpg 200w, https:\/\/justlaser.com.br\/alugueldelasers\/wp-content\/uploads\/2025\/04\/locacao-volnewmer-300x77.jpg 300w, https:\/\/justlaser.com.br\/alugueldelasers\/wp-content\/uploads\/2025\/04\/locacao-volnewmer-400x103.jpg 400w, https:\/\/justlaser.com.br\/alugueldelasers\/wp-content\/uploads\/2025\/04\/locacao-volnewmer-600x155.jpg 600w, https:\/\/justlaser.com.br\/alugueldelasers\/wp-content\/uploads\/2025\/04\/locacao-volnewmer-768x198.jpg 768w, https:\/\/justlaser.com.br\/alugueldelasers\/wp-content\/uploads\/2025\/04\/locacao-volnewmer-800x206.jpg 800w, https:\/\/justlaser.com.br\/alugueldelasers\/wp-content\/uploads\/2025\/04\/locacao-volnewmer-1024x264.jpg 1024w, https:\/\/justlaser.com.br\/alugueldelasers\/wp-content\/uploads\/2025\/04\/locacao-volnewmer-1200x309.jpg 1200w, https:\/\/justlaser.com.br\/alugueldelasers\/wp-content\/uploads\/2025\/04\/locacao-volnewmer.jpg 1421w\" sizes=\"(max-width: 1421px) 100vw, 1421px\" \/><\/h1>\n<h1 data-pm-slice=\"1 1 []\">Loca\u00e7\u00e3o Volnewmer \u2013 Como Alugar Esse Equipamento Exclusivo<\/h1>\n<p><span style=\"font-size: 20px;\">Vamos falar sobre: loca\u00e7\u00e3o Volnewmer!<\/span><\/p>\n<p><span style=\"font-size: 14pt;\"><a href=\"https:\/\/classys.com\/product\/volnewmer\/\" target=\"_blank\" rel=\"noopener\">Volnewmer \u00e9 coreano, K-trend.\u00a0 E \u00e9 produzido pela Classys<\/a>, mesma empresa que faz o Ultraformer !<\/span><\/p>\n<h2>O que \u00e9 o Volnewmer?<\/h2>\n<p>O <strong>Volnewmer<\/strong> \u00e9 um aparelho de radiofrequ\u00eancia monopolar.<\/p>\n<p>N\u00f3s j\u00e1 tivemos algo semelhantes no come\u00e7o dos anos 2000 aqui no Brasil: Thermage. Que em breve ser\u00e1 relan\u00e7ado com uma nova vers\u00e3o at\u00e9 2026 aqui no Brasil.<\/p>\n<p>O problema desse concorrente com rela\u00e7\u00e3o ao Volnewmer, os pre\u00e7os da \u00e9poca eram proibitivos para um paciente comum.<\/p>\n<p>Algo que j\u00e1 est\u00e1 mudando as novas vers\u00f5es de radiofrequ\u00eancia monopolar que est\u00e3o chegando no Brasil!<\/p>\n<blockquote><p><em><strong>Volnewmer<\/strong> <\/em>uma tecnologia avan\u00e7ada de <strong>radiofrequ\u00eancia monopolar<\/strong> desenvolvida para estimular a produ\u00e7\u00e3o de col\u00e1geno e melhorar a firmeza da pele. Com ondas de <strong>6,78 MHz<\/strong>, ele aquece as camadas profundas da pele, proporcionando um efeito <strong>lifting<\/strong> natural e progressivo, sem dor ou tempo de recupera\u00e7\u00e3o.<\/p><\/blockquote>\n<h2>Volnewmer \u00e9 para cl\u00ednicas e profissionais da \u00e1rea de est\u00e9tica ?<\/h2>\n<p>O Volnewmer tem se destacado no setor da medicina est\u00e9tica e na dermatologia por oferecer resultados vis\u00edveis j\u00e1 na primeira sess\u00e3o.<\/p>\n<p>Por isso, muitos profissionais e cl\u00ednicas buscam <strong>loca\u00e7\u00e3o de Volnewmer<\/strong> como alternativa para oferecer esse tratamento sem precisar investir na compra do equipamento.<\/p>\n<h2>Loca\u00e7\u00e3o de Volnewmer: \u00e9 poss\u00edvel?<\/h2>\n<p>Atualmente, o <strong>importador oficial<\/strong> do Volnewmer no Brasil n\u00e3o autoriza a<strong> loca\u00e7\u00e3o direta do Volnewmer<\/strong>. No entanto, se voc\u00ea tem interesse em oferecer essa tecnologia na sua cl\u00ednica, <strong>entre em contato conosco<\/strong>, pois podemos ajud\u00e1-lo a encontrar uma solu\u00e7\u00e3o para sua necessidade.<\/p>\n<h2>Vantagens da loca\u00e7\u00e3o de Volnewmer<\/h2>\n<ul data-spread=\"false\">\n<li><strong>Custo-benef\u00edcio<\/strong>: alternativa vi\u00e1vel para cl\u00ednicas que desejam oferecer o tratamento sem um alto investimento inicial.<\/li>\n<li><strong>Flexibilidade<\/strong>: possibilidade de usar o equipamento por um per\u00edodo espec\u00edfico, conforme a demanda de pacientes.<\/li>\n<li><strong>Treinamento especializado<\/strong>: garantimos que profissionais capacitados auxiliem no uso correto do Volnewmer.<\/li>\n<\/ul>\n<p><img decoding=\"async\" class=\"aligncenter wp-image-3983 size-full\" title=\"loca\u00e7ao VOLNEWMER\" src=\"https:\/\/justlaser.com.br\/alugueldelasers\/wp-content\/uploads\/2025\/04\/locacao-VOLNEWMER-1.jpg\" alt=\"loca\u00e7ao VOLNEWMER\" width=\"1920\" height=\"700\" srcset=\"https:\/\/justlaser.com.br\/alugueldelasers\/wp-content\/uploads\/2025\/04\/locacao-VOLNEWMER-1-200x73.jpg 200w, https:\/\/justlaser.com.br\/alugueldelasers\/wp-content\/uploads\/2025\/04\/locacao-VOLNEWMER-1-300x109.jpg 300w, https:\/\/justlaser.com.br\/alugueldelasers\/wp-content\/uploads\/2025\/04\/locacao-VOLNEWMER-1-400x146.jpg 400w, https:\/\/justlaser.com.br\/alugueldelasers\/wp-content\/uploads\/2025\/04\/locacao-VOLNEWMER-1-600x219.jpg 600w, https:\/\/justlaser.com.br\/alugueldelasers\/wp-content\/uploads\/2025\/04\/locacao-VOLNEWMER-1-768x280.jpg 768w, https:\/\/justlaser.com.br\/alugueldelasers\/wp-content\/uploads\/2025\/04\/locacao-VOLNEWMER-1-800x292.jpg 800w, https:\/\/justlaser.com.br\/alugueldelasers\/wp-content\/uploads\/2025\/04\/locacao-VOLNEWMER-1-1024x373.jpg 1024w, https:\/\/justlaser.com.br\/alugueldelasers\/wp-content\/uploads\/2025\/04\/locacao-VOLNEWMER-1-1200x438.jpg 1200w, https:\/\/justlaser.com.br\/alugueldelasers\/wp-content\/uploads\/2025\/04\/locacao-VOLNEWMER-1-1536x560.jpg 1536w, https:\/\/justlaser.com.br\/alugueldelasers\/wp-content\/uploads\/2025\/04\/locacao-VOLNEWMER-1.jpg 1920w\" sizes=\"(max-width: 1920px) 100vw, 1920px\" \/><\/p>\n<h2>Como funciona a loca\u00e7\u00e3o?<\/h2>\n<p>Caso a loca\u00e7\u00e3o seja viabilizada futuramente, o processo ser\u00e1 simples e seguro:<\/p>\n<ol start=\"1\" data-spread=\"false\">\n<li><strong>Cadastro e avalia\u00e7\u00e3o da cl\u00ednica<\/strong> \u2013 Verificamos se o local atende aos requisitos para o uso adequado do equipamento.<\/li>\n<li><strong>Treinamento especializado<\/strong> \u2013 Profissionais treinados auxiliam no manuseio do Volnewmer para garantir os melhores resultados.<\/li>\n<li><strong>Suporte t\u00e9cnico<\/strong> \u2013 Garantimos assist\u00eancia durante todo o per\u00edodo de uso do equipamento.<\/li>\n<\/ol>\n<h2>Por que investir na tecnologia e na loca\u00e7\u00e3o do Volnewmer?<\/h2>\n<p>O Volnewmer se destaca no mercado est\u00e9tico por proporcionar:<\/p>\n<ul data-spread=\"false\">\n<li><strong>Tratamento n\u00e3o invasivo<\/strong> e sem downtime;<\/li>\n<li><strong>Resultados vis\u00edveis<\/strong> j\u00e1 nas primeiras sess\u00f5es;<\/li>\n<li><strong>Seguran\u00e7a comprovada<\/strong>, sem riscos de queimaduras ou efeitos adversos.<\/li>\n<li>Est\u00e1 sendo amplamente divulgado pela Medsystems, que \u00e9 especialista em criar desejos de consumo na popula\u00e7\u00e3o, veja UF MPT!<\/li>\n<\/ul>\n<h2><\/h2>\n<p><strong><span style=\"font-size: 24px;\">Veja mais sobre loca\u00e7\u00e3o Volnewmer e outras RF\u00a0 :<\/span><\/strong><\/p>\n<h2><strong><span style=\"font-size: 20px;\">Vantagens do <a href=\"https:\/\/justlaser.com.br\/alugueldelasers\/aluguel-volnewner\/\">Aluguel de Volnewmer<\/a><br \/>\nVantagens da <a href=\"https:\/\/justlaser.com.br\/alugueldelasers\/locacao-volnewmer\/\">Loca\u00e7\u00e3o Volnewmer<\/a><\/span><\/strong><\/h2>\n<p><span style=\"font-size: 20px;\"><strong>J\u00e1 ouviu falar sobre <a href=\"https:\/\/justlaser.com.br\/alugueldelasers\/aplicacao-volformer\/\">Aluguel Volformer<\/a>?<\/strong><\/span><\/p>\n<p><strong><span style=\"font-size: 20px;\">Quer saber sobre <a href=\"https:\/\/justlaser.com.br\/alugueldelasers\/aluguel-oligio-x\/\">aluguel do OligioX<\/a> ?<\/span><\/strong><\/p>\n<p><strong><span style=\"font-size: 20px;\">Quer saber sobre<a href=\"https:\/\/justlaser.com.br\/alugueldelasers\/aluguel-coolfase\">\u00a0aluguel do Coolfase<\/a> <\/span><\/strong><\/p>\n<p><span style=\"font-size: 20px;\">Se voc\u00ea deseja saber mais sobre a <strong>loca\u00e7\u00e3o de Volnewmer<\/strong>, fale conosco. Mesmo que o aluguel direto ainda n\u00e3o esteja dispon\u00edvel, podemos encontrar uma solu\u00e7\u00e3o personalizada para que voc\u00ea traga essa tecnologia para sua cl\u00ednica.<\/span><\/p>\n<p>\ud83d\udce9 <strong>Fale conosco agora e descubra as melhores op\u00e7\u00f5es!<\/strong><\/p>\n<h2>Entre em contato agora para falar conosco no link do whatsApp logo aqui abaixo<\/h2>\n","protected":false},"excerpt":{"rendered":"<p>Loca\u00e7\u00e3o Volnewmer \u2013 Como Alugar Esse Equipamento Exclusivo Vamos falar sobre: loca\u00e7\u00e3o Volnewmer! Volnewmer [&hellip;]<\/p>\n","protected":false},"author":2,"featured_media":0,"parent":0,"menu_order":0,"comment_status":"closed","ping_status":"closed","template":"","meta":{"footnotes":""},"_links":{"self":[{"href":"https:\/\/justlaser.com.br\/alugueldelasers\/wp-json\/wp\/v2\/pages\/3981"}],"collection":[{"href":"https:\/\/justlaser.com.br\/alugueldelasers\/wp-json\/wp\/v2\/pages"}],"about":[{"href":"https:\/\/justlaser.com.br\/alugueldelasers\/wp-json\/wp\/v2\/types\/page"}],"author":[{"embeddable":true,"href":"https:\/\/justlaser.com.br\/alugueldelasers\/wp-json\/wp\/v2\/users\/2"}],"replies":[{"embeddable":true,"href":"https:\/\/justlaser.com.br\/alugueldelasers\/wp-json\/wp\/v2\/comments?post=3981"}],"version-history":[{"count":0,"href":"https:\/\/justlaser.com.br\/alugueldelasers\/wp-json\/wp\/v2\/pages\/3981\/revisions"}],"wp:attachment":[{"href":"https:\/\/justlaser.com.br\/alugueldelasers\/wp-json\/wp\/v2\/media?parent=3981"}],"curies":[{"name":"wp","href":"https:\/\/api.w.org\/{rel}","templated":true}]}}