{"id":3992,"date":"2025-04-02T09:00:27","date_gmt":"2025-04-02T12:00:27","guid":{"rendered":"https:\/\/justlaser.com.br\/alugueldelasers\/?page_id=3992"},"modified":"2025-04-02T10:34:34","modified_gmt":"2025-04-02T13:34:34","slug":"aluguel-laser-co2","status":"publish","type":"page","link":"https:\/\/justlaser.com.br\/alugueldelasers\/aluguel-laser-co2\/","title":{"rendered":"Aluguel Laser CO2"},"content":{"rendered":"<h1 data-pm-slice=\"1 1 []\"><img decoding=\"async\" class=\"aligncenter wp-image-3994 size-full\" title=\"aluguel laser co2\" src=\"https:\/\/justlaser.com.br\/alugueldelasers\/wp-content\/uploads\/2025\/04\/aluguel-laser-co2-.jpg\" alt=\"aluguel laser co2\" width=\"1193\" height=\"526\" srcset=\"https:\/\/justlaser.com.br\/alugueldelasers\/wp-content\/uploads\/2025\/04\/aluguel-laser-co2--200x88.jpg 200w, https:\/\/justlaser.com.br\/alugueldelasers\/wp-content\/uploads\/2025\/04\/aluguel-laser-co2--300x132.jpg 300w, https:\/\/justlaser.com.br\/alugueldelasers\/wp-content\/uploads\/2025\/04\/aluguel-laser-co2--400x176.jpg 400w, https:\/\/justlaser.com.br\/alugueldelasers\/wp-content\/uploads\/2025\/04\/aluguel-laser-co2--600x265.jpg 600w, https:\/\/justlaser.com.br\/alugueldelasers\/wp-content\/uploads\/2025\/04\/aluguel-laser-co2--768x339.jpg 768w, https:\/\/justlaser.com.br\/alugueldelasers\/wp-content\/uploads\/2025\/04\/aluguel-laser-co2--800x353.jpg 800w, https:\/\/justlaser.com.br\/alugueldelasers\/wp-content\/uploads\/2025\/04\/aluguel-laser-co2--1024x451.jpg 1024w, https:\/\/justlaser.com.br\/alugueldelasers\/wp-content\/uploads\/2025\/04\/aluguel-laser-co2-.jpg 1193w\" sizes=\"(max-width: 1193px) 100vw, 1193px\" \/><\/h1>\n<h1 data-pm-slice=\"1 1 []\">Aluguel de Laser de CO2:\u00a0 para Medicina,\u00a0 Est\u00e9tica e Cl\u00ednicas de Est\u00e9tica<\/h1>\n<p><span style=\"font-size: 16px;\">Vamos falar sobre o aluguel de laser de CO2 para a pr\u00e1tica m\u00e9dica de alto n\u00edvel!<\/span><\/p>\n<h2>Just Laser: Inovando no Mercado de Aluguel de Laser de CO2 com novas m\u00e1quinas para 2025 e 2026<\/h2>\n<p>Se sua cl\u00ednica busca tecnologia de ponta e resultados superiores?\u00a0 A Just Laser oferece o melhor servi\u00e7o de <strong>aluguel de laser de CO2<\/strong> para medicina est\u00e9tica e cl\u00ednicas de est\u00e9tica.<\/p>\n<p>Contamos com diversas m\u00e1quinas, cada uma com caracter\u00edsticas espec\u00edficas, garantindo a solu\u00e7\u00e3o ideal para cada tipo de procedimento.<\/p>\n<p>Criada por m\u00e9dicos investidores e parceiros, vislumbramos a mudan\u00e7a no formato do uso do Laser de CO2 para o dia a dia das cl\u00ednicas de est\u00e9tica.<\/p>\n<p><strong>O aluguel de laser CO2 voltou a pauta em 2025, principalmente com laser de Co2 mais:<\/strong><\/p>\n<ul>\n<li>r\u00e1pidos,<\/li>\n<li>potentes ,<\/li>\n<li>e de pulso ultra r\u00e1pido<\/li>\n<\/ul>\n<h3>Por que alugar um Laser de CO2 com a Just Laser?<\/h3>\n<p>Nosso diferencial est\u00e1 na inova\u00e7\u00e3o e na escolha de equipamentos que acompanham as mais recentes tend\u00eancias do mercado.<\/p>\n<p><strong>ATEN\u00c7\u00c2O<\/strong>: O\u00a0tradicional <a href=\"https:\/\/dekalaser.com\/\" target=\"_blank\" rel=\"noopener\"><strong>Deka Smartxide Laser<\/strong><\/a>, apesar de ser uma excelente m\u00e1quina, possui mais de 20 anos de mercado e um pulso longo.<br \/>\nCom o avan\u00e7o da tecnologia, essa tend\u00eancia mudou e estamos preparados para 2025 e 2026 com as <strong>novas gera\u00e7\u00f5es de lasers de CO2<\/strong>, que oferecem:<\/p>\n<ul data-spread=\"false\">\n<li><strong>Disparos ultrarr\u00e1pidos<\/strong> na ordem dos microsegundos<\/li>\n<li><strong>Pulso frio<\/strong>, proporcionando menor dano t\u00e9rmico e mais seguran\u00e7a<\/li>\n<li><strong>Maior precis\u00e3o e efic\u00e1cia<\/strong> nos tratamentos est\u00e9ticos<\/li>\n<\/ul>\n<h3>Tend\u00eancia: Peelings a Frio com Laser de CO2. Pense nesse tipo de aluguel de laser de Co2 para sua pr\u00e1tica!<\/h3>\n<p>A Just Laser est\u00e1 \u00e0 frente do mercado ao apostar na tend\u00eancia dos <strong>lasers de CO2 com pulsos frios<\/strong> e nos <strong>peelings a frio com laser<\/strong>. Essa abordagem inovadora melhora a recupera\u00e7\u00e3o do paciente, reduz o tempo de downtime e maximiza os resultados.<\/p>\n<p><strong>Exemplos de lasers Hibridos com 2 laser embutidos:<\/strong><\/p>\n<p><iframe src=\"\/\/www.youtube.com\/embed\/0Gxpuyx1ylM\" width=\"560\" height=\"314\" allowfullscreen=\"allowfullscreen\"><\/iframe><\/p>\n<h3>Just Laser: Lideran\u00e7a e Inova\u00e7\u00e3o<\/h3>\n<p>Nossa empresa \u00e9 <strong>refer\u00eancia no mercado de aluguel de laser de CO2<\/strong>, trazendo as mais avan\u00e7adas tecnologias para procedimentos dermatol\u00f3gicos e est\u00e9ticos. Com um portf\u00f3lio reestruturado para oferecer <strong>o que h\u00e1 de mais moderno<\/strong>, garantimos equipamentos com alta performance, seguran\u00e7a e efici\u00eancia.<\/p>\n<h2>Como Funciona o Aluguel de Laser de CO2?<\/h2>\n<ol start=\"1\" data-spread=\"false\">\n<li><span style=\"font-size: 16px;\"><strong>Escolha o equipamento ideal<\/strong>: Temos diversas op\u00e7\u00f5es de lasers de Co2, cada um com caracter\u00edsticas espec\u00edficas.<\/span><\/li>\n<li><span style=\"font-size: 16px;\"><strong>Flexibilidade no aluguel<\/strong>: Planos personalizados de acordo com a necessidade da sua cl\u00ednica.<\/span><\/li>\n<li><span style=\"font-size: 16px;\"><strong>Treinamento e suporte<\/strong>: Nossa equipe oferece treinamento e suporte t\u00e9cnico para garantir o melhor uso da tecnologia.<\/span><\/li>\n<li><span style=\"font-size: 16px;\"><strong>Atualiza\u00e7\u00e3o tecnol\u00f3gica<\/strong>: Trabalhamos sempre com os mais modernos equipamentos para manter sua cl\u00ednica \u00e0 frente da concorr\u00eancia.<\/span><\/li>\n<li><span style=\"font-size: 16px;\">Veja mais conte\u00fado nas p\u00e1ginas abaixo :<\/span><\/li>\n<\/ol>\n<ul data-spread=\"false\">\n<li><span style=\"font-size: 16px;\"><a href=\"https:\/\/justlaser.com.br\/alugueldelasers\/aluguel-laser-co2\">Aluguel de laser de co2\u00a0<\/a><\/span><\/li>\n<li><span style=\"font-size: 16px;\"><a href=\"https:\/\/justlaser.com.br\/alugueldelasers\/aluguel-locacao-de-lasers\/aluguel-locacao-de-laser-fracionado-co2-smartxide-dot-deka\/\">Aluguel ou loca\u00e7\u00e3o de laser fracionado de Co2<\/a><\/span><\/li>\n<li><span style=\"font-size: 16px;\">Mais sobre o <a href=\"https:\/\/justlaser.com.br\/alugueldelasers\/aluguel-locacao-laser-co2-accupulse-lumenis\">Aluguel de laser de Co2<\/a> da Lumenis<\/span><\/li>\n<li><span style=\"font-size: 16px;\"><a href=\"https:\/\/justlaser.com.br\/alugueldelasers\/locacao-laser-co2\/\">Loca\u00e7\u00e3o de laser de Co2<\/a><\/span><\/li>\n<\/ul>\n<h2><a href=\"https:\/\/justlaser.com.br\/alugueldelasers\/aluguel-laser-co2\">Aluguel de laser de Co2<\/a> ou Aluguel de lase de Erbium ?<\/h2>\n<p>Pois \u00e9, essa \u00e9 uma quest\u00e3o t\u00e9cnica e importante: o laser CO2 penetra mais fundo e pode ser mais ablativo do que o laser de erbium. Mas o laser de erben pode doer menos e oferecer uma recupera\u00e7\u00e3o mais r\u00e1pida.<\/p>\n<p>Os dois podem ser utilizados em conjunto ou isoladamente, E cabe a voc\u00ea entender o que \u00e9 melhor para sua pr\u00e1tica. N\u00f3s temos diversos cursos que podem te ajudar a conhecer mais sobre as diferen\u00e7as e as indica\u00e7\u00f5es de cada um. No entanto o laser de erbium pode ser alugado junto com a plataforma Etherea, que disp\u00f5e de v\u00e1rias outras ponteiras que facilitam seu trabalho no dia a dia.<\/p>\n<p>J\u00e1 o <strong>aluguel do Laser CO2<\/strong> pode ser utilizado tamb\u00e9m para cirurgias, blefaroplastias sem corte, remo\u00e7\u00e3o de nevos, siringomas e verrugas&#8230; Al\u00e9m dos rejuvenescimentos faciais e genitais<\/p>\n<h3>Entre em Contato<\/h3>\n<p>Quer saber mais sobre <strong>aluguel de laser de CO2<\/strong> e levar inova\u00e7\u00e3o para sua cl\u00ednica? Entre em contato conosco e descubra como a Just Laser pode transformar seus procedimentos est\u00e9ticos!<\/p>\n","protected":false},"excerpt":{"rendered":"<p>Aluguel de Laser de CO2:\u00a0 para Medicina,\u00a0 Est\u00e9tica e Cl\u00ednicas de Est\u00e9tica Vamos falar [&hellip;]<\/p>\n","protected":false},"author":2,"featured_media":0,"parent":0,"menu_order":0,"comment_status":"closed","ping_status":"closed","template":"","meta":{"footnotes":""},"_links":{"self":[{"href":"https:\/\/justlaser.com.br\/alugueldelasers\/wp-json\/wp\/v2\/pages\/3992"}],"collection":[{"href":"https:\/\/justlaser.com.br\/alugueldelasers\/wp-json\/wp\/v2\/pages"}],"about":[{"href":"https:\/\/justlaser.com.br\/alugueldelasers\/wp-json\/wp\/v2\/types\/page"}],"author":[{"embeddable":true,"href":"https:\/\/justlaser.com.br\/alugueldelasers\/wp-json\/wp\/v2\/users\/2"}],"replies":[{"embeddable":true,"href":"https:\/\/justlaser.com.br\/alugueldelasers\/wp-json\/wp\/v2\/comments?post=3992"}],"version-history":[{"count":0,"href":"https:\/\/justlaser.com.br\/alugueldelasers\/wp-json\/wp\/v2\/pages\/3992\/revisions"}],"wp:attachment":[{"href":"https:\/\/justlaser.com.br\/alugueldelasers\/wp-json\/wp\/v2\/media?parent=3992"}],"curies":[{"name":"wp","href":"https:\/\/api.w.org\/{rel}","templated":true}]}}