{"id":4002,"date":"2025-04-05T11:38:13","date_gmt":"2025-04-05T14:38:13","guid":{"rendered":"https:\/\/justlaser.com.br\/alugueldelasers\/?page_id=4002"},"modified":"2025-04-05T13:55:21","modified_gmt":"2025-04-05T16:55:21","slug":"aluguel-coolfase","status":"publish","type":"page","link":"https:\/\/justlaser.com.br\/alugueldelasers\/aluguel-coolfase\/","title":{"rendered":"Aluguel COOLFASE"},"content":{"rendered":"<p><img decoding=\"async\" class=\"aligncenter wp-image-4003 size-full\" title=\"Aluguel COOLFASE\" src=\"https:\/\/justlaser.com.br\/alugueldelasers\/wp-content\/uploads\/2025\/04\/locacao-coolface.jpg\" alt=\"Aluguel COOLFASE\" width=\"1581\" height=\"647\" srcset=\"https:\/\/justlaser.com.br\/alugueldelasers\/wp-content\/uploads\/2025\/04\/locacao-coolface-200x82.jpg 200w, https:\/\/justlaser.com.br\/alugueldelasers\/wp-content\/uploads\/2025\/04\/locacao-coolface-300x123.jpg 300w, https:\/\/justlaser.com.br\/alugueldelasers\/wp-content\/uploads\/2025\/04\/locacao-coolface-400x164.jpg 400w, https:\/\/justlaser.com.br\/alugueldelasers\/wp-content\/uploads\/2025\/04\/locacao-coolface-600x246.jpg 600w, https:\/\/justlaser.com.br\/alugueldelasers\/wp-content\/uploads\/2025\/04\/locacao-coolface-768x314.jpg 768w, https:\/\/justlaser.com.br\/alugueldelasers\/wp-content\/uploads\/2025\/04\/locacao-coolface-800x327.jpg 800w, https:\/\/justlaser.com.br\/alugueldelasers\/wp-content\/uploads\/2025\/04\/locacao-coolface-1024x419.jpg 1024w, https:\/\/justlaser.com.br\/alugueldelasers\/wp-content\/uploads\/2025\/04\/locacao-coolface-1200x491.jpg 1200w, https:\/\/justlaser.com.br\/alugueldelasers\/wp-content\/uploads\/2025\/04\/locacao-coolface-1536x629.jpg 1536w, https:\/\/justlaser.com.br\/alugueldelasers\/wp-content\/uploads\/2025\/04\/locacao-coolface.jpg 1581w\" sizes=\"(max-width: 1581px) 100vw, 1581px\" \/><\/p>\n<h1 data-pm-slice=\"1 1 []\">Aluguel Coolfase em S\u00e3o Paulo: O Que Voc\u00ea Precisa Saber<\/h1>\n<p>Se voc\u00ea est\u00e1 procurando por <strong>aluguel Coolfase em S\u00e3o Paulo<\/strong>, \u00e9 importante entender todos os aspectos relacionados a essa tecnologia de radiofrequ\u00eancia monopolar, muito procurada por cl\u00ednicas de est\u00e9tica m\u00e9dica de alto padr\u00e3o. O <a href=\"https:\/\/materiais.entera.med.br\/conheca-o-coolfase\" target=\"_blank\" rel=\"noopener\">Coolfase<\/a> ganhou destaque como uma solu\u00e7\u00e3o avan\u00e7ada para tratamentos de flacidez, melhora da textura da pele e estimula\u00e7\u00e3o de col\u00e1geno.<\/p>\n<p><strong>OBS: Ainda n\u00e3o temos essa tecnologia dispon\u00edvel para loca\u00e7\u00e3o<\/strong><\/p>\n<h2>O que \u00e9\u00a0 e como funciona o Aluguel do Coolfase?<\/h2>\n<p>O Coolfase \u00e9 um equipamento de <strong>radiofrequ\u00eancia monopolar<\/strong> de \u00faltima gera\u00e7\u00e3o, utilizado para tratamentos est\u00e9ticos n\u00e3o invasivos. Ele atua promovendo o aquecimento controlado das camadas profundas da pele, favorecendo a produ\u00e7\u00e3o de col\u00e1geno e a remodela\u00e7\u00e3o tecidual. Seu design sofisticado e tecnologia precisa o tornam uma op\u00e7\u00e3o bastante desejada por profissionais da \u00e1rea.<\/p>\n<h2>Aluguel Coolfase \u00e9 permitido no Brasil?<\/h2>\n<p>Atualmente, <strong>o<a href=\"https:\/\/justlaser.com.br\/alugueldelasers\/aluguel-coolfase\"> aluguel do Coolfase<\/a> no Brasil n\u00e3o \u00e9 autorizado pelo seu importador oficial<\/strong>. Essa restri\u00e7\u00e3o limita bastante a possibilidade de uso do equipamento por cl\u00ednicas que buscam testar a tecnologia antes de investir na compra.<\/p>\n<h2>Alternativa superior ao aluguel do Coolfase: Volnewmer ? OligioX?\u00a0 Thermage novo?<\/h2>\n<p>Pensando nisso, a <strong>Just Laser<\/strong>, empresa especializada em aluguel de equipamentos premium para dermatologia e est\u00e9tica m\u00e9dica, <strong>optou por oferecer o Volnewmer<\/strong> como sugest\u00e3o alternativa ao Coolfase. Apesar de ambos serem aparelhos de radiofrequ\u00eancia monopolar, o Volnewmer se destaca por sua <strong>tecnologia mais moderna, ponteiras ergon\u00f4micas e seguras<\/strong>, e uma efici\u00eancia superior na remodela\u00e7\u00e3o profunda da pele. Al\u00e9m disso \u00e9 o \u00fanico que conta com quatro tipos de tips diferentes: pequenos para fazer \u00e1reas do l\u00e1bio superior e olhos, e grandes para fazer corporal ou pele mais madura. Al\u00e9m disso tem uma caracter\u00edstica de resfriar a \u00e1gua que n\u00e3o vai a temperatura t\u00e3o frias como os outros no entanto tem uma efici\u00eancia melhor na entrega de calor.<\/p>\n<p>Aparentemente alguns relatos de queimadura com as outras tecnologias fizeram alguns m\u00e9dicos dando prefer\u00eancia por enquanto aos mais seguros, como o Volnewmer.<\/p>\n<p>Vamos aguardar a evolu\u00e7\u00e3o dessas tecnologias nos pr\u00f3ximos anos!<\/p>\n<h2>Diferen\u00e7as entre Coolfase e Volnewmer<\/h2>\n<p>Enquanto o Coolfase possui um sistema eficaz de aquecimento, o Volnewmer conta com <strong>frequ\u00eancia de 6,78 MHz<\/strong>, <strong>ponteiras arredondadas<\/strong>, e <strong>quatro tips intercambi\u00e1veis<\/strong>, que otimizam a distribui\u00e7\u00e3o de energia sem causar desconforto ou risco de queimaduras. Isso o torna uma op\u00e7\u00e3o mais segura e mais bem avaliada em estudos recentes.<\/p>\n<p>No entanto, uma pequena diferen\u00e7a de pre\u00e7o do custo de disparo entre as tecnologias.<\/p>\n<h2>Just Laser: Excel\u00eancia em tecnologia para sua cl\u00ednica e aluguel de radiofrequ\u00eancias\u00a0 monopolares<\/h2>\n<p>Se voc\u00ea busca <strong>aluguel de Coolfase<\/strong> mas encontrou barreiras burocr\u00e1ticas, saiba que a Just Laser pode te ajudar. Trabalhamos com equipamentos de ponta e, <strong>no momento, d\u00eamos prefer\u00eancia \u00e0 loca\u00e7\u00e3o do Volnewmer<\/strong>, que tem se mostrado mais completo, vers\u00e1til e eficiente para diversas indica\u00e7\u00f5es est\u00e9ticas.<\/p>\n<h2>Indica\u00e7\u00f5es do Volnewmer , OligioX e Coolfaase<\/h2>\n<p>O Volnewmer e Coolfase podem ser aplicados no rosto, pesco\u00e7o, papada, olhos, gl\u00fateos, coxas, abd\u00f4men e muito mais. O tratamento \u00e9 <strong>indolor, sem downtime<\/strong> e indicado para todos os fototipos.<\/p>\n<h3>Resultados vis\u00edveis e duradouros<\/h3>\n<p>Com apenas algumas sess\u00f5es, os pacientes percebem <strong>melhora na elasticidade, firmeza e textura da pele<\/strong>, com efeitos que podem durar de 6 a 12 meses. \u00c9 um procedimento altamente valorizado por quem busca resultados naturais e sem cirurgia.<\/p>\n<h2>Vantagens da Loca\u00e7\u00e3o do Coolfase e outras RF\u00a0 &#8211; quando for dispon\u00edvel (ainda n\u00e3o \u00e9 permitida no Brasil)<\/h2>\n<ul data-spread=\"false\">\n<li>Equipamentos testados e com manuten\u00e7\u00e3o constante, seja no aluguel\u00a0 Coolfase, MPT, microagulhamento rob\u00f3tico, Etherea , Sopranos&#8230;<\/li>\n<li>Treinamento para sua equipe incluso<\/li>\n<li>Assist\u00eancia r\u00e1pida em S\u00e3o Paulo<\/li>\n<li>Possibilidade de testes pr\u00e1ticos antes da compra definitiva<\/li>\n<\/ul>\n<h2>Como contratar o aluguel do Coolfase?<\/h2>\n<p>Embora o <strong>aluguel do Coolfase<\/strong> n\u00e3o seja permitido no Brasil, voc\u00ea pode contar com a Just Laser para encontrar solu\u00e7\u00f5es semelhantes (e superiores).<\/p>\n<p>Entre em contato conosco para agendar o tratamento para\u00a0 sua cl\u00ednica.<\/p>\n<p>Aten\u00e7\u00e3o:<\/p>\n<blockquote><p><span style=\"font-size: 20px;\">Temos como op\u00e7\u00e3o agendar a <a href=\"https:\/\/clinicawulkan.com.br\/aplicacao-de-volnewmer-em-sao-paulo\" target=\"_blank\" rel=\"noopener\">aplica\u00e7\u00e3o com Volnewmer<\/a> , no seu rosto!!!Para voc\u00ea conhecer e se encantar, com o custo mais vi\u00e1vel!<\/span><\/p><\/blockquote>\n<h2>Entre em contato com a Just Laser<\/h2>\n<p>Se voc\u00ea deseja saber mais sobre <strong>aluguel de Coolfase em S\u00e3o Paulo<\/strong> ou entender por que o Volnewmer pode ser a melhor escolha para sua cl\u00ednica, por enquanto ,fale agora com a Just Laser. Temos uma equipe pronta para tirar todas as suas d\u00favidas e te ajudar a levar tecnologia de ponta para seus pacientes.<\/p>\n<h2><strong>Aluguel Coolfase? A Just Laser tem a solu\u00e7\u00e3o ideal para voc\u00ea!<\/strong><\/h2>\n<p><strong><span style=\"font-size: 24px;\">Veja mais sobre loca\u00e7\u00e3o Volnewmer e outras RF\u00a0 :<\/span><\/strong><\/p>\n<h2><strong><span style=\"font-size: 20px;\">Vantagens do <a href=\"https:\/\/justlaser.com.br\/alugueldelasers\/aluguel-volnewner\/\">Aluguel de Volnewmer<\/a><br \/>\nVantagens da <a href=\"https:\/\/justlaser.com.br\/alugueldelasers\/locacao-volnewmer\/\">Loca\u00e7\u00e3o Volnewmer<\/a><\/span><\/strong><\/h2>\n<p><span style=\"font-size: 20px;\"><strong>J\u00e1 ouviu falar sobre <a href=\"https:\/\/justlaser.com.br\/alugueldelasers\/aplicacao-volformer\/\">\u00a0Volformer<\/a>?<\/strong><\/span><\/p>\n<p><strong><span style=\"font-size: 20px;\">Quer saber sobre <a href=\"https:\/\/justlaser.com.br\/alugueldelasers\/aluguel-oligio-x\/\">aluguel do OligioX<\/a> ?<\/span><\/strong><\/p>\n<p><strong><span style=\"font-size: 20px;\">Quer saber sobre<a href=\"https:\/\/justlaser.com.br\/alugueldelasers\/aluguel-coolfase\">\u00a0aluguel do Coolfase<\/a> <\/span><\/strong><\/p>\n<p><span style=\"font-size: 20px;\">Se voc\u00ea deseja saber mais sobre a <strong>loca\u00e7\u00e3o de Volnewmer<\/strong>, fale conosco. Mesmo que o aluguel direto ainda n\u00e3o esteja dispon\u00edvel, podemos encontrar uma solu\u00e7\u00e3o personalizada para que voc\u00ea traga essa tecnologia para sua cl\u00ednica.<\/span><\/p>\n<p>\ud83d\udce9 <strong>Fale conosco agora e descubra as melhores op\u00e7\u00f5es!<\/strong><\/p>\n<h2>Entre em contato agora para falar conosco no link do whatsApp logo aqui abaixo<\/h2>\n","protected":false},"excerpt":{"rendered":"<p>Aluguel Coolfase em S\u00e3o Paulo: O Que Voc\u00ea Precisa Saber Se voc\u00ea est\u00e1 procurando [&hellip;]<\/p>\n","protected":false},"author":2,"featured_media":0,"parent":0,"menu_order":0,"comment_status":"closed","ping_status":"closed","template":"","meta":{"footnotes":""},"_links":{"self":[{"href":"https:\/\/justlaser.com.br\/alugueldelasers\/wp-json\/wp\/v2\/pages\/4002"}],"collection":[{"href":"https:\/\/justlaser.com.br\/alugueldelasers\/wp-json\/wp\/v2\/pages"}],"about":[{"href":"https:\/\/justlaser.com.br\/alugueldelasers\/wp-json\/wp\/v2\/types\/page"}],"author":[{"embeddable":true,"href":"https:\/\/justlaser.com.br\/alugueldelasers\/wp-json\/wp\/v2\/users\/2"}],"replies":[{"embeddable":true,"href":"https:\/\/justlaser.com.br\/alugueldelasers\/wp-json\/wp\/v2\/comments?post=4002"}],"version-history":[{"count":0,"href":"https:\/\/justlaser.com.br\/alugueldelasers\/wp-json\/wp\/v2\/pages\/4002\/revisions"}],"wp:attachment":[{"href":"https:\/\/justlaser.com.br\/alugueldelasers\/wp-json\/wp\/v2\/media?parent=4002"}],"curies":[{"name":"wp","href":"https:\/\/api.w.org\/{rel}","templated":true}]}}