{"id":4005,"date":"2025-04-05T11:59:47","date_gmt":"2025-04-05T14:59:47","guid":{"rendered":"https:\/\/justlaser.com.br\/alugueldelasers\/?page_id=4005"},"modified":"2025-04-05T13:35:53","modified_gmt":"2025-04-05T16:35:53","slug":"aluguel-oligio-x","status":"publish","type":"page","link":"https:\/\/justlaser.com.br\/alugueldelasers\/aluguel-oligio-x\/","title":{"rendered":"Aluguel Oligio  X"},"content":{"rendered":"<p><img decoding=\"async\" class=\"aligncenter wp-image-4006 size-full\" title=\"Aluguel Oligio X\" src=\"https:\/\/justlaser.com.br\/alugueldelasers\/wp-content\/uploads\/2025\/04\/aluguel-olgio-x.jpg\" alt=\"Aluguel Oligio X\" width=\"1800\" height=\"390\" srcset=\"https:\/\/justlaser.com.br\/alugueldelasers\/wp-content\/uploads\/2025\/04\/aluguel-olgio-x-200x43.jpg 200w, https:\/\/justlaser.com.br\/alugueldelasers\/wp-content\/uploads\/2025\/04\/aluguel-olgio-x-300x65.jpg 300w, https:\/\/justlaser.com.br\/alugueldelasers\/wp-content\/uploads\/2025\/04\/aluguel-olgio-x-400x87.jpg 400w, https:\/\/justlaser.com.br\/alugueldelasers\/wp-content\/uploads\/2025\/04\/aluguel-olgio-x-600x130.jpg 600w, https:\/\/justlaser.com.br\/alugueldelasers\/wp-content\/uploads\/2025\/04\/aluguel-olgio-x-768x166.jpg 768w, https:\/\/justlaser.com.br\/alugueldelasers\/wp-content\/uploads\/2025\/04\/aluguel-olgio-x-800x173.jpg 800w, https:\/\/justlaser.com.br\/alugueldelasers\/wp-content\/uploads\/2025\/04\/aluguel-olgio-x-1024x222.jpg 1024w, https:\/\/justlaser.com.br\/alugueldelasers\/wp-content\/uploads\/2025\/04\/aluguel-olgio-x-1200x260.jpg 1200w, https:\/\/justlaser.com.br\/alugueldelasers\/wp-content\/uploads\/2025\/04\/aluguel-olgio-x-1536x333.jpg 1536w, https:\/\/justlaser.com.br\/alugueldelasers\/wp-content\/uploads\/2025\/04\/aluguel-olgio-x.jpg 1800w\" sizes=\"(max-width: 1800px) 100vw, 1800px\" \/><\/p>\n<p>&nbsp;<\/p>\n<h1 class=\"\" data-start=\"278\" data-end=\"368\">Aluguel Oligio X em S\u00e3o Paulo:<\/h1>\n<p data-start=\"278\" data-end=\"368\"><span style=\"font-size: 16px;\">Quer saber sobre aluguel do<a href=\"https:\/\/www.skintec.com.br\/oligiox\" target=\"_blank\" rel=\"noopener\"> OligioX<\/a> ?Vale a Pena? Descubra Tudo Sobre Essa Tecnologia de Ponta<\/span><\/p>\n<p data-start=\"278\" data-end=\"368\"><em><strong>OBS: Ainda n\u00e3o temos essa tecnologia dispon\u00edvel para loca\u00e7\u00e3o<\/strong><\/em><\/p>\n<h2 data-start=\"278\" data-end=\"368\">Sobre o Aluguel do Oligio X hoje<\/h2>\n<p class=\"\" data-start=\"370\" data-end=\"842\">Se voc\u00ea est\u00e1 em busca de <strong data-start=\"395\" data-end=\"431\"><a href=\"https:\/\/justlaser.com.br\/alugueldelasers\/aluguel-oligio-x\/\">aluguel de Oligio X<\/a> em S\u00e3o Paulo<\/strong>, ou pesquisando alternativas ao Volnewmer e Coolfase, \u00e9 fundamental conhecer as tecnologias de radiofrequ\u00eancia monopolar mais avan\u00e7adas dispon\u00edveis no mercado.<\/p>\n<p class=\"\" data-start=\"370\" data-end=\"842\">O <strong data-start=\"582\" data-end=\"594\">Oligio X<\/strong>, tamb\u00e9mqueridinho dos dermatologistas na Coreia do Sul \u2014 refer\u00eancia mundial em inova\u00e7\u00e3o est\u00e9tica \u2014, vem ganhando espa\u00e7o entre as cl\u00ednicas brasileiras que priorizam seguran\u00e7a, resultados reais e tecnologias aprovadas pelos principais \u00f3rg\u00e3os regulat\u00f3rios. J\u00e1 est\u00e1 em sua terceira edi\u00e7\u00e3o, assim que j\u00e1 \u00e9 uma tecnologia madura e comprovada!<\/p>\n<h2 class=\"\" data-start=\"844\" data-end=\"866\">O que \u00e9 o Oligio X?<\/h2>\n<p class=\"\" data-start=\"868\" data-end=\"1293\">O <strong data-start=\"870\" data-end=\"882\">Oligio X<\/strong> \u00e9 uma plataforma de radiofrequ\u00eancia monopolar de \u00faltima gera\u00e7\u00e3o, n\u00e3o invasiva, desenvolvida para <strong data-start=\"980\" data-end=\"1013\">estimular col\u00e1geno e elastina<\/strong>, proporcionando <strong data-start=\"1030\" data-end=\"1071\">efeito lifting imediato e progressivo<\/strong>. Utiliza um sistema inteligente de aquecimento profundo, com controle preciso de temperatura e um <strong data-start=\"1170\" data-end=\"1205\">mecanismo de resfriamento a g\u00e1s<\/strong>, que protege a epiderme e garante <strong data-start=\"1240\" data-end=\"1292\">mais conforto e seguran\u00e7a durante o procedimento<\/strong>.<\/p>\n<p data-start=\"868\" data-end=\"1293\">Diferente dos seus concorrentes ele utiliza uma forma de resfriamento mais intensa.<\/p>\n<p data-start=\"868\" data-end=\"1293\">Isso confere prote\u00e7\u00e3o para a epiderme e Derme superficial, o \u00fanico por\u00e9m \u00e9 que a literatura ainda n\u00e3o confirmou se mais resfriamento significa melhor efetividade cl\u00ednica.<\/p>\n<p data-start=\"868\" data-end=\"1293\">\u00a0De tal maneira que por enquanto ainda julgamos mais eficiente e mais seguro o uso do aparelho Volnewmer:\u00a0 at\u00e9 que mais trabalhos cient\u00edficos mostrem equival\u00eancia entre eles ou superioridade de um frente ao outro!<\/p>\n<p class=\"\" data-start=\"1295\" data-end=\"1434\">A tecnologia \u00e9 indicada para flacidez facial e corporal, melhora de rugas finas, revitaliza\u00e7\u00e3o cut\u00e2nea e melhora global da textura da pele.<\/p>\n<h2 class=\"\" data-start=\"1436\" data-end=\"1482\">Aluguel do Oligio X no Brasil: \u00c9 permitido?<\/h2>\n<p class=\"\" data-start=\"1484\" data-end=\"1863\">Diferente do <strong data-start=\"1497\" data-end=\"1509\">Coolfase<\/strong>, cujo aluguel ainda <strong data-start=\"1530\" data-end=\"1589\">n\u00e3o \u00e9 permitido pelo seu distribuidor oficial no Brasil<\/strong>, o Oligio X pode ser encontrado em cl\u00ednicas parceiras que oferecem a aplica\u00e7\u00e3o com esse equipamento sob demanda \u2014 inclusive com possibilidade de <strong data-start=\"1735\" data-end=\"1769\">testes pr\u00e1ticos na sua cl\u00ednica<\/strong>, atrav\u00e9s de empresas especializadas em loca\u00e7\u00e3o de equipamentos premium.<\/p>\n<p class=\"\" data-start=\"1484\" data-end=\"1863\">\u00a0No entanto a JUST LASER\u00a0 julga mais seguro e eficiente no momento, com mais respaldo cient\u00edfico e literatura efetivamente publicada, o Volnewmer!<\/p>\n<h2 class=\"\" data-start=\"1865\" data-end=\"1898\">Por que considerar compra ou loca\u00e7\u00e3o do Oligio X?<\/h2>\n<p class=\"\" data-start=\"1900\" data-end=\"2297\">Al\u00e9m de sua origem coreana e aprova\u00e7\u00e3o por <strong data-start=\"1943\" data-end=\"1959\">ANVISA e FDA<\/strong>, o Oligio X se destaca por entregar <strong data-start=\"1996\" data-end=\"2038\">resultados vis\u00edveis logo ap\u00f3s a sess\u00e3o<\/strong>, com uma experi\u00eancia confort\u00e1vel e <strong data-start=\"2074\" data-end=\"2090\">sem downtime<\/strong>. A aplica\u00e7\u00e3o \u00e9 r\u00e1pida, segura e eficiente em todos os fototipos de pele \u2014 o que o torna uma excelente op\u00e7\u00e3o para cl\u00ednicas que desejam oferecer o que h\u00e1 de mais moderno em rejuvenescimento facial e corporal.<\/p>\n<h3 class=\"\" data-start=\"2299\" data-end=\"2325\">Benef\u00edcios do Oligio X<\/h3>\n<ul data-start=\"2327\" data-end=\"2582\">\n<li class=\"\" data-start=\"2327\" data-end=\"2359\">\n<p class=\"\" data-start=\"2329\" data-end=\"2359\">Estimula col\u00e1geno e elastina<\/p>\n<\/li>\n<li class=\"\" data-start=\"2360\" data-end=\"2410\">\n<p class=\"\" data-start=\"2362\" data-end=\"2410\">Reduz flacidez, rugas e melhora a elasticidade<\/p>\n<\/li>\n<li class=\"\" data-start=\"2411\" data-end=\"2451\">\n<p class=\"\" data-start=\"2413\" data-end=\"2451\">Efeito lifting vis\u00edvel e progressivo<\/p>\n<\/li>\n<li class=\"\" data-start=\"2452\" data-end=\"2502\">\n<p class=\"\" data-start=\"2454\" data-end=\"2502\">Procedimento indolor, sem tempo de recupera\u00e7\u00e3o<\/p>\n<\/li>\n<li class=\"\" data-start=\"2503\" data-end=\"2552\">\n<p class=\"\" data-start=\"2505\" data-end=\"2552\">Seguro e indicado para todos os tipos de pele<\/p>\n<\/li>\n<li class=\"\" data-start=\"2553\" data-end=\"2582\">\n<p class=\"\" data-start=\"2555\" data-end=\"2582\">Aprovado por ANVISA e FDA<\/p>\n<\/li>\n<\/ul>\n<h2 class=\"\" data-start=\"2584\" data-end=\"2628\">Oligio X x Coolfase X Volnewmer: Quais as diferen\u00e7as?<\/h2>\n<p class=\"\" data-start=\"2630\" data-end=\"2890\">Embora ambos sejam aparelhos de <strong data-start=\"2662\" data-end=\"2691\">radiofrequ\u00eancia monopolar<\/strong>, o <strong data-start=\"2695\" data-end=\"2753\">Coolfase utiliza um sistema tradicional de aquecimento<\/strong> com design sofisticado, mas possui limita\u00e7\u00f5es relacionadas \u00e0 seguran\u00e7a do tecido superficial e <strong data-start=\"2849\" data-end=\"2889\">ainda n\u00e3o pode ser alugado no Brasil<\/strong>.<\/p>\n<p class=\"\" data-start=\"2892\" data-end=\"2934\">O <strong data-start=\"2894\" data-end=\"2906\">Oligio X<\/strong>, por outro lado, conta com:<\/p>\n<ul data-start=\"2936\" data-end=\"3248\">\n<li class=\"\" data-start=\"2936\" data-end=\"3026\">\n<p class=\"\" data-start=\"2938\" data-end=\"3026\"><strong data-start=\"2938\" data-end=\"2983\">Sistema de resfriamento inteligente a g\u00e1s<\/strong>, que aumenta a seguran\u00e7a do procedimento<\/p>\n<\/li>\n<li class=\"\" data-start=\"3027\" data-end=\"3082\">\n<p class=\"\" data-start=\"3029\" data-end=\"3082\">Frequ\u00eancia e profundidade de energia mais homog\u00eanea<\/p>\n<\/li>\n<li class=\"\" data-start=\"3083\" data-end=\"3166\">\n<p class=\"\" data-start=\"3085\" data-end=\"3166\"><strong data-start=\"3085\" data-end=\"3119\">Feedback t\u00e9rmico em tempo real<\/strong>, garantindo efic\u00e1cia sem risco de queimadura<\/p>\n<\/li>\n<li class=\"\" data-start=\"3167\" data-end=\"3248\">\n<p class=\"\" data-start=\"3169\" data-end=\"3248\">Reputa\u00e7\u00e3o de seguran\u00e7a mais elevada e <strong data-start=\"3207\" data-end=\"3246\">menores relatos de efeitos adversos<\/strong><\/p>\n<\/li>\n<\/ul>\n<p class=\"\" data-start=\"3250\" data-end=\"3407\">No entanto acreditamos que os resultados devem ser levemente semelhantes entre as radiofrequ\u00eancias monopolares, at\u00e9 que um ou dois anos de pr\u00e1tica permitam nos entender se alguma se destaca \u00e0 frente a outra!<\/p>\n<h2 class=\"\" data-start=\"3409\" data-end=\"3461\">A evolu\u00e7\u00e3o da radiofrequ\u00eancia monopolar no Brasil<\/h2>\n<p class=\"\" data-start=\"3463\" data-end=\"3771\">Enquanto aguardamos a libera\u00e7\u00e3o para loca\u00e7\u00e3o de tecnologias como o <strong data-start=\"3530\" data-end=\"3542\">Coolfase<\/strong>, empresas como a <strong data-start=\"3560\" data-end=\"3574\">Just Laser<\/strong> j\u00e1 oferecem o que h\u00e1 de mais moderno com condi\u00e7\u00f5es acess\u00edveis para cl\u00ednicas que desejam <strong data-start=\"3697\" data-end=\"3725\">testar antes de investir<\/strong>, com suporte t\u00e9cnico e treinamento inclu\u00eddos.<\/p>\n<h2 class=\"\" data-start=\"3773\" data-end=\"3828\">Aluguel do Oligio X com a Just Laser: Como funciona?<\/h2>\n<p class=\"\" data-start=\"3830\" data-end=\"4001\">A Just Laser \u00e9 refer\u00eancia na loca\u00e7\u00e3o de tecnologias de ponta para dermatologia e est\u00e9tica m\u00e9dica.<\/p>\n<p class=\"\" data-start=\"3830\" data-end=\"4001\">No entanto, optamos por ainda n\u00e3o usar o Oligio X nesse momento!<\/p>\n<p class=\"\" data-start=\"3830\" data-end=\"4001\">Com sede em S\u00e3o Paulo e expans\u00e3o para outras capitais, a empresa oferece:<\/p>\n<ul data-start=\"4003\" data-end=\"4261\">\n<li class=\"\" data-start=\"4003\" data-end=\"4066\">\n<p class=\"\" data-start=\"4005\" data-end=\"4066\">Equipamentos com manuten\u00e7\u00e3o regular e controle de qualidade<\/p>\n<\/li>\n<li class=\"\" data-start=\"4067\" data-end=\"4104\">\n<p class=\"\" data-start=\"4069\" data-end=\"4104\">Treinamento especializado incluso<\/p>\n<\/li>\n<li class=\"\" data-start=\"4105\" data-end=\"4159\">\n<p class=\"\" data-start=\"4107\" data-end=\"4159\">Agendamento de demonstra\u00e7\u00e3o pr\u00e1tica em sua cl\u00ednica<\/p>\n<\/li>\n<li class=\"\" data-start=\"4160\" data-end=\"4196\">\n<p class=\"\" data-start=\"4162\" data-end=\"4196\">Assist\u00eancia t\u00e9cnica local r\u00e1pida<\/p>\n<\/li>\n<li class=\"\" data-start=\"4197\" data-end=\"4261\">\n<p class=\"\" data-start=\"4199\" data-end=\"4261\">Equipe capacitada para tirar d\u00favidas e orientar na aplica\u00e7\u00e3o<\/p>\n<\/li>\n<\/ul>\n<h2 class=\"\" data-start=\"4263\" data-end=\"4288\">Indica\u00e7\u00f5es do Oligio X<\/h2>\n<ul data-start=\"4290\" data-end=\"4493\">\n<li class=\"\" data-start=\"4290\" data-end=\"4335\">\n<p class=\"\" data-start=\"4292\" data-end=\"4335\">Rosto (l\u00e1bios, contorno facial, t\u00eamporas)<\/p>\n<\/li>\n<li class=\"\" data-start=\"4336\" data-end=\"4356\">\n<p class=\"\" data-start=\"4338\" data-end=\"4356\">Regi\u00e3o dos olhos<\/p>\n<\/li>\n<li class=\"\" data-start=\"4357\" data-end=\"4375\">\n<p class=\"\" data-start=\"4359\" data-end=\"4375\">Pesco\u00e7o e colo<\/p>\n<\/li>\n<li class=\"\" data-start=\"4376\" data-end=\"4412\">\n<p class=\"\" data-start=\"4378\" data-end=\"4412\">Abd\u00f4men, gl\u00fateos, coxas e bra\u00e7os<\/p>\n<\/li>\n<li class=\"\" data-start=\"4413\" data-end=\"4458\">\n<p class=\"\" data-start=\"4415\" data-end=\"4458\">Pele p\u00f3s-parto e flacidez leve a moderada<\/p>\n<\/li>\n<li class=\"\" data-start=\"4459\" data-end=\"4493\">\n<p class=\"\" data-start=\"4461\" data-end=\"4493\">Envelhecimento cut\u00e2neo precoce<\/p>\n<\/li>\n<\/ul>\n<h2 class=\"\" data-start=\"4495\" data-end=\"4530\">Resultados naturais e duradouros<\/h2>\n<p class=\"\" data-start=\"4532\" data-end=\"4766\">A maioria dos pacientes nota <strong data-start=\"4561\" data-end=\"4626\">melhora da firmeza e textura da pele j\u00e1 nas primeiras sess\u00f5es<\/strong>. Os efeitos s\u00e3o progressivos e duram de 6 a 12 meses, sem necessidade de tempo de recupera\u00e7\u00e3o, permitindo o retorno imediato \u00e0s atividades.<\/p>\n<p>&nbsp;<\/p>\n<p><img decoding=\"async\" class=\"aligncenter wp-image-4007 size-full\" title=\"Aluguel Oligio X\" src=\"https:\/\/justlaser.com.br\/alugueldelasers\/wp-content\/uploads\/2025\/04\/aluguel-oligiox.jpg\" alt=\"Aluguel Oligio X\" width=\"1501\" height=\"537\" srcset=\"https:\/\/justlaser.com.br\/alugueldelasers\/wp-content\/uploads\/2025\/04\/aluguel-oligiox-200x72.jpg 200w, https:\/\/justlaser.com.br\/alugueldelasers\/wp-content\/uploads\/2025\/04\/aluguel-oligiox-300x107.jpg 300w, https:\/\/justlaser.com.br\/alugueldelasers\/wp-content\/uploads\/2025\/04\/aluguel-oligiox-400x143.jpg 400w, https:\/\/justlaser.com.br\/alugueldelasers\/wp-content\/uploads\/2025\/04\/aluguel-oligiox-600x215.jpg 600w, https:\/\/justlaser.com.br\/alugueldelasers\/wp-content\/uploads\/2025\/04\/aluguel-oligiox-768x275.jpg 768w, https:\/\/justlaser.com.br\/alugueldelasers\/wp-content\/uploads\/2025\/04\/aluguel-oligiox-800x286.jpg 800w, https:\/\/justlaser.com.br\/alugueldelasers\/wp-content\/uploads\/2025\/04\/aluguel-oligiox-1024x366.jpg 1024w, https:\/\/justlaser.com.br\/alugueldelasers\/wp-content\/uploads\/2025\/04\/aluguel-oligiox-1200x429.jpg 1200w, https:\/\/justlaser.com.br\/alugueldelasers\/wp-content\/uploads\/2025\/04\/aluguel-oligiox.jpg 1501w\" sizes=\"(max-width: 1501px) 100vw, 1501px\" \/><\/p>\n<p>&nbsp;<\/p>\n<h2 class=\"\" data-start=\"4773\" data-end=\"4806\">Quer agendar uma demonstra\u00e7\u00e3o ou <a href=\"https:\/\/clinicawulkan.com.br\/aplicacao-de-volnewmer-em-sao-paulo\" target=\"_blank\" rel=\"noopener\">aplica\u00e7\u00e3o do Volnewmer<\/a> no seu rosto?<\/h2>\n<p class=\"\" data-start=\"4808\" data-end=\"5106\">Se voc\u00ea quer oferecer o Volnewmer\u00a0 na sua cl\u00ednica, <strong data-start=\"4857\" data-end=\"4907\">sem precisar comprar o equipamento de imediato<\/strong>, entre em contato com a Just Laser. Nossa equipe pode agendar uma visita t\u00e9cnica com aplica\u00e7ao no nosso ou no seu espa\u00e7o \u2014 e voc\u00ea vai entender por que essa tecnologia \u00e9 a escolha das cl\u00ednicas premium, as mais exigentes.<\/p>\n<blockquote data-start=\"5108\" data-end=\"5226\">\n<p class=\"\" data-start=\"5110\" data-end=\"5226\"><strong data-start=\"5110\" data-end=\"5226\">Aluguel do Coolfase\u00a0 e Volnewmer ainda n\u00e3o \u00e9 permitido?<\/strong><\/p>\n<\/blockquote>\n<p data-start=\"5110\" data-end=\"5226\"><strong>Se voc\u00ea deseja rejuvenescer sua pele com seguran\u00e7a e sofistica\u00e7\u00e3o, venha conhecer o\u00a0<a href=\"https:\/\/clinicawulkan.com.br\/aplicacao-de-volnewmer-em-sao-paulo\/tratamento-volnewmer\" target=\"_blank\" rel=\"noopener\">Tratamento Volnewmer<\/a><\/strong><\/p>\n<h3 class=\"\" data-start=\"5228\" data-end=\"5259\">Fale agora com a Just Laser<\/h3>\n<p class=\"\" data-start=\"5261\" data-end=\"5363\">Transforme a experi\u00eancia dos seus pacientes com o que h\u00e1 de mais moderno em radiofrequ\u00eancia monopolar.<\/p>\n<h2><span style=\"font-size: 20px;\">Vantagens do <a href=\"https:\/\/justlaser.com.br\/alugueldelasers\/aluguel-volnewner\/\">Aluguel de Volnewmer<\/a><br \/>\n<\/span><span style=\"font-size: 20px;\">Vantagens da <a href=\"https:\/\/justlaser.com.br\/alugueldelasers\/locacao-volnewmer\/\">Loca\u00e7\u00e3o Volnewmer<\/a><\/span><\/h2>\n<p><span style=\"font-size: 20px;\"><strong>J\u00e1 ouviu falar da <a href=\"https:\/\/clinicawulkan.com.br\/volformer\/\" target=\"_blank\" rel=\"noopener\">aplica\u00e7\u00e3o de Volformer<\/a> ?\u00a0 E sobre como isso pode mudar vidas?\u00a0<\/strong><\/span><\/p>\n<blockquote><p><span style=\"font-size: 20px;\">ATEN\u00c7\u00c3O: Temos como op\u00e7\u00e3o agendar a\u00a0<a href=\"https:\/\/clinicawulkan.com.br\/aplicacao-de-volnewmer-em-sao-paulo\" target=\"_blank\" rel=\"noopener\">aplica\u00e7\u00e3o com Volnewmer<\/a>\u00a0, no seu rosto!!!Para voc\u00ea conhecer e se encantar, com o custo mais vi\u00e1vel!<\/span><\/p><\/blockquote>\n<p><span style=\"font-size: 20px;\">Se voc\u00ea tem interesse no <strong>aluguel de Volnewmer<\/strong>, mesmo que ainda n\u00e3o esteja oficialmente dispon\u00edvel, fale conosco!<\/span><\/p>\n<p><span style=\"font-size: 20px;\">Temos <strong>alternativas vi\u00e1veis<\/strong> para ajudar sua cl\u00ednica ou consult\u00f3rio a oferecer esse tratamento inovador para seus pacientes.<\/span><\/p>\n<p><span style=\"font-size: 20px;\">\ud83d\udcde <strong>Entre em contato agora e saiba mais! Clique no link do whatsapp logo abaixo !<\/strong><\/span><\/p>\n","protected":false},"excerpt":{"rendered":"<p>&nbsp; Aluguel Oligio X em S\u00e3o Paulo: Quer saber sobre aluguel do OligioX ?Vale [&hellip;]<\/p>\n","protected":false},"author":2,"featured_media":0,"parent":0,"menu_order":0,"comment_status":"closed","ping_status":"closed","template":"","meta":{"footnotes":""},"_links":{"self":[{"href":"https:\/\/justlaser.com.br\/alugueldelasers\/wp-json\/wp\/v2\/pages\/4005"}],"collection":[{"href":"https:\/\/justlaser.com.br\/alugueldelasers\/wp-json\/wp\/v2\/pages"}],"about":[{"href":"https:\/\/justlaser.com.br\/alugueldelasers\/wp-json\/wp\/v2\/types\/page"}],"author":[{"embeddable":true,"href":"https:\/\/justlaser.com.br\/alugueldelasers\/wp-json\/wp\/v2\/users\/2"}],"replies":[{"embeddable":true,"href":"https:\/\/justlaser.com.br\/alugueldelasers\/wp-json\/wp\/v2\/comments?post=4005"}],"version-history":[{"count":0,"href":"https:\/\/justlaser.com.br\/alugueldelasers\/wp-json\/wp\/v2\/pages\/4005\/revisions"}],"wp:attachment":[{"href":"https:\/\/justlaser.com.br\/alugueldelasers\/wp-json\/wp\/v2\/media?parent=4005"}],"curies":[{"name":"wp","href":"https:\/\/api.w.org\/{rel}","templated":true}]}}