{"id":4030,"date":"2025-06-20T19:12:20","date_gmt":"2025-06-20T22:12:20","guid":{"rendered":"https:\/\/justlaser.com.br\/alugueldelasers\/?page_id=4030"},"modified":"2025-06-20T19:40:57","modified_gmt":"2025-06-20T22:40:57","slug":"aluguel-do-hipro","status":"publish","type":"page","link":"https:\/\/justlaser.com.br\/alugueldelasers\/aluguel-do-hipro\/","title":{"rendered":"Aluguel do Hipro"},"content":{"rendered":"<h1>Aluguel do Hipro &#8211; na Grande S\u00e3o Paulo<\/h1>\n<p><img decoding=\"async\" class=\"aligncenter wp-image-4031 size-large\" title=\"aluguel Hipro\" src=\"https:\/\/justlaser.com.br\/alugueldelasers\/wp-content\/uploads\/2025\/06\/aluguel-Hipro-1024x619.jpg\" alt=\"aluguel Hipro\" width=\"1024\" height=\"619\" srcset=\"https:\/\/justlaser.com.br\/alugueldelasers\/wp-content\/uploads\/2025\/06\/aluguel-Hipro-200x121.jpg 200w, https:\/\/justlaser.com.br\/alugueldelasers\/wp-content\/uploads\/2025\/06\/aluguel-Hipro-300x181.jpg 300w, https:\/\/justlaser.com.br\/alugueldelasers\/wp-content\/uploads\/2025\/06\/aluguel-Hipro-400x242.jpg 400w, https:\/\/justlaser.com.br\/alugueldelasers\/wp-content\/uploads\/2025\/06\/aluguel-Hipro-600x362.jpg 600w, https:\/\/justlaser.com.br\/alugueldelasers\/wp-content\/uploads\/2025\/06\/aluguel-Hipro-768x464.jpg 768w, https:\/\/justlaser.com.br\/alugueldelasers\/wp-content\/uploads\/2025\/06\/aluguel-Hipro-800x483.jpg 800w, https:\/\/justlaser.com.br\/alugueldelasers\/wp-content\/uploads\/2025\/06\/aluguel-Hipro-1024x619.jpg 1024w, https:\/\/justlaser.com.br\/alugueldelasers\/wp-content\/uploads\/2025\/06\/aluguel-Hipro-1200x725.jpg 1200w, https:\/\/justlaser.com.br\/alugueldelasers\/wp-content\/uploads\/2025\/06\/aluguel-Hipro.jpg 1490w\" sizes=\"(max-width: 1024px) 100vw, 1024px\" \/><\/p>\n<div class=\"relative\">\n<div class=\"prose text-pretty dark:prose-invert inline leading-normal break-words min-w-0 [word-break:break-word]\">\n<h1 id=\"aluguel-do-hipro-a-soluo-inteligente-para-clnicas\" class=\"font-display first:mt-xs mb-3 mt-8 text-lg font-[500] leading-[1.5em] lg:text-xl dark:font-[475]\">Aluguel do HIPRO: A Solu\u00e7\u00e3o Inteligente para Cl\u00ednicas de Est\u00e9tica<\/h1>\n<h2 id=\"por-que-escolher-o-aluguel-do-hipro-com-a-just-las\" class=\"mb-2 mt-6 text-base font-[500] first:mt-0 md:text-lg dark:font-[475] [hr+&amp;]:mt-4\">Por que escolher o aluguel do HIPRO com a Just Laser?<\/h2>\n<p class=\"my-0\"><span style=\"font-size: 20px;\">O<a href=\"https:\/\/justlaser.com.br\/alugueldelasers\/aluguel-do-hipro\/\"> aluguel do HIPRO<\/a> \u00e9 a melhor op\u00e7\u00e3o para cl\u00ednicas e profissionais que buscam tecnologia de ponta em ultrassom microfocado e macrofocado para tratamentos est\u00e9ticos faciais e corporais. A Just Laser \u00e9 a empresa l\u00edder em loca\u00e7\u00e3o de equipamentos est\u00e9ticos em S\u00e3o Paulo e regi\u00e3o, oferecendo suporte completo, treinamento especializado e entrega pontual para que voc\u00ea possa focar no atendimento aos seus pacientes.<\/span><\/p>\n<h2 id=\"segurana-e-qualidade-garantidas\" class=\"mb-2 mt-6 text-base font-[500] first:mt-0 md:text-lg dark:font-[475] [hr+&amp;]:mt-4\">Seguran\u00e7a e qualidade garantidas com esse aluguel &#8211; Sempre!<\/h2>\n<p class=\"my-0\"><span style=\"font-size: 20px;\">Ao optar pelo aluguel do HIPRO com a Just Laser, voc\u00ea conta com equipamentos revisados periodicamente, liberados pela ANVISA, e instalados por t\u00e9cnicos especializados. <\/span><\/p>\n<p class=\"my-0\"><span style=\"font-size: 20px;\">Al\u00e9m disso, a empresa oferece consultoria m\u00e9dica e treinamento para o uso correto do aparelho, garantindo seguran\u00e7a e efic\u00e1cia nos procedimentos.<\/span><\/p>\n<h2 id=\"indicaes-e-resultados-do-hipro\" class=\"mb-2 mt-6 text-base font-[500] first:mt-0 md:text-lg dark:font-[475] [hr+&amp;]:mt-4\">Indica\u00e7\u00f5es e resultados do HIPRO<\/h2>\n<p class=\"my-0\"><span style=\"font-size: 20px;\">O HIPRO \u00e9 indicado para rejuvenescimento facial, lifting de pele, tonifica\u00e7\u00e3o, redu\u00e7\u00e3o de gordura localizada e tratamento de papada. Seus resultados s\u00e3o progressivos e duradouros, com est\u00edmulo natural \u00e0 produ\u00e7\u00e3o de col\u00e1geno e elastina, proporcionando efeito lifting sem cirurgia e com m\u00ednimo desconforto para o paciente.<\/span><\/p>\n<h2 id=\"economia-violenta-com-o-aluguel-do-hipro\" class=\"mb-2 mt-6 text-base font-[500] first:mt-0 md:text-lg dark:font-[475] [hr+&amp;]:mt-4\">Economia violenta com o aluguel do HIPRO<\/h2>\n<p class=\"my-0\"><span style=\"font-size: 20px;\">Comparado a outros equipamentos como o Ultraformer MPT, que possui alto custo com consum\u00edveis, o HIPRO oferece uma economia significativa, pois n\u00e3o necessita de cartuchos descart\u00e1veis caros. Alugar o HIPRO com a Just Laser permite que sua cl\u00ednica tenha acesso a tecnologia avan\u00e7ada sem o investimento alto de compra e sem gastos extras com consum\u00edveis.<\/span><\/p>\n<h2 id=\"atendimento-e-suporte-especializados\" class=\"mb-2 mt-6 text-base font-[500] first:mt-0 md:text-lg dark:font-[475] [hr+&amp;]:mt-4\">Atendimento e suporte especializados<\/h2>\n<p class=\"my-0\"><span style=\"font-size: 20px;\">A Just Laser disponibiliza suporte t\u00e9cnico e consultoria durante todo o per\u00edodo de loca\u00e7\u00e3o, al\u00e9m de oferecer treinamentos presenciais e online para que voc\u00ea e sua equipe estejam preparados para operar o HIPRO com excel\u00eancia. Isso garante procedimentos seguros e resultados satisfat\u00f3rios para seus pacientes.<\/span><\/p>\n<h2 id=\"regio-de-atendimento-e-condies-de-locao\" class=\"mb-2 mt-6 text-base font-[500] first:mt-0 md:text-lg dark:font-[475] [hr+&amp;]:mt-4\">Regi\u00e3o de atendimento e condi\u00e7\u00f5es de loca\u00e7\u00e3o<\/h2>\n<p class=\"my-0\"><span style=\"font-size: 20px;\">A Just Laser realiza o aluguel do HIPRO para cl\u00ednicas localizadas em um raio de at\u00e9 200 km da capital S\u00e3o Paulo. A entrega e retirada do equipamento s\u00e3o feitas com toda a seguran\u00e7a e pontualidade, facilitando a rotina da sua cl\u00ednica sem preocupa\u00e7\u00f5es log\u00edsticas.<\/span><\/p>\n<p class=\"my-0\"><span style=\"font-size: 20px;\">Com o aluguel do HIPRO, voc\u00ea pode agendar um dia inteiro de atendimentos, otimizando sua agenda e aumentando o faturamento da cl\u00ednica. A Just Laser facilita esse processo, permitindo que voc\u00ea trate todos os seus pacientes com um equipamento moderno e eficiente, sem a necessidade de altos investimentos iniciais.<\/span><\/p>\n<h2 id=\"diferenciais-da-just-laser-no-aluguel-do-hipro\" class=\"mb-2 mt-6 text-base font-[500] first:mt-0 md:text-lg dark:font-[475] [hr+&amp;]:mt-4\">Diferenciais da Just Laser no aluguel do HIPRO<img decoding=\"async\" class=\"alignright wp-image-4032 size-fusion-600\" title=\"aluguel do Hipro\" src=\"https:\/\/justlaser.com.br\/alugueldelasers\/wp-content\/uploads\/2025\/06\/aluguel-do-Hipro-600x503.jpg\" alt=\"aluguel do Hipro\" width=\"600\" height=\"503\" srcset=\"https:\/\/justlaser.com.br\/alugueldelasers\/wp-content\/uploads\/2025\/06\/aluguel-do-Hipro-200x168.jpg 200w, https:\/\/justlaser.com.br\/alugueldelasers\/wp-content\/uploads\/2025\/06\/aluguel-do-Hipro-300x251.jpg 300w, https:\/\/justlaser.com.br\/alugueldelasers\/wp-content\/uploads\/2025\/06\/aluguel-do-Hipro-400x335.jpg 400w, https:\/\/justlaser.com.br\/alugueldelasers\/wp-content\/uploads\/2025\/06\/aluguel-do-Hipro-600x503.jpg 600w, https:\/\/justlaser.com.br\/alugueldelasers\/wp-content\/uploads\/2025\/06\/aluguel-do-Hipro.jpg 736w\" sizes=\"(max-width: 600px) 100vw, 600px\" \/><\/h2>\n<ul class=\"marker:text-textOff list-disc\">\n<li>\n<p class=\"my-0\"><span style=\"font-size: 20px;\">Empresa l\u00edder em S\u00e3o Paulo e regi\u00e3o, com ampla experi\u00eancia no mercado de loca\u00e7\u00e3o de equipamentos est\u00e9ticos.<\/span><\/p>\n<\/li>\n<li>\n<p class=\"my-0\"><span style=\"font-size: 20px;\">Equipamentos modernos, revisados e com libera\u00e7\u00e3o da ANVISA.<\/span><\/p>\n<\/li>\n<li>\n<p class=\"my-0\"><span style=\"font-size: 20px;\">Treinamento e suporte t\u00e9cnico especializados.<\/span><\/p>\n<\/li>\n<li>\n<p class=\"my-0\"><span style=\"font-size: 20px;\">Entrega e retirada r\u00e1pidas e seguras.<\/span><\/p>\n<\/li>\n<li>\n<p class=\"my-0\"><span style=\"font-size: 20px;\">Consultoria m\u00e9dica para otimizar resultados e seguran\u00e7a.<\/span><\/p>\n<\/li>\n<li>\n<p class=\"my-0\"><span style=\"font-size: 20px;\">Economia real comparada a outras tecnologias com alto custo de consum\u00edveis.<\/span><\/p>\n<\/li>\n<\/ul>\n<h2 id=\"como-alugar-o-hipro-com-a-just-laser\" class=\"mb-2 mt-6 text-base font-[500] first:mt-0 md:text-lg dark:font-[475] [hr+&amp;]:mt-4\">Como funciona o aluguel do HIPRO com a Just Laser?<\/h2>\n<p class=\"my-0\"><span style=\"font-size: 20px;\">Para alugar o HIPRO, basta entrar em contato com a Just Laser, via WhatsApp ou pelo site oficial.<\/span><\/p>\n<p class=\"my-0\"><span style=\"font-size: 20px;\"> A equipe ir\u00e1 orientar sobre planos, valores e condi\u00e7\u00f5es de loca\u00e7\u00e3o, al\u00e9m de agendar a entrega do equipamento no local desejado. Aproveite a oportunidade de oferecer tratamentos de alta tecnologia com seguran\u00e7a e economia.<\/span><\/p>\n<\/div>\n<div class=\"relative\">\n<div class=\"prose text-pretty dark:prose-invert inline leading-normal break-words min-w-0 [word-break:break-word]\">\n<h1 id=\"aluguel-de-hipro-conhea-as-caractersticas-e-qualid\" class=\"font-display first:mt-xs mb-3 mt-8 text-lg font-[500] leading-[1.5em] lg:text-xl dark:font-[475]\">Aluguel de HIPRO: Conhe\u00e7a as Caracter\u00edsticas e Qualidades do Equipamento<\/h1>\n<p class=\"my-0\"><span style=\"font-size: 20px;\">Quando falamos de aluguel de HIPRO, \u00e9 importante entender por que esse aparelho \u00e9 t\u00e3o especial para quem trabalha com est\u00e9tica avan\u00e7ada. O HIPRO \u00e9 um ultrassom microfocado e macrofocado que traz tecnologia de ponta para tratamentos faciais e corporais, com resultados que impressionam tanto pacientes quanto profissionais.<\/span><\/p>\n<p class=\"my-0\"><span style=\"font-size: 20px;\">Uma das grandes vantagens do HIPRO \u00e9 a tecnologia exclusiva chamada DDC (Digital Depth Control). Isso significa que voc\u00ea pode ajustar a profundidade da energia ultrass\u00f4nica eletronicamente, sem precisar trocar cartuchos. Ou seja, com um \u00fanico aplicador, voc\u00ea trabalha em at\u00e9 15 profundidades diferentes, desde a camada superficial da pele at\u00e9 o SMAS, que \u00e9 a camada muscular respons\u00e1vel pelo efeito lifting natural.<\/span><\/p>\n<p class=\"my-0\"><span style=\"font-size: 20px;\">Essa precis\u00e3o faz toda a diferen\u00e7a no tratamento. O HIPRO realiza coagula\u00e7\u00e3o t\u00e9rmica focada, gerando pontos de calor que estimulam a produ\u00e7\u00e3o de col\u00e1geno e elastina, essenciais para a firmeza e rejuvenescimento da pele. E o melhor: sem causar danos \u00e0 pele ao redor, sem cortes, sem cirurgia e praticamente sem dor.<\/span><\/p>\n<p class=\"my-0\"><span style=\"font-size: 20px;\">No aluguel do HIPRO, voc\u00ea garante um equipamento que permite tratar desde o rosto completo, pesco\u00e7o, p\u00e1lpebras e sobrancelhas, at\u00e9 \u00e1reas corporais com gordura localizada. Isso porque o aparelho atua de forma microfocada para lifting e tonifica\u00e7\u00e3o, e macrofocada para destrui\u00e7\u00e3o das c\u00e9lulas de gordura por apoptose, ou seja, morte celular programada, facilitando a redu\u00e7\u00e3o de papadas e gordura localizada.<\/span><\/p>\n<p class=\"my-0\"><span style=\"font-size: 20px;\">Outra qualidade que chama aten\u00e7\u00e3o no HIPRO \u00e9 a sua alta durabilidade: s\u00e3o 6 milh\u00f5es de disparos garantidos, o que significa muitas sess\u00f5es para seus pacientes sem preocupa\u00e7\u00e3o com consum\u00edveis caros. Isso traz uma economia violenta para quem opta pelo aluguel do HIPRO, principalmente quando comparado a equipamentos tradicionais que exigem cartuchos descart\u00e1veis e caros, como o MPT.<\/span><\/p>\n<blockquote>\n<p class=\"my-0\"><strong><span style=\"font-size: 20px;\">Al\u00e9m disso, o HIPRO tem pot\u00eancia regul\u00e1vel de 0,1 a 2,0 joules e frequ\u00eancia entre 5 e 10 Hz, o que permite personalizar o tratamento conforme a necessidade de cada paciente. Isso aumenta a seguran\u00e7a e a efic\u00e1cia, j\u00e1 que o profissional tem total controle sobre a aplica\u00e7\u00e3o e a profundidade do ultrassom.<\/span><\/strong><\/p>\n<\/blockquote>\n<p class=\"my-0\"><span style=\"font-size: 20px;\">O design do aplicador circular facilita o movimento durante a aplica\u00e7\u00e3o, tornando as sess\u00f5es mais r\u00e1pidas, confort\u00e1veis e adapt\u00e1veis \u00e0s diferentes \u00e1reas do corpo. Isso significa que voc\u00ea pode atender mais pacientes em menos tempo, otimizando sua agenda e aumentando a lucratividade da sua cl\u00ednica com o aluguel do HIPRO.<\/span><\/p>\n<p class=\"my-0\"><span style=\"font-size: 20px;\">Outro ponto que vale destacar \u00e9 que o <a href=\"https:\/\/contourline.com.br\/ultrassom-microfocado-hipro\/\" target=\"_blank\" rel=\"noopener\">HIPRO<\/a> n\u00e3o trava ou bloqueia o transdutor ap\u00f3s atingir o limite de disparos, diferente de outros aparelhos. Isso garante que voc\u00ea tenha total controle do equipamento durante o per\u00edodo de loca\u00e7\u00e3o, sem surpresas ou interrup\u00e7\u00f5es inesperadas.<\/span><\/p>\n<p class=\"my-0\"><span style=\"font-size: 20px;\">Por fim, os resultados do HIPRO s\u00e3o vis\u00edveis j\u00e1 na primeira sess\u00e3o, mas continuam a melhorar ao longo de 3 a 6 meses, gra\u00e7as \u00e0 estimula\u00e7\u00e3o natural do col\u00e1geno e \u00e0 reorganiza\u00e7\u00e3o do tecido. Isso proporciona um efeito lifting natural, com melhora da flacidez, defini\u00e7\u00e3o do contorno facial e redu\u00e7\u00e3o de linhas finas, deixando seus pacientes satisfeitos e fidelizados.<\/span><\/p>\n<p class=\"my-0\"><span style=\"font-size: 20px;\">Se voc\u00ea est\u00e1 pensando em oferecer tratamentos modernos, seguros e rent\u00e1veis, o aluguel do HIPRO \u00e9 a escolha certa. Com ele, voc\u00ea une tecnologia avan\u00e7ada, economia real e resultados que impressionam. Aproveite para agendar seu equipamento com a Just Laser e transforme o atendimento da sua cl\u00ednica!<\/span><\/p>\n<\/div>\n<\/div>\n<p>&nbsp;<\/p>\n<div class=\"prose text-pretty dark:prose-invert inline leading-normal break-words min-w-0 [word-break:break-word]\">\n<h2 id=\"comece-hoje-mesmo-a-transformar-sua-clnica\" class=\"mb-2 mt-6 text-base font-[500] first:mt-0 md:text-lg dark:font-[475] [hr+&amp;]:mt-4\">Comece hoje mesmo a transformar sua cl\u00ednica<\/h2>\n<p class=\"my-0\"><span style=\"font-size: 20px;\">N\u00e3o perca tempo e dinheiro com equipamentos caros e consum\u00edveis que pesam no or\u00e7amento. Fa\u00e7a o aluguel do HIPRO com a Just Laser, trate todos os seus pacientes com tecnologia avan\u00e7ada e agende um dia de atendimentos que vai elevar o padr\u00e3o da sua cl\u00ednica. Entre em contato agora e descubra como a Just Laser pode ajudar voc\u00ea a crescer no mercado da est\u00e9tica com seguran\u00e7a e rentabilidade.<\/span><\/p>\n<hr class=\"bg-offsetPlus dark:bg-offsetPlusDark h-px border-0\" \/>\n<p class=\"my-0\"><span style=\"font-size: 20px;\"><em>Disclaimer: A Just Laser realiza o aluguel do HIPRO somente para cl\u00ednicas localizadas em at\u00e9 200 km da capital S\u00e3o Paulo.<\/em><\/span><\/p>\n<\/div>\n<p><strong><span style=\"font-size: 24px;\">Dica: <\/span><\/strong><br \/>\n<strong><span style=\"font-size: 24px;\">E que tal economizar com HIFU fazendo o <a href=\"https:\/\/justlaser.com.br\/alugueldelasers\/aluguel-do-hipro\/\">aluguel do HIPRO<\/a>, um HIFU sem consum\u00edvel, praticamente!<br \/>\nBora trocar o Ultraformer MPT , pelo HIPRO, como muito dermatologista famoso j\u00e1 fez ?<br \/>\nVoc\u00ea pode agendar a sua <a href=\"https:\/\/justlaser.com.br\/alugueldelasers\/locacao-hipro\/\">loca\u00e7\u00e3o do Hipro<\/a>, com a Just Laser!<\/span><\/strong><\/p>\n<div class=\"absolute z-[5]\">\n<div class=\"bg-offset dark:bg-offsetDark rounded-lg shadow-lg\">\n<div class=\"flex items-center min-w-0 font-medium gap-1.5 justify-center\"><\/div>\n<\/div>\n<\/div>\n<\/div>\n<p>&nbsp;<\/p>\n","protected":false},"excerpt":{"rendered":"<p>Aluguel do Hipro &#8211; na Grande S\u00e3o Paulo Aluguel do HIPRO: A Solu\u00e7\u00e3o Inteligente [&hellip;]<\/p>\n","protected":false},"author":2,"featured_media":0,"parent":0,"menu_order":0,"comment_status":"closed","ping_status":"closed","template":"","meta":{"footnotes":""},"_links":{"self":[{"href":"https:\/\/justlaser.com.br\/alugueldelasers\/wp-json\/wp\/v2\/pages\/4030"}],"collection":[{"href":"https:\/\/justlaser.com.br\/alugueldelasers\/wp-json\/wp\/v2\/pages"}],"about":[{"href":"https:\/\/justlaser.com.br\/alugueldelasers\/wp-json\/wp\/v2\/types\/page"}],"author":[{"embeddable":true,"href":"https:\/\/justlaser.com.br\/alugueldelasers\/wp-json\/wp\/v2\/users\/2"}],"replies":[{"embeddable":true,"href":"https:\/\/justlaser.com.br\/alugueldelasers\/wp-json\/wp\/v2\/comments?post=4030"}],"version-history":[{"count":0,"href":"https:\/\/justlaser.com.br\/alugueldelasers\/wp-json\/wp\/v2\/pages\/4030\/revisions"}],"wp:attachment":[{"href":"https:\/\/justlaser.com.br\/alugueldelasers\/wp-json\/wp\/v2\/media?parent=4030"}],"curies":[{"name":"wp","href":"https:\/\/api.w.org\/{rel}","templated":true}]}}