{"id":4035,"date":"2025-06-20T19:32:18","date_gmt":"2025-06-20T22:32:18","guid":{"rendered":"https:\/\/justlaser.com.br\/alugueldelasers\/?page_id=4035"},"modified":"2025-06-24T09:56:27","modified_gmt":"2025-06-24T12:56:27","slug":"locacao-hipro","status":"publish","type":"page","link":"https:\/\/justlaser.com.br\/alugueldelasers\/locacao-hipro\/","title":{"rendered":"Loca\u00e7\u00e3o Hipro"},"content":{"rendered":"<h1>Loca\u00e7\u00e3o Hipro &#8211; na Grande S\u00e3o Paulo<\/h1>\n<p><span style=\"font-size: 20px;\"><img decoding=\"async\" class=\"aligncenter wp-image-4036 size-fusion-1200\" title=\"Loca\u00e7\u00e3o Hipro\" src=\"https:\/\/justlaser.com.br\/alugueldelasers\/wp-content\/uploads\/2025\/06\/locacao-Hipro-1200x725.jpg\" alt=\"loca\u00e7\u00e3o Hipro\" width=\"1200\" height=\"725\" srcset=\"https:\/\/justlaser.com.br\/alugueldelasers\/wp-content\/uploads\/2025\/06\/locacao-Hipro-200x121.jpg 200w, https:\/\/justlaser.com.br\/alugueldelasers\/wp-content\/uploads\/2025\/06\/locacao-Hipro-300x181.jpg 300w, https:\/\/justlaser.com.br\/alugueldelasers\/wp-content\/uploads\/2025\/06\/locacao-Hipro-400x242.jpg 400w, https:\/\/justlaser.com.br\/alugueldelasers\/wp-content\/uploads\/2025\/06\/locacao-Hipro-600x362.jpg 600w, https:\/\/justlaser.com.br\/alugueldelasers\/wp-content\/uploads\/2025\/06\/locacao-Hipro-768x464.jpg 768w, https:\/\/justlaser.com.br\/alugueldelasers\/wp-content\/uploads\/2025\/06\/locacao-Hipro-800x483.jpg 800w, https:\/\/justlaser.com.br\/alugueldelasers\/wp-content\/uploads\/2025\/06\/locacao-Hipro-1024x619.jpg 1024w, https:\/\/justlaser.com.br\/alugueldelasers\/wp-content\/uploads\/2025\/06\/locacao-Hipro-1200x725.jpg 1200w, https:\/\/justlaser.com.br\/alugueldelasers\/wp-content\/uploads\/2025\/06\/locacao-Hipro.jpg 1490w\" sizes=\"(max-width: 1200px) 100vw, 1200px\" \/><\/span><\/p>\n<div class=\"relative\">\n<div class=\"prose text-pretty dark:prose-invert inline leading-normal break-words min-w-0 [word-break:break-word]\">\n<h1 id=\"locao-do-hipro-tecnologia-eficincia-e-resultados-p\" class=\"font-display first:mt-xs mb-3 mt-8 text-lg font-[500] leading-[1.5em] lg:text-xl dark:font-[475]\">Loca\u00e7\u00e3o do HIPRO: Tecnologia, Efici\u00eancia e Resultados para Sua Cl\u00ednica<\/h1>\n<h2 id=\"por-que-investir-na-locao-do-hipro\" class=\"mb-2 mt-6 text-base font-[500] first:mt-0 md:text-lg dark:font-[475] [hr+&amp;]:mt-4\">Por que investir na loca\u00e7\u00e3o do HIPRO?<\/h2>\n<p class=\"my-0\"><span style=\"font-size: 20px;\">A <a href=\"https:\/\/justlaser.com.br\/alugueldelasers\/locacao-hipro\/\">loca\u00e7\u00e3o do HIPRO<\/a> \u00e9 uma escolha estrat\u00e9gica para cl\u00ednicas e profissionais de est\u00e9tica que buscam tecnologia de ponta, seguran\u00e7a e alta rentabilidade. Ao optar pela loca\u00e7\u00e3o do HIPRO, voc\u00ea garante acesso ao ultrassom microfocado e macrofocado mais inovador do mercado, sem precisar investir na compra do equipamento e sem se preocupar com custos elevados de consum\u00edveis.<\/span><\/p>\n<h2 id=\"tecnologia-sem-cartucho-economia-real\" class=\"mb-2 mt-6 text-base font-[500] first:mt-0 md:text-lg dark:font-[475] [hr+&amp;]:mt-4\"><span style=\"font-size: 20px;\">Tecnologia sem cartucho: economia real<\/span><\/h2>\n<p class=\"my-0\"><span style=\"font-size: 20px;\">Um dos grandes diferenciais da loca\u00e7\u00e3o do HIPRO \u00e9 que o aparelho dispensa o uso de cartuchos descart\u00e1veis, gra\u00e7as \u00e0 exclusiva tecnologia DDC\u2122 (Digital Depth Control). Isso significa que voc\u00ea pode ajustar eletronicamente a profundidade de aplica\u00e7\u00e3o, utilizando o mesmo aplicador para todas as \u00e1reas e tratamentos, reduzindo drasticamente os custos operacionais em compara\u00e7\u00e3o com outros equipamentos, como o MPT.<span class=\"whitespace-nowrap\">.<\/span><\/span><\/p>\n<h2 id=\"versatilidade-para-tratamentos-faciais-e-corporais\" class=\"mb-2 mt-6 text-base font-[500] first:mt-0 md:text-lg dark:font-[475] [hr+&amp;]:mt-4\"><span style=\"font-size: 20px;\">Versatilidade para tratamentos faciais e corporais<\/span><\/h2>\n<p class=\"my-0\"><span style=\"font-size: 20px;\">Com a <a href=\"https:\/\/contourline.com.br\/ultrassom-microfocado-hipro\/\" target=\"_blank\" rel=\"noopener\">loca\u00e7\u00e3o do HIPRO,<\/a> voc\u00ea pode oferecer uma ampla gama de tratamentos, desde lifting facial, rejuvenescimento, tonifica\u00e7\u00e3o da pele, at\u00e9 redu\u00e7\u00e3o de gordura localizada em \u00e1reas como papada, abd\u00f4men, bra\u00e7os e coxas. O equipamento conta com 15 profundidades program\u00e1veis, sendo 7 microfocadas para face e pesco\u00e7o e 8 macrofocadas para \u00e1reas corporais, tudo em um \u00fanico aplicador.<\/span><\/p>\n<h2 id=\"resultados-visveis-e-progressivos\" class=\"mb-2 mt-6 text-base font-[500] first:mt-0 md:text-lg dark:font-[475] [hr+&amp;]:mt-4\"><span style=\"font-size: 20px;\">Resultados vis\u00edveis e progressivos<\/span><\/h2>\n<p class=\"my-0\"><span style=\"font-size: 20px;\">O HIPRO promove resultados j\u00e1 na primeira sess\u00e3o, mas o efeito lifting e a melhora da flacidez continuam se intensificando por at\u00e9 seis meses, devido ao est\u00edmulo natural da produ\u00e7\u00e3o de col\u00e1geno e elastina. Isso garante satisfa\u00e7\u00e3o e fideliza\u00e7\u00e3o dos seus pacientes, al\u00e9m de aumentar o valor percebido dos seus servi\u00e7os.<\/span><\/p>\n<p><iframe src=\"\/\/www.youtube.com\/embed\/vsI9Og-EYpw\" width=\"560\" height=\"314\" allowfullscreen=\"allowfullscreen\"><\/iframe><\/p>\n<h2 id=\"segurana-e-preciso-no-atendimento\" class=\"mb-2 mt-6 text-base font-[500] first:mt-0 md:text-lg dark:font-[475] [hr+&amp;]:mt-4\"><span style=\"font-size: 20px;\">Seguran\u00e7a e precis\u00e3o no atendimento<\/span><\/h2>\n<p class=\"my-0\"><span style=\"font-size: 20px;\">Ao optar pela loca\u00e7\u00e3o do HIPRO, voc\u00ea trabalha com um equipamento aprovado pela ANVISA, com tecnologia sul-coreana e fabrica\u00e7\u00e3o nacional, que oferece total precis\u00e3o no controle da profundidade e da energia aplicada. Isso garante tratamentos seguros, eficazes e com m\u00ednimo desconforto para o paciente.<\/span><\/p>\n<h2 id=\"lucratividade-e-otimizao-da-agenda\" class=\"mb-2 mt-6 text-base font-[500] first:mt-0 md:text-lg dark:font-[475] [hr+&amp;]:mt-4\"><span style=\"font-size: 20px;\">Lucratividade e otimiza\u00e7\u00e3o da agenda<\/span><\/h2>\n<p class=\"my-0\"><span style=\"font-size: 20px;\">A loca\u00e7\u00e3o do HIPRO permite que voc\u00ea atenda mais pacientes em menos tempo, j\u00e1 que o equipamento \u00e9 r\u00e1pido, pr\u00e1tico e n\u00e3o exige trocas frequentes de pe\u00e7as. Isso otimiza sua agenda e potencializa o faturamento da sua cl\u00ednica, tornando a loca\u00e7\u00e3o do HIPRO um investimento altamente rent\u00e1vel.<\/span><\/p>\n<p><img decoding=\"async\" class=\"alignright wp-image-4037 size-fusion-600\" title=\"Loca\u00e7\u00e3o Hipro\" src=\"https:\/\/justlaser.com.br\/alugueldelasers\/wp-content\/uploads\/2025\/06\/locacaodo-Hipro-600x503.jpg\" alt=\"Loca\u00e7\u00e3o Hipro\" width=\"600\" height=\"503\" srcset=\"https:\/\/justlaser.com.br\/alugueldelasers\/wp-content\/uploads\/2025\/06\/locacaodo-Hipro-200x168.jpg 200w, https:\/\/justlaser.com.br\/alugueldelasers\/wp-content\/uploads\/2025\/06\/locacaodo-Hipro-300x251.jpg 300w, https:\/\/justlaser.com.br\/alugueldelasers\/wp-content\/uploads\/2025\/06\/locacaodo-Hipro-400x335.jpg 400w, https:\/\/justlaser.com.br\/alugueldelasers\/wp-content\/uploads\/2025\/06\/locacaodo-Hipro-600x503.jpg 600w, https:\/\/justlaser.com.br\/alugueldelasers\/wp-content\/uploads\/2025\/06\/locacaodo-Hipro.jpg 736w\" sizes=\"(max-width: 600px) 100vw, 600px\" \/><\/p>\n<h2 id=\"suporte-e-treinamento-especializado\" class=\"mb-2 mt-6 text-base font-[500] first:mt-0 md:text-lg dark:font-[475] [hr+&amp;]:mt-4\"><span style=\"font-size: 20px;\">Suporte e treinamento especializado<\/span><\/h2>\n<p class=\"my-0\"><span style=\"font-size: 20px;\">Empresas de loca\u00e7\u00e3o do HIPRO, como a Just Laser, oferecem treinamento completo, suporte t\u00e9cnico e consultoria durante todo o per\u00edodo de uso. Assim, voc\u00ea e sua equipe podem operar o equipamento com seguran\u00e7a e confian\u00e7a, garantindo os melhores resultados para seus pacientes.<\/span><\/p>\n<p class=\"my-0\"><span style=\"font-size: 20px;\">A loca\u00e7\u00e3o do HIPRO \u00e9 simples e flex\u00edvel: voc\u00ea pode agendar o equipamento para um dia inteiro de atendimentos, adaptando o servi\u00e7o \u00e0 demanda da sua cl\u00ednica. Al\u00e9m disso, a entrega e retirada s\u00e3o realizadas com pontualidade, sem complica\u00e7\u00f5es log\u00edsticas.<\/span><\/p>\n<h2 id=\"diferenciais-do-hipro-em-relao-ao-mpt\" class=\"mb-2 mt-6 text-base font-[500] first:mt-0 md:text-lg dark:font-[475] [hr+&amp;]:mt-4\"><span style=\"font-size: 24px;\">Diferenciais do HIPRO em rela\u00e7\u00e3o ao MPT<\/span><\/h2>\n<p class=\"my-0\"><span style=\"font-size: 20px;\">Enquanto equipamentos como o MPT exigem a compra constante de cartuchos e t\u00eam custos elevados de manuten\u00e7\u00e3o, a loca\u00e7\u00e3o do HIPRO elimina esses gastos, permitindo que voc\u00ea concentre seus recursos no atendimento e na expans\u00e3o do seu neg\u00f3cio. Isso representa uma economia violenta e aumenta a competitividade da sua cl\u00ednica.<\/span><\/p>\n<h2 id=\"locao-do-hipro-o-futuro-da-esttica-ao-seu-alcance\" class=\"mb-2 mt-6 text-base font-[500] first:mt-0 md:text-lg dark:font-[475] [hr+&amp;]:mt-4\"><span style=\"font-size: 24px;\">Loca\u00e7\u00e3o do HIPRO: o futuro da est\u00e9tica ao seu alcance<\/span><\/h2>\n<p class=\"my-0\"><span style=\"font-size: 20px;\">N\u00e3o fique para tr\u00e1s! <\/span><\/p>\n<p class=\"my-0\"><span style=\"font-size: 20px;\">A loca\u00e7\u00e3o do HIPRO coloca o que h\u00e1 de mais moderno em ultrassom microfocado e macrofocado \u00e0 disposi\u00e7\u00e3o da sua cl\u00ednica, com economia, seguran\u00e7a e resultados comprovados. Traga inova\u00e7\u00e3o para seus pacientes, aumente sua rentabilidade e destaque-se no mercado com a loca\u00e7\u00e3o do HIPRO.<\/span><\/p>\n<hr class=\"bg-offsetPlus dark:bg-offsetPlusDark h-px border-0\" \/>\n<p class=\"my-0\"><span style=\"font-size: 20px;\"><em>Disclaimer: A loca\u00e7\u00e3o do HIPRO com a Just Laser est\u00e1 dispon\u00edvel apenas para cl\u00ednicas em um raio de at\u00e9 200 km da cidade de S\u00e3o Paulo.<\/em><\/span><\/p>\n<\/div>\n<\/div>\n<p>&nbsp;<\/p>\n<blockquote><p><strong><span style=\"font-size: 24px;\">Dica: <\/span><\/strong><br \/>\n<strong><span style=\"font-size: 24px;\">E que tal economizar com HIFU fazendo o <a href=\"https:\/\/justlaser.com.br\/alugueldelasers\/aluguel-do-hipro\/\">aluguel do HIPRO<\/a>, um HIFU sem consum\u00edvel, praticamente!<br \/>\nBora trocar o Ultraformer MPT , pelo HIPRO, como muito dermatologista famoso j\u00e1 fez ?<br \/>\nVoc\u00ea pode agendar a sua <a href=\"https:\/\/justlaser.com.br\/alugueldelasers\/locacao-hipro\/\">loca\u00e7\u00e3o do Hipro<\/a>, com a Just Laser!<\/span><\/strong><\/p>\n<p><strong><span style=\"font-size: 24px;\">Conhece a plataforma de laser Etherea e Zye ? Bora alugar o concorrente direto do Fotona, saiba mais sobre o <a href=\"https:\/\/justlaser.com.br\/alugueldelasers\/aluguel-zye-plataforma-zye-vydence\/\">aluguel do ZYE<\/a><\/span><\/strong><\/p><\/blockquote>\n","protected":false},"excerpt":{"rendered":"<p>Loca\u00e7\u00e3o Hipro &#8211; na Grande S\u00e3o Paulo Loca\u00e7\u00e3o do HIPRO: Tecnologia, Efici\u00eancia e Resultados [&hellip;]<\/p>\n","protected":false},"author":2,"featured_media":0,"parent":0,"menu_order":0,"comment_status":"closed","ping_status":"closed","template":"","meta":{"footnotes":""},"_links":{"self":[{"href":"https:\/\/justlaser.com.br\/alugueldelasers\/wp-json\/wp\/v2\/pages\/4035"}],"collection":[{"href":"https:\/\/justlaser.com.br\/alugueldelasers\/wp-json\/wp\/v2\/pages"}],"about":[{"href":"https:\/\/justlaser.com.br\/alugueldelasers\/wp-json\/wp\/v2\/types\/page"}],"author":[{"embeddable":true,"href":"https:\/\/justlaser.com.br\/alugueldelasers\/wp-json\/wp\/v2\/users\/2"}],"replies":[{"embeddable":true,"href":"https:\/\/justlaser.com.br\/alugueldelasers\/wp-json\/wp\/v2\/comments?post=4035"}],"version-history":[{"count":0,"href":"https:\/\/justlaser.com.br\/alugueldelasers\/wp-json\/wp\/v2\/pages\/4035\/revisions"}],"wp:attachment":[{"href":"https:\/\/justlaser.com.br\/alugueldelasers\/wp-json\/wp\/v2\/media?parent=4035"}],"curies":[{"name":"wp","href":"https:\/\/api.w.org\/{rel}","templated":true}]}}